{"id":1059,"date":"2019-08-07T10:56:39","date_gmt":"2019-08-07T08:56:39","guid":{"rendered":"https:\/\/stoa169.com\/faq-team-and-contact\/"},"modified":"2024-11-28T21:48:36","modified_gmt":"2024-11-28T20:48:36","slug":"faq-team-and-contact","status":"publish","type":"page","link":"https:\/\/stoa169.com\/en\/faq-team-and-contact\/","title":{"rendered":"Visitor Information FAQ team and contact"},"content":{"rendered":"\t\t<div data-elementor-type=\"wp-post\" data-elementor-id=\"1059\" class=\"elementor elementor-1059 elementor-212\">\n\t\t\t\t\t\t<section class=\"elementor-section elementor-top-section elementor-element elementor-element-8d0696e elementor-section-boxed elementor-section-height-default elementor-section-height-default\" data-id=\"8d0696e\" data-element_type=\"section\" data-e-type=\"section\">\n\t\t\t\t\t\t<div class=\"elementor-container elementor-column-gap-no\">\n\t\t\t\t\t<div class=\"elementor-column elementor-col-100 elementor-top-column elementor-element elementor-element-14ae806\" data-id=\"14ae806\" data-element_type=\"column\" data-e-type=\"column\">\n\t\t\t<div class=\"elementor-widget-wrap elementor-element-populated\">\n\t\t\t\t\t\t<div class=\"elementor-element elementor-element-5fb924c h-100 elementor-widget elementor-widget-text-editor\" data-id=\"5fb924c\" data-element_type=\"widget\" data-e-type=\"widget\" data-widget_type=\"text-editor.default\">\n\t\t\t\t<div class=\"elementor-widget-container\">\n\t\t\t\t\t\t\t\t\t<h2>Visitor Information<\/h2><p><strong>Admission\/ donation: 5 \u20ac<\/strong>, children and young people free. Donation and admission enable the columned hall to be preserved.<br \/>STOA169 information brochure on site (7\u20ac)<br \/>German only, English version will follow soon<\/p><p>STOA169 App in the <a href=\"https:\/\/www.apple.com\/de\/search\/stoa169?src=globalnav\" target=\"_blank\" rel=\"noopener\">AppStore (iOS)<\/a> and on <a href=\"https:\/\/play.google.com\/store\/apps\/details?id=com.stoa169.android.v2&amp;gl=DE\" target=\"_blank\" rel=\"noopener\">Google Play<\/a>.<br \/>English version available<\/p><p><img loading=\"lazy\" decoding=\"async\" class=\"alignnone size-full wp-image-12355\" src=\"https:\/\/stoa169.com\/wp-content\/uploads\/stoa_app_qr.png\" alt=\"\" width=\"240\" height=\"240\" srcset=\"https:\/\/stoa169.com\/wp-content\/uploads\/stoa_app_qr.png 240w, https:\/\/stoa169.com\/wp-content\/uploads\/stoa_app_qr-150x150.png 150w\" sizes=\"auto, (max-width: 240px) 100vw, 240px\" \/><\/p><p>\u00a0<\/p><p><span id=\"[0,13]\" class=\"word\">ACCESSIBILITY<\/span><br \/><span id=\"[14,22]\" class=\"word\">Visitors<\/span> <span id=\"[23,27]\" class=\"word\">with<\/span> <span id=\"[28,29]\" class=\"word\">a<\/span> <span id=\"[30,38]\" class=\"word\">disabled<\/span> <span id=\"[39,46]\" class=\"word\">parking<\/span> <span id=\"[47,51]\" class=\"word\">card<\/span> <span id=\"[52,55]\" class=\"word\">can<\/span><span id=\"[56,61]\" class=\"word\">drive<\/span> <span id=\"[62,64]\" class=\"word\">to<\/span> <span id=\"[65,72]\" class=\"word\">STOA169<\/span> <span id=\"[73,76]\" class=\"word\">and<\/span> <span id=\"[77,81]\" class=\"word\">park<\/span> <span id=\"[82,84]\" class=\"word\">at<\/span> <span id=\"[85,88]\" class=\"word\">the<\/span><span id=\"[89,99]\" class=\"word\">designated<\/span> <span id=\"[100,105]\" class=\"word\">space<\/span> <span id=\"[106,112]\" class=\"word\">during<\/span> <span id=\"[113,116]\" class=\"word\">the<\/span> <span id=\"[117,121]\" class=\"word\">tour<\/span>.<br \/><span id=\"[124,130]\" class=\"word\">Please<\/span> <span id=\"[131,136]\" class=\"word\">place<\/span> <span id=\"[137,140]\" class=\"word\">the<\/span> <span id=\"[141,146]\" class=\"word\">proof<\/span> <span id=\"[147,154]\" class=\"word\">clearly<\/span> <span id=\"[155,157]\" class=\"word\">on<\/span> <span id=\"[158,161]\" class=\"word\">the<\/span><span id=\"[162,171]\" class=\"word\">dashboard<\/span>.<\/p>\t\t\t\t\t\t\t\t<\/div>\n\t\t\t\t<\/div>\n\t\t\t\t\t<\/div>\n\t\t<\/div>\n\t\t\t\t\t<\/div>\n\t\t<\/section>\n\t\t\t\t<section class=\"elementor-section elementor-top-section elementor-element elementor-element-ce9c80e elementor-section-boxed elementor-section-height-default elementor-section-height-default\" data-id=\"ce9c80e\" data-element_type=\"section\" data-e-type=\"section\">\n\t\t\t\t\t\t<div class=\"elementor-container elementor-column-gap-no\">\n\t\t\t\t\t<div class=\"elementor-column elementor-col-100 elementor-top-column elementor-element elementor-element-b620bf4\" data-id=\"b620bf4\" data-element_type=\"column\" data-e-type=\"column\">\n\t\t\t<div class=\"elementor-widget-wrap elementor-element-populated\">\n\t\t\t\t\t\t<div class=\"elementor-element elementor-element-8138e2d h-100 elementor-widget elementor-widget-text-editor\" data-id=\"8138e2d\" data-element_type=\"widget\" data-e-type=\"widget\" data-widget_type=\"text-editor.default\">\n\t\t\t\t<div class=\"elementor-widget-container\">\n\t\t\t\t\t\t\t\t\t<h2>Guided tours:<\/h2>\n<p>STOA169 offers public guided tours <strong>on the 1st Sunday of every month<\/strong>. costs \u20ac 10 per person.<\/p>\n<p>Individual guided tours: \u20ac200 (up to 15 persons, 10\u20ac for each further person)<\/p>\n<p>Curatorial guided tour with Bernd Zimmer: \u20ac500<\/p>\n<p>In case you would like to book a tour, please contact nz@stoa169.com<\/p>\n<p><span id=\"[0,3]\" class=\"word\">Bus<\/span> <span id=\"[4,10]\" class=\"word\">travel<\/span><br \/>\n<span id=\"[11,21]\" class=\"word\">Commercial<\/span> <span id=\"[22,25]\" class=\"word\">bus<\/span> <span id=\"[26,31]\" class=\"word\">trips<\/span> <span id=\"[32,35]\" class=\"word\">are<\/span> <span id=\"[36,43]\" class=\"word\">subject<\/span> <span id=\"[44,46]\" class=\"word\">to<\/span> <span id=\"[47,48]\" class=\"word\">a<\/span><span id=\"[49,55]\" class=\"word\">charge<\/span> <span id=\"[56,59]\" class=\"word\">and<\/span> <span id=\"[60,64]\" class=\"word\">must<\/span> <span id=\"[65,67]\" class=\"word\">be<\/span> <span id=\"[68,78]\" class=\"word\">registered<\/span>: <span id=\"[80,96]\" class=\"word\">stiftung@stoa169<\/span>. <span id=\"[97,100]\" class=\"word\">com<\/span><\/p>\n\t\t\t\t\t\t\t\t<\/div>\n\t\t\t\t<\/div>\n\t\t\t\t\t<\/div>\n\t\t<\/div>\n\t\t\t\t\t<\/div>\n\t\t<\/section>\n\t\t\t\t<section class=\"elementor-section elementor-top-section elementor-element elementor-element-a049877 elementor-section-boxed elementor-section-height-default elementor-section-height-default\" data-id=\"a049877\" data-element_type=\"section\" data-e-type=\"section\">\n\t\t\t\t\t\t<div class=\"elementor-container elementor-column-gap-no\">\n\t\t\t\t\t<div class=\"elementor-column elementor-col-100 elementor-top-column elementor-element elementor-element-65f1f54\" data-id=\"65f1f54\" data-element_type=\"column\" data-e-type=\"column\">\n\t\t\t<div class=\"elementor-widget-wrap elementor-element-populated\">\n\t\t\t\t\t\t\t<\/div>\n\t\t<\/div>\n\t\t\t\t\t<\/div>\n\t\t<\/section>\n\t\t\t\t<section class=\"elementor-section elementor-top-section elementor-element elementor-element-f0c63b6 elementor-section-boxed elementor-section-height-default elementor-section-height-default\" data-id=\"f0c63b6\" data-element_type=\"section\" data-e-type=\"section\">\n\t\t\t\t\t\t<div class=\"elementor-container elementor-column-gap-no\">\n\t\t\t\t\t<div class=\"elementor-column elementor-col-100 elementor-top-column elementor-element elementor-element-80ae6b0\" data-id=\"80ae6b0\" data-element_type=\"column\" data-e-type=\"column\">\n\t\t\t<div class=\"elementor-widget-wrap elementor-element-populated\">\n\t\t\t\t\t\t<div class=\"elementor-element elementor-element-dc163b8 h-100 elementor-widget elementor-widget-text-editor\" data-id=\"dc163b8\" data-element_type=\"widget\" data-e-type=\"widget\" data-widget_type=\"text-editor.default\">\n\t\t\t\t<div class=\"elementor-widget-container\">\n\t\t\t\t\t\t\t\t\t<h2>Dogs<\/h2>\n<p>Dogs on leash can be taken onto the grounds, but must then be tied or wait in front of the hall \u2013 inside the hall itself, dogs are not allowed.<\/p>\n\t\t\t\t\t\t\t\t<\/div>\n\t\t\t\t<\/div>\n\t\t\t\t\t<\/div>\n\t\t<\/div>\n\t\t\t\t\t<\/div>\n\t\t<\/section>\n\t\t\t\t<section class=\"elementor-section elementor-top-section elementor-element elementor-element-de42777 elementor-section-boxed elementor-section-height-default elementor-section-height-default\" data-id=\"de42777\" data-element_type=\"section\" data-e-type=\"section\">\n\t\t\t\t\t\t<div class=\"elementor-container elementor-column-gap-no\">\n\t\t\t\t\t<div class=\"elementor-column elementor-col-50 elementor-top-column elementor-element elementor-element-45b545b\" data-id=\"45b545b\" data-element_type=\"column\" data-e-type=\"column\">\n\t\t\t<div class=\"elementor-widget-wrap elementor-element-populated\">\n\t\t\t\t\t\t<div class=\"elementor-element elementor-element-600a506 h-100 elementor-widget elementor-widget-text-editor\" data-id=\"600a506\" data-element_type=\"widget\" data-e-type=\"widget\" data-widget_type=\"text-editor.default\">\n\t\t\t\t<div class=\"elementor-widget-container\">\n\t\t\t\t\t\t\t\t\t<h2>Team<\/h2>\n<p class=\"p1\"><span class=\"s1\"><strong>Susanne Baumgart<\/strong><br \/>\norganization, artist support\u00a0<\/span><\/p>\n<p><b>Nina Zimmer<br \/>\n<\/b>organization, guided tours<\/p>\n<h2><\/h2>\n\t\t\t\t\t\t\t\t<\/div>\n\t\t\t\t<\/div>\n\t\t\t\t\t<\/div>\n\t\t<\/div>\n\t\t\t\t<div class=\"elementor-column elementor-col-50 elementor-top-column elementor-element elementor-element-46a433b\" data-id=\"46a433b\" data-element_type=\"column\" data-e-type=\"column\">\n\t\t\t<div class=\"elementor-widget-wrap elementor-element-populated\">\n\t\t\t\t\t\t<div class=\"elementor-element elementor-element-e840afd h-100 elementor-widget elementor-widget-text-editor\" data-id=\"e840afd\" data-element_type=\"widget\" data-e-type=\"widget\" data-widget_type=\"text-editor.default\">\n\t\t\t\t<div class=\"elementor-widget-container\">\n\t\t\t\t\t\t\t\t\t<p>&nbsp;<\/p>\n<p class=\"p1\"><span class=\"s1\"><strong>Bernd Zimmer<\/strong><br \/>\n<\/span><span class=\"s1\">management board, production<\/span><\/p>\n<p>&#8212;<\/p>\n<p><strong>Contact<br \/>\n<\/strong><a href=\"mailto:stiftung@stoa169.com\">stiftung@stoa169.com<\/a><\/p>\n\t\t\t\t\t\t\t\t<\/div>\n\t\t\t\t<\/div>\n\t\t\t\t\t<\/div>\n\t\t<\/div>\n\t\t\t\t\t<\/div>\n\t\t<\/section>\n\t\t\t\t<section class=\"elementor-section elementor-top-section elementor-element elementor-element-026e5cb elementor-section-boxed elementor-section-height-default elementor-section-height-default\" data-id=\"026e5cb\" data-element_type=\"section\" data-e-type=\"section\">\n\t\t\t\t\t\t<div class=\"elementor-container elementor-column-gap-no\">\n\t\t\t\t\t<div class=\"elementor-column elementor-col-100 elementor-top-column elementor-element elementor-element-54e42e7\" data-id=\"54e42e7\" data-element_type=\"column\" data-e-type=\"column\">\n\t\t\t<div class=\"elementor-widget-wrap elementor-element-populated\">\n\t\t\t\t\t\t<div class=\"elementor-element elementor-element-fba29e5 elementor-widget elementor-widget-text-editor\" data-id=\"fba29e5\" data-element_type=\"widget\" data-e-type=\"widget\" data-widget_type=\"text-editor.default\">\n\t\t\t\t<div class=\"elementor-widget-container\">\n\t\t\t\t\t\t\t\t\t<h2 style=\"font-family: futura-pt, sans-serif; color: #686868;\">\u00a0FAQ<\/h2>\n<p><i>How do I get to the STOA169 Columned Hall? <\/i><br \/>\nThe STOA169 can only be reached on foot or by bicycle. Visitors can reach the STOA169 either via a 15-minute walk from car park in Polling (located at the level crossing) or from the car park at the Ro\u00dflaichbr\u00fccke (on Staatstra\u00dfe 472 towards Pei\u00dfenberg).<br \/>\nBicycles must be parked at designated spots.<\/p>\n<p><i>How far is the river?<span class=\"Apple-converted-space\"><br \/>\n<\/span><\/i>The river Ammer is about 200 meters away. The path to STOA169 follows the course of the river.<\/p>\n<p><i>Are there any other buildings planned right next<span class=\"Apple-converted-space\">\u00a0 <\/span>to STOA169?<span class=\"Apple-converted-space\"><br \/>\n<\/span><\/i>No. The visual appearance of the columned hall and the proximity to nature should not be disturbed by any other buildings.<\/p>\n<p><i>Does the visit of the hall cost an admission fee?<span class=\"Apple-converted-space\"><br \/>\n<\/span><\/i>Admission\/donation. Your donation enables the preservation and future of the STOA169. For information, accompanying material as well as an app are available for download for a fee.<span class=\"Apple-converted-space\">\u00a0<\/span><\/p>\n<p><i>Is it also possible for people with disabilities to visit the STOA169?<span class=\"Apple-converted-space\"><br \/>\n<\/span><\/i>Of course, the paths and access are barrier-free.<\/p>\n<p><i>How is conservation ensured?<span class=\"Apple-converted-space\"><br \/>\n<\/span><\/i>The property is about 35,000 square meters. Only five percent of the land area has been built on without sealing the land. In addition, the green areas have been ecologically upgraded.<\/p>\n<p><i>What about the garbage?<span class=\"Apple-converted-space\"><br \/>\n<\/span><\/i>The STOA169 Foundation and its team take care of this.<\/p>\n<p><i>What conservation measures are planned for STOA169?<span class=\"Apple-converted-space\"><br \/>\n<\/span><\/i>Most columns are weatherproof. After a few years, restoration work will certainly be needed, which the Foundation will undertake with the help of your donations.<\/p>\n<p><i>How is art protected against vandalism?<span class=\"Apple-converted-space\"><br \/>\n<\/span><\/i>In principle, art in public spaces cannot be protected against damage. But the respect for art is great, according to experience.<\/p>\n<p><i>What material are the pillars made of? What burden do they have to bear?<span class=\"Apple-converted-space\"><br \/>\n<\/span><\/i>The material was individually determined by the artists. Static specifications were met to support the common roof.<\/p>\n<p><i>How does the rainwater run off?<span class=\"Apple-converted-space\"><br \/>\n<\/span><\/i>The rainwater is led through the recesses in the roof to the floor plate.<\/p>\n<p><i>Does the STOA169 offer something for children?<span class=\"Apple-converted-space\"><br \/>\n<\/span><\/i>The art experience in the middle of nature offers everyone, including children and young people, an intensive experience. The STOA169 colouring books guarantee children fun both during and after their visit to the Colonnade.<\/p>\n<p><i>Where is the service area located?<span class=\"Apple-converted-space\"><br \/>\n<\/span><\/i>A toilet &#8211; also for visitors with disabilities &#8211; is located near the STOA169. Public toilets can be found next to the town hall on the church square in Polling.<\/p>\n<p><i>Is STOA169 illuminated at night? Are the animals disturbed?<span class=\"Apple-converted-space\"><br \/>\n<\/span><\/i>The hall is always open, also for birds and wild animals. Since there are no artificial light sources in and around STOA169, the animals have their rest after sunset.<\/p>\n\t\t\t\t\t\t\t\t<\/div>\n\t\t\t\t<\/div>\n\t\t\t\t<div class=\"elementor-element elementor-element-7a0a5c7 elementor-widget elementor-widget-text-editor\" data-id=\"7a0a5c7\" data-element_type=\"widget\" data-e-type=\"widget\" data-widget_type=\"text-editor.default\">\n\t\t\t\t<div class=\"elementor-widget-container\">\n\t\t\t\t\t\t\t\t\t<h2>Do you have any further questions?<\/h2>\n<p><a href=\"mailto:stiftung@stoa169.com\">stiftung@stoa169.com<\/a><\/p>\n\t\t\t\t\t\t\t\t<\/div>\n\t\t\t\t<\/div>\n\t\t\t\t\t<\/div>\n\t\t<\/div>\n\t\t\t\t\t<\/div>\n\t\t<\/section>\n\t\t\t\t<\/div>\n\t\t","protected":false},"excerpt":{"rendered":"<p>Visitor Information Admission\/ donation: 5 \u20ac, children and young people free. Donation and admission enable the columned hall to be preserved.STOA169 information brochure on site (7\u20ac)German only, English version will follow soon STOA169 App in the AppStore (iOS) and on Google Play.English version available \u00a0 ACCESSIBILITYVisitors with a disabled parking card candrive to STOA169 and [&#8230;]<\/p>\n<p><a class=\"btn btn-secondary understrap-read-more-link\" href=\"https:\/\/stoa169.com\/en\/faq-team-and-contact\/\">Read More&#8230;<span class=\"screen-reader-text\"> from Visitor Information FAQ team and contact<\/span><\/a><\/p>\n","protected":false},"author":6,"featured_media":0,"parent":0,"menu_order":0,"comment_status":"closed","ping_status":"closed","template":"elementor_header_footer","meta":{"_acf_changed":false,"footnotes":""},"class_list":["post-1059","page","type-page","status-publish","hentry"],"acf":[],"yoast_head":"<!-- This site is optimized with the Yoast SEO plugin v27.4 - https:\/\/yoast.com\/product\/yoast-seo-wordpress\/ -->\n<title>Visitor Information FAQ team and contact - STOA169<\/title>\n<meta name=\"robots\" content=\"index, follow, max-snippet:-1, max-image-preview:large, max-video-preview:-1\" \/>\n<link rel=\"canonical\" href=\"https:\/\/stoa169.com\/en\/faq-team-and-contact\/\" \/>\n<meta property=\"og:locale\" content=\"en_US\" \/>\n<meta property=\"og:type\" content=\"article\" \/>\n<meta property=\"og:title\" content=\"Visitor Information FAQ team and contact - STOA169\" \/>\n<meta property=\"og:description\" content=\"Visitor Information Admission\/ donation: 5 \u20ac, children and young people free. Donation and admission enable the columned hall to be preserved.STOA169 information brochure on site (7\u20ac)German only, English version will follow soon STOA169 App in the AppStore (iOS) and on Google Play.English version available \u00a0 ACCESSIBILITYVisitors with a disabled parking card candrive to STOA169 and [...]Read More... from Visitor Information FAQ team and contact\" \/>\n<meta property=\"og:url\" content=\"https:\/\/stoa169.com\/en\/faq-team-and-contact\/\" \/>\n<meta property=\"og:site_name\" content=\"STOA169\" \/>\n<meta property=\"article:publisher\" content=\"https:\/\/www.facebook.com\/stoa169stiftung\/\" \/>\n<meta property=\"article:modified_time\" content=\"2024-11-28T20:48:36+00:00\" \/>\n<meta property=\"og:image\" content=\"https:\/\/stoa169.com\/wp-content\/uploads\/stoa_app_qr.png\" \/>\n\t<meta property=\"og:image:width\" content=\"240\" \/>\n\t<meta property=\"og:image:height\" content=\"240\" \/>\n\t<meta property=\"og:image:type\" content=\"image\/png\" \/>\n<meta name=\"twitter:card\" content=\"summary_large_image\" \/>\n<meta name=\"twitter:label1\" content=\"Est. reading time\" \/>\n\t<meta name=\"twitter:data1\" content=\"4 minutes\" \/>\n<script type=\"application\/ld+json\" class=\"yoast-schema-graph\">{\"@context\":\"https:\\\/\\\/schema.org\",\"@graph\":[{\"@type\":\"WebPage\",\"@id\":\"https:\\\/\\\/stoa169.com\\\/en\\\/faq-team-and-contact\\\/\",\"url\":\"https:\\\/\\\/stoa169.com\\\/en\\\/faq-team-and-contact\\\/\",\"name\":\"Visitor Information FAQ team and contact - STOA169\",\"isPartOf\":{\"@id\":\"https:\\\/\\\/stoa169.com\\\/en\\\/#website\"},\"primaryImageOfPage\":{\"@id\":\"https:\\\/\\\/stoa169.com\\\/en\\\/faq-team-and-contact\\\/#primaryimage\"},\"image\":{\"@id\":\"https:\\\/\\\/stoa169.com\\\/en\\\/faq-team-and-contact\\\/#primaryimage\"},\"thumbnailUrl\":\"https:\\\/\\\/stoa169.com\\\/wp-content\\\/uploads\\\/stoa_app_qr.png\",\"datePublished\":\"2019-08-07T08:56:39+00:00\",\"dateModified\":\"2024-11-28T20:48:36+00:00\",\"breadcrumb\":{\"@id\":\"https:\\\/\\\/stoa169.com\\\/en\\\/faq-team-and-contact\\\/#breadcrumb\"},\"inLanguage\":\"en-US\",\"potentialAction\":[{\"@type\":\"ReadAction\",\"target\":[\"https:\\\/\\\/stoa169.com\\\/en\\\/faq-team-and-contact\\\/\"]}]},{\"@type\":\"ImageObject\",\"inLanguage\":\"en-US\",\"@id\":\"https:\\\/\\\/stoa169.com\\\/en\\\/faq-team-and-contact\\\/#primaryimage\",\"url\":\"https:\\\/\\\/stoa169.com\\\/wp-content\\\/uploads\\\/stoa_app_qr.png\",\"contentUrl\":\"https:\\\/\\\/stoa169.com\\\/wp-content\\\/uploads\\\/stoa_app_qr.png\"},{\"@type\":\"BreadcrumbList\",\"@id\":\"https:\\\/\\\/stoa169.com\\\/en\\\/faq-team-and-contact\\\/#breadcrumb\",\"itemListElement\":[{\"@type\":\"ListItem\",\"position\":1,\"name\":\"Startseite\",\"item\":\"https:\\\/\\\/stoa169.com\\\/en\\\/\"},{\"@type\":\"ListItem\",\"position\":2,\"name\":\"Visitor Information FAQ team and contact\"}]},{\"@type\":\"WebSite\",\"@id\":\"https:\\\/\\\/stoa169.com\\\/en\\\/#website\",\"url\":\"https:\\\/\\\/stoa169.com\\\/en\\\/\",\"name\":\"STOA169\",\"description\":\"The artist columned hall in Polling\",\"publisher\":{\"@id\":\"https:\\\/\\\/stoa169.com\\\/en\\\/#organization\"},\"potentialAction\":[{\"@type\":\"SearchAction\",\"target\":{\"@type\":\"EntryPoint\",\"urlTemplate\":\"https:\\\/\\\/stoa169.com\\\/en\\\/?s={search_term_string}\"},\"query-input\":{\"@type\":\"PropertyValueSpecification\",\"valueRequired\":true,\"valueName\":\"search_term_string\"}}],\"inLanguage\":\"en-US\"},{\"@type\":\"Organization\",\"@id\":\"https:\\\/\\\/stoa169.com\\\/en\\\/#organization\",\"name\":\"STOA169\",\"url\":\"https:\\\/\\\/stoa169.com\\\/en\\\/\",\"logo\":{\"@type\":\"ImageObject\",\"inLanguage\":\"en-US\",\"@id\":\"https:\\\/\\\/stoa169.com\\\/en\\\/#\\\/schema\\\/logo\\\/image\\\/\",\"url\":\"https:\\\/\\\/stoa169.com\\\/wp-content\\\/uploads\\\/2023\\\/08\\\/STOA169-Logo_kurz.png\",\"contentUrl\":\"https:\\\/\\\/stoa169.com\\\/wp-content\\\/uploads\\\/2023\\\/08\\\/STOA169-Logo_kurz.png\",\"width\":630,\"height\":630,\"caption\":\"STOA169\"},\"image\":{\"@id\":\"https:\\\/\\\/stoa169.com\\\/en\\\/#\\\/schema\\\/logo\\\/image\\\/\"},\"sameAs\":[\"https:\\\/\\\/www.facebook.com\\\/stoa169stiftung\\\/\",\"https:\\\/\\\/www.instagram.com\\\/stoa169stiftung\\\/\"]}]}<\/script>\n<!-- \/ Yoast SEO plugin. -->","yoast_head_json":{"title":"Visitor Information FAQ team and contact - STOA169","robots":{"index":"index","follow":"follow","max-snippet":"max-snippet:-1","max-image-preview":"max-image-preview:large","max-video-preview":"max-video-preview:-1"},"canonical":"https:\/\/stoa169.com\/en\/faq-team-and-contact\/","og_locale":"en_US","og_type":"article","og_title":"Visitor Information FAQ team and contact - STOA169","og_description":"Visitor Information Admission\/ donation: 5 \u20ac, children and young people free. Donation and admission enable the columned hall to be preserved.STOA169 information brochure on site (7\u20ac)German only, English version will follow soon STOA169 App in the AppStore (iOS) and on Google Play.English version available \u00a0 ACCESSIBILITYVisitors with a disabled parking card candrive to STOA169 and [...]Read More... from Visitor Information FAQ team and contact","og_url":"https:\/\/stoa169.com\/en\/faq-team-and-contact\/","og_site_name":"STOA169","article_publisher":"https:\/\/www.facebook.com\/stoa169stiftung\/","article_modified_time":"2024-11-28T20:48:36+00:00","og_image":[{"width":240,"height":240,"url":"https:\/\/stoa169.com\/wp-content\/uploads\/stoa_app_qr.png","type":"image\/png"}],"twitter_card":"summary_large_image","twitter_misc":{"Est. reading time":"4 minutes"},"schema":{"@context":"https:\/\/schema.org","@graph":[{"@type":"WebPage","@id":"https:\/\/stoa169.com\/en\/faq-team-and-contact\/","url":"https:\/\/stoa169.com\/en\/faq-team-and-contact\/","name":"Visitor Information FAQ team and contact - STOA169","isPartOf":{"@id":"https:\/\/stoa169.com\/en\/#website"},"primaryImageOfPage":{"@id":"https:\/\/stoa169.com\/en\/faq-team-and-contact\/#primaryimage"},"image":{"@id":"https:\/\/stoa169.com\/en\/faq-team-and-contact\/#primaryimage"},"thumbnailUrl":"https:\/\/stoa169.com\/wp-content\/uploads\/stoa_app_qr.png","datePublished":"2019-08-07T08:56:39+00:00","dateModified":"2024-11-28T20:48:36+00:00","breadcrumb":{"@id":"https:\/\/stoa169.com\/en\/faq-team-and-contact\/#breadcrumb"},"inLanguage":"en-US","potentialAction":[{"@type":"ReadAction","target":["https:\/\/stoa169.com\/en\/faq-team-and-contact\/"]}]},{"@type":"ImageObject","inLanguage":"en-US","@id":"https:\/\/stoa169.com\/en\/faq-team-and-contact\/#primaryimage","url":"https:\/\/stoa169.com\/wp-content\/uploads\/stoa_app_qr.png","contentUrl":"https:\/\/stoa169.com\/wp-content\/uploads\/stoa_app_qr.png"},{"@type":"BreadcrumbList","@id":"https:\/\/stoa169.com\/en\/faq-team-and-contact\/#breadcrumb","itemListElement":[{"@type":"ListItem","position":1,"name":"Startseite","item":"https:\/\/stoa169.com\/en\/"},{"@type":"ListItem","position":2,"name":"Visitor Information FAQ team and contact"}]},{"@type":"WebSite","@id":"https:\/\/stoa169.com\/en\/#website","url":"https:\/\/stoa169.com\/en\/","name":"STOA169","description":"The artist columned hall in Polling","publisher":{"@id":"https:\/\/stoa169.com\/en\/#organization"},"potentialAction":[{"@type":"SearchAction","target":{"@type":"EntryPoint","urlTemplate":"https:\/\/stoa169.com\/en\/?s={search_term_string}"},"query-input":{"@type":"PropertyValueSpecification","valueRequired":true,"valueName":"search_term_string"}}],"inLanguage":"en-US"},{"@type":"Organization","@id":"https:\/\/stoa169.com\/en\/#organization","name":"STOA169","url":"https:\/\/stoa169.com\/en\/","logo":{"@type":"ImageObject","inLanguage":"en-US","@id":"https:\/\/stoa169.com\/en\/#\/schema\/logo\/image\/","url":"https:\/\/stoa169.com\/wp-content\/uploads\/2023\/08\/STOA169-Logo_kurz.png","contentUrl":"https:\/\/stoa169.com\/wp-content\/uploads\/2023\/08\/STOA169-Logo_kurz.png","width":630,"height":630,"caption":"STOA169"},"image":{"@id":"https:\/\/stoa169.com\/en\/#\/schema\/logo\/image\/"},"sameAs":["https:\/\/www.facebook.com\/stoa169stiftung\/","https:\/\/www.instagram.com\/stoa169stiftung\/"]}]}},"_links":{"self":[{"href":"https:\/\/stoa169.com\/en\/wp-json\/wp\/v2\/pages\/1059","targetHints":{"allow":["GET"]}}],"collection":[{"href":"https:\/\/stoa169.com\/en\/wp-json\/wp\/v2\/pages"}],"about":[{"href":"https:\/\/stoa169.com\/en\/wp-json\/wp\/v2\/types\/page"}],"author":[{"embeddable":true,"href":"https:\/\/stoa169.com\/en\/wp-json\/wp\/v2\/users\/6"}],"replies":[{"embeddable":true,"href":"https:\/\/stoa169.com\/en\/wp-json\/wp\/v2\/comments?post=1059"}],"version-history":[{"count":7,"href":"https:\/\/stoa169.com\/en\/wp-json\/wp\/v2\/pages\/1059\/revisions"}],"predecessor-version":[{"id":12483,"href":"https:\/\/stoa169.com\/en\/wp-json\/wp\/v2\/pages\/1059\/revisions\/12483"}],"wp:attachment":[{"href":"https:\/\/stoa169.com\/en\/wp-json\/wp\/v2\/media?parent=1059"}],"curies":[{"name":"wp","href":"https:\/\/api.w.org\/{rel}","templated":true}]}}