{"id":1029,"date":"2019-08-07T09:00:05","date_gmt":"2019-08-07T07:00:05","guid":{"rendered":"https:\/\/stoa169.com\/build-process\/"},"modified":"2020-09-28T15:27:22","modified_gmt":"2020-09-28T13:27:22","slug":"the-hall","status":"publish","type":"page","link":"https:\/\/stoa169.com\/en\/the-hall\/","title":{"rendered":"The Hall"},"content":{"rendered":"\t\t<div data-elementor-type=\"wp-post\" data-elementor-id=\"1029\" class=\"elementor elementor-1029 elementor-277\">\n\t\t\t\t\t\t<section class=\"elementor-section elementor-top-section elementor-element elementor-element-c9a355c elementor-section-boxed elementor-section-height-default elementor-section-height-default\" data-id=\"c9a355c\" data-element_type=\"section\" data-e-type=\"section\">\n\t\t\t\t\t\t<div class=\"elementor-container elementor-column-gap-default\">\n\t\t\t\t\t<div class=\"elementor-column elementor-col-100 elementor-top-column elementor-element elementor-element-c97f796\" data-id=\"c97f796\" data-element_type=\"column\" data-e-type=\"column\">\n\t\t\t<div class=\"elementor-widget-wrap elementor-element-populated\">\n\t\t\t\t\t\t<div class=\"elementor-element elementor-element-f5ac735 elementor-widget elementor-widget-image\" data-id=\"f5ac735\" data-element_type=\"widget\" data-e-type=\"widget\" data-widget_type=\"image.default\">\n\t\t\t\t<div class=\"elementor-widget-container\">\n\t\t\t\t\t\t\t\t\t\t\t\t<figure class=\"wp-caption\">\n\t\t\t\t\t\t\t\t\t\t<img loading=\"lazy\" decoding=\"async\" width=\"3435\" height=\"2458\" src=\"https:\/\/stoa169.com\/wp-content\/uploads\/2019\/12\/190918_Zeichnung-Bernd-Zimmer.jpg\" class=\"attachment-full size-full wp-image-3065\" alt=\"\" srcset=\"https:\/\/stoa169.com\/wp-content\/uploads\/2019\/12\/190918_Zeichnung-Bernd-Zimmer.jpg 3435w, https:\/\/stoa169.com\/wp-content\/uploads\/2019\/12\/190918_Zeichnung-Bernd-Zimmer-300x215.jpg 300w, https:\/\/stoa169.com\/wp-content\/uploads\/2019\/12\/190918_Zeichnung-Bernd-Zimmer-768x550.jpg 768w, https:\/\/stoa169.com\/wp-content\/uploads\/2019\/12\/190918_Zeichnung-Bernd-Zimmer-1024x733.jpg 1024w\" sizes=\"auto, (max-width: 3435px) 100vw, 3435px\" \/>\t\t\t\t\t\t\t\t\t\t\t<figcaption class=\"widget-image-caption wp-caption-text\"><\/figcaption>\n\t\t\t\t\t\t\t\t\t\t<\/figure>\n\t\t\t\t\t\t\t\t\t<\/div>\n\t\t\t\t<\/div>\n\t\t\t\t\t<\/div>\n\t\t<\/div>\n\t\t\t\t\t<\/div>\n\t\t<\/section>\n\t\t\t\t<section class=\"elementor-section elementor-top-section elementor-element elementor-element-1ac7907 elementor-section-boxed elementor-section-height-default elementor-section-height-default\" data-id=\"1ac7907\" data-element_type=\"section\" data-e-type=\"section\">\n\t\t\t\t\t\t<div class=\"elementor-container elementor-column-gap-no\">\n\t\t\t\t\t<div class=\"elementor-column elementor-col-50 elementor-top-column elementor-element elementor-element-aedb2eb\" data-id=\"aedb2eb\" data-element_type=\"column\" data-e-type=\"column\">\n\t\t\t<div class=\"elementor-widget-wrap elementor-element-populated\">\n\t\t\t\t\t\t<div class=\"elementor-element elementor-element-550028c square-image elementor-widget elementor-widget-eael-image-accordion\" data-id=\"550028c\" data-element_type=\"widget\" data-e-type=\"widget\" data-widget_type=\"eael-image-accordion.default\">\n\t\t\t\t<div class=\"elementor-widget-container\">\n\t\t\t\t\t    <div class=\"eael-img-accordion accordion-direction-horizontal eael-img-accordion-horizontal-align-center eael-img-accordion-vertical-align-center\" id=\"eael-img-accordion-550028c\" data-img-accordion-id=\"550028c\" data-img-accordion-type=\"on-hover\">\n                    \n            <div class=\"eael-image-accordion-hover eael-image-accordion-item\" style=\"background-image: url(https:\/\/stoa169.com\/wp-content\/uploads\/2019\/07\/k9VIlcpR.png);\"  tabindex=\"0\">\n                <div class=\"overlay\">\n                                        <div class=\"overlay-inner \">\n                                            <\/div>\n                <\/div>\n            <\/div>\n                <\/div>\n        <style typr=\"text\/css\">\n                    #eael-img-accordion-550028c .eael-image-accordion-hover:hover {\n                        flex: 3 1 0% !important;\n                    }\n                    #eael-img-accordion-550028c .eael-image-accordion-hover:hover:hover .overlay-inner * {\n                        opacity: 1;\n                        visibility: visible;\n                        transform: none;\n                        transition: all .3s .3s;\n                    }\n                <\/style>\t\t\t\t<\/div>\n\t\t\t\t<\/div>\n\t\t\t\t\t<\/div>\n\t\t<\/div>\n\t\t\t\t<div class=\"elementor-column elementor-col-50 elementor-top-column elementor-element elementor-element-8e7d401\" data-id=\"8e7d401\" data-element_type=\"column\" data-e-type=\"column\">\n\t\t\t<div class=\"elementor-widget-wrap elementor-element-populated\">\n\t\t\t\t\t\t<div class=\"elementor-element elementor-element-28fd7d2 h-100 elementor-widget elementor-widget-eael-adv-tabs\" data-id=\"28fd7d2\" data-element_type=\"widget\" data-e-type=\"widget\" data-widget_type=\"eael-adv-tabs.default\">\n\t\t\t\t<div class=\"elementor-widget-container\">\n\t\t\t\t\t        <div data-scroll-on-click=\"no\" data-scroll-speed=\"300\" id=\"eael-advance-tabs-28fd7d2\" class=\"eael-advance-tabs eael-tabs-horizontal eael-tab-auto-active \" data-tabid=\"28fd7d2\">\n            <div class=\"eael-tabs-nav \">\n                <ul class=\"\" role=\"tablist\">\n                                            <li id=\"1\" class=\"inactive eael-tab-item-trigger eael-tab-nav-item\" aria-selected=\"true\" data-tab=\"1\" role=\"tab\" tabindex=\"0\" aria-controls=\"1-tab\" aria-expanded=\"false\">\n                            \n                            \n                            \n                                                            <span class=\"eael-tab-title title-after-icon\" >1<\/span>                                                    <\/li>\n                                            <li id=\"2\" class=\"inactive eael-tab-item-trigger eael-tab-nav-item\" aria-selected=\"false\" data-tab=\"2\" role=\"tab\" tabindex=\"-1\" aria-controls=\"2-tab\" aria-expanded=\"false\">\n                            \n                            \n                            \n                                                            <span class=\"eael-tab-title title-after-icon\" >2<\/span>                                                    <\/li>\n                                            <li id=\"3\" class=\"inactive eael-tab-item-trigger eael-tab-nav-item\" aria-selected=\"false\" data-tab=\"3\" role=\"tab\" tabindex=\"-1\" aria-controls=\"3-tab\" aria-expanded=\"false\">\n                            \n                            \n                            \n                                                            <span class=\"eael-tab-title title-after-icon\" >3<\/span>                                                    <\/li>\n                    \n                                  <\/ul>\n            <\/div>\n            \n            <div class=\"eael-tabs-content\">\n\t\t        \n                    <div id=\"1-tab\" class=\"clearfix eael-tab-content-item inactive\" data-title-link=\"1-tab\">\n\t\t\t\t        <h2><b>EACH INDIVIDUAL COLUMN WILL SUPPORT A PART OF THE<\/b><b> <\/b><b>COMMUNAL ROOF<\/b><\/h2><p>Building permission for the 1.800 sq metre-size hall was already approved in 2017, and the first phase of construction began in autanumn 2019. Due to the building site of the STOA169 being situated upon hitherto agriculturally used grounds, preliminary structural measures are required that shall be planned and implemented in harmony with nature.<\/p><p>Approximately five percent of the 35.000 sq metre meadow plot west of Polling have been developed for the location of the columned hall: to this purpose, the soil was removed and a permeable, stabilising layer of shingle was laid on the remaining undisturbed ground. On top of this, a concrete foundation was poured that, in turn, holds tubing to keep the pillars in place.<\/p>                    <\/div>\n\t\t        \n                    <div id=\"2-tab\" class=\"clearfix eael-tab-content-item inactive\" data-title-link=\"2-tab\">\n\t\t\t\t        <p>The objective of minimising any interference with nature was rigorously implemented in the planning phase of construction: through the method of the modular system, no part of the floor has been sealed; rather, rainwater is able to completely drain through recesses set in the floor panel. Each individually braced column independently carries a portion of the entire roof; lastly, roofing tiles have been fitted that have rectangular recesses, thus allowing light to reach into the interior of the STOA169 hall. Rainwater will likewise be diverted through these openings down to the floor in order to seep into the suitably prepared subsoil.<\/p><p>Pursuant to Bernd Zimmer&#8217;s initial concept, that the STOA169 should be perceived in contrast to, as well as in harmony with, the surrounding natural environment, the immediate area will cease to be intensively farmed and instead receive an ecological upgrade.<\/p>                    <\/div>\n\t\t        \n                    <div id=\"3-tab\" class=\"clearfix eael-tab-content-item inactive\" data-title-link=\"3-tab\">\n\t\t\t\t        <p>The revegetation plans, which were presented in May 2019 by an independent planning office, envision a biodiverse, transitional meadow, one that would provide a habitat for bees and other insects, and also involve the planting of indigenous trees and shrubs suitable for the area.<\/p><p>The columned hall is only accessible by foot, either through a ten minute walk along the path from the car park on the outskirts of Polling or via the nearby Ro\u00dflaichbr\u00fccke, which leads across the Ammer river at the connecting road to Pei\u00dfenberg.<\/p>                    <\/div>\n\t\t                    <\/div>\n        <\/div>\n\t\t\t\t<\/div>\n\t\t\t\t<\/div>\n\t\t\t\t\t<\/div>\n\t\t<\/div>\n\t\t\t\t\t<\/div>\n\t\t<\/section>\n\t\t\t\t<section class=\"elementor-section elementor-top-section elementor-element elementor-element-b298bf1 elementor-section-boxed elementor-section-height-default elementor-section-height-default\" data-id=\"b298bf1\" data-element_type=\"section\" data-e-type=\"section\">\n\t\t\t\t\t\t<div class=\"elementor-container elementor-column-gap-no\">\n\t\t\t\t\t<div class=\"elementor-column elementor-col-100 elementor-top-column elementor-element elementor-element-2bc1703\" data-id=\"2bc1703\" data-element_type=\"column\" data-e-type=\"column\">\n\t\t\t<div class=\"elementor-widget-wrap elementor-element-populated\">\n\t\t\t\t\t\t<div class=\"elementor-element elementor-element-919a9ab square-image elementor-widget elementor-widget-eael-image-accordion\" data-id=\"919a9ab\" data-element_type=\"widget\" data-e-type=\"widget\" data-widget_type=\"eael-image-accordion.default\">\n\t\t\t\t<div class=\"elementor-widget-container\">\n\t\t\t\t\t    <div class=\"eael-img-accordion accordion-direction-horizontal eael-img-accordion-horizontal-align-center eael-img-accordion-vertical-align-center\" id=\"eael-img-accordion-919a9ab\" data-img-accordion-id=\"919a9ab\" data-img-accordion-type=\"on-hover\">\n                    \n            <div class=\"eael-image-accordion-hover eael-image-accordion-item\" style=\"background-image: url(https:\/\/stoa169.com\/wp-content\/uploads\/2019\/08\/STOA169_Grundst\u00fcck_Luftaufnahme_2\u00a9MaxvonEicken.jpg);\"  tabindex=\"0\">\n                <div class=\"overlay\">\n                                        <div class=\"overlay-inner \">\n                                            <\/div>\n                <\/div>\n            <\/div>\n                <\/div>\n        <style typr=\"text\/css\">\n                    #eael-img-accordion-919a9ab .eael-image-accordion-hover:hover {\n                        flex: 3 1 0% !important;\n                    }\n                    #eael-img-accordion-919a9ab .eael-image-accordion-hover:hover:hover .overlay-inner * {\n                        opacity: 1;\n                        visibility: visible;\n                        transform: none;\n                        transition: all .3s .3s;\n                    }\n                <\/style>\t\t\t\t<\/div>\n\t\t\t\t<\/div>\n\t\t\t\t\t<\/div>\n\t\t<\/div>\n\t\t\t\t\t<\/div>\n\t\t<\/section>\n\t\t\t\t<section class=\"elementor-section elementor-top-section elementor-element elementor-element-8714adf elementor-section-boxed elementor-section-height-default elementor-section-height-default\" data-id=\"8714adf\" data-element_type=\"section\" data-e-type=\"section\">\n\t\t\t\t\t\t<div class=\"elementor-container elementor-column-gap-default\">\n\t\t\t\t\t<div class=\"elementor-column elementor-col-100 elementor-top-column elementor-element elementor-element-f491c3c\" data-id=\"f491c3c\" data-element_type=\"column\" data-e-type=\"column\">\n\t\t\t<div class=\"elementor-widget-wrap elementor-element-populated\">\n\t\t\t\t\t\t<div class=\"elementor-element elementor-element-ee2d0ac elementor-widget elementor-widget-video\" data-id=\"ee2d0ac\" data-element_type=\"widget\" data-e-type=\"widget\" data-settings=\"{&quot;video_type&quot;:&quot;vimeo&quot;}\" data-widget_type=\"video.default\">\n\t\t\t\t<div class=\"elementor-widget-container\">\n\t\t\t\t\t\t\t<div class=\"elementor-wrapper elementor-open-inline\">\n\t\t\t<iframe class=\"elementor-video-iframe\" allowfullscreen allow=\"clipboard-write\" title=\"vimeo Video Player\" src=\"https:\/\/player.vimeo.com\/video\/389013857?color&amp;autopause=0&amp;loop=0&amp;muted=0&amp;title=1&amp;portrait=0&amp;byline=0#t=\"><\/iframe>\t\t<\/div>\n\t\t\t\t\t\t<\/div>\n\t\t\t\t<\/div>\n\t\t\t\t\t<\/div>\n\t\t<\/div>\n\t\t\t\t\t<\/div>\n\t\t<\/section>\n\t\t\t\t<section class=\"elementor-section elementor-top-section elementor-element elementor-element-fa53c09 elementor-section-boxed elementor-section-height-default elementor-section-height-default\" data-id=\"fa53c09\" data-element_type=\"section\" data-e-type=\"section\">\n\t\t\t\t\t\t<div class=\"elementor-container elementor-column-gap-default\">\n\t\t\t\t\t<div class=\"elementor-column elementor-col-100 elementor-top-column elementor-element elementor-element-180c4ac\" data-id=\"180c4ac\" data-element_type=\"column\" data-e-type=\"column\">\n\t\t\t<div class=\"elementor-widget-wrap elementor-element-populated\">\n\t\t\t\t\t\t<div class=\"elementor-element elementor-element-83875c8 elementor-widget elementor-widget-image\" data-id=\"83875c8\" data-element_type=\"widget\" data-e-type=\"widget\" data-widget_type=\"image.default\">\n\t\t\t\t<div class=\"elementor-widget-container\">\n\t\t\t\t\t\t\t\t\t\t\t\t\t\t\t<img loading=\"lazy\" decoding=\"async\" width=\"1600\" height=\"1065\" src=\"https:\/\/stoa169.com\/wp-content\/uploads\/2020\/08\/IMG_5310.jpg\" class=\"attachment-full size-full wp-image-6383\" alt=\"\" srcset=\"https:\/\/stoa169.com\/wp-content\/uploads\/2020\/08\/IMG_5310.jpg 1600w, https:\/\/stoa169.com\/wp-content\/uploads\/2020\/08\/IMG_5310-300x200.jpg 300w, https:\/\/stoa169.com\/wp-content\/uploads\/2020\/08\/IMG_5310-1024x682.jpg 1024w, https:\/\/stoa169.com\/wp-content\/uploads\/2020\/08\/IMG_5310-768x511.jpg 768w, https:\/\/stoa169.com\/wp-content\/uploads\/2020\/08\/IMG_5310-1536x1022.jpg 1536w\" sizes=\"auto, (max-width: 1600px) 100vw, 1600px\" \/>\t\t\t\t\t\t\t\t\t\t\t\t\t\t\t<\/div>\n\t\t\t\t<\/div>\n\t\t\t\t\t<\/div>\n\t\t<\/div>\n\t\t\t\t\t<\/div>\n\t\t<\/section>\n\t\t\t\t<\/div>\n\t\t","protected":false},"excerpt":{"rendered":"<p>1 2 3 EACH INDIVIDUAL COLUMN WILL SUPPORT A PART OF THE COMMUNAL ROOF Building permission for the 1.800 sq metre-size hall was already approved in 2017, and the first phase of construction began in autanumn 2019. Due to the building site of the STOA169 being situated upon hitherto agriculturally used grounds, preliminary structural measures [&#8230;]<\/p>\n<p><a class=\"btn btn-secondary understrap-read-more-link\" href=\"https:\/\/stoa169.com\/en\/the-hall\/\">Read More&#8230;<span class=\"screen-reader-text\"> from The Hall<\/span><\/a><\/p>\n","protected":false},"author":6,"featured_media":0,"parent":0,"menu_order":0,"comment_status":"closed","ping_status":"closed","template":"elementor_header_footer","meta":{"_acf_changed":false,"footnotes":""},"class_list":["post-1029","page","type-page","status-publish","hentry"],"acf":[],"yoast_head":"<!-- This site is optimized with the Yoast SEO plugin v27.4 - https:\/\/yoast.com\/product\/yoast-seo-wordpress\/ -->\n<title>The Hall - STOA169<\/title>\n<meta name=\"robots\" content=\"index, follow, max-snippet:-1, max-image-preview:large, max-video-preview:-1\" \/>\n<link rel=\"canonical\" href=\"https:\/\/stoa169.com\/en\/the-hall\/\" \/>\n<meta property=\"og:locale\" content=\"en_US\" \/>\n<meta property=\"og:type\" content=\"article\" \/>\n<meta property=\"og:title\" content=\"The Hall - STOA169\" \/>\n<meta property=\"og:description\" content=\"1 2 3 EACH INDIVIDUAL COLUMN WILL SUPPORT A PART OF THE COMMUNAL ROOF Building permission for the 1.800 sq metre-size hall was already approved in 2017, and the first phase of construction began in autanumn 2019. Due to the building site of the STOA169 being situated upon hitherto agriculturally used grounds, preliminary structural measures [...]Read More... from The Hall\" \/>\n<meta property=\"og:url\" content=\"https:\/\/stoa169.com\/en\/the-hall\/\" \/>\n<meta property=\"og:site_name\" content=\"STOA169\" \/>\n<meta property=\"article:publisher\" content=\"https:\/\/www.facebook.com\/stoa169stiftung\/\" \/>\n<meta property=\"article:modified_time\" content=\"2020-09-28T13:27:22+00:00\" \/>\n<meta property=\"og:image\" content=\"https:\/\/stoa169.com\/wp-content\/uploads\/2019\/12\/190918_Zeichnung-Bernd-Zimmer.jpg\" \/>\n<meta name=\"twitter:card\" content=\"summary_large_image\" \/>\n<meta name=\"twitter:label1\" content=\"Est. reading time\" \/>\n\t<meta name=\"twitter:data1\" content=\"2 minutes\" \/>\n<script type=\"application\/ld+json\" class=\"yoast-schema-graph\">{\"@context\":\"https:\\\/\\\/schema.org\",\"@graph\":[{\"@type\":\"WebPage\",\"@id\":\"https:\\\/\\\/stoa169.com\\\/en\\\/the-hall\\\/\",\"url\":\"https:\\\/\\\/stoa169.com\\\/en\\\/the-hall\\\/\",\"name\":\"The Hall - STOA169\",\"isPartOf\":{\"@id\":\"https:\\\/\\\/stoa169.com\\\/en\\\/#website\"},\"primaryImageOfPage\":{\"@id\":\"https:\\\/\\\/stoa169.com\\\/en\\\/the-hall\\\/#primaryimage\"},\"image\":{\"@id\":\"https:\\\/\\\/stoa169.com\\\/en\\\/the-hall\\\/#primaryimage\"},\"thumbnailUrl\":\"https:\\\/\\\/stoa169.com\\\/wp-content\\\/uploads\\\/2019\\\/12\\\/190918_Zeichnung-Bernd-Zimmer.jpg\",\"datePublished\":\"2019-08-07T07:00:05+00:00\",\"dateModified\":\"2020-09-28T13:27:22+00:00\",\"breadcrumb\":{\"@id\":\"https:\\\/\\\/stoa169.com\\\/en\\\/the-hall\\\/#breadcrumb\"},\"inLanguage\":\"en-US\",\"potentialAction\":[{\"@type\":\"ReadAction\",\"target\":[\"https:\\\/\\\/stoa169.com\\\/en\\\/the-hall\\\/\"]}]},{\"@type\":\"ImageObject\",\"inLanguage\":\"en-US\",\"@id\":\"https:\\\/\\\/stoa169.com\\\/en\\\/the-hall\\\/#primaryimage\",\"url\":\"https:\\\/\\\/stoa169.com\\\/wp-content\\\/uploads\\\/2019\\\/12\\\/190918_Zeichnung-Bernd-Zimmer.jpg\",\"contentUrl\":\"https:\\\/\\\/stoa169.com\\\/wp-content\\\/uploads\\\/2019\\\/12\\\/190918_Zeichnung-Bernd-Zimmer.jpg\"},{\"@type\":\"BreadcrumbList\",\"@id\":\"https:\\\/\\\/stoa169.com\\\/en\\\/the-hall\\\/#breadcrumb\",\"itemListElement\":[{\"@type\":\"ListItem\",\"position\":1,\"name\":\"Startseite\",\"item\":\"https:\\\/\\\/stoa169.com\\\/en\\\/\"},{\"@type\":\"ListItem\",\"position\":2,\"name\":\"The Hall\"}]},{\"@type\":\"WebSite\",\"@id\":\"https:\\\/\\\/stoa169.com\\\/en\\\/#website\",\"url\":\"https:\\\/\\\/stoa169.com\\\/en\\\/\",\"name\":\"STOA169\",\"description\":\"The artist columned hall in Polling\",\"publisher\":{\"@id\":\"https:\\\/\\\/stoa169.com\\\/en\\\/#organization\"},\"potentialAction\":[{\"@type\":\"SearchAction\",\"target\":{\"@type\":\"EntryPoint\",\"urlTemplate\":\"https:\\\/\\\/stoa169.com\\\/en\\\/?s={search_term_string}\"},\"query-input\":{\"@type\":\"PropertyValueSpecification\",\"valueRequired\":true,\"valueName\":\"search_term_string\"}}],\"inLanguage\":\"en-US\"},{\"@type\":\"Organization\",\"@id\":\"https:\\\/\\\/stoa169.com\\\/en\\\/#organization\",\"name\":\"STOA169\",\"url\":\"https:\\\/\\\/stoa169.com\\\/en\\\/\",\"logo\":{\"@type\":\"ImageObject\",\"inLanguage\":\"en-US\",\"@id\":\"https:\\\/\\\/stoa169.com\\\/en\\\/#\\\/schema\\\/logo\\\/image\\\/\",\"url\":\"https:\\\/\\\/stoa169.com\\\/wp-content\\\/uploads\\\/2023\\\/08\\\/STOA169-Logo_kurz.png\",\"contentUrl\":\"https:\\\/\\\/stoa169.com\\\/wp-content\\\/uploads\\\/2023\\\/08\\\/STOA169-Logo_kurz.png\",\"width\":630,\"height\":630,\"caption\":\"STOA169\"},\"image\":{\"@id\":\"https:\\\/\\\/stoa169.com\\\/en\\\/#\\\/schema\\\/logo\\\/image\\\/\"},\"sameAs\":[\"https:\\\/\\\/www.facebook.com\\\/stoa169stiftung\\\/\",\"https:\\\/\\\/www.instagram.com\\\/stoa169stiftung\\\/\"]}]}<\/script>\n<!-- \/ Yoast SEO plugin. -->","yoast_head_json":{"title":"The Hall - STOA169","robots":{"index":"index","follow":"follow","max-snippet":"max-snippet:-1","max-image-preview":"max-image-preview:large","max-video-preview":"max-video-preview:-1"},"canonical":"https:\/\/stoa169.com\/en\/the-hall\/","og_locale":"en_US","og_type":"article","og_title":"The Hall - STOA169","og_description":"1 2 3 EACH INDIVIDUAL COLUMN WILL SUPPORT A PART OF THE COMMUNAL ROOF Building permission for the 1.800 sq metre-size hall was already approved in 2017, and the first phase of construction began in autanumn 2019. Due to the building site of the STOA169 being situated upon hitherto agriculturally used grounds, preliminary structural measures [...]Read More... from The Hall","og_url":"https:\/\/stoa169.com\/en\/the-hall\/","og_site_name":"STOA169","article_publisher":"https:\/\/www.facebook.com\/stoa169stiftung\/","article_modified_time":"2020-09-28T13:27:22+00:00","og_image":[{"url":"https:\/\/stoa169.com\/wp-content\/uploads\/2019\/12\/190918_Zeichnung-Bernd-Zimmer.jpg","type":"","width":"","height":""}],"twitter_card":"summary_large_image","twitter_misc":{"Est. reading time":"2 minutes"},"schema":{"@context":"https:\/\/schema.org","@graph":[{"@type":"WebPage","@id":"https:\/\/stoa169.com\/en\/the-hall\/","url":"https:\/\/stoa169.com\/en\/the-hall\/","name":"The Hall - STOA169","isPartOf":{"@id":"https:\/\/stoa169.com\/en\/#website"},"primaryImageOfPage":{"@id":"https:\/\/stoa169.com\/en\/the-hall\/#primaryimage"},"image":{"@id":"https:\/\/stoa169.com\/en\/the-hall\/#primaryimage"},"thumbnailUrl":"https:\/\/stoa169.com\/wp-content\/uploads\/2019\/12\/190918_Zeichnung-Bernd-Zimmer.jpg","datePublished":"2019-08-07T07:00:05+00:00","dateModified":"2020-09-28T13:27:22+00:00","breadcrumb":{"@id":"https:\/\/stoa169.com\/en\/the-hall\/#breadcrumb"},"inLanguage":"en-US","potentialAction":[{"@type":"ReadAction","target":["https:\/\/stoa169.com\/en\/the-hall\/"]}]},{"@type":"ImageObject","inLanguage":"en-US","@id":"https:\/\/stoa169.com\/en\/the-hall\/#primaryimage","url":"https:\/\/stoa169.com\/wp-content\/uploads\/2019\/12\/190918_Zeichnung-Bernd-Zimmer.jpg","contentUrl":"https:\/\/stoa169.com\/wp-content\/uploads\/2019\/12\/190918_Zeichnung-Bernd-Zimmer.jpg"},{"@type":"BreadcrumbList","@id":"https:\/\/stoa169.com\/en\/the-hall\/#breadcrumb","itemListElement":[{"@type":"ListItem","position":1,"name":"Startseite","item":"https:\/\/stoa169.com\/en\/"},{"@type":"ListItem","position":2,"name":"The Hall"}]},{"@type":"WebSite","@id":"https:\/\/stoa169.com\/en\/#website","url":"https:\/\/stoa169.com\/en\/","name":"STOA169","description":"The artist columned hall in Polling","publisher":{"@id":"https:\/\/stoa169.com\/en\/#organization"},"potentialAction":[{"@type":"SearchAction","target":{"@type":"EntryPoint","urlTemplate":"https:\/\/stoa169.com\/en\/?s={search_term_string}"},"query-input":{"@type":"PropertyValueSpecification","valueRequired":true,"valueName":"search_term_string"}}],"inLanguage":"en-US"},{"@type":"Organization","@id":"https:\/\/stoa169.com\/en\/#organization","name":"STOA169","url":"https:\/\/stoa169.com\/en\/","logo":{"@type":"ImageObject","inLanguage":"en-US","@id":"https:\/\/stoa169.com\/en\/#\/schema\/logo\/image\/","url":"https:\/\/stoa169.com\/wp-content\/uploads\/2023\/08\/STOA169-Logo_kurz.png","contentUrl":"https:\/\/stoa169.com\/wp-content\/uploads\/2023\/08\/STOA169-Logo_kurz.png","width":630,"height":630,"caption":"STOA169"},"image":{"@id":"https:\/\/stoa169.com\/en\/#\/schema\/logo\/image\/"},"sameAs":["https:\/\/www.facebook.com\/stoa169stiftung\/","https:\/\/www.instagram.com\/stoa169stiftung\/"]}]}},"_links":{"self":[{"href":"https:\/\/stoa169.com\/en\/wp-json\/wp\/v2\/pages\/1029","targetHints":{"allow":["GET"]}}],"collection":[{"href":"https:\/\/stoa169.com\/en\/wp-json\/wp\/v2\/pages"}],"about":[{"href":"https:\/\/stoa169.com\/en\/wp-json\/wp\/v2\/types\/page"}],"author":[{"embeddable":true,"href":"https:\/\/stoa169.com\/en\/wp-json\/wp\/v2\/users\/6"}],"replies":[{"embeddable":true,"href":"https:\/\/stoa169.com\/en\/wp-json\/wp\/v2\/comments?post=1029"}],"version-history":[{"count":0,"href":"https:\/\/stoa169.com\/en\/wp-json\/wp\/v2\/pages\/1029\/revisions"}],"wp:attachment":[{"href":"https:\/\/stoa169.com\/en\/wp-json\/wp\/v2\/media?parent=1029"}],"curies":[{"name":"wp","href":"https:\/\/api.w.org\/{rel}","templated":true}]}}