{"id":95,"date":"2019-07-22T13:49:26","date_gmt":"2019-07-22T11:49:26","guid":{"rendered":"https:\/\/stoa169.com\/?page_id=95"},"modified":"2024-05-03T13:10:22","modified_gmt":"2024-05-03T11:10:22","slug":"kontaktformular","status":"publish","type":"page","link":"https:\/\/stoa169.com\/de\/unterstuetzen-sie-die-stoa169\/kontaktformular\/","title":{"rendered":"Kontaktformular Pate werden"},"content":{"rendered":"\t\t<div data-elementor-type=\"wp-post\" data-elementor-id=\"95\" class=\"elementor elementor-95\">\n\t\t\t\t\t\t<section class=\"elementor-section elementor-top-section elementor-element elementor-element-152cd30 elementor-section-boxed elementor-section-height-default elementor-section-height-default\" data-id=\"152cd30\" data-element_type=\"section\" data-e-type=\"section\">\n\t\t\t\t\t\t<div class=\"elementor-container elementor-column-gap-no\">\n\t\t\t\t\t<div class=\"elementor-column elementor-col-50 elementor-top-column elementor-element elementor-element-b1ae615\" data-id=\"b1ae615\" data-element_type=\"column\" data-e-type=\"column\">\n\t\t\t<div class=\"elementor-widget-wrap elementor-element-populated\">\n\t\t\t\t\t\t<div class=\"elementor-element elementor-element-e67a33a h-100 elementor-widget elementor-widget-text-editor\" data-id=\"e67a33a\" data-element_type=\"widget\" data-e-type=\"widget\" data-widget_type=\"text-editor.default\">\n\t\t\t\t<div class=\"elementor-widget-container\">\n\t\t\t\t\t\t\t\t\t<h2 class=\"p1\">Werden Sie Pate<\/h2><p class=\"p1\"><span class=\"s1\">Mit dem Konzept der Patenschaft entstand eine Gemeinschaft aus K\u00fcnstlerinnen und K\u00fcnstlern, Kunstsammlerinnen und -sammlern, F\u00f6rderern und Unterst\u00fctzern, die gemeinsam eine Insel des freien Diskurses gestaltet haben. Werden Sie Teil der STOA169! <\/span><\/p><p class=\"p1\"><span class=\"s1\">Eine Patenschaft garantiert den Betrieb und Erhalt der K\u00fcnstler-S\u00e4ulen und der STOA169.\u00a0<\/span>Falls Sie gerne Patin oder Pate werden wollen oder weitere Informationen w\u00fcnschen, kontaktieren Sie uns bitte telefonisch oder per email und hinterlassen uns Ihre Kontaktdaten.\u00a0<\/p>\t\t\t\t\t\t\t\t<\/div>\n\t\t\t\t<\/div>\n\t\t\t\t\t<\/div>\n\t\t<\/div>\n\t\t\t\t<div class=\"elementor-column elementor-col-50 elementor-top-column elementor-element elementor-element-20a920e\" data-id=\"20a920e\" data-element_type=\"column\" data-e-type=\"column\">\n\t\t\t<div class=\"elementor-widget-wrap elementor-element-populated\">\n\t\t\t\t\t\t<div class=\"elementor-element elementor-element-58d4954 h-100 elementor-widget elementor-widget-wp-widget-wpforms-widget\" data-id=\"58d4954\" data-element_type=\"widget\" data-e-type=\"widget\" data-widget_type=\"wp-widget-wpforms-widget.default\">\n\t\t\t\t<div class=\"elementor-widget-container\">\n\t\t\t\t\t<div class=\"wpforms-container wpforms-container-full\" id=\"wpforms-99\"><form id=\"wpforms-form-99\" class=\"wpforms-validate wpforms-form wpforms-ajax-form\" data-formid=\"99\" method=\"post\" enctype=\"multipart\/form-data\" action=\"\/de\/wp-json\/wp\/v2\/pages\/95\" data-token=\"5dfd3a45633ac7e0f54b365017f8fa85\" data-token-time=\"1776673110\"><noscript class=\"wpforms-error-noscript\">Bitte aktiviere JavaScript in deinem Browser, um dieses Formular fertigzustellen.<\/noscript><div class=\"wpforms-field-container\"><div id=\"wpforms-99-field_0-container\" class=\"wpforms-field wpforms-field-name\" data-field-id=\"0\"><label class=\"wpforms-field-label\">Name <span class=\"wpforms-required-label\">*<\/span><\/label><div class=\"wpforms-field-row wpforms-field-medium\"><div class=\"wpforms-field-row-block wpforms-first wpforms-one-half\"><input type=\"text\" id=\"wpforms-99-field_0\" class=\"wpforms-field-name-first wpforms-field-required\" name=\"wpforms[fields][0][first]\" required><label for=\"wpforms-99-field_0\" class=\"wpforms-field-sublabel after\">Vorname<\/label><\/div><div class=\"wpforms-field-row-block wpforms-one-half\"><input type=\"text\" id=\"wpforms-99-field_0-last\" class=\"wpforms-field-name-last wpforms-field-required\" name=\"wpforms[fields][0][last]\" required><label for=\"wpforms-99-field_0-last\" class=\"wpforms-field-sublabel after\">Nachname<\/label><\/div><\/div><\/div><div id=\"wpforms-99-field_1-container\" class=\"wpforms-field wpforms-field-email\" data-field-id=\"1\"><label class=\"wpforms-field-label\" for=\"wpforms-99-field_1\">E-Mail <span class=\"wpforms-required-label\">*<\/span><\/label><input type=\"email\" id=\"wpforms-99-field_1\" class=\"wpforms-field-medium wpforms-field-required\" name=\"wpforms[fields][1]\" spellcheck=\"false\" required><\/div><div id=\"wpforms-99-field_4-container\" class=\"wpforms-field wpforms-field-text\" data-field-id=\"4\"><label class=\"wpforms-field-label\" for=\"wpforms-99-field_4\">Telefonnummer<\/label><input type=\"text\" id=\"wpforms-99-field_4\" class=\"wpforms-field-medium\" name=\"wpforms[fields][4]\" ><\/div><\/div><!-- .wpforms-field-container --><div class=\"wpforms-field wpforms-field-hp\"><label for=\"wpforms-99-field-hp\" class=\"wpforms-field-label\">Phone<\/label><input type=\"text\" name=\"wpforms[hp]\" id=\"wpforms-99-field-hp\" class=\"wpforms-field-medium\"><\/div><div class=\"wpforms-recaptcha-container wpforms-is-recaptcha wpforms-is-recaptcha-type-invisible\" ><div class=\"g-recaptcha\" data-sitekey=\"6LeS3q4UAAAAALhwWuEmPtBRHM6nXPjWQx2Jasxw\" data-size=\"invisible\"><\/div><\/div><div class=\"wpforms-submit-container\" ><input type=\"hidden\" name=\"wpforms[id]\" value=\"99\"><input type=\"hidden\" name=\"page_title\" value=\"\"><input type=\"hidden\" name=\"page_url\" value=\"https:\/\/stoa169.com\/de\/wp-json\/wp\/v2\/pages\/95\"><input type=\"hidden\" name=\"url_referer\" value=\"\"><button type=\"submit\" name=\"wpforms[submit]\" id=\"wpforms-submit-99\" class=\"wpforms-submit\" data-alt-text=\"Senden...\" data-submit-text=\"Absenden\" aria-live=\"assertive\" value=\"wpforms-submit\">Absenden<\/button><img loading=\"lazy\" decoding=\"async\" src=\"https:\/\/stoa169.com\/wp-content\/plugins\/wpforms-lite\/assets\/images\/submit-spin.svg\" class=\"wpforms-submit-spinner\" style=\"display: none;\" width=\"26\" height=\"26\" alt=\"Wird geladen\"><\/div><\/form><\/div>  <!-- .wpforms-container -->\t\t\t\t<\/div>\n\t\t\t\t<\/div>\n\t\t\t\t\t<\/div>\n\t\t<\/div>\n\t\t\t\t\t<\/div>\n\t\t<\/section>\n\t\t\t\t<\/div>\n\t\t","protected":false},"excerpt":{"rendered":"<p>Werden Sie Pate Mit dem Konzept der Patenschaft entstand eine Gemeinschaft aus K\u00fcnstlerinnen und K\u00fcnstlern, Kunstsammlerinnen und -sammlern, F\u00f6rderern und Unterst\u00fctzern, die gemeinsam eine Insel des freien Diskurses gestaltet haben. Werden Sie Teil der STOA169! Eine Patenschaft garantiert den Betrieb und Erhalt der K\u00fcnstler-S\u00e4ulen und der STOA169.\u00a0Falls Sie gerne Patin oder Pate werden wollen oder [&#8230;]<\/p>\n<p><a class=\"btn btn-secondary understrap-read-more-link\" href=\"https:\/\/stoa169.com\/de\/unterstuetzen-sie-die-stoa169\/kontaktformular\/\">Weiterlesen\u00a0\u2026<span class=\"screen-reader-text\"> from Kontaktformular Pate werden<\/span><\/a><\/p>\n","protected":false},"author":6,"featured_media":0,"parent":78,"menu_order":0,"comment_status":"closed","ping_status":"closed","template":"elementor_header_footer","meta":{"_acf_changed":false,"footnotes":""},"class_list":["post-95","page","type-page","status-publish","hentry"],"acf":[],"yoast_head":"<!-- This site is optimized with the Yoast SEO plugin v27.4 - https:\/\/yoast.com\/product\/yoast-seo-wordpress\/ -->\n<title>Kontaktformular Pate werden - STOA169<\/title>\n<meta name=\"robots\" content=\"index, follow, max-snippet:-1, max-image-preview:large, max-video-preview:-1\" \/>\n<link rel=\"canonical\" href=\"https:\/\/stoa169.com\/de\/unterstuetzen-sie-die-stoa169\/kontaktformular\/\" \/>\n<meta property=\"og:locale\" content=\"de_DE\" \/>\n<meta property=\"og:type\" content=\"article\" \/>\n<meta property=\"og:title\" content=\"Kontaktformular Pate werden - STOA169\" \/>\n<meta property=\"og:description\" content=\"Werden Sie Pate Mit dem Konzept der Patenschaft entstand eine Gemeinschaft aus K\u00fcnstlerinnen und K\u00fcnstlern, Kunstsammlerinnen und -sammlern, F\u00f6rderern und Unterst\u00fctzern, die gemeinsam eine Insel des freien Diskurses gestaltet haben. Werden Sie Teil der STOA169! Eine Patenschaft garantiert den Betrieb und Erhalt der K\u00fcnstler-S\u00e4ulen und der STOA169.\u00a0Falls Sie gerne Patin oder Pate werden wollen oder [...]Weiterlesen\u00a0\u2026 from Kontaktformular Pate werden\" \/>\n<meta property=\"og:url\" content=\"https:\/\/stoa169.com\/de\/unterstuetzen-sie-die-stoa169\/kontaktformular\/\" \/>\n<meta property=\"og:site_name\" content=\"STOA169\" \/>\n<meta property=\"article:publisher\" content=\"https:\/\/www.facebook.com\/stoa169stiftung\/\" \/>\n<meta property=\"article:modified_time\" content=\"2024-05-03T11:10:22+00:00\" \/>\n<meta property=\"og:image\" content=\"https:\/\/stoa169.com\/wp-content\/uploads\/2023\/08\/STOA169-Saeulenhalle-Columns-Hall-Polling_1200x630.png\" \/>\n\t<meta property=\"og:image:width\" content=\"1200\" \/>\n\t<meta property=\"og:image:height\" content=\"630\" \/>\n\t<meta property=\"og:image:type\" content=\"image\/png\" \/>\n<meta name=\"twitter:card\" content=\"summary_large_image\" \/>\n<script type=\"application\/ld+json\" class=\"yoast-schema-graph\">{\"@context\":\"https:\\\/\\\/schema.org\",\"@graph\":[{\"@type\":\"WebPage\",\"@id\":\"https:\\\/\\\/stoa169.com\\\/de\\\/unterstuetzen-sie-die-stoa169\\\/kontaktformular\\\/\",\"url\":\"https:\\\/\\\/stoa169.com\\\/de\\\/unterstuetzen-sie-die-stoa169\\\/kontaktformular\\\/\",\"name\":\"Kontaktformular Pate werden - STOA169\",\"isPartOf\":{\"@id\":\"https:\\\/\\\/stoa169.com\\\/de\\\/#website\"},\"datePublished\":\"2019-07-22T11:49:26+00:00\",\"dateModified\":\"2024-05-03T11:10:22+00:00\",\"breadcrumb\":{\"@id\":\"https:\\\/\\\/stoa169.com\\\/de\\\/unterstuetzen-sie-die-stoa169\\\/kontaktformular\\\/#breadcrumb\"},\"inLanguage\":\"de\",\"potentialAction\":[{\"@type\":\"ReadAction\",\"target\":[\"https:\\\/\\\/stoa169.com\\\/de\\\/unterstuetzen-sie-die-stoa169\\\/kontaktformular\\\/\"]}]},{\"@type\":\"BreadcrumbList\",\"@id\":\"https:\\\/\\\/stoa169.com\\\/de\\\/unterstuetzen-sie-die-stoa169\\\/kontaktformular\\\/#breadcrumb\",\"itemListElement\":[{\"@type\":\"ListItem\",\"position\":1,\"name\":\"Startseite\",\"item\":\"https:\\\/\\\/stoa169.com\\\/de\\\/\"},{\"@type\":\"ListItem\",\"position\":2,\"name\":\"Unterst\u00fctzen Sie die STOA169\",\"item\":\"https:\\\/\\\/stoa169.com\\\/de\\\/unterstuetzen-sie-die-stoa169\\\/\"},{\"@type\":\"ListItem\",\"position\":3,\"name\":\"Kontaktformular Pate werden\"}]},{\"@type\":\"WebSite\",\"@id\":\"https:\\\/\\\/stoa169.com\\\/de\\\/#website\",\"url\":\"https:\\\/\\\/stoa169.com\\\/de\\\/\",\"name\":\"STOA169\",\"description\":\"Die K\u00fcnstlers\u00e4ulenhalle in Polling\",\"publisher\":{\"@id\":\"https:\\\/\\\/stoa169.com\\\/de\\\/#organization\"},\"potentialAction\":[{\"@type\":\"SearchAction\",\"target\":{\"@type\":\"EntryPoint\",\"urlTemplate\":\"https:\\\/\\\/stoa169.com\\\/de\\\/?s={search_term_string}\"},\"query-input\":{\"@type\":\"PropertyValueSpecification\",\"valueRequired\":true,\"valueName\":\"search_term_string\"}}],\"inLanguage\":\"de\"},{\"@type\":\"Organization\",\"@id\":\"https:\\\/\\\/stoa169.com\\\/de\\\/#organization\",\"name\":\"STOA169\",\"url\":\"https:\\\/\\\/stoa169.com\\\/de\\\/\",\"logo\":{\"@type\":\"ImageObject\",\"inLanguage\":\"de\",\"@id\":\"https:\\\/\\\/stoa169.com\\\/de\\\/#\\\/schema\\\/logo\\\/image\\\/\",\"url\":\"https:\\\/\\\/stoa169.com\\\/wp-content\\\/uploads\\\/2023\\\/08\\\/STOA169-Logo_kurz.png\",\"contentUrl\":\"https:\\\/\\\/stoa169.com\\\/wp-content\\\/uploads\\\/2023\\\/08\\\/STOA169-Logo_kurz.png\",\"width\":630,\"height\":630,\"caption\":\"STOA169\"},\"image\":{\"@id\":\"https:\\\/\\\/stoa169.com\\\/de\\\/#\\\/schema\\\/logo\\\/image\\\/\"},\"sameAs\":[\"https:\\\/\\\/www.facebook.com\\\/stoa169stiftung\\\/\",\"https:\\\/\\\/www.instagram.com\\\/stoa169stiftung\\\/\"]}]}<\/script>\n<!-- \/ Yoast SEO plugin. -->","yoast_head_json":{"title":"Kontaktformular Pate werden - STOA169","robots":{"index":"index","follow":"follow","max-snippet":"max-snippet:-1","max-image-preview":"max-image-preview:large","max-video-preview":"max-video-preview:-1"},"canonical":"https:\/\/stoa169.com\/de\/unterstuetzen-sie-die-stoa169\/kontaktformular\/","og_locale":"de_DE","og_type":"article","og_title":"Kontaktformular Pate werden - STOA169","og_description":"Werden Sie Pate Mit dem Konzept der Patenschaft entstand eine Gemeinschaft aus K\u00fcnstlerinnen und K\u00fcnstlern, Kunstsammlerinnen und -sammlern, F\u00f6rderern und Unterst\u00fctzern, die gemeinsam eine Insel des freien Diskurses gestaltet haben. Werden Sie Teil der STOA169! Eine Patenschaft garantiert den Betrieb und Erhalt der K\u00fcnstler-S\u00e4ulen und der STOA169.\u00a0Falls Sie gerne Patin oder Pate werden wollen oder [...]Weiterlesen\u00a0\u2026 from Kontaktformular Pate werden","og_url":"https:\/\/stoa169.com\/de\/unterstuetzen-sie-die-stoa169\/kontaktformular\/","og_site_name":"STOA169","article_publisher":"https:\/\/www.facebook.com\/stoa169stiftung\/","article_modified_time":"2024-05-03T11:10:22+00:00","og_image":[{"width":1200,"height":630,"url":"https:\/\/stoa169.com\/wp-content\/uploads\/2023\/08\/STOA169-Saeulenhalle-Columns-Hall-Polling_1200x630.png","type":"image\/png"}],"twitter_card":"summary_large_image","schema":{"@context":"https:\/\/schema.org","@graph":[{"@type":"WebPage","@id":"https:\/\/stoa169.com\/de\/unterstuetzen-sie-die-stoa169\/kontaktformular\/","url":"https:\/\/stoa169.com\/de\/unterstuetzen-sie-die-stoa169\/kontaktformular\/","name":"Kontaktformular Pate werden - STOA169","isPartOf":{"@id":"https:\/\/stoa169.com\/de\/#website"},"datePublished":"2019-07-22T11:49:26+00:00","dateModified":"2024-05-03T11:10:22+00:00","breadcrumb":{"@id":"https:\/\/stoa169.com\/de\/unterstuetzen-sie-die-stoa169\/kontaktformular\/#breadcrumb"},"inLanguage":"de","potentialAction":[{"@type":"ReadAction","target":["https:\/\/stoa169.com\/de\/unterstuetzen-sie-die-stoa169\/kontaktformular\/"]}]},{"@type":"BreadcrumbList","@id":"https:\/\/stoa169.com\/de\/unterstuetzen-sie-die-stoa169\/kontaktformular\/#breadcrumb","itemListElement":[{"@type":"ListItem","position":1,"name":"Startseite","item":"https:\/\/stoa169.com\/de\/"},{"@type":"ListItem","position":2,"name":"Unterst\u00fctzen Sie die STOA169","item":"https:\/\/stoa169.com\/de\/unterstuetzen-sie-die-stoa169\/"},{"@type":"ListItem","position":3,"name":"Kontaktformular Pate werden"}]},{"@type":"WebSite","@id":"https:\/\/stoa169.com\/de\/#website","url":"https:\/\/stoa169.com\/de\/","name":"STOA169","description":"Die K\u00fcnstlers\u00e4ulenhalle in Polling","publisher":{"@id":"https:\/\/stoa169.com\/de\/#organization"},"potentialAction":[{"@type":"SearchAction","target":{"@type":"EntryPoint","urlTemplate":"https:\/\/stoa169.com\/de\/?s={search_term_string}"},"query-input":{"@type":"PropertyValueSpecification","valueRequired":true,"valueName":"search_term_string"}}],"inLanguage":"de"},{"@type":"Organization","@id":"https:\/\/stoa169.com\/de\/#organization","name":"STOA169","url":"https:\/\/stoa169.com\/de\/","logo":{"@type":"ImageObject","inLanguage":"de","@id":"https:\/\/stoa169.com\/de\/#\/schema\/logo\/image\/","url":"https:\/\/stoa169.com\/wp-content\/uploads\/2023\/08\/STOA169-Logo_kurz.png","contentUrl":"https:\/\/stoa169.com\/wp-content\/uploads\/2023\/08\/STOA169-Logo_kurz.png","width":630,"height":630,"caption":"STOA169"},"image":{"@id":"https:\/\/stoa169.com\/de\/#\/schema\/logo\/image\/"},"sameAs":["https:\/\/www.facebook.com\/stoa169stiftung\/","https:\/\/www.instagram.com\/stoa169stiftung\/"]}]}},"_links":{"self":[{"href":"https:\/\/stoa169.com\/de\/wp-json\/wp\/v2\/pages\/95","targetHints":{"allow":["GET"]}}],"collection":[{"href":"https:\/\/stoa169.com\/de\/wp-json\/wp\/v2\/pages"}],"about":[{"href":"https:\/\/stoa169.com\/de\/wp-json\/wp\/v2\/types\/page"}],"author":[{"embeddable":true,"href":"https:\/\/stoa169.com\/de\/wp-json\/wp\/v2\/users\/6"}],"replies":[{"embeddable":true,"href":"https:\/\/stoa169.com\/de\/wp-json\/wp\/v2\/comments?post=95"}],"version-history":[{"count":0,"href":"https:\/\/stoa169.com\/de\/wp-json\/wp\/v2\/pages\/95\/revisions"}],"up":[{"embeddable":true,"href":"https:\/\/stoa169.com\/de\/wp-json\/wp\/v2\/pages\/78"}],"wp:attachment":[{"href":"https:\/\/stoa169.com\/de\/wp-json\/wp\/v2\/media?parent=95"}],"curies":[{"name":"wp","href":"https:\/\/api.w.org\/{rel}","templated":true}]}}