{"id":8550,"date":"2021-06-09T16:40:51","date_gmt":"2021-06-09T14:40:51","guid":{"rendered":"https:\/\/stoa169.com\/?page_id=8550"},"modified":"2024-10-21T12:48:55","modified_gmt":"2024-10-21T10:48:55","slug":"stoa169-family-2","status":"publish","type":"page","link":"https:\/\/stoa169.com\/de\/stoa169-family-2\/","title":{"rendered":"Stoa169 Family"},"content":{"rendered":"\t\t<div data-elementor-type=\"wp-post\" data-elementor-id=\"8550\" class=\"elementor elementor-8550\">\n\t\t\t\t\t\t<section class=\"elementor-section elementor-top-section elementor-element elementor-element-510a4a7 elementor-section-boxed elementor-section-height-default elementor-section-height-default\" data-id=\"510a4a7\" data-element_type=\"section\" data-e-type=\"section\">\n\t\t\t\t\t\t<div class=\"elementor-container elementor-column-gap-no\">\n\t\t\t\t\t<div class=\"elementor-column elementor-col-50 elementor-top-column elementor-element elementor-element-3f976ee\" data-id=\"3f976ee\" data-element_type=\"column\" data-e-type=\"column\" data-settings=\"{&quot;background_background&quot;:&quot;classic&quot;}\">\n\t\t\t<div class=\"elementor-widget-wrap elementor-element-populated\">\n\t\t\t\t\t\t<div class=\"elementor-element elementor-element-1eee270 h-full elementor-widget elementor-widget-text-editor\" data-id=\"1eee270\" data-element_type=\"widget\" data-e-type=\"widget\" data-widget_type=\"text-editor.default\">\n\t\t\t\t<div class=\"elementor-widget-container\">\n\t\t\t\t\t\t\t\t\t<p>STOA169 \u2013 eine offene K\u00fcnstlers\u00e4ulenhalle f\u00fcr eine offene Gesellschaft, die dauerhaft zeitgen\u00f6ssische Ideen und unterschiedliche kulturelle Vorstellungen unserer Welt an einem Ort vereint.<\/p><p>Aus Liebe zu Kunst, Kultur und Natur bildet der Freundeskreis STOA169\u00a0<em>Family<\/em> ein weltweites Netzwerk. Er erm\u00f6glicht allen Interessierten den Zugang zu diesem Kunsterlebnis in offener Landschaft und tr\u00e4gt zum Betrieb und Erhalt der S\u00e4ulenhalle bei.\u00a0<\/p><p>Werden Sie Teil der STOA169\u00a0<em>Family <\/em>!<\/p><p>Jahresbeitrag\/Spende 100,00 EUR (steuerlich abzugsf\u00e4hig)<\/p>\t\t\t\t\t\t\t\t<\/div>\n\t\t\t\t<\/div>\n\t\t\t\t<div class=\"elementor-element elementor-element-acf3f1f elementor-align-center elementor-widget elementor-widget-button\" data-id=\"acf3f1f\" data-element_type=\"widget\" data-e-type=\"widget\" data-widget_type=\"button.default\">\n\t\t\t\t<div class=\"elementor-widget-container\">\n\t\t\t\t\t\t\t\t\t<div class=\"elementor-button-wrapper\">\n\t\t\t\t\t<a class=\"elementor-button elementor-button-link elementor-size-sm\" href=\"https:\/\/stoa169.com\/wp-content\/uploads\/Family-Aufnahmeantrag-1-2024-ausfuellbar-3.pdf\" target=\"_blank\">\n\t\t\t\t\t\t<span class=\"elementor-button-content-wrapper\">\n\t\t\t\t\t\t\t\t\t<span class=\"elementor-button-text\">STOA169 Family Aufnahmeantrag PDF<\/span>\n\t\t\t\t\t<\/span>\n\t\t\t\t\t<\/a>\n\t\t\t\t<\/div>\n\t\t\t\t\t\t\t\t<\/div>\n\t\t\t\t<\/div>\n\t\t\t\t<div class=\"elementor-element elementor-element-8e84dae elementor-align-center elementor-widget elementor-widget-button\" data-id=\"8e84dae\" data-element_type=\"widget\" data-e-type=\"widget\" data-widget_type=\"button.default\">\n\t\t\t\t<div class=\"elementor-widget-container\">\n\t\t\t\t\t\t\t\t\t<div class=\"elementor-button-wrapper\">\n\t\t\t\t\t<a class=\"elementor-button elementor-button-link elementor-size-sm\" href=\"https:\/\/stoa169.com\/wp-content\/uploads\/STOA169-Family-als-Geschenk-Antrag-2024-ausfuellbar-3.pdf\" target=\"_blank\">\n\t\t\t\t\t\t<span class=\"elementor-button-content-wrapper\">\n\t\t\t\t\t\t\t\t\t<span class=\"elementor-button-text\">STOA169 Family-Mitgliedschaft als Geschenk PDF<\/span>\n\t\t\t\t\t<\/span>\n\t\t\t\t\t<\/a>\n\t\t\t\t<\/div>\n\t\t\t\t\t\t\t\t<\/div>\n\t\t\t\t<\/div>\n\t\t\t\t\t<\/div>\n\t\t<\/div>\n\t\t\t\t<div class=\"elementor-column elementor-col-50 elementor-top-column elementor-element elementor-element-5b24266\" data-id=\"5b24266\" data-element_type=\"column\" data-e-type=\"column\">\n\t\t\t<div class=\"elementor-widget-wrap elementor-element-populated\">\n\t\t\t\t\t\t<div class=\"elementor-element elementor-element-6b72c13 h-100 square-image elementor-widget elementor-widget-image\" data-id=\"6b72c13\" data-element_type=\"widget\" data-e-type=\"widget\" data-widget_type=\"image.default\">\n\t\t\t\t<div class=\"elementor-widget-container\">\n\t\t\t\t\t\t\t\t\t\t\t\t\t\t\t<img loading=\"lazy\" decoding=\"async\" width=\"640\" height=\"427\" src=\"https:\/\/stoa169.com\/wp-content\/uploads\/Stoa169_-\u00a9-STOA169J.J.E.-Rittenschober_DSC1695-1024x683.jpg\" class=\"attachment-large size-large wp-image-11941\" alt=\"\" srcset=\"https:\/\/stoa169.com\/wp-content\/uploads\/Stoa169_-\u00a9-STOA169J.J.E.-Rittenschober_DSC1695-1024x683.jpg 1024w, https:\/\/stoa169.com\/wp-content\/uploads\/Stoa169_-\u00a9-STOA169J.J.E.-Rittenschober_DSC1695-300x200.jpg 300w, https:\/\/stoa169.com\/wp-content\/uploads\/Stoa169_-\u00a9-STOA169J.J.E.-Rittenschober_DSC1695-768x512.jpg 768w, https:\/\/stoa169.com\/wp-content\/uploads\/Stoa169_-\u00a9-STOA169J.J.E.-Rittenschober_DSC1695-1536x1024.jpg 1536w, https:\/\/stoa169.com\/wp-content\/uploads\/Stoa169_-\u00a9-STOA169J.J.E.-Rittenschober_DSC1695-2048x1365.jpg 2048w\" sizes=\"auto, (max-width: 640px) 100vw, 640px\" \/>\t\t\t\t\t\t\t\t\t\t\t\t\t\t\t<\/div>\n\t\t\t\t<\/div>\n\t\t\t\t\t<\/div>\n\t\t<\/div>\n\t\t\t\t\t<\/div>\n\t\t<\/section>\n\t\t\t\t<\/div>\n\t\t","protected":false},"excerpt":{"rendered":"<p>STOA169 \u2013 eine offene K\u00fcnstlers\u00e4ulenhalle f\u00fcr eine offene Gesellschaft, die dauerhaft zeitgen\u00f6ssische Ideen und unterschiedliche kulturelle Vorstellungen unserer Welt an einem Ort vereint. Aus Liebe zu Kunst, Kultur und Natur bildet der Freundeskreis STOA169\u00a0Family ein weltweites Netzwerk. Er erm\u00f6glicht allen Interessierten den Zugang zu diesem Kunsterlebnis in offener Landschaft und tr\u00e4gt zum Betrieb und Erhalt [&#8230;]<\/p>\n<p><a class=\"btn btn-secondary understrap-read-more-link\" href=\"https:\/\/stoa169.com\/de\/stoa169-family-2\/\">Weiterlesen\u00a0\u2026<span class=\"screen-reader-text\"> from Stoa169 Family<\/span><\/a><\/p>\n","protected":false},"author":6,"featured_media":0,"parent":0,"menu_order":0,"comment_status":"closed","ping_status":"closed","template":"elementor_header_footer","meta":{"_acf_changed":false,"footnotes":""},"class_list":["post-8550","page","type-page","status-publish","hentry"],"acf":[],"yoast_head":"<!-- This site is optimized with the Yoast SEO plugin v27.3 - https:\/\/yoast.com\/product\/yoast-seo-wordpress\/ -->\n<title>Stoa169 Family - STOA169<\/title>\n<meta name=\"description\" content=\"Seit drei\u00dfig Jahren verfolgt STOA169 Initiator Bernd Zimmer die Vision einer frei zug\u00e4nglichen S\u00e4ulenhalle in Harmonie mit der Natur.\" \/>\n<meta name=\"robots\" content=\"index, follow, max-snippet:-1, max-image-preview:large, max-video-preview:-1\" \/>\n<link rel=\"canonical\" href=\"https:\/\/stoa169.com\/de\/stoa169-family-2\/\" \/>\n<meta property=\"og:locale\" content=\"de_DE\" \/>\n<meta property=\"og:type\" content=\"article\" \/>\n<meta property=\"og:title\" content=\"Stoa169 Family - STOA169\" \/>\n<meta property=\"og:description\" content=\"Seit drei\u00dfig Jahren verfolgt STOA169 Initiator Bernd Zimmer die Vision einer frei zug\u00e4nglichen S\u00e4ulenhalle in Harmonie mit der Natur.\" \/>\n<meta property=\"og:url\" content=\"https:\/\/stoa169.com\/de\/stoa169-family-2\/\" \/>\n<meta property=\"og:site_name\" content=\"STOA169\" \/>\n<meta property=\"article:publisher\" content=\"https:\/\/www.facebook.com\/stoa169stiftung\/\" \/>\n<meta property=\"article:modified_time\" content=\"2024-10-21T10:48:55+00:00\" \/>\n<meta property=\"og:image\" content=\"https:\/\/stoa169.com\/wp-content\/uploads\/2023\/08\/STOA169-Saeulenhalle-Columns-Hall-Polling_1200x630.png\" \/>\n\t<meta property=\"og:image:width\" content=\"1200\" \/>\n\t<meta property=\"og:image:height\" content=\"630\" \/>\n\t<meta property=\"og:image:type\" content=\"image\/png\" \/>\n<meta name=\"twitter:card\" content=\"summary_large_image\" \/>\n<meta name=\"twitter:label1\" content=\"Gesch\u00e4tzte Lesezeit\" \/>\n\t<meta name=\"twitter:data1\" content=\"1\u00a0Minute\" \/>\n<script type=\"application\/ld+json\" class=\"yoast-schema-graph\">{\"@context\":\"https:\\\/\\\/schema.org\",\"@graph\":[{\"@type\":\"WebPage\",\"@id\":\"https:\\\/\\\/stoa169.com\\\/de\\\/stoa169-family-2\\\/\",\"url\":\"https:\\\/\\\/stoa169.com\\\/de\\\/stoa169-family-2\\\/\",\"name\":\"Stoa169 Family - STOA169\",\"isPartOf\":{\"@id\":\"https:\\\/\\\/stoa169.com\\\/de\\\/#website\"},\"datePublished\":\"2021-06-09T14:40:51+00:00\",\"dateModified\":\"2024-10-21T10:48:55+00:00\",\"description\":\"Seit drei\u00dfig Jahren verfolgt STOA169 Initiator Bernd Zimmer die Vision einer frei zug\u00e4nglichen S\u00e4ulenhalle in Harmonie mit der Natur.\",\"breadcrumb\":{\"@id\":\"https:\\\/\\\/stoa169.com\\\/de\\\/stoa169-family-2\\\/#breadcrumb\"},\"inLanguage\":\"de\",\"potentialAction\":[{\"@type\":\"ReadAction\",\"target\":[\"https:\\\/\\\/stoa169.com\\\/de\\\/stoa169-family-2\\\/\"]}]},{\"@type\":\"BreadcrumbList\",\"@id\":\"https:\\\/\\\/stoa169.com\\\/de\\\/stoa169-family-2\\\/#breadcrumb\",\"itemListElement\":[{\"@type\":\"ListItem\",\"position\":1,\"name\":\"Startseite\",\"item\":\"https:\\\/\\\/stoa169.com\\\/de\\\/\"},{\"@type\":\"ListItem\",\"position\":2,\"name\":\"Stoa169 Family\"}]},{\"@type\":\"WebSite\",\"@id\":\"https:\\\/\\\/stoa169.com\\\/de\\\/#website\",\"url\":\"https:\\\/\\\/stoa169.com\\\/de\\\/\",\"name\":\"STOA169\",\"description\":\"Die K\u00fcnstlers\u00e4ulenhalle in Polling\",\"publisher\":{\"@id\":\"https:\\\/\\\/stoa169.com\\\/de\\\/#organization\"},\"potentialAction\":[{\"@type\":\"SearchAction\",\"target\":{\"@type\":\"EntryPoint\",\"urlTemplate\":\"https:\\\/\\\/stoa169.com\\\/de\\\/?s={search_term_string}\"},\"query-input\":{\"@type\":\"PropertyValueSpecification\",\"valueRequired\":true,\"valueName\":\"search_term_string\"}}],\"inLanguage\":\"de\"},{\"@type\":\"Organization\",\"@id\":\"https:\\\/\\\/stoa169.com\\\/de\\\/#organization\",\"name\":\"STOA169\",\"url\":\"https:\\\/\\\/stoa169.com\\\/de\\\/\",\"logo\":{\"@type\":\"ImageObject\",\"inLanguage\":\"de\",\"@id\":\"https:\\\/\\\/stoa169.com\\\/de\\\/#\\\/schema\\\/logo\\\/image\\\/\",\"url\":\"https:\\\/\\\/stoa169.com\\\/wp-content\\\/uploads\\\/2023\\\/08\\\/STOA169-Logo_kurz.png\",\"contentUrl\":\"https:\\\/\\\/stoa169.com\\\/wp-content\\\/uploads\\\/2023\\\/08\\\/STOA169-Logo_kurz.png\",\"width\":630,\"height\":630,\"caption\":\"STOA169\"},\"image\":{\"@id\":\"https:\\\/\\\/stoa169.com\\\/de\\\/#\\\/schema\\\/logo\\\/image\\\/\"},\"sameAs\":[\"https:\\\/\\\/www.facebook.com\\\/stoa169stiftung\\\/\",\"https:\\\/\\\/www.instagram.com\\\/stoa169stiftung\\\/\"]}]}<\/script>\n<!-- \/ Yoast SEO plugin. -->","yoast_head_json":{"title":"Stoa169 Family - STOA169","description":"Seit drei\u00dfig Jahren verfolgt STOA169 Initiator Bernd Zimmer die Vision einer frei zug\u00e4nglichen S\u00e4ulenhalle in Harmonie mit der Natur.","robots":{"index":"index","follow":"follow","max-snippet":"max-snippet:-1","max-image-preview":"max-image-preview:large","max-video-preview":"max-video-preview:-1"},"canonical":"https:\/\/stoa169.com\/de\/stoa169-family-2\/","og_locale":"de_DE","og_type":"article","og_title":"Stoa169 Family - STOA169","og_description":"Seit drei\u00dfig Jahren verfolgt STOA169 Initiator Bernd Zimmer die Vision einer frei zug\u00e4nglichen S\u00e4ulenhalle in Harmonie mit der Natur.","og_url":"https:\/\/stoa169.com\/de\/stoa169-family-2\/","og_site_name":"STOA169","article_publisher":"https:\/\/www.facebook.com\/stoa169stiftung\/","article_modified_time":"2024-10-21T10:48:55+00:00","og_image":[{"width":1200,"height":630,"url":"https:\/\/stoa169.com\/wp-content\/uploads\/2023\/08\/STOA169-Saeulenhalle-Columns-Hall-Polling_1200x630.png","type":"image\/png"}],"twitter_card":"summary_large_image","twitter_misc":{"Gesch\u00e4tzte Lesezeit":"1\u00a0Minute"},"schema":{"@context":"https:\/\/schema.org","@graph":[{"@type":"WebPage","@id":"https:\/\/stoa169.com\/de\/stoa169-family-2\/","url":"https:\/\/stoa169.com\/de\/stoa169-family-2\/","name":"Stoa169 Family - STOA169","isPartOf":{"@id":"https:\/\/stoa169.com\/de\/#website"},"datePublished":"2021-06-09T14:40:51+00:00","dateModified":"2024-10-21T10:48:55+00:00","description":"Seit drei\u00dfig Jahren verfolgt STOA169 Initiator Bernd Zimmer die Vision einer frei zug\u00e4nglichen S\u00e4ulenhalle in Harmonie mit der Natur.","breadcrumb":{"@id":"https:\/\/stoa169.com\/de\/stoa169-family-2\/#breadcrumb"},"inLanguage":"de","potentialAction":[{"@type":"ReadAction","target":["https:\/\/stoa169.com\/de\/stoa169-family-2\/"]}]},{"@type":"BreadcrumbList","@id":"https:\/\/stoa169.com\/de\/stoa169-family-2\/#breadcrumb","itemListElement":[{"@type":"ListItem","position":1,"name":"Startseite","item":"https:\/\/stoa169.com\/de\/"},{"@type":"ListItem","position":2,"name":"Stoa169 Family"}]},{"@type":"WebSite","@id":"https:\/\/stoa169.com\/de\/#website","url":"https:\/\/stoa169.com\/de\/","name":"STOA169","description":"Die K\u00fcnstlers\u00e4ulenhalle in Polling","publisher":{"@id":"https:\/\/stoa169.com\/de\/#organization"},"potentialAction":[{"@type":"SearchAction","target":{"@type":"EntryPoint","urlTemplate":"https:\/\/stoa169.com\/de\/?s={search_term_string}"},"query-input":{"@type":"PropertyValueSpecification","valueRequired":true,"valueName":"search_term_string"}}],"inLanguage":"de"},{"@type":"Organization","@id":"https:\/\/stoa169.com\/de\/#organization","name":"STOA169","url":"https:\/\/stoa169.com\/de\/","logo":{"@type":"ImageObject","inLanguage":"de","@id":"https:\/\/stoa169.com\/de\/#\/schema\/logo\/image\/","url":"https:\/\/stoa169.com\/wp-content\/uploads\/2023\/08\/STOA169-Logo_kurz.png","contentUrl":"https:\/\/stoa169.com\/wp-content\/uploads\/2023\/08\/STOA169-Logo_kurz.png","width":630,"height":630,"caption":"STOA169"},"image":{"@id":"https:\/\/stoa169.com\/de\/#\/schema\/logo\/image\/"},"sameAs":["https:\/\/www.facebook.com\/stoa169stiftung\/","https:\/\/www.instagram.com\/stoa169stiftung\/"]}]}},"_links":{"self":[{"href":"https:\/\/stoa169.com\/de\/wp-json\/wp\/v2\/pages\/8550","targetHints":{"allow":["GET"]}}],"collection":[{"href":"https:\/\/stoa169.com\/de\/wp-json\/wp\/v2\/pages"}],"about":[{"href":"https:\/\/stoa169.com\/de\/wp-json\/wp\/v2\/types\/page"}],"author":[{"embeddable":true,"href":"https:\/\/stoa169.com\/de\/wp-json\/wp\/v2\/users\/6"}],"replies":[{"embeddable":true,"href":"https:\/\/stoa169.com\/de\/wp-json\/wp\/v2\/comments?post=8550"}],"version-history":[{"count":9,"href":"https:\/\/stoa169.com\/de\/wp-json\/wp\/v2\/pages\/8550\/revisions"}],"predecessor-version":[{"id":12285,"href":"https:\/\/stoa169.com\/de\/wp-json\/wp\/v2\/pages\/8550\/revisions\/12285"}],"wp:attachment":[{"href":"https:\/\/stoa169.com\/de\/wp-json\/wp\/v2\/media?parent=8550"}],"curies":[{"name":"wp","href":"https:\/\/api.w.org\/{rel}","templated":true}]}}