{"id":6917,"date":"2020-10-11T16:07:41","date_gmt":"2020-10-11T14:07:41","guid":{"rendered":"https:\/\/stoa169.com\/?page_id=6917"},"modified":"2021-08-09T10:14:03","modified_gmt":"2021-08-09T08:14:03","slug":"brief-an-bernd-zimmer-zur-eroeffnung-von-stoa-169","status":"publish","type":"page","link":"https:\/\/stoa169.com\/de\/willkommen-bei-der-stoa169-stiftung\/idee\/brief-an-bernd-zimmer-zur-eroeffnung-von-stoa-169\/","title":{"rendered":"Brief an Bernd Zimmer zur Er\u00f6ffnung von STOA169"},"content":{"rendered":"\t\t<div data-elementor-type=\"wp-post\" data-elementor-id=\"6917\" class=\"elementor elementor-6917\">\n\t\t\t\t\t\t<section class=\"elementor-section elementor-top-section elementor-element elementor-element-1f03411 elementor-section-boxed elementor-section-height-default elementor-section-height-default\" data-id=\"1f03411\" data-element_type=\"section\" data-e-type=\"section\">\n\t\t\t\t\t\t<div class=\"elementor-container elementor-column-gap-no\">\n\t\t\t\t\t<div class=\"elementor-column elementor-col-100 elementor-top-column elementor-element elementor-element-e7ef1b8\" data-id=\"e7ef1b8\" data-element_type=\"column\" data-e-type=\"column\">\n\t\t\t<div class=\"elementor-widget-wrap elementor-element-populated\">\n\t\t\t\t\t\t<div class=\"elementor-element elementor-element-dfb9377 elementor-widget elementor-widget-text-editor\" data-id=\"dfb9377\" data-element_type=\"widget\" data-e-type=\"widget\" data-widget_type=\"text-editor.default\">\n\t\t\t\t<div class=\"elementor-widget-container\">\n\t\t\t\t\t\t\t\t\t<h2>Brief an Bernd Zimmer zur Er\u00f6ffnung von STOA169<\/h2>\n<p>Tilman Spengler&nbsp;<\/p>\n<p>Ich will Dir, lieber Bernd, meine Eindr\u00fccke in der Form eines Briefes mitteilen, auch eine sehr archaische und universale Form des Gedankenaustausches, die es \u2013 wie S\u00e4ulen \u2013 zu bewahren gilt, und die zudem den Vorteil hat, sich strikt auf eine L\u00e4nge (oder K\u00fcrze) des Anlasses einlassen zu k\u00f6nnen.<\/p>\n<p>Das f\u00fcr mich zutiefst Erstaunliche, das zum Teil fast Skandal\u00f6se an Deinem Projekt STOA169, ist ja nicht so sehr der Grundgedanke einer S\u00e4ulenhalle als ein Ort der weltweiten kulturellen Begegnung. Viel verwunderlicher (und hier liegt das Skandalon) ist vielmehr die Tatsache, dass dieser blitzgescheite Gedanke seit mehr als einem Jahrtausend nicht mehr verwirklicht wurde. (Jedenfalls \u201ebei uns\u201c, um es einmal salopp zu sagen.)<\/p>\n<p>Bis eben Du, lieber Bernd, hier in Polling auf ein paar von kargem Wald umstandenen Kleewiesen den B\u00fchnenboden f\u00fcr die Inszenierung einer neuen Stoa poikilos ausheben lie\u00dft. Und damit &#8230; aber darauf komme ich noch sp\u00e4ter.<\/p>\n<p>Beim Vorbild der S\u00e4ulenhalle, bei der griechischen Stoa, kommt es auf einen ganz wichtigen Zusammenhang an, den Du hier so virtuos vorf\u00fchrst: Das Geb\u00e4ude hie\u00df ja im Griechischen &#8218;Stoa poikilos&#8216;. Dieses oft unterschlagene \u201epoikilos\u201c wird meist mit \u201ebunt\u201c \u00fcbersetzt. Das ist in diesem Zusammenhang unerfreulich verniedlichend. Denn gemeint war ja nicht \u201ebunt\u201c im Sinne mehrfarbigen Flitters, richtig \u00fcbersetzt m\u00fcsste es n\u00e4mlich: \u201evielf\u00e4ltig\u201c oder auch \u201evielschimmernd\u201c hei\u00dfen. Es geht eben um mehr als nur die Farbe der Oberfl\u00e4che.<\/p>\n<p>Und genau diesen Auftrag der Vielfalt, des Vielschimmernden, des Deutlichen und des Angedeuteten haben die von Dir eingeladenen K\u00fcnstlerinnen und K\u00fcnstler ja auch erf\u00fcllt: Jede und jeder von ihnen hat \u201enach seiner oder ihrer Fa\u00e7on\u201c eine S\u00e4ule in seiner, in ihrer ganz eigenen Sprache entworfen. Eine Art s\u00e4ulenarchitektonisches Pfingstwunder. Entstanden ist, lieber Bernd, nichts weniger als ein begehbarer Weltatlas. Jedes Kunstwerk erz\u00e4hlt eine eigene, erz\u00e4hlt oft auch viele Geschichten. Geschichten von uns, Geschichten \u00fcber uns, Geschichten aus allen Winkeln unseres Kosmos, den Sternenhimmel mit einschlie\u00dfend. Eben poikilos! Ein S\u00e4ulenwald, selbstverst\u00e4ndlich \u00fcber einer Wiese und im Schutz von B\u00e4umen, dort also, wohin Wunder und Erscheinungen seit Menschengedenken geh\u00f6ren.<\/p>\n<p>Es ist hier zwar der Anlass, doch leider nur wenig Platz, sich ausf\u00fchrlich \u00fcber den Begriff der S\u00e4ule auszutauschen. Aber als Du bei unserem letzten Rundgang eine Journalistin auf \u201etragende\u201c und \u201enicht-tragende\u201c S\u00e4ulen hingewiesen hast, kam mir der Gedanke, dass dieser Begriff einer tragenden S\u00e4ule ja vielf\u00e4ltig zu deuten ist. Es geht ja um viel mehr als das Tragen eines Daches, es geht um das Tragen von Botschaften, von Zeugnissen der Kunst, auch von Tr\u00e4umen. Es ist also der wunderbare Gl\u00fccksfall zu verzeichnen, dass sich in dieser Halle &#8217;nur&#8216; tragende S\u00e4ulen versammeln.<\/p>\n<p>Ich will hier nicht in das verfallen, was Schopenhauer einmal \u201edie Trunkenheit der S\u00e4ulenmetapher\u201c genannt hat, mir aber doch den Hinweis gestatten, dass die Poesie der zusammengekommenen Plastiken keinen Vergleich mit der Dichtkunst scheuen muss. Nicht mit Rilkes \u201eS\u00e4ule, die fast ewige Tempel \u00fcberlebt\u201c, auch nicht mit H\u00f6lderlins \u201eVogel der Nacht, der auf der S\u00e4ule trauert\u201c.<\/p>\n<p>Und Gottfried Benns Aufforderung \u201eBespei\u2019 die S\u00e4ulensucht!\u201c entlarvt sich angesichts der Sch\u00f6nheit und auch des Witzes dieser Halle erst recht als halbstarker Unsinn. &nbsp;&nbsp;<\/p>\n<p>Ich habe, lieber Bernd, vor ein paar Zeilen versprochen, sp\u00e4ter noch kurz auf das Thema \u201eInszenierung\u201c zu kommen. Das wollte ich hier einflechten in eine \u00dcberlegung von Walter Benjamin \u00fcber die Reproduktion von Kunstwerken. Dieser Text geh\u00f6rt ja zu einer der testamentarischen Verf\u00fcgungen unserer Generation. Und was unterliegt st\u00e4rker dem Verdikt der Reproduzierbarkeit als die Oberfl\u00e4chen von S\u00e4ulen?<\/p>\n<p>Dann aber fand ich in meiner Arbeitskladde den r\u00e4tselhaften Hinweis: \u201eSiehe auch Richard Wagner und sein Kunstwerk!\u201c und landete bei der Forderung des Komponisten: \u201eDas Kunstwerk soll die Unnahbarkeit einer Traumvision haben.\u201c<\/p>\n<p>In diesem Moment dachte ich an Polling, lieber Bernd, an ein gro\u00dfes Kleefeld in der N\u00e4he der Ammer, an einen freien Blick auf den von Dir neu ins Leben gerufenen und jederzeit frei zug\u00e4nglichen Archetypus &#8218;Stoa&#8216; poikilos. Hier in Polling hast Du aus einer Traumvision jenen oben erw\u00e4hntem, jederzeit begehbaren, und eben nicht unnahbaren Weltatlas gemacht. Um es \u00fcberspitzt zu sagen: Weniger Wagner war nie. Nicht nur in Polling.<\/p>\n<p>Nahbarkeit hat naturgem\u00e4\u00df ihren Preis, den Preis von allen Objekten, die Begehren erwecken. Wer sich ein wenig in der Geschichte von Tempeln und S\u00e4ulen auskennt, der wei\u00df, dass jenes Dichterwort von den S\u00e4ulen, die Tempel \u00fcberleben, auf die gleichsam universale menschliche Lust an blinder Zerst\u00f6rung erinnert. Dir, lieber Bernd, der Du ja in Deinen Tempelreisen viel weitergekommen bist als Sindbad der Seefahrer, muss man das nicht erkl\u00e4ren.<\/p>\n<p>((Leserinnen und Lesern, denen das orientalische M\u00e4rchen von Sindbad nicht mehr \u2013 oder noch nicht \u2013 vertraut ist, m\u00fcsste an dieser Stelle vielleicht erkl\u00e4rt werden, dass in der Silbe &#8218;Sind&#8216; eine arabische Anspielung auf den Flu\u00df Indus und auch dessen dortige Tempelkultur steckt. Du bist ja, lieber Bernd, zu unserem Gl\u00fcck noch viel weiter nach Osten gereist, nach Polynesien und weit dar\u00fcber hinaus, so dass man zu Deinem Titel &#8218;S\u00e4ulenheiliger&#8216; getrost noch den Titel &#8218;S\u00e4ulen Sindbad&#8216; hinzuf\u00fcgen k\u00f6nnte.))<\/p>\n<p>Vandalismus ist in der Weltgeschichte leider weitaus verbreiteter als die Kunst der S\u00e4ulengestaltung. Dabei ist aber gerade diese Kunst und dieses Kunstwerk hier eine der wenigen nachhaltigen Waffen, die wir gegen den Vandalismus der Hirne und der H\u00e4nde in der Hand halten. ((Und wenn es ein kleiner Trost und eine gro\u00dfe Warnung ist: Alexander der Gro\u00dfe, einer der \u00fcbelsten Vandalen \u00fcberlebte seine brutale Zerst\u00f6rung der Tempelstadt Persepolis nur kurz.)) Dagegen hast Du, lieber Bernd, haben die K\u00fcnstlerinnen und K\u00fcnstler hier ein Zeichen gesetzt, f\u00fcr das ich Dir jetzt schon im Namen auch aller k\u00fcnftigen Besucher danken darf.&nbsp;<\/p>\n<p>Kein Brief ohne kurzes Postscriptum:<br>Im Griechischen steht das Wort &#8218;xenos&#8216; gleicherma\u00dfen f\u00fcr den Fremden wie f\u00fcr den Gast. Wir sehen in den letzten Wochen nicht nur auf den Inseln in Griechenland, doch besonders grell gerade dort, wie notwendig es ist, diese beiden Begriffe zusammenzudenken. Auch dazu dient der begehbare Weltatlas in Polling. <br>Und daf\u00fcr, lieber Bernd, meinen ganz besonderen Dank!<\/p>\n<p>Polling am 13. September 2020.<\/p>\t\t\t\t\t\t\t\t<\/div>\n\t\t\t\t<\/div>\n\t\t\t\t\t<\/div>\n\t\t<\/div>\n\t\t\t\t\t<\/div>\n\t\t<\/section>\n\t\t\t\t<\/div>\n\t\t","protected":false},"excerpt":{"rendered":"<p>Brief an Bernd Zimmer zur Er\u00f6ffnung von STOA169 Tilman Spengler&nbsp; Ich will Dir, lieber Bernd, meine Eindr\u00fccke in der Form eines Briefes mitteilen, auch eine sehr archaische und universale Form des Gedankenaustausches, die es \u2013 wie S\u00e4ulen \u2013 zu bewahren gilt, und die zudem den Vorteil hat, sich strikt auf eine L\u00e4nge (oder K\u00fcrze) des [&#8230;]<\/p>\n<p><a class=\"btn btn-secondary understrap-read-more-link\" href=\"https:\/\/stoa169.com\/de\/willkommen-bei-der-stoa169-stiftung\/idee\/brief-an-bernd-zimmer-zur-eroeffnung-von-stoa-169\/\">Weiterlesen\u00a0\u2026<span class=\"screen-reader-text\"> from Brief an Bernd Zimmer zur Er\u00f6ffnung von STOA169<\/span><\/a><\/p>\n","protected":false},"author":4,"featured_media":0,"parent":106,"menu_order":0,"comment_status":"closed","ping_status":"closed","template":"elementor_header_footer","meta":{"_acf_changed":false,"footnotes":""},"class_list":["post-6917","page","type-page","status-publish","hentry"],"acf":[],"yoast_head":"<!-- This site is optimized with the Yoast SEO plugin v27.3 - https:\/\/yoast.com\/product\/yoast-seo-wordpress\/ -->\n<title>Brief an Bernd Zimmer zur Er\u00f6ffnung von STOA169 - STOA169<\/title>\n<meta name=\"robots\" content=\"index, follow, max-snippet:-1, max-image-preview:large, max-video-preview:-1\" \/>\n<link rel=\"canonical\" href=\"https:\/\/stoa169.com\/de\/willkommen-bei-der-stoa169-stiftung\/idee\/brief-an-bernd-zimmer-zur-eroeffnung-von-stoa-169\/\" \/>\n<meta property=\"og:locale\" content=\"de_DE\" \/>\n<meta property=\"og:type\" content=\"article\" \/>\n<meta property=\"og:title\" content=\"Brief an Bernd Zimmer zur Er\u00f6ffnung von STOA169 - STOA169\" \/>\n<meta property=\"og:description\" content=\"Brief an Bernd Zimmer zur Er\u00f6ffnung von STOA169 Tilman Spengler&nbsp; Ich will Dir, lieber Bernd, meine Eindr\u00fccke in der Form eines Briefes mitteilen, auch eine sehr archaische und universale Form des Gedankenaustausches, die es \u2013 wie S\u00e4ulen \u2013 zu bewahren gilt, und die zudem den Vorteil hat, sich strikt auf eine L\u00e4nge (oder K\u00fcrze) des [...]Weiterlesen\u00a0\u2026 from Brief an Bernd Zimmer zur Er\u00f6ffnung von STOA169\" \/>\n<meta property=\"og:url\" content=\"https:\/\/stoa169.com\/de\/willkommen-bei-der-stoa169-stiftung\/idee\/brief-an-bernd-zimmer-zur-eroeffnung-von-stoa-169\/\" \/>\n<meta property=\"og:site_name\" content=\"STOA169\" \/>\n<meta property=\"article:publisher\" content=\"https:\/\/www.facebook.com\/stoa169stiftung\/\" \/>\n<meta property=\"article:modified_time\" content=\"2021-08-09T08:14:03+00:00\" \/>\n<meta property=\"og:image\" content=\"https:\/\/stoa169.com\/wp-content\/uploads\/2023\/08\/STOA169-Saeulenhalle-Columns-Hall-Polling_1200x630.png\" \/>\n\t<meta property=\"og:image:width\" content=\"1200\" \/>\n\t<meta property=\"og:image:height\" content=\"630\" \/>\n\t<meta property=\"og:image:type\" content=\"image\/png\" \/>\n<meta name=\"twitter:card\" content=\"summary_large_image\" \/>\n<meta name=\"twitter:label1\" content=\"Gesch\u00e4tzte Lesezeit\" \/>\n\t<meta name=\"twitter:data1\" content=\"5\u00a0Minuten\" \/>\n<script type=\"application\/ld+json\" class=\"yoast-schema-graph\">{\"@context\":\"https:\\\/\\\/schema.org\",\"@graph\":[{\"@type\":\"WebPage\",\"@id\":\"https:\\\/\\\/stoa169.com\\\/de\\\/willkommen-bei-der-stoa169-stiftung\\\/idee\\\/brief-an-bernd-zimmer-zur-eroeffnung-von-stoa-169\\\/\",\"url\":\"https:\\\/\\\/stoa169.com\\\/de\\\/willkommen-bei-der-stoa169-stiftung\\\/idee\\\/brief-an-bernd-zimmer-zur-eroeffnung-von-stoa-169\\\/\",\"name\":\"Brief an Bernd Zimmer zur Er\u00f6ffnung von STOA169 - STOA169\",\"isPartOf\":{\"@id\":\"https:\\\/\\\/stoa169.com\\\/de\\\/#website\"},\"datePublished\":\"2020-10-11T14:07:41+00:00\",\"dateModified\":\"2021-08-09T08:14:03+00:00\",\"breadcrumb\":{\"@id\":\"https:\\\/\\\/stoa169.com\\\/de\\\/willkommen-bei-der-stoa169-stiftung\\\/idee\\\/brief-an-bernd-zimmer-zur-eroeffnung-von-stoa-169\\\/#breadcrumb\"},\"inLanguage\":\"de\",\"potentialAction\":[{\"@type\":\"ReadAction\",\"target\":[\"https:\\\/\\\/stoa169.com\\\/de\\\/willkommen-bei-der-stoa169-stiftung\\\/idee\\\/brief-an-bernd-zimmer-zur-eroeffnung-von-stoa-169\\\/\"]}]},{\"@type\":\"BreadcrumbList\",\"@id\":\"https:\\\/\\\/stoa169.com\\\/de\\\/willkommen-bei-der-stoa169-stiftung\\\/idee\\\/brief-an-bernd-zimmer-zur-eroeffnung-von-stoa-169\\\/#breadcrumb\",\"itemListElement\":[{\"@type\":\"ListItem\",\"position\":1,\"name\":\"Startseite\",\"item\":\"https:\\\/\\\/stoa169.com\\\/de\\\/\"},{\"@type\":\"ListItem\",\"position\":2,\"name\":\"Willkommen bei der STOA169 Stiftung\",\"item\":\"https:\\\/\\\/stoa169.com\\\/de\\\/willkommen-bei-der-stoa169-stiftung\\\/\"},{\"@type\":\"ListItem\",\"position\":3,\"name\":\"Die Idee einer K\u00fcnstlers\u00e4ulenhalle in Polling\",\"item\":\"https:\\\/\\\/stoa169.com\\\/de\\\/willkommen-bei-der-stoa169-stiftung\\\/idee\\\/\"},{\"@type\":\"ListItem\",\"position\":4,\"name\":\"Brief an Bernd Zimmer zur Er\u00f6ffnung von STOA169\"}]},{\"@type\":\"WebSite\",\"@id\":\"https:\\\/\\\/stoa169.com\\\/de\\\/#website\",\"url\":\"https:\\\/\\\/stoa169.com\\\/de\\\/\",\"name\":\"STOA169\",\"description\":\"Die K\u00fcnstlers\u00e4ulenhalle in Polling\",\"publisher\":{\"@id\":\"https:\\\/\\\/stoa169.com\\\/de\\\/#organization\"},\"potentialAction\":[{\"@type\":\"SearchAction\",\"target\":{\"@type\":\"EntryPoint\",\"urlTemplate\":\"https:\\\/\\\/stoa169.com\\\/de\\\/?s={search_term_string}\"},\"query-input\":{\"@type\":\"PropertyValueSpecification\",\"valueRequired\":true,\"valueName\":\"search_term_string\"}}],\"inLanguage\":\"de\"},{\"@type\":\"Organization\",\"@id\":\"https:\\\/\\\/stoa169.com\\\/de\\\/#organization\",\"name\":\"STOA169\",\"url\":\"https:\\\/\\\/stoa169.com\\\/de\\\/\",\"logo\":{\"@type\":\"ImageObject\",\"inLanguage\":\"de\",\"@id\":\"https:\\\/\\\/stoa169.com\\\/de\\\/#\\\/schema\\\/logo\\\/image\\\/\",\"url\":\"https:\\\/\\\/stoa169.com\\\/wp-content\\\/uploads\\\/2023\\\/08\\\/STOA169-Logo_kurz.png\",\"contentUrl\":\"https:\\\/\\\/stoa169.com\\\/wp-content\\\/uploads\\\/2023\\\/08\\\/STOA169-Logo_kurz.png\",\"width\":630,\"height\":630,\"caption\":\"STOA169\"},\"image\":{\"@id\":\"https:\\\/\\\/stoa169.com\\\/de\\\/#\\\/schema\\\/logo\\\/image\\\/\"},\"sameAs\":[\"https:\\\/\\\/www.facebook.com\\\/stoa169stiftung\\\/\",\"https:\\\/\\\/www.instagram.com\\\/stoa169stiftung\\\/\"]}]}<\/script>\n<!-- \/ Yoast SEO plugin. -->","yoast_head_json":{"title":"Brief an Bernd Zimmer zur Er\u00f6ffnung von STOA169 - STOA169","robots":{"index":"index","follow":"follow","max-snippet":"max-snippet:-1","max-image-preview":"max-image-preview:large","max-video-preview":"max-video-preview:-1"},"canonical":"https:\/\/stoa169.com\/de\/willkommen-bei-der-stoa169-stiftung\/idee\/brief-an-bernd-zimmer-zur-eroeffnung-von-stoa-169\/","og_locale":"de_DE","og_type":"article","og_title":"Brief an Bernd Zimmer zur Er\u00f6ffnung von STOA169 - STOA169","og_description":"Brief an Bernd Zimmer zur Er\u00f6ffnung von STOA169 Tilman Spengler&nbsp; Ich will Dir, lieber Bernd, meine Eindr\u00fccke in der Form eines Briefes mitteilen, auch eine sehr archaische und universale Form des Gedankenaustausches, die es \u2013 wie S\u00e4ulen \u2013 zu bewahren gilt, und die zudem den Vorteil hat, sich strikt auf eine L\u00e4nge (oder K\u00fcrze) des [...]Weiterlesen\u00a0\u2026 from Brief an Bernd Zimmer zur Er\u00f6ffnung von STOA169","og_url":"https:\/\/stoa169.com\/de\/willkommen-bei-der-stoa169-stiftung\/idee\/brief-an-bernd-zimmer-zur-eroeffnung-von-stoa-169\/","og_site_name":"STOA169","article_publisher":"https:\/\/www.facebook.com\/stoa169stiftung\/","article_modified_time":"2021-08-09T08:14:03+00:00","og_image":[{"width":1200,"height":630,"url":"https:\/\/stoa169.com\/wp-content\/uploads\/2023\/08\/STOA169-Saeulenhalle-Columns-Hall-Polling_1200x630.png","type":"image\/png"}],"twitter_card":"summary_large_image","twitter_misc":{"Gesch\u00e4tzte Lesezeit":"5\u00a0Minuten"},"schema":{"@context":"https:\/\/schema.org","@graph":[{"@type":"WebPage","@id":"https:\/\/stoa169.com\/de\/willkommen-bei-der-stoa169-stiftung\/idee\/brief-an-bernd-zimmer-zur-eroeffnung-von-stoa-169\/","url":"https:\/\/stoa169.com\/de\/willkommen-bei-der-stoa169-stiftung\/idee\/brief-an-bernd-zimmer-zur-eroeffnung-von-stoa-169\/","name":"Brief an Bernd Zimmer zur Er\u00f6ffnung von STOA169 - STOA169","isPartOf":{"@id":"https:\/\/stoa169.com\/de\/#website"},"datePublished":"2020-10-11T14:07:41+00:00","dateModified":"2021-08-09T08:14:03+00:00","breadcrumb":{"@id":"https:\/\/stoa169.com\/de\/willkommen-bei-der-stoa169-stiftung\/idee\/brief-an-bernd-zimmer-zur-eroeffnung-von-stoa-169\/#breadcrumb"},"inLanguage":"de","potentialAction":[{"@type":"ReadAction","target":["https:\/\/stoa169.com\/de\/willkommen-bei-der-stoa169-stiftung\/idee\/brief-an-bernd-zimmer-zur-eroeffnung-von-stoa-169\/"]}]},{"@type":"BreadcrumbList","@id":"https:\/\/stoa169.com\/de\/willkommen-bei-der-stoa169-stiftung\/idee\/brief-an-bernd-zimmer-zur-eroeffnung-von-stoa-169\/#breadcrumb","itemListElement":[{"@type":"ListItem","position":1,"name":"Startseite","item":"https:\/\/stoa169.com\/de\/"},{"@type":"ListItem","position":2,"name":"Willkommen bei der STOA169 Stiftung","item":"https:\/\/stoa169.com\/de\/willkommen-bei-der-stoa169-stiftung\/"},{"@type":"ListItem","position":3,"name":"Die Idee einer K\u00fcnstlers\u00e4ulenhalle in Polling","item":"https:\/\/stoa169.com\/de\/willkommen-bei-der-stoa169-stiftung\/idee\/"},{"@type":"ListItem","position":4,"name":"Brief an Bernd Zimmer zur Er\u00f6ffnung von STOA169"}]},{"@type":"WebSite","@id":"https:\/\/stoa169.com\/de\/#website","url":"https:\/\/stoa169.com\/de\/","name":"STOA169","description":"Die K\u00fcnstlers\u00e4ulenhalle in Polling","publisher":{"@id":"https:\/\/stoa169.com\/de\/#organization"},"potentialAction":[{"@type":"SearchAction","target":{"@type":"EntryPoint","urlTemplate":"https:\/\/stoa169.com\/de\/?s={search_term_string}"},"query-input":{"@type":"PropertyValueSpecification","valueRequired":true,"valueName":"search_term_string"}}],"inLanguage":"de"},{"@type":"Organization","@id":"https:\/\/stoa169.com\/de\/#organization","name":"STOA169","url":"https:\/\/stoa169.com\/de\/","logo":{"@type":"ImageObject","inLanguage":"de","@id":"https:\/\/stoa169.com\/de\/#\/schema\/logo\/image\/","url":"https:\/\/stoa169.com\/wp-content\/uploads\/2023\/08\/STOA169-Logo_kurz.png","contentUrl":"https:\/\/stoa169.com\/wp-content\/uploads\/2023\/08\/STOA169-Logo_kurz.png","width":630,"height":630,"caption":"STOA169"},"image":{"@id":"https:\/\/stoa169.com\/de\/#\/schema\/logo\/image\/"},"sameAs":["https:\/\/www.facebook.com\/stoa169stiftung\/","https:\/\/www.instagram.com\/stoa169stiftung\/"]}]}},"_links":{"self":[{"href":"https:\/\/stoa169.com\/de\/wp-json\/wp\/v2\/pages\/6917","targetHints":{"allow":["GET"]}}],"collection":[{"href":"https:\/\/stoa169.com\/de\/wp-json\/wp\/v2\/pages"}],"about":[{"href":"https:\/\/stoa169.com\/de\/wp-json\/wp\/v2\/types\/page"}],"author":[{"embeddable":true,"href":"https:\/\/stoa169.com\/de\/wp-json\/wp\/v2\/users\/4"}],"replies":[{"embeddable":true,"href":"https:\/\/stoa169.com\/de\/wp-json\/wp\/v2\/comments?post=6917"}],"version-history":[{"count":0,"href":"https:\/\/stoa169.com\/de\/wp-json\/wp\/v2\/pages\/6917\/revisions"}],"up":[{"embeddable":true,"href":"https:\/\/stoa169.com\/de\/wp-json\/wp\/v2\/pages\/106"}],"wp:attachment":[{"href":"https:\/\/stoa169.com\/de\/wp-json\/wp\/v2\/media?parent=6917"}],"curies":[{"name":"wp","href":"https:\/\/api.w.org\/{rel}","templated":true}]}}