{"id":4899,"date":"2020-04-27T14:16:00","date_gmt":"2020-04-27T12:16:00","guid":{"rendered":"https:\/\/stoa169.com\/?page_id=4899"},"modified":"2021-08-05T13:15:05","modified_gmt":"2021-08-05T11:15:05","slug":"warum-wird-die-stoa169-mit-121-saeulen-gebaut","status":"publish","type":"page","link":"https:\/\/stoa169.com\/de\/willkommen-bei-der-stoa169-stiftung\/idee\/warum-wird-die-stoa169-mit-121-saeulen-gebaut\/","title":{"rendered":"Warum wird die STOA169 mit 121 S\u00e4ulen gebaut?"},"content":{"rendered":"\t\t<div data-elementor-type=\"wp-post\" data-elementor-id=\"4899\" class=\"elementor elementor-4899\">\n\t\t\t\t\t\t<section class=\"elementor-section elementor-top-section elementor-element elementor-element-1f03411 elementor-section-boxed elementor-section-height-default elementor-section-height-default\" data-id=\"1f03411\" data-element_type=\"section\" data-e-type=\"section\">\n\t\t\t\t\t\t<div class=\"elementor-container elementor-column-gap-no\">\n\t\t\t\t\t<div class=\"elementor-column elementor-col-100 elementor-top-column elementor-element elementor-element-e7ef1b8\" data-id=\"e7ef1b8\" data-element_type=\"column\" data-e-type=\"column\">\n\t\t\t<div class=\"elementor-widget-wrap elementor-element-populated\">\n\t\t\t\t\t\t<div class=\"elementor-element elementor-element-dfb9377 elementor-widget elementor-widget-text-editor\" data-id=\"dfb9377\" data-element_type=\"widget\" data-e-type=\"widget\" data-widget_type=\"text-editor.default\">\n\t\t\t\t<div class=\"elementor-widget-container\">\n\t\t\t\t\t\t\t\t\t<h2>Warum wird die STOA169 mit 121 S\u00e4ulen gebaut?<\/h2>\n<div>\n<p>Der Ursprung der K\u00fcnstlers\u00e4ulenhalle liegt mehr als 30 Jahre zur\u00fcck. Das erste Modell entstand in den 1990er-Jahren. Aus dieser Zeit stammt auch das Konzept von 13 x 13 S\u00e4ulen. In der langj\u00e4hrigen, immer wieder unterbrochenen Planung und Entwicklung war das Projekt mehrmals \u00c4nderungen unterworfen. Die Fachjury hat 2017\/18 \u00fcber 200 K\u00fcnstler*innen vorgeschlagen, die zur Teilnahme an der STOA169 eingeladen wurden. Nicht alle K\u00fcnstler*innen konnten der Einladung folgen. Einigen fehlt die Zeit, weil sie andere k\u00fcnstlerische Projekte verfolgen, ein hohes Alter erreicht haben oder sogar mittlerweile verstorben sind, andere haben ihr Mitwirken aus konzeptuellen Gr\u00fcnden abgesagt. All das hatte bis zuletzt auch Auswirkungen auf das Konzept der S\u00e4ulenhalle. Denn die STOA169 steht f\u00fcr ein k\u00fcnstlerisches Gesamtkonzept, das von K\u00fcnstler*innen aus aller Welt und aus drei Generationen getragen wird. Verschiebungen in dieser Balance erforderten entsprechende Anpassungen.<\/p>\n<p>Das Kuratorium der STOA169 Stiftung hat die M\u00f6glichkeiten gepr\u00fcft und schlie\u00dflich einstimmig beschlossen, da\u00df die Reduzierung der Anzahl der S\u00e4ulen von 13 x 13 auf 11 x 11 in der Konsequenz die einzig richtige L\u00f6sung ist. F\u00fcr das Gelingen der STOA169 ist es wichtig, sich auf den Kern, n\u00e4mlich die gemeinsame und gemeinschaftliche Umsetzung sowie die k\u00fcnstlerische Qualit\u00e4t, zu konzentrieren und nicht an einem Detail festzuhalten, das in der Planungsphase richtig schien, sich aber w\u00e4hrend der Realisierung anders zeigt. Die urspr\u00fcngliche Projektbezeichnung STOA169 wird beibehalten, und auch an dem Konzept der ungeraden Zahl, einer Primzahl, wird festgehalten. Die S\u00e4ulenhalle hat einen geometrischen Mittelpunkt und \u00f6ffnet sich zu allen Seiten gleicherma\u00dfen. Einer der zentralen Grundgedanken der STOA169 ist das Erreichen einer harmonischen Beziehung von bildender Kunst und der sie umgebenden Natur. Bei der Abw\u00e4gung und Beschlussfassung zur Verringerung der S\u00e4ulenzahl spielte dieser Aspekt eine ma\u00dfgebliche Rolle. Die Reduktion setzt ein Zeichen der Selbstbeschr\u00e4nkung und hat den Effekt, da\u00df auch der Umfang der Bauarbeiten minimiert werden kann. Die Einsparung kommt entsprechend der gesamten Halle und ihrer Umgebung zugute, wobei das Konzept einer weltumfassenden Kunsthalle in keinster Weise geschw\u00e4cht wird. Im Gegenteil, das stete Pr\u00fcfen, \u00dcberdenken und Anpassen aller Details ist f\u00fcr das Gelingen der STOA169 S\u00e4ulenhalle unverzichtbar. Umso mehr, da es weltweit kaum vergleichbare Projekte gibt, auf deren Erfahrungsschatz zur\u00fcckgegriffen werden kann. Die Reduzierung der Anzahl der STOA169 S\u00e4ulen hat keinen wirtschaftlichen Hintergrund.<\/p>\n<p>Eine zuk\u00fcnftige Erweiterung der S\u00e4ulenhalle auf die urspr\u00fcnglich geplanten 169 S\u00e4ulen ist immer noch m\u00f6glich, vielleicht eine Aufgabe f\u00fcr die n\u00e4chste K\u00fcnstlergeneration.<\/p>\n<\/div>\n<p>Polling im April 2020<\/p>\t\t\t\t\t\t\t\t<\/div>\n\t\t\t\t<\/div>\n\t\t\t\t\t<\/div>\n\t\t<\/div>\n\t\t\t\t\t<\/div>\n\t\t<\/section>\n\t\t\t\t<\/div>\n\t\t","protected":false},"excerpt":{"rendered":"<p>Warum wird die STOA169 mit 121 S\u00e4ulen gebaut? Der Ursprung der K\u00fcnstlers\u00e4ulenhalle liegt mehr als 30 Jahre zur\u00fcck. Das erste Modell entstand in den 1990er-Jahren. Aus dieser Zeit stammt auch das Konzept von 13 x 13 S\u00e4ulen. In der langj\u00e4hrigen, immer wieder unterbrochenen Planung und Entwicklung war das Projekt mehrmals \u00c4nderungen unterworfen. Die Fachjury hat [&#8230;]<\/p>\n<p><a class=\"btn btn-secondary understrap-read-more-link\" href=\"https:\/\/stoa169.com\/de\/willkommen-bei-der-stoa169-stiftung\/idee\/warum-wird-die-stoa169-mit-121-saeulen-gebaut\/\">Weiterlesen\u00a0\u2026<span class=\"screen-reader-text\"> from Warum wird die STOA169 mit 121 S\u00e4ulen gebaut?<\/span><\/a><\/p>\n","protected":false},"author":4,"featured_media":0,"parent":106,"menu_order":0,"comment_status":"closed","ping_status":"closed","template":"elementor_header_footer","meta":{"_acf_changed":false,"footnotes":""},"class_list":["post-4899","page","type-page","status-publish","hentry"],"acf":[],"yoast_head":"<!-- This site is optimized with the Yoast SEO plugin v27.3 - https:\/\/yoast.com\/product\/yoast-seo-wordpress\/ -->\n<title>Warum wird die STOA169 mit 121 S\u00e4ulen gebaut? - STOA169<\/title>\n<meta name=\"robots\" content=\"index, follow, max-snippet:-1, max-image-preview:large, max-video-preview:-1\" \/>\n<link rel=\"canonical\" href=\"https:\/\/stoa169.com\/de\/willkommen-bei-der-stoa169-stiftung\/idee\/warum-wird-die-stoa169-mit-121-saeulen-gebaut\/\" \/>\n<meta property=\"og:locale\" content=\"de_DE\" \/>\n<meta property=\"og:type\" content=\"article\" \/>\n<meta property=\"og:title\" content=\"Warum wird die STOA169 mit 121 S\u00e4ulen gebaut? - STOA169\" \/>\n<meta property=\"og:description\" content=\"Warum wird die STOA169 mit 121 S\u00e4ulen gebaut? Der Ursprung der K\u00fcnstlers\u00e4ulenhalle liegt mehr als 30 Jahre zur\u00fcck. Das erste Modell entstand in den 1990er-Jahren. Aus dieser Zeit stammt auch das Konzept von 13 x 13 S\u00e4ulen. In der langj\u00e4hrigen, immer wieder unterbrochenen Planung und Entwicklung war das Projekt mehrmals \u00c4nderungen unterworfen. Die Fachjury hat [...]Weiterlesen\u00a0\u2026 from Warum wird die STOA169 mit 121 S\u00e4ulen gebaut?\" \/>\n<meta property=\"og:url\" content=\"https:\/\/stoa169.com\/de\/willkommen-bei-der-stoa169-stiftung\/idee\/warum-wird-die-stoa169-mit-121-saeulen-gebaut\/\" \/>\n<meta property=\"og:site_name\" content=\"STOA169\" \/>\n<meta property=\"article:publisher\" content=\"https:\/\/www.facebook.com\/stoa169stiftung\/\" \/>\n<meta property=\"article:modified_time\" content=\"2021-08-05T11:15:05+00:00\" \/>\n<meta property=\"og:image\" content=\"https:\/\/stoa169.com\/wp-content\/uploads\/2023\/08\/STOA169-Saeulenhalle-Columns-Hall-Polling_1200x630.png\" \/>\n\t<meta property=\"og:image:width\" content=\"1200\" \/>\n\t<meta property=\"og:image:height\" content=\"630\" \/>\n\t<meta property=\"og:image:type\" content=\"image\/png\" \/>\n<meta name=\"twitter:card\" content=\"summary_large_image\" \/>\n<meta name=\"twitter:label1\" content=\"Gesch\u00e4tzte Lesezeit\" \/>\n\t<meta name=\"twitter:data1\" content=\"2\u00a0Minuten\" \/>\n<script type=\"application\/ld+json\" class=\"yoast-schema-graph\">{\"@context\":\"https:\\\/\\\/schema.org\",\"@graph\":[{\"@type\":\"WebPage\",\"@id\":\"https:\\\/\\\/stoa169.com\\\/de\\\/willkommen-bei-der-stoa169-stiftung\\\/idee\\\/warum-wird-die-stoa169-mit-121-saeulen-gebaut\\\/\",\"url\":\"https:\\\/\\\/stoa169.com\\\/de\\\/willkommen-bei-der-stoa169-stiftung\\\/idee\\\/warum-wird-die-stoa169-mit-121-saeulen-gebaut\\\/\",\"name\":\"Warum wird die STOA169 mit 121 S\u00e4ulen gebaut? - STOA169\",\"isPartOf\":{\"@id\":\"https:\\\/\\\/stoa169.com\\\/de\\\/#website\"},\"datePublished\":\"2020-04-27T12:16:00+00:00\",\"dateModified\":\"2021-08-05T11:15:05+00:00\",\"breadcrumb\":{\"@id\":\"https:\\\/\\\/stoa169.com\\\/de\\\/willkommen-bei-der-stoa169-stiftung\\\/idee\\\/warum-wird-die-stoa169-mit-121-saeulen-gebaut\\\/#breadcrumb\"},\"inLanguage\":\"de\",\"potentialAction\":[{\"@type\":\"ReadAction\",\"target\":[\"https:\\\/\\\/stoa169.com\\\/de\\\/willkommen-bei-der-stoa169-stiftung\\\/idee\\\/warum-wird-die-stoa169-mit-121-saeulen-gebaut\\\/\"]}]},{\"@type\":\"BreadcrumbList\",\"@id\":\"https:\\\/\\\/stoa169.com\\\/de\\\/willkommen-bei-der-stoa169-stiftung\\\/idee\\\/warum-wird-die-stoa169-mit-121-saeulen-gebaut\\\/#breadcrumb\",\"itemListElement\":[{\"@type\":\"ListItem\",\"position\":1,\"name\":\"Startseite\",\"item\":\"https:\\\/\\\/stoa169.com\\\/de\\\/\"},{\"@type\":\"ListItem\",\"position\":2,\"name\":\"Willkommen bei der STOA169 Stiftung\",\"item\":\"https:\\\/\\\/stoa169.com\\\/de\\\/willkommen-bei-der-stoa169-stiftung\\\/\"},{\"@type\":\"ListItem\",\"position\":3,\"name\":\"Die Idee einer K\u00fcnstlers\u00e4ulenhalle in Polling\",\"item\":\"https:\\\/\\\/stoa169.com\\\/de\\\/willkommen-bei-der-stoa169-stiftung\\\/idee\\\/\"},{\"@type\":\"ListItem\",\"position\":4,\"name\":\"Warum wird die STOA169 mit 121 S\u00e4ulen gebaut?\"}]},{\"@type\":\"WebSite\",\"@id\":\"https:\\\/\\\/stoa169.com\\\/de\\\/#website\",\"url\":\"https:\\\/\\\/stoa169.com\\\/de\\\/\",\"name\":\"STOA169\",\"description\":\"Die K\u00fcnstlers\u00e4ulenhalle in Polling\",\"publisher\":{\"@id\":\"https:\\\/\\\/stoa169.com\\\/de\\\/#organization\"},\"potentialAction\":[{\"@type\":\"SearchAction\",\"target\":{\"@type\":\"EntryPoint\",\"urlTemplate\":\"https:\\\/\\\/stoa169.com\\\/de\\\/?s={search_term_string}\"},\"query-input\":{\"@type\":\"PropertyValueSpecification\",\"valueRequired\":true,\"valueName\":\"search_term_string\"}}],\"inLanguage\":\"de\"},{\"@type\":\"Organization\",\"@id\":\"https:\\\/\\\/stoa169.com\\\/de\\\/#organization\",\"name\":\"STOA169\",\"url\":\"https:\\\/\\\/stoa169.com\\\/de\\\/\",\"logo\":{\"@type\":\"ImageObject\",\"inLanguage\":\"de\",\"@id\":\"https:\\\/\\\/stoa169.com\\\/de\\\/#\\\/schema\\\/logo\\\/image\\\/\",\"url\":\"https:\\\/\\\/stoa169.com\\\/wp-content\\\/uploads\\\/2023\\\/08\\\/STOA169-Logo_kurz.png\",\"contentUrl\":\"https:\\\/\\\/stoa169.com\\\/wp-content\\\/uploads\\\/2023\\\/08\\\/STOA169-Logo_kurz.png\",\"width\":630,\"height\":630,\"caption\":\"STOA169\"},\"image\":{\"@id\":\"https:\\\/\\\/stoa169.com\\\/de\\\/#\\\/schema\\\/logo\\\/image\\\/\"},\"sameAs\":[\"https:\\\/\\\/www.facebook.com\\\/stoa169stiftung\\\/\",\"https:\\\/\\\/www.instagram.com\\\/stoa169stiftung\\\/\"]}]}<\/script>\n<!-- \/ Yoast SEO plugin. -->","yoast_head_json":{"title":"Warum wird die STOA169 mit 121 S\u00e4ulen gebaut? - STOA169","robots":{"index":"index","follow":"follow","max-snippet":"max-snippet:-1","max-image-preview":"max-image-preview:large","max-video-preview":"max-video-preview:-1"},"canonical":"https:\/\/stoa169.com\/de\/willkommen-bei-der-stoa169-stiftung\/idee\/warum-wird-die-stoa169-mit-121-saeulen-gebaut\/","og_locale":"de_DE","og_type":"article","og_title":"Warum wird die STOA169 mit 121 S\u00e4ulen gebaut? - STOA169","og_description":"Warum wird die STOA169 mit 121 S\u00e4ulen gebaut? Der Ursprung der K\u00fcnstlers\u00e4ulenhalle liegt mehr als 30 Jahre zur\u00fcck. Das erste Modell entstand in den 1990er-Jahren. Aus dieser Zeit stammt auch das Konzept von 13 x 13 S\u00e4ulen. In der langj\u00e4hrigen, immer wieder unterbrochenen Planung und Entwicklung war das Projekt mehrmals \u00c4nderungen unterworfen. Die Fachjury hat [...]Weiterlesen\u00a0\u2026 from Warum wird die STOA169 mit 121 S\u00e4ulen gebaut?","og_url":"https:\/\/stoa169.com\/de\/willkommen-bei-der-stoa169-stiftung\/idee\/warum-wird-die-stoa169-mit-121-saeulen-gebaut\/","og_site_name":"STOA169","article_publisher":"https:\/\/www.facebook.com\/stoa169stiftung\/","article_modified_time":"2021-08-05T11:15:05+00:00","og_image":[{"width":1200,"height":630,"url":"https:\/\/stoa169.com\/wp-content\/uploads\/2023\/08\/STOA169-Saeulenhalle-Columns-Hall-Polling_1200x630.png","type":"image\/png"}],"twitter_card":"summary_large_image","twitter_misc":{"Gesch\u00e4tzte Lesezeit":"2\u00a0Minuten"},"schema":{"@context":"https:\/\/schema.org","@graph":[{"@type":"WebPage","@id":"https:\/\/stoa169.com\/de\/willkommen-bei-der-stoa169-stiftung\/idee\/warum-wird-die-stoa169-mit-121-saeulen-gebaut\/","url":"https:\/\/stoa169.com\/de\/willkommen-bei-der-stoa169-stiftung\/idee\/warum-wird-die-stoa169-mit-121-saeulen-gebaut\/","name":"Warum wird die STOA169 mit 121 S\u00e4ulen gebaut? - STOA169","isPartOf":{"@id":"https:\/\/stoa169.com\/de\/#website"},"datePublished":"2020-04-27T12:16:00+00:00","dateModified":"2021-08-05T11:15:05+00:00","breadcrumb":{"@id":"https:\/\/stoa169.com\/de\/willkommen-bei-der-stoa169-stiftung\/idee\/warum-wird-die-stoa169-mit-121-saeulen-gebaut\/#breadcrumb"},"inLanguage":"de","potentialAction":[{"@type":"ReadAction","target":["https:\/\/stoa169.com\/de\/willkommen-bei-der-stoa169-stiftung\/idee\/warum-wird-die-stoa169-mit-121-saeulen-gebaut\/"]}]},{"@type":"BreadcrumbList","@id":"https:\/\/stoa169.com\/de\/willkommen-bei-der-stoa169-stiftung\/idee\/warum-wird-die-stoa169-mit-121-saeulen-gebaut\/#breadcrumb","itemListElement":[{"@type":"ListItem","position":1,"name":"Startseite","item":"https:\/\/stoa169.com\/de\/"},{"@type":"ListItem","position":2,"name":"Willkommen bei der STOA169 Stiftung","item":"https:\/\/stoa169.com\/de\/willkommen-bei-der-stoa169-stiftung\/"},{"@type":"ListItem","position":3,"name":"Die Idee einer K\u00fcnstlers\u00e4ulenhalle in Polling","item":"https:\/\/stoa169.com\/de\/willkommen-bei-der-stoa169-stiftung\/idee\/"},{"@type":"ListItem","position":4,"name":"Warum wird die STOA169 mit 121 S\u00e4ulen gebaut?"}]},{"@type":"WebSite","@id":"https:\/\/stoa169.com\/de\/#website","url":"https:\/\/stoa169.com\/de\/","name":"STOA169","description":"Die K\u00fcnstlers\u00e4ulenhalle in Polling","publisher":{"@id":"https:\/\/stoa169.com\/de\/#organization"},"potentialAction":[{"@type":"SearchAction","target":{"@type":"EntryPoint","urlTemplate":"https:\/\/stoa169.com\/de\/?s={search_term_string}"},"query-input":{"@type":"PropertyValueSpecification","valueRequired":true,"valueName":"search_term_string"}}],"inLanguage":"de"},{"@type":"Organization","@id":"https:\/\/stoa169.com\/de\/#organization","name":"STOA169","url":"https:\/\/stoa169.com\/de\/","logo":{"@type":"ImageObject","inLanguage":"de","@id":"https:\/\/stoa169.com\/de\/#\/schema\/logo\/image\/","url":"https:\/\/stoa169.com\/wp-content\/uploads\/2023\/08\/STOA169-Logo_kurz.png","contentUrl":"https:\/\/stoa169.com\/wp-content\/uploads\/2023\/08\/STOA169-Logo_kurz.png","width":630,"height":630,"caption":"STOA169"},"image":{"@id":"https:\/\/stoa169.com\/de\/#\/schema\/logo\/image\/"},"sameAs":["https:\/\/www.facebook.com\/stoa169stiftung\/","https:\/\/www.instagram.com\/stoa169stiftung\/"]}]}},"_links":{"self":[{"href":"https:\/\/stoa169.com\/de\/wp-json\/wp\/v2\/pages\/4899","targetHints":{"allow":["GET"]}}],"collection":[{"href":"https:\/\/stoa169.com\/de\/wp-json\/wp\/v2\/pages"}],"about":[{"href":"https:\/\/stoa169.com\/de\/wp-json\/wp\/v2\/types\/page"}],"author":[{"embeddable":true,"href":"https:\/\/stoa169.com\/de\/wp-json\/wp\/v2\/users\/4"}],"replies":[{"embeddable":true,"href":"https:\/\/stoa169.com\/de\/wp-json\/wp\/v2\/comments?post=4899"}],"version-history":[{"count":0,"href":"https:\/\/stoa169.com\/de\/wp-json\/wp\/v2\/pages\/4899\/revisions"}],"up":[{"embeddable":true,"href":"https:\/\/stoa169.com\/de\/wp-json\/wp\/v2\/pages\/106"}],"wp:attachment":[{"href":"https:\/\/stoa169.com\/de\/wp-json\/wp\/v2\/media?parent=4899"}],"curies":[{"name":"wp","href":"https:\/\/api.w.org\/{rel}","templated":true}]}}