{"id":3323,"date":"2020-01-16T12:42:41","date_gmt":"2020-01-16T11:42:41","guid":{"rendered":"https:\/\/stoa169.com\/?page_id=3323"},"modified":"2023-03-24T13:20:04","modified_gmt":"2023-03-24T12:20:04","slug":"warum-stoa","status":"publish","type":"page","link":"https:\/\/stoa169.com\/de\/willkommen-bei-der-stoa169-stiftung\/idee\/warum-stoa\/","title":{"rendered":"Warum STOA?"},"content":{"rendered":"\t\t<div data-elementor-type=\"wp-post\" data-elementor-id=\"3323\" class=\"elementor elementor-3323\">\n\t\t\t\t\t\t<section class=\"elementor-section elementor-top-section elementor-element elementor-element-1f03411 elementor-section-boxed elementor-section-height-default elementor-section-height-default\" data-id=\"1f03411\" data-element_type=\"section\" data-e-type=\"section\">\n\t\t\t\t\t\t<div class=\"elementor-container elementor-column-gap-no\">\n\t\t\t\t\t<div class=\"elementor-column elementor-col-100 elementor-top-column elementor-element elementor-element-e7ef1b8\" data-id=\"e7ef1b8\" data-element_type=\"column\" data-e-type=\"column\">\n\t\t\t<div class=\"elementor-widget-wrap elementor-element-populated\">\n\t\t\t\t\t\t<div class=\"elementor-element elementor-element-dfb9377 elementor-widget elementor-widget-text-editor\" data-id=\"dfb9377\" data-element_type=\"widget\" data-e-type=\"widget\" data-widget_type=\"text-editor.default\">\n\t\t\t\t<div class=\"elementor-widget-container\">\n\t\t\t\t\t\t\t\t\t<h2>STOA? 169?<\/h2><div>Dr. Gerald Meier<\/div><div>\u00a0<\/div><p>Dass sich die Stoa169 ein Vorbild in der griechischen Antike entlehnt, setzt einen hohen Anspruch an das gesamte Projekt. Denn was vor rund 2000 Jahren als Erfolgsmodell unter dem Dach einer S\u00e4ulenhalle als bedeutender Ort des Denkens in die Geistes-Geschichte einging, soll in eine bedeutende Wandelhalle unserer Tage \u00fcbertragen werden. Damals ein Zentrum der Philosophie, heute ein Zentrum der Kunst.<\/p><p>Die Idee, dieses Kunstprojekt an die Gedankenwelt der stoischen Philosophie anzukn\u00fcpfen, ist nat\u00fcrlich nicht zuf\u00e4llig gew\u00e4hlt. Einerseits geht es um die Halle als solche. Stoen, also Wandelhallen, wurden bei den Griechen schon in archaischer Zeit gebaut. Ab ca. 700 v.Chr. hat sich dieser typische hellenistische Bautyp zu einem pr\u00e4genden Element des St\u00e4dtebaus entwickelt. Als Einfassung der Agora bildeten die Wandelhallen den Rahmen des \u00f6ffentlichen Lebens in den Gro\u00dfst\u00e4dten. Allein in Athen sind im Laufe der Jahrhunderte 9 Stoen entstanden. Nur eine, die Stoa des Attalos, wurde in moderner Zeit rekonstruiert, von den anderen blieben bis heute nur die Grundmauern.<span class=\"Apple-converted-space\">\u00a0<\/span><\/p><p>Die STOA169 kommt der Stoa Poikile (bemalte Wandelhalle) dabei am n\u00e4chsten, wurde diese Halle doch schon immer als Ausstellungsraum und Bildergalerie genutzt. Dann, mit dem \u201eEinzug\u201c von Zenon von Kition in die Stoa Poikile um 300 v.Chr., wurde diese Halle zur Geburtsst\u00e4tte des Stoizismus. Damit war gleichsam ein Ort und ein \u201eDenkraum\u201c geschaffen, in dem, \u00f6ffentlich und f\u00fcr jedermann, gelehrt und gelernt wurde. Ihre Wirkung lag nicht darin, dass sich Leute in einer S\u00e4ulenhalle versammelt haben und pl\u00f6tzlich erleuchtet wurden, sondern darin, durch streitendes Argumentieren, \u00fcberzeugende, sprich wahre, Einsichten zu gewinnen.<span class=\"Apple-converted-space\">\u00a0<\/span><\/p><p>Eine \u00fcberzeugende Einsicht f\u00fchrte dann beim Teilnehmer des Diskurses im Idealfall zu einem Wissen. Dieses Wissen bezog sich auf die Bestimmung des Menschen, also auf die Weisheit. Weisheit wiederum war der Grund zu einer gelassenen ethischen Haltung des Einzelnen, die ihn in einen Zustand der Befreiung oder \u201eGl\u00fcckseligkeit\u201c erhob. Aufgabe der stoischen Schule war es nat\u00fcrlich auch, die Weisheit logisch und d.h. rhetorisch und dialektisch zu verteidigen.<span class=\"Apple-converted-space\">\u00a0<\/span><\/p><p>Im Kern geht es dem stoischen Denken also um die bekannte \u201eSeelenruhe\u201c des Einzelnen. Eine Ruhe, die aus der Selbst-Erkenntnis stammt, dass der Mensch in eine Ordnung, in einen Kosmos geh\u00f6rt, in dem alles miteinander verbunden ist, alles aus einem Stoff besteht und einer Wahrheit oder \u201eLogos\u201c folgt. Die \u201eGl\u00fcckseligkeit\u201c erreicht der stoische Mensch aber nur in der naturgem\u00e4\u00dfen Lebensf\u00fchrung, die vor allem dem Hedonismus widerspricht.<span class=\"Apple-converted-space\">\u00a0<\/span><\/p><p>Die Ethik der Stoiker war bahnbrechend. Denn das \u201egute Leben\u201c stand jedem Menschen zu: Sowohl den Frauen und Sklaven als auch den \u201eBarbaren\u201c, also allen Nicht-Griechen. Im Prinzip waren die Stoiker die ersten Kosmopoliten.<span class=\"Apple-converted-space\">\u00a0<\/span><\/p><p>Heute wird zunehmend eher das Gegenteil gewollt. Weisheit und Selbsterkenntnis sind Begriffe, die kaum eine Rolle spielen. Stattdessen sind Selbsterhaltungsszenarien popul\u00e4r. Der Ruf nach Ab- und Ausgrenzung, Disharmonie und radikale Ablehnung eines \u201eGanzen\u201c, das Alles und Alle verbindet, findet an vielen K\u00f6pfen ein offenes Ohr. Die negativen politischen und gesellschaftlichen Folgeerscheinungen machen t\u00e4glich Schlagzeilen. Die Stoa169 nimmt sich das antike Vorbild und entwirft eine moderne Version einer Wandelhalle, die sich den heutigen Parolen in den Weg stellt. Gleichsam l\u00e4dt sie jedermann zu sich ein und bietet einen einzigartigen Ort der Vielf\u00e4ltigkeit in einer Einheit. Die Stoa169 will genau das sein: Ein freier, kosmopolitischer Ort, in dem Wissen \u00fcber das Ganze von Natur und Mensch entstehen kann, inspiriert von K\u00fcnstlern, die ihre S\u00e4ulen sprechen lassen.<span class=\"Apple-converted-space\">\u00a0<\/span><\/p><p>Die Zahl 169 entspringt der \u00dcberlegung die Halle quadratisch, im Ma\u00df von 13 mal 13 S\u00e4ulen anzulegen. Darin steckt die Symbolik der Primzahl. Die sich nur durch 1 oder sich selbst teilen l\u00e4sst und somit eine geschlossene Einheit bildet, die, wie ein Kreis, immer wieder auf sich verweist. In diesem Sinne ist die STOA169 eine k\u00fcnstlerische Quadratur des Kreises.<span class=\"Apple-converted-space\">\u00a0<\/span><\/p><p>\u00a0<\/p>\t\t\t\t\t\t\t\t<\/div>\n\t\t\t\t<\/div>\n\t\t\t\t\t<\/div>\n\t\t<\/div>\n\t\t\t\t\t<\/div>\n\t\t<\/section>\n\t\t\t\t<\/div>\n\t\t","protected":false},"excerpt":{"rendered":"<p>STOA? 169? Dr. Gerald Meier\u00a0 Dass sich die Stoa169 ein Vorbild in der griechischen Antike entlehnt, setzt einen hohen Anspruch an das gesamte Projekt. Denn was vor rund 2000 Jahren als Erfolgsmodell unter dem Dach einer S\u00e4ulenhalle als bedeutender Ort des Denkens in die Geistes-Geschichte einging, soll in eine bedeutende Wandelhalle unserer Tage \u00fcbertragen werden. [&#8230;]<\/p>\n<p><a class=\"btn btn-secondary understrap-read-more-link\" href=\"https:\/\/stoa169.com\/de\/willkommen-bei-der-stoa169-stiftung\/idee\/warum-stoa\/\">Weiterlesen\u00a0\u2026<span class=\"screen-reader-text\"> from Warum STOA?<\/span><\/a><\/p>\n","protected":false},"author":4,"featured_media":0,"parent":106,"menu_order":0,"comment_status":"closed","ping_status":"closed","template":"elementor_header_footer","meta":{"_acf_changed":false,"footnotes":""},"class_list":["post-3323","page","type-page","status-publish","hentry"],"acf":[],"yoast_head":"<!-- This site is optimized with the Yoast SEO plugin v27.3 - https:\/\/yoast.com\/product\/yoast-seo-wordpress\/ -->\n<title>Warum STOA? - STOA169<\/title>\n<meta name=\"robots\" content=\"index, follow, max-snippet:-1, max-image-preview:large, max-video-preview:-1\" \/>\n<link rel=\"canonical\" href=\"https:\/\/stoa169.com\/de\/willkommen-bei-der-stoa169-stiftung\/idee\/warum-stoa\/\" \/>\n<meta property=\"og:locale\" content=\"de_DE\" \/>\n<meta property=\"og:type\" content=\"article\" \/>\n<meta property=\"og:title\" content=\"Warum STOA? - STOA169\" \/>\n<meta property=\"og:description\" content=\"STOA? 169? Dr. Gerald Meier\u00a0 Dass sich die Stoa169 ein Vorbild in der griechischen Antike entlehnt, setzt einen hohen Anspruch an das gesamte Projekt. Denn was vor rund 2000 Jahren als Erfolgsmodell unter dem Dach einer S\u00e4ulenhalle als bedeutender Ort des Denkens in die Geistes-Geschichte einging, soll in eine bedeutende Wandelhalle unserer Tage \u00fcbertragen werden. [...]Weiterlesen\u00a0\u2026 from Warum STOA?\" \/>\n<meta property=\"og:url\" content=\"https:\/\/stoa169.com\/de\/willkommen-bei-der-stoa169-stiftung\/idee\/warum-stoa\/\" \/>\n<meta property=\"og:site_name\" content=\"STOA169\" \/>\n<meta property=\"article:publisher\" content=\"https:\/\/www.facebook.com\/stoa169stiftung\/\" \/>\n<meta property=\"article:modified_time\" content=\"2023-03-24T12:20:04+00:00\" \/>\n<meta property=\"og:image\" content=\"https:\/\/stoa169.com\/wp-content\/uploads\/2023\/08\/STOA169-Saeulenhalle-Columns-Hall-Polling_1200x630.png\" \/>\n\t<meta property=\"og:image:width\" content=\"1200\" \/>\n\t<meta property=\"og:image:height\" content=\"630\" \/>\n\t<meta property=\"og:image:type\" content=\"image\/png\" \/>\n<meta name=\"twitter:card\" content=\"summary_large_image\" \/>\n<meta name=\"twitter:label1\" content=\"Gesch\u00e4tzte Lesezeit\" \/>\n\t<meta name=\"twitter:data1\" content=\"4\u00a0Minuten\" \/>\n<script type=\"application\/ld+json\" class=\"yoast-schema-graph\">{\"@context\":\"https:\\\/\\\/schema.org\",\"@graph\":[{\"@type\":\"WebPage\",\"@id\":\"https:\\\/\\\/stoa169.com\\\/de\\\/willkommen-bei-der-stoa169-stiftung\\\/idee\\\/warum-stoa\\\/\",\"url\":\"https:\\\/\\\/stoa169.com\\\/de\\\/willkommen-bei-der-stoa169-stiftung\\\/idee\\\/warum-stoa\\\/\",\"name\":\"Warum STOA? - STOA169\",\"isPartOf\":{\"@id\":\"https:\\\/\\\/stoa169.com\\\/de\\\/#website\"},\"datePublished\":\"2020-01-16T11:42:41+00:00\",\"dateModified\":\"2023-03-24T12:20:04+00:00\",\"breadcrumb\":{\"@id\":\"https:\\\/\\\/stoa169.com\\\/de\\\/willkommen-bei-der-stoa169-stiftung\\\/idee\\\/warum-stoa\\\/#breadcrumb\"},\"inLanguage\":\"de\",\"potentialAction\":[{\"@type\":\"ReadAction\",\"target\":[\"https:\\\/\\\/stoa169.com\\\/de\\\/willkommen-bei-der-stoa169-stiftung\\\/idee\\\/warum-stoa\\\/\"]}]},{\"@type\":\"BreadcrumbList\",\"@id\":\"https:\\\/\\\/stoa169.com\\\/de\\\/willkommen-bei-der-stoa169-stiftung\\\/idee\\\/warum-stoa\\\/#breadcrumb\",\"itemListElement\":[{\"@type\":\"ListItem\",\"position\":1,\"name\":\"Startseite\",\"item\":\"https:\\\/\\\/stoa169.com\\\/de\\\/\"},{\"@type\":\"ListItem\",\"position\":2,\"name\":\"Willkommen bei der STOA169 Stiftung\",\"item\":\"https:\\\/\\\/stoa169.com\\\/de\\\/willkommen-bei-der-stoa169-stiftung\\\/\"},{\"@type\":\"ListItem\",\"position\":3,\"name\":\"Die Idee einer K\u00fcnstlers\u00e4ulenhalle in Polling\",\"item\":\"https:\\\/\\\/stoa169.com\\\/de\\\/willkommen-bei-der-stoa169-stiftung\\\/idee\\\/\"},{\"@type\":\"ListItem\",\"position\":4,\"name\":\"Warum STOA?\"}]},{\"@type\":\"WebSite\",\"@id\":\"https:\\\/\\\/stoa169.com\\\/de\\\/#website\",\"url\":\"https:\\\/\\\/stoa169.com\\\/de\\\/\",\"name\":\"STOA169\",\"description\":\"Die K\u00fcnstlers\u00e4ulenhalle in Polling\",\"publisher\":{\"@id\":\"https:\\\/\\\/stoa169.com\\\/de\\\/#organization\"},\"potentialAction\":[{\"@type\":\"SearchAction\",\"target\":{\"@type\":\"EntryPoint\",\"urlTemplate\":\"https:\\\/\\\/stoa169.com\\\/de\\\/?s={search_term_string}\"},\"query-input\":{\"@type\":\"PropertyValueSpecification\",\"valueRequired\":true,\"valueName\":\"search_term_string\"}}],\"inLanguage\":\"de\"},{\"@type\":\"Organization\",\"@id\":\"https:\\\/\\\/stoa169.com\\\/de\\\/#organization\",\"name\":\"STOA169\",\"url\":\"https:\\\/\\\/stoa169.com\\\/de\\\/\",\"logo\":{\"@type\":\"ImageObject\",\"inLanguage\":\"de\",\"@id\":\"https:\\\/\\\/stoa169.com\\\/de\\\/#\\\/schema\\\/logo\\\/image\\\/\",\"url\":\"https:\\\/\\\/stoa169.com\\\/wp-content\\\/uploads\\\/2023\\\/08\\\/STOA169-Logo_kurz.png\",\"contentUrl\":\"https:\\\/\\\/stoa169.com\\\/wp-content\\\/uploads\\\/2023\\\/08\\\/STOA169-Logo_kurz.png\",\"width\":630,\"height\":630,\"caption\":\"STOA169\"},\"image\":{\"@id\":\"https:\\\/\\\/stoa169.com\\\/de\\\/#\\\/schema\\\/logo\\\/image\\\/\"},\"sameAs\":[\"https:\\\/\\\/www.facebook.com\\\/stoa169stiftung\\\/\",\"https:\\\/\\\/www.instagram.com\\\/stoa169stiftung\\\/\"]}]}<\/script>\n<!-- \/ Yoast SEO plugin. -->","yoast_head_json":{"title":"Warum STOA? - STOA169","robots":{"index":"index","follow":"follow","max-snippet":"max-snippet:-1","max-image-preview":"max-image-preview:large","max-video-preview":"max-video-preview:-1"},"canonical":"https:\/\/stoa169.com\/de\/willkommen-bei-der-stoa169-stiftung\/idee\/warum-stoa\/","og_locale":"de_DE","og_type":"article","og_title":"Warum STOA? - STOA169","og_description":"STOA? 169? Dr. Gerald Meier\u00a0 Dass sich die Stoa169 ein Vorbild in der griechischen Antike entlehnt, setzt einen hohen Anspruch an das gesamte Projekt. Denn was vor rund 2000 Jahren als Erfolgsmodell unter dem Dach einer S\u00e4ulenhalle als bedeutender Ort des Denkens in die Geistes-Geschichte einging, soll in eine bedeutende Wandelhalle unserer Tage \u00fcbertragen werden. [...]Weiterlesen\u00a0\u2026 from Warum STOA?","og_url":"https:\/\/stoa169.com\/de\/willkommen-bei-der-stoa169-stiftung\/idee\/warum-stoa\/","og_site_name":"STOA169","article_publisher":"https:\/\/www.facebook.com\/stoa169stiftung\/","article_modified_time":"2023-03-24T12:20:04+00:00","og_image":[{"width":1200,"height":630,"url":"https:\/\/stoa169.com\/wp-content\/uploads\/2023\/08\/STOA169-Saeulenhalle-Columns-Hall-Polling_1200x630.png","type":"image\/png"}],"twitter_card":"summary_large_image","twitter_misc":{"Gesch\u00e4tzte Lesezeit":"4\u00a0Minuten"},"schema":{"@context":"https:\/\/schema.org","@graph":[{"@type":"WebPage","@id":"https:\/\/stoa169.com\/de\/willkommen-bei-der-stoa169-stiftung\/idee\/warum-stoa\/","url":"https:\/\/stoa169.com\/de\/willkommen-bei-der-stoa169-stiftung\/idee\/warum-stoa\/","name":"Warum STOA? - STOA169","isPartOf":{"@id":"https:\/\/stoa169.com\/de\/#website"},"datePublished":"2020-01-16T11:42:41+00:00","dateModified":"2023-03-24T12:20:04+00:00","breadcrumb":{"@id":"https:\/\/stoa169.com\/de\/willkommen-bei-der-stoa169-stiftung\/idee\/warum-stoa\/#breadcrumb"},"inLanguage":"de","potentialAction":[{"@type":"ReadAction","target":["https:\/\/stoa169.com\/de\/willkommen-bei-der-stoa169-stiftung\/idee\/warum-stoa\/"]}]},{"@type":"BreadcrumbList","@id":"https:\/\/stoa169.com\/de\/willkommen-bei-der-stoa169-stiftung\/idee\/warum-stoa\/#breadcrumb","itemListElement":[{"@type":"ListItem","position":1,"name":"Startseite","item":"https:\/\/stoa169.com\/de\/"},{"@type":"ListItem","position":2,"name":"Willkommen bei der STOA169 Stiftung","item":"https:\/\/stoa169.com\/de\/willkommen-bei-der-stoa169-stiftung\/"},{"@type":"ListItem","position":3,"name":"Die Idee einer K\u00fcnstlers\u00e4ulenhalle in Polling","item":"https:\/\/stoa169.com\/de\/willkommen-bei-der-stoa169-stiftung\/idee\/"},{"@type":"ListItem","position":4,"name":"Warum STOA?"}]},{"@type":"WebSite","@id":"https:\/\/stoa169.com\/de\/#website","url":"https:\/\/stoa169.com\/de\/","name":"STOA169","description":"Die K\u00fcnstlers\u00e4ulenhalle in Polling","publisher":{"@id":"https:\/\/stoa169.com\/de\/#organization"},"potentialAction":[{"@type":"SearchAction","target":{"@type":"EntryPoint","urlTemplate":"https:\/\/stoa169.com\/de\/?s={search_term_string}"},"query-input":{"@type":"PropertyValueSpecification","valueRequired":true,"valueName":"search_term_string"}}],"inLanguage":"de"},{"@type":"Organization","@id":"https:\/\/stoa169.com\/de\/#organization","name":"STOA169","url":"https:\/\/stoa169.com\/de\/","logo":{"@type":"ImageObject","inLanguage":"de","@id":"https:\/\/stoa169.com\/de\/#\/schema\/logo\/image\/","url":"https:\/\/stoa169.com\/wp-content\/uploads\/2023\/08\/STOA169-Logo_kurz.png","contentUrl":"https:\/\/stoa169.com\/wp-content\/uploads\/2023\/08\/STOA169-Logo_kurz.png","width":630,"height":630,"caption":"STOA169"},"image":{"@id":"https:\/\/stoa169.com\/de\/#\/schema\/logo\/image\/"},"sameAs":["https:\/\/www.facebook.com\/stoa169stiftung\/","https:\/\/www.instagram.com\/stoa169stiftung\/"]}]}},"_links":{"self":[{"href":"https:\/\/stoa169.com\/de\/wp-json\/wp\/v2\/pages\/3323","targetHints":{"allow":["GET"]}}],"collection":[{"href":"https:\/\/stoa169.com\/de\/wp-json\/wp\/v2\/pages"}],"about":[{"href":"https:\/\/stoa169.com\/de\/wp-json\/wp\/v2\/types\/page"}],"author":[{"embeddable":true,"href":"https:\/\/stoa169.com\/de\/wp-json\/wp\/v2\/users\/4"}],"replies":[{"embeddable":true,"href":"https:\/\/stoa169.com\/de\/wp-json\/wp\/v2\/comments?post=3323"}],"version-history":[{"count":0,"href":"https:\/\/stoa169.com\/de\/wp-json\/wp\/v2\/pages\/3323\/revisions"}],"up":[{"embeddable":true,"href":"https:\/\/stoa169.com\/de\/wp-json\/wp\/v2\/pages\/106"}],"wp:attachment":[{"href":"https:\/\/stoa169.com\/de\/wp-json\/wp\/v2\/media?parent=3323"}],"curies":[{"name":"wp","href":"https:\/\/api.w.org\/{rel}","templated":true}]}}