{"id":317,"date":"2019-07-25T16:23:54","date_gmt":"2019-07-25T14:23:54","guid":{"rendered":"https:\/\/stoa169.com\/?page_id=317"},"modified":"2025-07-07T16:44:55","modified_gmt":"2025-07-07T14:44:55","slug":"friedenshalle-der-kuenstler","status":"publish","type":"page","link":"https:\/\/stoa169.com\/de\/willkommen-bei-der-stoa169-stiftung\/idee\/friedenshalle-der-kuenstler\/","title":{"rendered":"Friedenshalle der K\u00fcnstler"},"content":{"rendered":"\t\t<div data-elementor-type=\"wp-post\" data-elementor-id=\"317\" class=\"elementor elementor-317\">\n\t\t\t\t\t\t<section class=\"elementor-section elementor-top-section elementor-element elementor-element-eeea1b1 elementor-section-boxed elementor-section-height-default elementor-section-height-default\" data-id=\"eeea1b1\" data-element_type=\"section\" data-e-type=\"section\">\n\t\t\t\t\t\t<div class=\"elementor-container elementor-column-gap-no\">\n\t\t\t\t\t<div class=\"elementor-column elementor-col-100 elementor-top-column elementor-element elementor-element-73fef6a\" data-id=\"73fef6a\" data-element_type=\"column\" data-e-type=\"column\">\n\t\t\t<div class=\"elementor-widget-wrap elementor-element-populated\">\n\t\t\t\t\t\t<div class=\"elementor-element elementor-element-88703a2 elementor-widget elementor-widget-text-editor\" data-id=\"88703a2\" data-element_type=\"widget\" data-e-type=\"widget\" data-widget_type=\"text-editor.default\">\n\t\t\t\t<div class=\"elementor-widget-container\">\n\t\t\t\t\t\t\t\t\t<h2>Friedenshalle der K\u00fcnstler<\/h2><p>Helmut Maur\u00f3<\/p><p>Die Abwesenheit von Krieg ist nur ein Waffenstillstand. Wirklicher Friede ist eine tiefe Auss\u00f6hnung mit der Welt, ein freier Atem im offenen Raum. In der Balance von Schutz und Freiheit, Offenheit und Begrenztheit, Vertrautheit und \u00dcberraschung. In solchen Schwebezust\u00e4nden, an solchen Grenzorten entsteht jener Friede, der pers\u00f6nliche Gefasstheit in ein umfassendes Gl\u00fccksgef\u00fchl transzendiert. Auch der Grenzbereich von Natur und Zivilisation ist so ein Gl\u00fccksort. Der gez\u00e4hmte Wald steht daf\u00fcr, verschafft Menschen einen Zustand des Friedens, der Besch\u00fctztheit und Geborgenheit in einem gr\u00f6\u00dferen Ganzen.<\/p><p>Eine der \u00e4ltesten Bauformen scheint beinahe unmittelbar aus der Architektur des Waldes hervorzugehen: die frei stehende S\u00e4ulenhalle, die antike Stoa. Sie symbolisiert nicht nur die Grenze von Natur und Zivilisation, sie erm\u00f6glicht auch dieses transzendentale Grenzerlebnis. Sie ist immer ein \u00f6ffentlicher Raum und ein aufwendiges und im Verh\u00e4ltnis dazu doch wenig n\u00fctzliches Geb\u00e4ude. Sie sch\u00fctzt vor Sonne und Regen, aber darin wohnen kann man nicht.<\/p><p>Das Konzept der S\u00e4ulenhalle zielt nicht auf konventionelle Nutzbarkeit, es richtet sich nicht auf einen allt\u00e4glichen Nutzen, sondern auf einen allgemeinen spirituellen Vorteil. Und so hat sich die Stoa durch die Jahrhunderte in den verschiedensten Religionen manifestiert, vom antiken Tempel bis in die christlichen Kathedralen. Dar\u00fcber hinaus lebt sie in den Domen der Moderne weiter, in Industriehallen und Untergrundbahnh\u00f6fen. In den Markthallen des Verkehrs, der Produktion und des Handels aber verliert die S\u00e4ulenhalle ihre spirituelle Kraft, denn die neuen Nutzer haben die heilige Halle zum Funktionsbau herabgestuft. Die Urgewalt des Ortes, die in der Stoa geb\u00fcndelt wirkt, setzt die Leere des Ortes voraus.<\/p><p>Die konkrete Offenheit des Geb\u00e4udes wie auch die Erwartungslosigkeit dessen, der Besinnung sucht. Insofern lebt die Stoa als kontemplatives Zentrum in jedem spirituell gepr\u00e4gten Menschen fort, in jedem K\u00fcnstler, in jedem Kunstwerk. Das Kunstwerk, das in die Zukunft gerichtet ist, mit dem Jahrtausende alten architektonischen Ged\u00e4chtnis der Stoa zu synchronisieren, das ist Friedensanstrengung und spiritueller Lohn. Wenn die gro\u00dfen K\u00fcnstler unserer Zeit solch eine S\u00e4ulenhalle gestalten, dann pflanzen sie damit nicht nur B\u00e4ume des Friedens und der Vers\u00f6hnung der V\u00f6lker, sondern sie teilen diesen Frieden mit jedem, der sich diesem Ort schieren Menschseins n\u00e4hert.<\/p>\t\t\t\t\t\t\t\t<\/div>\n\t\t\t\t<\/div>\n\t\t\t\t\t<\/div>\n\t\t<\/div>\n\t\t\t\t\t<\/div>\n\t\t<\/section>\n\t\t\t\t<\/div>\n\t\t","protected":false},"excerpt":{"rendered":"<p>Friedenshalle der K\u00fcnstler Helmut Maur\u00f3 Die Abwesenheit von Krieg ist nur ein Waffenstillstand. Wirklicher Friede ist eine tiefe Auss\u00f6hnung mit der Welt, ein freier Atem im offenen Raum. In der Balance von Schutz und Freiheit, Offenheit und Begrenztheit, Vertrautheit und \u00dcberraschung. In solchen Schwebezust\u00e4nden, an solchen Grenzorten entsteht jener Friede, der pers\u00f6nliche Gefasstheit in ein [&#8230;]<\/p>\n<p><a class=\"btn btn-secondary understrap-read-more-link\" href=\"https:\/\/stoa169.com\/de\/willkommen-bei-der-stoa169-stiftung\/idee\/friedenshalle-der-kuenstler\/\">Weiterlesen\u00a0\u2026<span class=\"screen-reader-text\"> from Friedenshalle der K\u00fcnstler<\/span><\/a><\/p>\n","protected":false},"author":6,"featured_media":0,"parent":106,"menu_order":0,"comment_status":"closed","ping_status":"closed","template":"elementor_header_footer","meta":{"_acf_changed":false,"footnotes":""},"class_list":["post-317","page","type-page","status-publish","hentry"],"acf":[],"yoast_head":"<!-- This site is optimized with the Yoast SEO plugin v27.3 - https:\/\/yoast.com\/product\/yoast-seo-wordpress\/ -->\n<title>Friedenshalle der K\u00fcnstler - STOA169<\/title>\n<meta name=\"robots\" content=\"index, follow, max-snippet:-1, max-image-preview:large, max-video-preview:-1\" \/>\n<link rel=\"canonical\" href=\"https:\/\/stoa169.com\/de\/willkommen-bei-der-stoa169-stiftung\/idee\/friedenshalle-der-kuenstler\/\" \/>\n<meta property=\"og:locale\" content=\"de_DE\" \/>\n<meta property=\"og:type\" content=\"article\" \/>\n<meta property=\"og:title\" content=\"Friedenshalle der K\u00fcnstler - STOA169\" \/>\n<meta property=\"og:description\" content=\"Friedenshalle der K\u00fcnstler Helmut Maur\u00f3 Die Abwesenheit von Krieg ist nur ein Waffenstillstand. Wirklicher Friede ist eine tiefe Auss\u00f6hnung mit der Welt, ein freier Atem im offenen Raum. In der Balance von Schutz und Freiheit, Offenheit und Begrenztheit, Vertrautheit und \u00dcberraschung. In solchen Schwebezust\u00e4nden, an solchen Grenzorten entsteht jener Friede, der pers\u00f6nliche Gefasstheit in ein [...]Weiterlesen\u00a0\u2026 from Friedenshalle der K\u00fcnstler\" \/>\n<meta property=\"og:url\" content=\"https:\/\/stoa169.com\/de\/willkommen-bei-der-stoa169-stiftung\/idee\/friedenshalle-der-kuenstler\/\" \/>\n<meta property=\"og:site_name\" content=\"STOA169\" \/>\n<meta property=\"article:publisher\" content=\"https:\/\/www.facebook.com\/stoa169stiftung\/\" \/>\n<meta property=\"article:modified_time\" content=\"2025-07-07T14:44:55+00:00\" \/>\n<meta property=\"og:image\" content=\"https:\/\/stoa169.com\/wp-content\/uploads\/2023\/08\/STOA169-Saeulenhalle-Columns-Hall-Polling_1200x630.png\" \/>\n\t<meta property=\"og:image:width\" content=\"1200\" \/>\n\t<meta property=\"og:image:height\" content=\"630\" \/>\n\t<meta property=\"og:image:type\" content=\"image\/png\" \/>\n<meta name=\"twitter:card\" content=\"summary_large_image\" \/>\n<meta name=\"twitter:label1\" content=\"Gesch\u00e4tzte Lesezeit\" \/>\n\t<meta name=\"twitter:data1\" content=\"2\u00a0Minuten\" \/>\n<script type=\"application\/ld+json\" class=\"yoast-schema-graph\">{\"@context\":\"https:\\\/\\\/schema.org\",\"@graph\":[{\"@type\":\"WebPage\",\"@id\":\"https:\\\/\\\/stoa169.com\\\/de\\\/willkommen-bei-der-stoa169-stiftung\\\/idee\\\/friedenshalle-der-kuenstler\\\/\",\"url\":\"https:\\\/\\\/stoa169.com\\\/de\\\/willkommen-bei-der-stoa169-stiftung\\\/idee\\\/friedenshalle-der-kuenstler\\\/\",\"name\":\"Friedenshalle der K\u00fcnstler - STOA169\",\"isPartOf\":{\"@id\":\"https:\\\/\\\/stoa169.com\\\/de\\\/#website\"},\"datePublished\":\"2019-07-25T14:23:54+00:00\",\"dateModified\":\"2025-07-07T14:44:55+00:00\",\"breadcrumb\":{\"@id\":\"https:\\\/\\\/stoa169.com\\\/de\\\/willkommen-bei-der-stoa169-stiftung\\\/idee\\\/friedenshalle-der-kuenstler\\\/#breadcrumb\"},\"inLanguage\":\"de\",\"potentialAction\":[{\"@type\":\"ReadAction\",\"target\":[\"https:\\\/\\\/stoa169.com\\\/de\\\/willkommen-bei-der-stoa169-stiftung\\\/idee\\\/friedenshalle-der-kuenstler\\\/\"]}]},{\"@type\":\"BreadcrumbList\",\"@id\":\"https:\\\/\\\/stoa169.com\\\/de\\\/willkommen-bei-der-stoa169-stiftung\\\/idee\\\/friedenshalle-der-kuenstler\\\/#breadcrumb\",\"itemListElement\":[{\"@type\":\"ListItem\",\"position\":1,\"name\":\"Startseite\",\"item\":\"https:\\\/\\\/stoa169.com\\\/de\\\/\"},{\"@type\":\"ListItem\",\"position\":2,\"name\":\"Willkommen bei der STOA169 Stiftung\",\"item\":\"https:\\\/\\\/stoa169.com\\\/de\\\/willkommen-bei-der-stoa169-stiftung\\\/\"},{\"@type\":\"ListItem\",\"position\":3,\"name\":\"Die Idee einer K\u00fcnstlers\u00e4ulenhalle in Polling\",\"item\":\"https:\\\/\\\/stoa169.com\\\/de\\\/willkommen-bei-der-stoa169-stiftung\\\/idee\\\/\"},{\"@type\":\"ListItem\",\"position\":4,\"name\":\"Friedenshalle der K\u00fcnstler\"}]},{\"@type\":\"WebSite\",\"@id\":\"https:\\\/\\\/stoa169.com\\\/de\\\/#website\",\"url\":\"https:\\\/\\\/stoa169.com\\\/de\\\/\",\"name\":\"STOA169\",\"description\":\"Die K\u00fcnstlers\u00e4ulenhalle in Polling\",\"publisher\":{\"@id\":\"https:\\\/\\\/stoa169.com\\\/de\\\/#organization\"},\"potentialAction\":[{\"@type\":\"SearchAction\",\"target\":{\"@type\":\"EntryPoint\",\"urlTemplate\":\"https:\\\/\\\/stoa169.com\\\/de\\\/?s={search_term_string}\"},\"query-input\":{\"@type\":\"PropertyValueSpecification\",\"valueRequired\":true,\"valueName\":\"search_term_string\"}}],\"inLanguage\":\"de\"},{\"@type\":\"Organization\",\"@id\":\"https:\\\/\\\/stoa169.com\\\/de\\\/#organization\",\"name\":\"STOA169\",\"url\":\"https:\\\/\\\/stoa169.com\\\/de\\\/\",\"logo\":{\"@type\":\"ImageObject\",\"inLanguage\":\"de\",\"@id\":\"https:\\\/\\\/stoa169.com\\\/de\\\/#\\\/schema\\\/logo\\\/image\\\/\",\"url\":\"https:\\\/\\\/stoa169.com\\\/wp-content\\\/uploads\\\/2023\\\/08\\\/STOA169-Logo_kurz.png\",\"contentUrl\":\"https:\\\/\\\/stoa169.com\\\/wp-content\\\/uploads\\\/2023\\\/08\\\/STOA169-Logo_kurz.png\",\"width\":630,\"height\":630,\"caption\":\"STOA169\"},\"image\":{\"@id\":\"https:\\\/\\\/stoa169.com\\\/de\\\/#\\\/schema\\\/logo\\\/image\\\/\"},\"sameAs\":[\"https:\\\/\\\/www.facebook.com\\\/stoa169stiftung\\\/\",\"https:\\\/\\\/www.instagram.com\\\/stoa169stiftung\\\/\"]}]}<\/script>\n<!-- \/ Yoast SEO plugin. -->","yoast_head_json":{"title":"Friedenshalle der K\u00fcnstler - STOA169","robots":{"index":"index","follow":"follow","max-snippet":"max-snippet:-1","max-image-preview":"max-image-preview:large","max-video-preview":"max-video-preview:-1"},"canonical":"https:\/\/stoa169.com\/de\/willkommen-bei-der-stoa169-stiftung\/idee\/friedenshalle-der-kuenstler\/","og_locale":"de_DE","og_type":"article","og_title":"Friedenshalle der K\u00fcnstler - STOA169","og_description":"Friedenshalle der K\u00fcnstler Helmut Maur\u00f3 Die Abwesenheit von Krieg ist nur ein Waffenstillstand. Wirklicher Friede ist eine tiefe Auss\u00f6hnung mit der Welt, ein freier Atem im offenen Raum. In der Balance von Schutz und Freiheit, Offenheit und Begrenztheit, Vertrautheit und \u00dcberraschung. In solchen Schwebezust\u00e4nden, an solchen Grenzorten entsteht jener Friede, der pers\u00f6nliche Gefasstheit in ein [...]Weiterlesen\u00a0\u2026 from Friedenshalle der K\u00fcnstler","og_url":"https:\/\/stoa169.com\/de\/willkommen-bei-der-stoa169-stiftung\/idee\/friedenshalle-der-kuenstler\/","og_site_name":"STOA169","article_publisher":"https:\/\/www.facebook.com\/stoa169stiftung\/","article_modified_time":"2025-07-07T14:44:55+00:00","og_image":[{"width":1200,"height":630,"url":"https:\/\/stoa169.com\/wp-content\/uploads\/2023\/08\/STOA169-Saeulenhalle-Columns-Hall-Polling_1200x630.png","type":"image\/png"}],"twitter_card":"summary_large_image","twitter_misc":{"Gesch\u00e4tzte Lesezeit":"2\u00a0Minuten"},"schema":{"@context":"https:\/\/schema.org","@graph":[{"@type":"WebPage","@id":"https:\/\/stoa169.com\/de\/willkommen-bei-der-stoa169-stiftung\/idee\/friedenshalle-der-kuenstler\/","url":"https:\/\/stoa169.com\/de\/willkommen-bei-der-stoa169-stiftung\/idee\/friedenshalle-der-kuenstler\/","name":"Friedenshalle der K\u00fcnstler - STOA169","isPartOf":{"@id":"https:\/\/stoa169.com\/de\/#website"},"datePublished":"2019-07-25T14:23:54+00:00","dateModified":"2025-07-07T14:44:55+00:00","breadcrumb":{"@id":"https:\/\/stoa169.com\/de\/willkommen-bei-der-stoa169-stiftung\/idee\/friedenshalle-der-kuenstler\/#breadcrumb"},"inLanguage":"de","potentialAction":[{"@type":"ReadAction","target":["https:\/\/stoa169.com\/de\/willkommen-bei-der-stoa169-stiftung\/idee\/friedenshalle-der-kuenstler\/"]}]},{"@type":"BreadcrumbList","@id":"https:\/\/stoa169.com\/de\/willkommen-bei-der-stoa169-stiftung\/idee\/friedenshalle-der-kuenstler\/#breadcrumb","itemListElement":[{"@type":"ListItem","position":1,"name":"Startseite","item":"https:\/\/stoa169.com\/de\/"},{"@type":"ListItem","position":2,"name":"Willkommen bei der STOA169 Stiftung","item":"https:\/\/stoa169.com\/de\/willkommen-bei-der-stoa169-stiftung\/"},{"@type":"ListItem","position":3,"name":"Die Idee einer K\u00fcnstlers\u00e4ulenhalle in Polling","item":"https:\/\/stoa169.com\/de\/willkommen-bei-der-stoa169-stiftung\/idee\/"},{"@type":"ListItem","position":4,"name":"Friedenshalle der K\u00fcnstler"}]},{"@type":"WebSite","@id":"https:\/\/stoa169.com\/de\/#website","url":"https:\/\/stoa169.com\/de\/","name":"STOA169","description":"Die K\u00fcnstlers\u00e4ulenhalle in Polling","publisher":{"@id":"https:\/\/stoa169.com\/de\/#organization"},"potentialAction":[{"@type":"SearchAction","target":{"@type":"EntryPoint","urlTemplate":"https:\/\/stoa169.com\/de\/?s={search_term_string}"},"query-input":{"@type":"PropertyValueSpecification","valueRequired":true,"valueName":"search_term_string"}}],"inLanguage":"de"},{"@type":"Organization","@id":"https:\/\/stoa169.com\/de\/#organization","name":"STOA169","url":"https:\/\/stoa169.com\/de\/","logo":{"@type":"ImageObject","inLanguage":"de","@id":"https:\/\/stoa169.com\/de\/#\/schema\/logo\/image\/","url":"https:\/\/stoa169.com\/wp-content\/uploads\/2023\/08\/STOA169-Logo_kurz.png","contentUrl":"https:\/\/stoa169.com\/wp-content\/uploads\/2023\/08\/STOA169-Logo_kurz.png","width":630,"height":630,"caption":"STOA169"},"image":{"@id":"https:\/\/stoa169.com\/de\/#\/schema\/logo\/image\/"},"sameAs":["https:\/\/www.facebook.com\/stoa169stiftung\/","https:\/\/www.instagram.com\/stoa169stiftung\/"]}]}},"_links":{"self":[{"href":"https:\/\/stoa169.com\/de\/wp-json\/wp\/v2\/pages\/317","targetHints":{"allow":["GET"]}}],"collection":[{"href":"https:\/\/stoa169.com\/de\/wp-json\/wp\/v2\/pages"}],"about":[{"href":"https:\/\/stoa169.com\/de\/wp-json\/wp\/v2\/types\/page"}],"author":[{"embeddable":true,"href":"https:\/\/stoa169.com\/de\/wp-json\/wp\/v2\/users\/6"}],"replies":[{"embeddable":true,"href":"https:\/\/stoa169.com\/de\/wp-json\/wp\/v2\/comments?post=317"}],"version-history":[{"count":1,"href":"https:\/\/stoa169.com\/de\/wp-json\/wp\/v2\/pages\/317\/revisions"}],"predecessor-version":[{"id":13042,"href":"https:\/\/stoa169.com\/de\/wp-json\/wp\/v2\/pages\/317\/revisions\/13042"}],"up":[{"embeddable":true,"href":"https:\/\/stoa169.com\/de\/wp-json\/wp\/v2\/pages\/106"}],"wp:attachment":[{"href":"https:\/\/stoa169.com\/de\/wp-json\/wp\/v2\/media?parent=317"}],"curies":[{"name":"wp","href":"https:\/\/api.w.org\/{rel}","templated":true}]}}