{"id":313,"date":"2019-07-25T16:21:36","date_gmt":"2019-07-25T14:21:36","guid":{"rendered":"https:\/\/stoa169.com\/?page_id=313"},"modified":"2023-03-05T23:24:38","modified_gmt":"2023-03-05T22:24:38","slug":"stoa169","status":"publish","type":"page","link":"https:\/\/stoa169.com\/de\/willkommen-bei-der-stoa169-stiftung\/idee\/stoa169\/","title":{"rendered":"STOA169"},"content":{"rendered":"\t\t<div data-elementor-type=\"wp-post\" data-elementor-id=\"313\" class=\"elementor elementor-313\">\n\t\t\t\t\t\t<section class=\"elementor-section elementor-top-section elementor-element elementor-element-1f03411 elementor-section-boxed elementor-section-height-default elementor-section-height-default\" data-id=\"1f03411\" data-element_type=\"section\" data-e-type=\"section\">\n\t\t\t\t\t\t<div class=\"elementor-container elementor-column-gap-no\">\n\t\t\t\t\t<div class=\"elementor-column elementor-col-100 elementor-top-column elementor-element elementor-element-e7ef1b8\" data-id=\"e7ef1b8\" data-element_type=\"column\" data-e-type=\"column\">\n\t\t\t<div class=\"elementor-widget-wrap elementor-element-populated\">\n\t\t\t\t\t\t<div class=\"elementor-element elementor-element-dfb9377 elementor-widget elementor-widget-text-editor\" data-id=\"dfb9377\" data-element_type=\"widget\" data-e-type=\"widget\" data-widget_type=\"text-editor.default\">\n\t\t\t\t<div class=\"elementor-widget-container\">\n\t\t\t\t\t\t\t\t\t<h2>Die Idee STOA169<\/h2><div>Bernd Zimmer\u00a0<\/div><div>\u00a0<\/div><p>Im Winter 1989\/90 reiste ich zum ersten Mal nach Su\u0308dindien. Beeindruckt\u00a0von den Tempeln der Hindus und ihren Heiligtu\u0308mern, die tief im Innern\u00a0der ausgedehnten Tempelanlagen liegen, konzentrierte sich mein Interesse\u00a0mehr und mehr auf die R\u00e4ume davor, auf die S\u00e4ulenhallen, S\u00e4uleng\u00e4nge\u00a0und Wartehallen, die zum Allerheiligen im Zentrum fu\u0308hren. Die\u00a0Hallen dienen zur Meditation, aber auch dazu, die Pilger vor Regen und\u00a0Sonne zu schu\u0308tzen. Sie wurden aus 100 oder auch 1000 S\u00e4ulen errichtet\u00a0und dienten in Kriegszeiten nicht selten als Zufluchtsort. Auch heute werden\u00a0diese Hallen aufgesucht, um Ruhe zu finden, gemeinsam Mahlzeiten\u00a0einzunehmen oder zu meditieren, umgeben von den Stelen und S\u00e4ulen,\u00a0die ku\u0308nstlerisch individuell gestaltet sind. Sie erz\u00e4hlen in Stein gehauene\u00a0Geschichten der g\u00f6ttlichen Familie, von Schlachten, K\u00e4mpfen, von erotischem\u00a0Begehren und Liebe. Bereits w\u00e4hrend der Indienreise, vor mehr\u00a0als 30 Jahren, reifte in mir die Idee einer Ku\u0308nstlers\u00e4ulenhalle. In den 90erJahren entstanden konkrete Pl\u00e4ne, technische M\u00f6glichkeiten wurden er\u00f6rtert.\u00a0Als ich 2016 gemeinsam mit meiner Frau Nina nach Indiens reiste,\u00a0dr\u00e4ngte sich mein langj\u00e4hriger Wunsch, das Gro\u00dfprojekt einer\u00a0S\u00e4ulenhalle mit u\u0308ber hundert Ku\u0308nstlerinnen und Ku\u0308nstlern aus aller Welt\u00a0zu realisieren, erneut auf. Die Umsetzung sollte nicht l\u00e4nger aufgeschoben\u00a0werden. In Zeiten von Kriegen und Hungersn\u00f6ten, von Vertriebenen\u00a0und Geflu\u0308chteten, war und ist es mir ein besonderes Anliegen, mit diesem\u00a0Ku\u0308nstlerprojekt ein Zeichen fu\u0308r internationale Solidarit\u00e4t und Frieden zu\u00a0setzen. Eine Halle, getragen von u\u0308ber hundert individuell gestalteten S\u00e4ulen,\u00a0geschaffen von Ku\u0308nstlerinnen und Ku\u0308nstlern aller Kontinente, wird\u00a0zum Zeichen von Grenzenlosigkeit, friedlicher Koexistenz und der Achtung\u00a0der Freiheit des Anderen.<\/p><p>Die Diversit\u00e4t der k\u00fcnstlerischen Ausgestaltung, das Zusammenspiel von Farbe, Form und Material kreieren eine \u00fcberraschende, \u00fcberw\u00e4ltigende, zur Betrachtung und Vertiefung einladende Situation.\u00a0Das Nebeneinander unterschiedlicher Vorstellungen von Kunst \u2013 gedacht und erfahrbar in der schlichten Form einer S\u00e4ule oder Stele \u2013 zeugt in der STOA169 vom Denken der K\u00fcnstlerinnen und K\u00fcnstler sowie der bildenden Kunst unserer Welt. Es entsteht eine Insel des freien Diskurses<span style=\"font-family: Arial, sans-serif; font-size: 1rem;\">.<\/span><span style=\"font-family: Arial, sans-serif; font-size: 1rem;\">\u00a0<\/span><\/p>\t\t\t\t\t\t\t\t<\/div>\n\t\t\t\t<\/div>\n\t\t\t\t\t<\/div>\n\t\t<\/div>\n\t\t\t\t\t<\/div>\n\t\t<\/section>\n\t\t\t\t<\/div>\n\t\t","protected":false},"excerpt":{"rendered":"<p>Die Idee STOA169 Bernd Zimmer\u00a0\u00a0 Im Winter 1989\/90 reiste ich zum ersten Mal nach Su\u0308dindien. Beeindruckt\u00a0von den Tempeln der Hindus und ihren Heiligtu\u0308mern, die tief im Innern\u00a0der ausgedehnten Tempelanlagen liegen, konzentrierte sich mein Interesse\u00a0mehr und mehr auf die R\u00e4ume davor, auf die S\u00e4ulenhallen, S\u00e4uleng\u00e4nge\u00a0und Wartehallen, die zum Allerheiligen im Zentrum fu\u0308hren. Die\u00a0Hallen dienen zur Meditation, [&#8230;]<\/p>\n<p><a class=\"btn btn-secondary understrap-read-more-link\" href=\"https:\/\/stoa169.com\/de\/willkommen-bei-der-stoa169-stiftung\/idee\/stoa169\/\">Weiterlesen\u00a0\u2026<span class=\"screen-reader-text\"> from STOA169<\/span><\/a><\/p>\n","protected":false},"author":6,"featured_media":0,"parent":106,"menu_order":0,"comment_status":"closed","ping_status":"closed","template":"elementor_header_footer","meta":{"_acf_changed":false,"footnotes":""},"class_list":["post-313","page","type-page","status-publish","hentry"],"acf":[],"yoast_head":"<!-- This site is optimized with the Yoast SEO plugin v27.3 - https:\/\/yoast.com\/product\/yoast-seo-wordpress\/ -->\n<title>STOA169 - STOA169<\/title>\n<meta name=\"robots\" content=\"index, follow, max-snippet:-1, max-image-preview:large, max-video-preview:-1\" \/>\n<link rel=\"canonical\" href=\"https:\/\/stoa169.com\/de\/willkommen-bei-der-stoa169-stiftung\/idee\/stoa169\/\" \/>\n<meta property=\"og:locale\" content=\"de_DE\" \/>\n<meta property=\"og:type\" content=\"article\" \/>\n<meta property=\"og:title\" content=\"STOA169 - STOA169\" \/>\n<meta property=\"og:description\" content=\"Die Idee STOA169 Bernd Zimmer\u00a0\u00a0 Im Winter 1989\/90 reiste ich zum ersten Mal nach Su\u0308dindien. Beeindruckt\u00a0von den Tempeln der Hindus und ihren Heiligtu\u0308mern, die tief im Innern\u00a0der ausgedehnten Tempelanlagen liegen, konzentrierte sich mein Interesse\u00a0mehr und mehr auf die R\u00e4ume davor, auf die S\u00e4ulenhallen, S\u00e4uleng\u00e4nge\u00a0und Wartehallen, die zum Allerheiligen im Zentrum fu\u0308hren. Die\u00a0Hallen dienen zur Meditation, [...]Weiterlesen\u00a0\u2026 from STOA169\" \/>\n<meta property=\"og:url\" content=\"https:\/\/stoa169.com\/de\/willkommen-bei-der-stoa169-stiftung\/idee\/stoa169\/\" \/>\n<meta property=\"og:site_name\" content=\"STOA169\" \/>\n<meta property=\"article:publisher\" content=\"https:\/\/www.facebook.com\/stoa169stiftung\/\" \/>\n<meta property=\"article:modified_time\" content=\"2023-03-05T22:24:38+00:00\" \/>\n<meta property=\"og:image\" content=\"https:\/\/stoa169.com\/wp-content\/uploads\/2023\/08\/STOA169-Saeulenhalle-Columns-Hall-Polling_1200x630.png\" \/>\n\t<meta property=\"og:image:width\" content=\"1200\" \/>\n\t<meta property=\"og:image:height\" content=\"630\" \/>\n\t<meta property=\"og:image:type\" content=\"image\/png\" \/>\n<meta name=\"twitter:card\" content=\"summary_large_image\" \/>\n<meta name=\"twitter:label1\" content=\"Gesch\u00e4tzte Lesezeit\" \/>\n\t<meta name=\"twitter:data1\" content=\"2\u00a0Minuten\" \/>\n<script type=\"application\/ld+json\" class=\"yoast-schema-graph\">{\"@context\":\"https:\\\/\\\/schema.org\",\"@graph\":[{\"@type\":\"WebPage\",\"@id\":\"https:\\\/\\\/stoa169.com\\\/de\\\/willkommen-bei-der-stoa169-stiftung\\\/idee\\\/stoa169\\\/\",\"url\":\"https:\\\/\\\/stoa169.com\\\/de\\\/willkommen-bei-der-stoa169-stiftung\\\/idee\\\/stoa169\\\/\",\"name\":\"STOA169 - STOA169\",\"isPartOf\":{\"@id\":\"https:\\\/\\\/stoa169.com\\\/de\\\/#website\"},\"datePublished\":\"2019-07-25T14:21:36+00:00\",\"dateModified\":\"2023-03-05T22:24:38+00:00\",\"breadcrumb\":{\"@id\":\"https:\\\/\\\/stoa169.com\\\/de\\\/willkommen-bei-der-stoa169-stiftung\\\/idee\\\/stoa169\\\/#breadcrumb\"},\"inLanguage\":\"de\",\"potentialAction\":[{\"@type\":\"ReadAction\",\"target\":[\"https:\\\/\\\/stoa169.com\\\/de\\\/willkommen-bei-der-stoa169-stiftung\\\/idee\\\/stoa169\\\/\"]}]},{\"@type\":\"BreadcrumbList\",\"@id\":\"https:\\\/\\\/stoa169.com\\\/de\\\/willkommen-bei-der-stoa169-stiftung\\\/idee\\\/stoa169\\\/#breadcrumb\",\"itemListElement\":[{\"@type\":\"ListItem\",\"position\":1,\"name\":\"Startseite\",\"item\":\"https:\\\/\\\/stoa169.com\\\/de\\\/\"},{\"@type\":\"ListItem\",\"position\":2,\"name\":\"Willkommen bei der STOA169 Stiftung\",\"item\":\"https:\\\/\\\/stoa169.com\\\/de\\\/willkommen-bei-der-stoa169-stiftung\\\/\"},{\"@type\":\"ListItem\",\"position\":3,\"name\":\"Die Idee einer K\u00fcnstlers\u00e4ulenhalle in Polling\",\"item\":\"https:\\\/\\\/stoa169.com\\\/de\\\/willkommen-bei-der-stoa169-stiftung\\\/idee\\\/\"},{\"@type\":\"ListItem\",\"position\":4,\"name\":\"STOA169\"}]},{\"@type\":\"WebSite\",\"@id\":\"https:\\\/\\\/stoa169.com\\\/de\\\/#website\",\"url\":\"https:\\\/\\\/stoa169.com\\\/de\\\/\",\"name\":\"STOA169\",\"description\":\"Die K\u00fcnstlers\u00e4ulenhalle in Polling\",\"publisher\":{\"@id\":\"https:\\\/\\\/stoa169.com\\\/de\\\/#organization\"},\"potentialAction\":[{\"@type\":\"SearchAction\",\"target\":{\"@type\":\"EntryPoint\",\"urlTemplate\":\"https:\\\/\\\/stoa169.com\\\/de\\\/?s={search_term_string}\"},\"query-input\":{\"@type\":\"PropertyValueSpecification\",\"valueRequired\":true,\"valueName\":\"search_term_string\"}}],\"inLanguage\":\"de\"},{\"@type\":\"Organization\",\"@id\":\"https:\\\/\\\/stoa169.com\\\/de\\\/#organization\",\"name\":\"STOA169\",\"url\":\"https:\\\/\\\/stoa169.com\\\/de\\\/\",\"logo\":{\"@type\":\"ImageObject\",\"inLanguage\":\"de\",\"@id\":\"https:\\\/\\\/stoa169.com\\\/de\\\/#\\\/schema\\\/logo\\\/image\\\/\",\"url\":\"https:\\\/\\\/stoa169.com\\\/wp-content\\\/uploads\\\/2023\\\/08\\\/STOA169-Logo_kurz.png\",\"contentUrl\":\"https:\\\/\\\/stoa169.com\\\/wp-content\\\/uploads\\\/2023\\\/08\\\/STOA169-Logo_kurz.png\",\"width\":630,\"height\":630,\"caption\":\"STOA169\"},\"image\":{\"@id\":\"https:\\\/\\\/stoa169.com\\\/de\\\/#\\\/schema\\\/logo\\\/image\\\/\"},\"sameAs\":[\"https:\\\/\\\/www.facebook.com\\\/stoa169stiftung\\\/\",\"https:\\\/\\\/www.instagram.com\\\/stoa169stiftung\\\/\"]}]}<\/script>\n<!-- \/ Yoast SEO plugin. -->","yoast_head_json":{"title":"STOA169 - STOA169","robots":{"index":"index","follow":"follow","max-snippet":"max-snippet:-1","max-image-preview":"max-image-preview:large","max-video-preview":"max-video-preview:-1"},"canonical":"https:\/\/stoa169.com\/de\/willkommen-bei-der-stoa169-stiftung\/idee\/stoa169\/","og_locale":"de_DE","og_type":"article","og_title":"STOA169 - STOA169","og_description":"Die Idee STOA169 Bernd Zimmer\u00a0\u00a0 Im Winter 1989\/90 reiste ich zum ersten Mal nach Su\u0308dindien. Beeindruckt\u00a0von den Tempeln der Hindus und ihren Heiligtu\u0308mern, die tief im Innern\u00a0der ausgedehnten Tempelanlagen liegen, konzentrierte sich mein Interesse\u00a0mehr und mehr auf die R\u00e4ume davor, auf die S\u00e4ulenhallen, S\u00e4uleng\u00e4nge\u00a0und Wartehallen, die zum Allerheiligen im Zentrum fu\u0308hren. Die\u00a0Hallen dienen zur Meditation, [...]Weiterlesen\u00a0\u2026 from STOA169","og_url":"https:\/\/stoa169.com\/de\/willkommen-bei-der-stoa169-stiftung\/idee\/stoa169\/","og_site_name":"STOA169","article_publisher":"https:\/\/www.facebook.com\/stoa169stiftung\/","article_modified_time":"2023-03-05T22:24:38+00:00","og_image":[{"width":1200,"height":630,"url":"https:\/\/stoa169.com\/wp-content\/uploads\/2023\/08\/STOA169-Saeulenhalle-Columns-Hall-Polling_1200x630.png","type":"image\/png"}],"twitter_card":"summary_large_image","twitter_misc":{"Gesch\u00e4tzte Lesezeit":"2\u00a0Minuten"},"schema":{"@context":"https:\/\/schema.org","@graph":[{"@type":"WebPage","@id":"https:\/\/stoa169.com\/de\/willkommen-bei-der-stoa169-stiftung\/idee\/stoa169\/","url":"https:\/\/stoa169.com\/de\/willkommen-bei-der-stoa169-stiftung\/idee\/stoa169\/","name":"STOA169 - STOA169","isPartOf":{"@id":"https:\/\/stoa169.com\/de\/#website"},"datePublished":"2019-07-25T14:21:36+00:00","dateModified":"2023-03-05T22:24:38+00:00","breadcrumb":{"@id":"https:\/\/stoa169.com\/de\/willkommen-bei-der-stoa169-stiftung\/idee\/stoa169\/#breadcrumb"},"inLanguage":"de","potentialAction":[{"@type":"ReadAction","target":["https:\/\/stoa169.com\/de\/willkommen-bei-der-stoa169-stiftung\/idee\/stoa169\/"]}]},{"@type":"BreadcrumbList","@id":"https:\/\/stoa169.com\/de\/willkommen-bei-der-stoa169-stiftung\/idee\/stoa169\/#breadcrumb","itemListElement":[{"@type":"ListItem","position":1,"name":"Startseite","item":"https:\/\/stoa169.com\/de\/"},{"@type":"ListItem","position":2,"name":"Willkommen bei der STOA169 Stiftung","item":"https:\/\/stoa169.com\/de\/willkommen-bei-der-stoa169-stiftung\/"},{"@type":"ListItem","position":3,"name":"Die Idee einer K\u00fcnstlers\u00e4ulenhalle in Polling","item":"https:\/\/stoa169.com\/de\/willkommen-bei-der-stoa169-stiftung\/idee\/"},{"@type":"ListItem","position":4,"name":"STOA169"}]},{"@type":"WebSite","@id":"https:\/\/stoa169.com\/de\/#website","url":"https:\/\/stoa169.com\/de\/","name":"STOA169","description":"Die K\u00fcnstlers\u00e4ulenhalle in Polling","publisher":{"@id":"https:\/\/stoa169.com\/de\/#organization"},"potentialAction":[{"@type":"SearchAction","target":{"@type":"EntryPoint","urlTemplate":"https:\/\/stoa169.com\/de\/?s={search_term_string}"},"query-input":{"@type":"PropertyValueSpecification","valueRequired":true,"valueName":"search_term_string"}}],"inLanguage":"de"},{"@type":"Organization","@id":"https:\/\/stoa169.com\/de\/#organization","name":"STOA169","url":"https:\/\/stoa169.com\/de\/","logo":{"@type":"ImageObject","inLanguage":"de","@id":"https:\/\/stoa169.com\/de\/#\/schema\/logo\/image\/","url":"https:\/\/stoa169.com\/wp-content\/uploads\/2023\/08\/STOA169-Logo_kurz.png","contentUrl":"https:\/\/stoa169.com\/wp-content\/uploads\/2023\/08\/STOA169-Logo_kurz.png","width":630,"height":630,"caption":"STOA169"},"image":{"@id":"https:\/\/stoa169.com\/de\/#\/schema\/logo\/image\/"},"sameAs":["https:\/\/www.facebook.com\/stoa169stiftung\/","https:\/\/www.instagram.com\/stoa169stiftung\/"]}]}},"_links":{"self":[{"href":"https:\/\/stoa169.com\/de\/wp-json\/wp\/v2\/pages\/313","targetHints":{"allow":["GET"]}}],"collection":[{"href":"https:\/\/stoa169.com\/de\/wp-json\/wp\/v2\/pages"}],"about":[{"href":"https:\/\/stoa169.com\/de\/wp-json\/wp\/v2\/types\/page"}],"author":[{"embeddable":true,"href":"https:\/\/stoa169.com\/de\/wp-json\/wp\/v2\/users\/6"}],"replies":[{"embeddable":true,"href":"https:\/\/stoa169.com\/de\/wp-json\/wp\/v2\/comments?post=313"}],"version-history":[{"count":0,"href":"https:\/\/stoa169.com\/de\/wp-json\/wp\/v2\/pages\/313\/revisions"}],"up":[{"embeddable":true,"href":"https:\/\/stoa169.com\/de\/wp-json\/wp\/v2\/pages\/106"}],"wp:attachment":[{"href":"https:\/\/stoa169.com\/de\/wp-json\/wp\/v2\/media?parent=313"}],"curies":[{"name":"wp","href":"https:\/\/api.w.org\/{rel}","templated":true}]}}