{"id":277,"date":"2019-07-23T12:45:04","date_gmt":"2019-07-23T10:45:04","guid":{"rendered":"https:\/\/stoa169.com\/?page_id=277"},"modified":"2021-01-06T10:48:26","modified_gmt":"2021-01-06T09:48:26","slug":"bau","status":"publish","type":"page","link":"https:\/\/stoa169.com\/de\/bau\/","title":{"rendered":"Bau"},"content":{"rendered":"\t\t<div data-elementor-type=\"wp-post\" data-elementor-id=\"277\" class=\"elementor elementor-277\">\n\t\t\t\t\t\t<section class=\"elementor-section elementor-top-section elementor-element elementor-element-c9a355c elementor-section-boxed elementor-section-height-default elementor-section-height-default\" data-id=\"c9a355c\" data-element_type=\"section\" data-e-type=\"section\">\n\t\t\t\t\t\t<div class=\"elementor-container elementor-column-gap-default\">\n\t\t\t\t\t<div class=\"elementor-column elementor-col-100 elementor-top-column elementor-element elementor-element-c97f796\" data-id=\"c97f796\" data-element_type=\"column\" data-e-type=\"column\">\n\t\t\t<div class=\"elementor-widget-wrap elementor-element-populated\">\n\t\t\t\t\t\t<div class=\"elementor-element elementor-element-f5ac735 elementor-widget elementor-widget-image\" data-id=\"f5ac735\" data-element_type=\"widget\" data-e-type=\"widget\" data-widget_type=\"image.default\">\n\t\t\t\t<div class=\"elementor-widget-container\">\n\t\t\t\t\t\t\t\t\t\t\t\t<figure class=\"wp-caption\">\n\t\t\t\t\t\t\t\t\t\t<img loading=\"lazy\" decoding=\"async\" width=\"3435\" height=\"2458\" src=\"https:\/\/stoa169.com\/wp-content\/uploads\/2019\/12\/190918_Zeichnung-Bernd-Zimmer.jpg\" class=\"attachment-full size-full wp-image-3064\" alt=\"\" srcset=\"https:\/\/stoa169.com\/wp-content\/uploads\/2019\/12\/190918_Zeichnung-Bernd-Zimmer.jpg 3435w, https:\/\/stoa169.com\/wp-content\/uploads\/2019\/12\/190918_Zeichnung-Bernd-Zimmer-300x215.jpg 300w, https:\/\/stoa169.com\/wp-content\/uploads\/2019\/12\/190918_Zeichnung-Bernd-Zimmer-768x550.jpg 768w, https:\/\/stoa169.com\/wp-content\/uploads\/2019\/12\/190918_Zeichnung-Bernd-Zimmer-1024x733.jpg 1024w\" sizes=\"auto, (max-width: 3435px) 100vw, 3435px\" \/>\t\t\t\t\t\t\t\t\t\t\t<figcaption class=\"widget-image-caption wp-caption-text\"><\/figcaption>\n\t\t\t\t\t\t\t\t\t\t<\/figure>\n\t\t\t\t\t\t\t\t\t<\/div>\n\t\t\t\t<\/div>\n\t\t\t\t\t<\/div>\n\t\t<\/div>\n\t\t\t\t\t<\/div>\n\t\t<\/section>\n\t\t\t\t<section class=\"elementor-section elementor-top-section elementor-element elementor-element-1ac7907 elementor-section-boxed elementor-section-height-default elementor-section-height-default\" data-id=\"1ac7907\" data-element_type=\"section\" data-e-type=\"section\">\n\t\t\t\t\t\t<div class=\"elementor-container elementor-column-gap-no\">\n\t\t\t\t\t<div class=\"elementor-column elementor-col-50 elementor-top-column elementor-element elementor-element-aedb2eb\" data-id=\"aedb2eb\" data-element_type=\"column\" data-e-type=\"column\">\n\t\t\t<div class=\"elementor-widget-wrap elementor-element-populated\">\n\t\t\t\t\t\t<div class=\"elementor-element elementor-element-550028c square-image elementor-widget elementor-widget-eael-image-accordion\" data-id=\"550028c\" data-element_type=\"widget\" data-e-type=\"widget\" data-widget_type=\"eael-image-accordion.default\">\n\t\t\t\t<div class=\"elementor-widget-container\">\n\t\t\t\t\t    <div class=\"eael-img-accordion accordion-direction-horizontal eael-img-accordion-horizontal-align-center eael-img-accordion-vertical-align-center\" id=\"eael-img-accordion-550028c\" data-img-accordion-id=\"550028c\" data-img-accordion-type=\"on-hover\">\n                    \n            <div class=\"eael-image-accordion-hover eael-image-accordion-item\" style=\"background-image: url(https:\/\/stoa169.com\/wp-content\/uploads\/2019\/07\/k9VIlcpR.png);\"  tabindex=\"0\">\n                <div class=\"overlay\">\n                                        <div class=\"overlay-inner \">\n                                            <\/div>\n                <\/div>\n            <\/div>\n                <\/div>\n        <style typr=\"text\/css\">\n                    #eael-img-accordion-550028c .eael-image-accordion-hover:hover {\n                        flex: 3 1 0% !important;\n                    }\n                    #eael-img-accordion-550028c .eael-image-accordion-hover:hover:hover .overlay-inner * {\n                        opacity: 1;\n                        visibility: visible;\n                        transform: none;\n                        transition: all .3s .3s;\n                    }\n                <\/style>\t\t\t\t<\/div>\n\t\t\t\t<\/div>\n\t\t\t\t\t<\/div>\n\t\t<\/div>\n\t\t\t\t<div class=\"elementor-column elementor-col-50 elementor-top-column elementor-element elementor-element-8e7d401\" data-id=\"8e7d401\" data-element_type=\"column\" data-e-type=\"column\">\n\t\t\t<div class=\"elementor-widget-wrap elementor-element-populated\">\n\t\t\t\t\t\t<div class=\"elementor-element elementor-element-28fd7d2 h-100 elementor-widget elementor-widget-eael-adv-tabs\" data-id=\"28fd7d2\" data-element_type=\"widget\" data-e-type=\"widget\" data-widget_type=\"eael-adv-tabs.default\">\n\t\t\t\t<div class=\"elementor-widget-container\">\n\t\t\t\t\t        <div data-scroll-on-click=\"no\" data-scroll-speed=\"300\" id=\"eael-advance-tabs-28fd7d2\" class=\"eael-advance-tabs eael-tabs-horizontal eael-tab-auto-active \" data-tabid=\"28fd7d2\">\n            <div class=\"eael-tabs-nav \">\n                <ul class=\"\" role=\"tablist\">\n                                            <li id=\"1\" class=\"inactive eael-tab-item-trigger eael-tab-nav-item\" aria-selected=\"true\" data-tab=\"1\" role=\"tab\" tabindex=\"0\" aria-controls=\"1-tab\" aria-expanded=\"false\">\n                            \n                            \n                            \n                                                            <span class=\"eael-tab-title title-after-icon\" >1<\/span>                                                    <\/li>\n                                            <li id=\"2\" class=\"inactive eael-tab-item-trigger eael-tab-nav-item\" aria-selected=\"false\" data-tab=\"2\" role=\"tab\" tabindex=\"-1\" aria-controls=\"2-tab\" aria-expanded=\"false\">\n                            \n                            \n                            \n                                                            <span class=\"eael-tab-title title-after-icon\" >2<\/span>                                                    <\/li>\n                                            <li id=\"3\" class=\"inactive eael-tab-item-trigger eael-tab-nav-item\" aria-selected=\"false\" data-tab=\"3\" role=\"tab\" tabindex=\"-1\" aria-controls=\"3-tab\" aria-expanded=\"false\">\n                            \n                            \n                            \n                                                            <span class=\"eael-tab-title title-after-icon\" >3<\/span>                                                    <\/li>\n                    \n                                  <\/ul>\n            <\/div>\n            \n            <div class=\"eael-tabs-content\">\n\t\t        \n                    <div id=\"1-tab\" class=\"clearfix eael-tab-content-item inactive\" data-title-link=\"1-tab\">\n\t\t\t\t        <h2>JEDE EINZELNE S\u00c4ULE TR\u00c4GT EINEN TEIL DES GEMEINSAMEN DACHS<\/h2><p>Die Baugenehmigung f\u00fcr die 1800 Quadratmeter gro\u00dfe Halle liegt seit 2017 vor, die erste Bauphase begann im Herbst 2019. Da sich der Baugrund der STOA169 auf einem bislang rein landwirtschaftlich genutzten Gel\u00e4nde befindet, sind bauliche Vorarbeiten n\u00f6tig, die im Einklang mit der Natur geplant und umgesetzt werden.<\/p><p>Etwa 5% des 35.000 Quadratmeter gro\u00dfen Wiesengrundst\u00fccks westlich von Polling wurden bebaut. Daf\u00fcr wurde f\u00fcr den Standort der S\u00e4ulenhalle zun\u00e4chst das Erdreich abgetragen, auf dem gewachsenen Boden darunter wurde eine wasserdurchl\u00e4ssige, stabilisierende Kiesschicht aufgebracht, auf der das Betonfundament f\u00fcr die S\u00e4ulen gegossen wurde.\u00a0<\/p>                    <\/div>\n\t\t        \n                    <div id=\"2-tab\" class=\"clearfix eael-tab-content-item inactive\" data-title-link=\"2-tab\">\n\t\t\t\t        <p>Die Pr\u00e4misse, den Eingriff in die Natur auf ein Minimum zu beschr\u00e4nken, wurde in der Planung des Baus konsequent umgesetzt: Es wurde durch die Bauweise im Modulsystem kein Boden versiegelt, Regenwasser kann durch Aussparungen in der Bodenplatte vollumf\u00e4nglich ablaufen. Jede einzeln verspannte S\u00e4ule tr\u00e4gt unabh\u00e4ngig einen Teil des Gesamt-Dachs.<\/p><p>Schlie\u00dflich wurden die Fertig-Beton-Dachelemente aufgesetzt, die mit rechteckigen Aussparungen versehen sind, damit Licht ins Innere der STOA169 gelangen kann. Das Regenwasser wird ebenfalls \u00fcber diese Aussparungen zur Bodenplatte geleitet, um im entsprechend pr\u00e4parierten Untergrund zu versickern.\u00a0<br \/>Gem\u00e4\u00df Bernd Zimmers Vorstellung, dass die STOA169 als Kontrast, aber gleichzeitig in Harmonie zur umgebenden Natur wahrgenommen werden soll, wird die umgebende Fl\u00e4che aus ihrer bisherigen intensiv-landwirtschaftlichen Nutzung herausgenommen und \u00f6kologisch aufgewertet.<\/p>                    <\/div>\n\t\t        \n                    <div id=\"3-tab\" class=\"clearfix eael-tab-content-item inactive\" data-title-link=\"3-tab\">\n\t\t\t\t        <p>Der seit Mai 2019 vorliegende Begr\u00fcnungsplan, den die STOA169 Stiftung von einem unabh\u00e4ngigen Planungsb\u00fcro erstellen lie\u00df, sieht eine artenreiche Bl\u00fchwiese als Lebensraum f\u00fcr Bienen und andere Insekten sowie die Pflanzung einheimischer, f\u00fcr den Standort geeigneter B\u00e4ume und Str\u00e4ucher, vor.<\/p><p>Die S\u00e4ulenhalle ist ausschlie\u00dflich zu Fu\u00df erreichbar, entweder vom Parkplatz am westlichen Ortsrand Pollings, in einem etwa zehnmin\u00fctigen Gehweg oder von der nahegelegenen Ro\u00dflaichbr\u00fccke her, die an der Verbindungsstra\u00dfe Huglfing &#8211; Pei\u00dfenberg \u00fcber die Ammer f\u00fchrt.<\/p>                    <\/div>\n\t\t                    <\/div>\n        <\/div>\n\t\t\t\t<\/div>\n\t\t\t\t<\/div>\n\t\t\t\t\t<\/div>\n\t\t<\/div>\n\t\t\t\t\t<\/div>\n\t\t<\/section>\n\t\t\t\t<section class=\"elementor-section elementor-top-section elementor-element elementor-element-b298bf1 elementor-section-boxed elementor-section-height-default elementor-section-height-default\" data-id=\"b298bf1\" data-element_type=\"section\" data-e-type=\"section\">\n\t\t\t\t\t\t<div class=\"elementor-container elementor-column-gap-no\">\n\t\t\t\t\t<div class=\"elementor-column elementor-col-100 elementor-top-column elementor-element elementor-element-2bc1703\" data-id=\"2bc1703\" data-element_type=\"column\" data-e-type=\"column\">\n\t\t\t<div class=\"elementor-widget-wrap elementor-element-populated\">\n\t\t\t\t\t\t<div class=\"elementor-element elementor-element-919a9ab square-image elementor-widget elementor-widget-eael-image-accordion\" data-id=\"919a9ab\" data-element_type=\"widget\" data-e-type=\"widget\" data-widget_type=\"eael-image-accordion.default\">\n\t\t\t\t<div class=\"elementor-widget-container\">\n\t\t\t\t\t    <div class=\"eael-img-accordion accordion-direction-horizontal eael-img-accordion-horizontal-align-center eael-img-accordion-vertical-align-center\" id=\"eael-img-accordion-919a9ab\" data-img-accordion-id=\"919a9ab\" data-img-accordion-type=\"on-hover\">\n                    \n            <div class=\"eael-image-accordion-hover eael-image-accordion-item\" style=\"background-image: url(https:\/\/stoa169.com\/wp-content\/uploads\/2019\/08\/STOA169_Grundst\u00fcck_Luftaufnahme_2\u00a9MaxvonEicken.jpg);\"  tabindex=\"0\">\n                <div class=\"overlay\">\n                                        <div class=\"overlay-inner \">\n                                            <\/div>\n                <\/div>\n            <\/div>\n                <\/div>\n        <style typr=\"text\/css\">\n                    #eael-img-accordion-919a9ab .eael-image-accordion-hover:hover {\n                        flex: 3 1 0% !important;\n                    }\n                    #eael-img-accordion-919a9ab .eael-image-accordion-hover:hover:hover .overlay-inner * {\n                        opacity: 1;\n                        visibility: visible;\n                        transform: none;\n                        transition: all .3s .3s;\n                    }\n                <\/style>\t\t\t\t<\/div>\n\t\t\t\t<\/div>\n\t\t\t\t\t<\/div>\n\t\t<\/div>\n\t\t\t\t\t<\/div>\n\t\t<\/section>\n\t\t\t\t<section class=\"elementor-section elementor-top-section elementor-element elementor-element-8714adf elementor-section-boxed elementor-section-height-default elementor-section-height-default\" data-id=\"8714adf\" data-element_type=\"section\" data-e-type=\"section\">\n\t\t\t\t\t\t<div class=\"elementor-container elementor-column-gap-default\">\n\t\t\t\t\t<div class=\"elementor-column elementor-col-100 elementor-top-column elementor-element elementor-element-f491c3c\" data-id=\"f491c3c\" data-element_type=\"column\" data-e-type=\"column\">\n\t\t\t<div class=\"elementor-widget-wrap elementor-element-populated\">\n\t\t\t\t\t\t<div class=\"elementor-element elementor-element-ee2d0ac elementor-widget elementor-widget-video\" data-id=\"ee2d0ac\" data-element_type=\"widget\" data-e-type=\"widget\" data-settings=\"{&quot;video_type&quot;:&quot;vimeo&quot;}\" data-widget_type=\"video.default\">\n\t\t\t\t<div class=\"elementor-widget-container\">\n\t\t\t\t\t\t\t<div class=\"elementor-wrapper elementor-open-inline\">\n\t\t\t<iframe class=\"elementor-video-iframe\" allowfullscreen allow=\"clipboard-write\" title=\"vimeo Video Player\" src=\"https:\/\/player.vimeo.com\/video\/389013857?color&amp;autopause=0&amp;loop=0&amp;muted=0&amp;title=1&amp;portrait=0&amp;byline=0#t=\"><\/iframe>\t\t<\/div>\n\t\t\t\t\t\t<\/div>\n\t\t\t\t<\/div>\n\t\t\t\t\t<\/div>\n\t\t<\/div>\n\t\t\t\t\t<\/div>\n\t\t<\/section>\n\t\t\t\t<section class=\"elementor-section elementor-top-section elementor-element elementor-element-fa53c09 elementor-section-boxed elementor-section-height-default elementor-section-height-default\" data-id=\"fa53c09\" data-element_type=\"section\" data-e-type=\"section\">\n\t\t\t\t\t\t<div class=\"elementor-container elementor-column-gap-default\">\n\t\t\t\t\t<div class=\"elementor-column elementor-col-100 elementor-top-column elementor-element elementor-element-180c4ac\" data-id=\"180c4ac\" data-element_type=\"column\" data-e-type=\"column\">\n\t\t\t<div class=\"elementor-widget-wrap elementor-element-populated\">\n\t\t\t\t\t\t<div class=\"elementor-element elementor-element-83875c8 elementor-widget elementor-widget-image\" data-id=\"83875c8\" data-element_type=\"widget\" data-e-type=\"widget\" data-widget_type=\"image.default\">\n\t\t\t\t<div class=\"elementor-widget-container\">\n\t\t\t\t\t\t\t\t\t\t\t\t\t\t\t<img loading=\"lazy\" decoding=\"async\" width=\"1600\" height=\"1065\" src=\"https:\/\/stoa169.com\/wp-content\/uploads\/2020\/08\/IMG_5310.jpg\" class=\"attachment-full size-full wp-image-6382\" alt=\"\" srcset=\"https:\/\/stoa169.com\/wp-content\/uploads\/2020\/08\/IMG_5310.jpg 1600w, https:\/\/stoa169.com\/wp-content\/uploads\/2020\/08\/IMG_5310-300x200.jpg 300w, https:\/\/stoa169.com\/wp-content\/uploads\/2020\/08\/IMG_5310-1024x682.jpg 1024w, https:\/\/stoa169.com\/wp-content\/uploads\/2020\/08\/IMG_5310-768x511.jpg 768w, https:\/\/stoa169.com\/wp-content\/uploads\/2020\/08\/IMG_5310-1536x1022.jpg 1536w\" sizes=\"auto, (max-width: 1600px) 100vw, 1600px\" \/>\t\t\t\t\t\t\t\t\t\t\t\t\t\t\t<\/div>\n\t\t\t\t<\/div>\n\t\t\t\t\t<\/div>\n\t\t<\/div>\n\t\t\t\t\t<\/div>\n\t\t<\/section>\n\t\t\t\t<\/div>\n\t\t","protected":false},"excerpt":{"rendered":"<p>1 2 3 JEDE EINZELNE S\u00c4ULE TR\u00c4GT EINEN TEIL DES GEMEINSAMEN DACHS Die Baugenehmigung f\u00fcr die 1800 Quadratmeter gro\u00dfe Halle liegt seit 2017 vor, die erste Bauphase begann im Herbst 2019. Da sich der Baugrund der STOA169 auf einem bislang rein landwirtschaftlich genutzten Gel\u00e4nde befindet, sind bauliche Vorarbeiten n\u00f6tig, die im Einklang mit der Natur [&#8230;]<\/p>\n<p><a class=\"btn btn-secondary understrap-read-more-link\" href=\"https:\/\/stoa169.com\/de\/bau\/\">Weiterlesen\u00a0\u2026<span class=\"screen-reader-text\"> from Bau<\/span><\/a><\/p>\n","protected":false},"author":6,"featured_media":0,"parent":0,"menu_order":0,"comment_status":"closed","ping_status":"closed","template":"elementor_header_footer","meta":{"_acf_changed":false,"footnotes":""},"class_list":["post-277","page","type-page","status-publish","hentry"],"acf":[],"yoast_head":"<!-- This site is optimized with the Yoast SEO plugin v27.3 - https:\/\/yoast.com\/product\/yoast-seo-wordpress\/ -->\n<title>Bau - STOA169<\/title>\n<meta name=\"robots\" content=\"index, follow, max-snippet:-1, max-image-preview:large, max-video-preview:-1\" \/>\n<link rel=\"canonical\" href=\"https:\/\/stoa169.com\/de\/bau\/\" \/>\n<meta property=\"og:locale\" content=\"de_DE\" \/>\n<meta property=\"og:type\" content=\"article\" \/>\n<meta property=\"og:title\" content=\"Bau - STOA169\" \/>\n<meta property=\"og:description\" content=\"1 2 3 JEDE EINZELNE S\u00c4ULE TR\u00c4GT EINEN TEIL DES GEMEINSAMEN DACHS Die Baugenehmigung f\u00fcr die 1800 Quadratmeter gro\u00dfe Halle liegt seit 2017 vor, die erste Bauphase begann im Herbst 2019. Da sich der Baugrund der STOA169 auf einem bislang rein landwirtschaftlich genutzten Gel\u00e4nde befindet, sind bauliche Vorarbeiten n\u00f6tig, die im Einklang mit der Natur [...]Weiterlesen\u00a0\u2026 from Bau\" \/>\n<meta property=\"og:url\" content=\"https:\/\/stoa169.com\/de\/bau\/\" \/>\n<meta property=\"og:site_name\" content=\"STOA169\" \/>\n<meta property=\"article:publisher\" content=\"https:\/\/www.facebook.com\/stoa169stiftung\/\" \/>\n<meta property=\"article:modified_time\" content=\"2021-01-06T09:48:26+00:00\" \/>\n<meta property=\"og:image\" content=\"https:\/\/stoa169.com\/wp-content\/uploads\/2019\/12\/190918_Zeichnung-Bernd-Zimmer.jpg\" \/>\n<meta name=\"twitter:card\" content=\"summary_large_image\" \/>\n<meta name=\"twitter:label1\" content=\"Gesch\u00e4tzte Lesezeit\" \/>\n\t<meta name=\"twitter:data1\" content=\"2\u00a0Minuten\" \/>\n<script type=\"application\/ld+json\" class=\"yoast-schema-graph\">{\"@context\":\"https:\\\/\\\/schema.org\",\"@graph\":[{\"@type\":\"WebPage\",\"@id\":\"https:\\\/\\\/stoa169.com\\\/de\\\/bau\\\/\",\"url\":\"https:\\\/\\\/stoa169.com\\\/de\\\/bau\\\/\",\"name\":\"Bau - STOA169\",\"isPartOf\":{\"@id\":\"https:\\\/\\\/stoa169.com\\\/de\\\/#website\"},\"primaryImageOfPage\":{\"@id\":\"https:\\\/\\\/stoa169.com\\\/de\\\/bau\\\/#primaryimage\"},\"image\":{\"@id\":\"https:\\\/\\\/stoa169.com\\\/de\\\/bau\\\/#primaryimage\"},\"thumbnailUrl\":\"https:\\\/\\\/stoa169.com\\\/wp-content\\\/uploads\\\/2019\\\/12\\\/190918_Zeichnung-Bernd-Zimmer.jpg\",\"datePublished\":\"2019-07-23T10:45:04+00:00\",\"dateModified\":\"2021-01-06T09:48:26+00:00\",\"breadcrumb\":{\"@id\":\"https:\\\/\\\/stoa169.com\\\/de\\\/bau\\\/#breadcrumb\"},\"inLanguage\":\"de\",\"potentialAction\":[{\"@type\":\"ReadAction\",\"target\":[\"https:\\\/\\\/stoa169.com\\\/de\\\/bau\\\/\"]}]},{\"@type\":\"ImageObject\",\"inLanguage\":\"de\",\"@id\":\"https:\\\/\\\/stoa169.com\\\/de\\\/bau\\\/#primaryimage\",\"url\":\"https:\\\/\\\/stoa169.com\\\/wp-content\\\/uploads\\\/2019\\\/12\\\/190918_Zeichnung-Bernd-Zimmer.jpg\",\"contentUrl\":\"https:\\\/\\\/stoa169.com\\\/wp-content\\\/uploads\\\/2019\\\/12\\\/190918_Zeichnung-Bernd-Zimmer.jpg\"},{\"@type\":\"BreadcrumbList\",\"@id\":\"https:\\\/\\\/stoa169.com\\\/de\\\/bau\\\/#breadcrumb\",\"itemListElement\":[{\"@type\":\"ListItem\",\"position\":1,\"name\":\"Startseite\",\"item\":\"https:\\\/\\\/stoa169.com\\\/de\\\/\"},{\"@type\":\"ListItem\",\"position\":2,\"name\":\"Bau\"}]},{\"@type\":\"WebSite\",\"@id\":\"https:\\\/\\\/stoa169.com\\\/de\\\/#website\",\"url\":\"https:\\\/\\\/stoa169.com\\\/de\\\/\",\"name\":\"STOA169\",\"description\":\"Die K\u00fcnstlers\u00e4ulenhalle in Polling\",\"publisher\":{\"@id\":\"https:\\\/\\\/stoa169.com\\\/de\\\/#organization\"},\"potentialAction\":[{\"@type\":\"SearchAction\",\"target\":{\"@type\":\"EntryPoint\",\"urlTemplate\":\"https:\\\/\\\/stoa169.com\\\/de\\\/?s={search_term_string}\"},\"query-input\":{\"@type\":\"PropertyValueSpecification\",\"valueRequired\":true,\"valueName\":\"search_term_string\"}}],\"inLanguage\":\"de\"},{\"@type\":\"Organization\",\"@id\":\"https:\\\/\\\/stoa169.com\\\/de\\\/#organization\",\"name\":\"STOA169\",\"url\":\"https:\\\/\\\/stoa169.com\\\/de\\\/\",\"logo\":{\"@type\":\"ImageObject\",\"inLanguage\":\"de\",\"@id\":\"https:\\\/\\\/stoa169.com\\\/de\\\/#\\\/schema\\\/logo\\\/image\\\/\",\"url\":\"https:\\\/\\\/stoa169.com\\\/wp-content\\\/uploads\\\/2023\\\/08\\\/STOA169-Logo_kurz.png\",\"contentUrl\":\"https:\\\/\\\/stoa169.com\\\/wp-content\\\/uploads\\\/2023\\\/08\\\/STOA169-Logo_kurz.png\",\"width\":630,\"height\":630,\"caption\":\"STOA169\"},\"image\":{\"@id\":\"https:\\\/\\\/stoa169.com\\\/de\\\/#\\\/schema\\\/logo\\\/image\\\/\"},\"sameAs\":[\"https:\\\/\\\/www.facebook.com\\\/stoa169stiftung\\\/\",\"https:\\\/\\\/www.instagram.com\\\/stoa169stiftung\\\/\"]}]}<\/script>\n<!-- \/ Yoast SEO plugin. -->","yoast_head_json":{"title":"Bau - STOA169","robots":{"index":"index","follow":"follow","max-snippet":"max-snippet:-1","max-image-preview":"max-image-preview:large","max-video-preview":"max-video-preview:-1"},"canonical":"https:\/\/stoa169.com\/de\/bau\/","og_locale":"de_DE","og_type":"article","og_title":"Bau - STOA169","og_description":"1 2 3 JEDE EINZELNE S\u00c4ULE TR\u00c4GT EINEN TEIL DES GEMEINSAMEN DACHS Die Baugenehmigung f\u00fcr die 1800 Quadratmeter gro\u00dfe Halle liegt seit 2017 vor, die erste Bauphase begann im Herbst 2019. Da sich der Baugrund der STOA169 auf einem bislang rein landwirtschaftlich genutzten Gel\u00e4nde befindet, sind bauliche Vorarbeiten n\u00f6tig, die im Einklang mit der Natur [...]Weiterlesen\u00a0\u2026 from Bau","og_url":"https:\/\/stoa169.com\/de\/bau\/","og_site_name":"STOA169","article_publisher":"https:\/\/www.facebook.com\/stoa169stiftung\/","article_modified_time":"2021-01-06T09:48:26+00:00","og_image":[{"url":"https:\/\/stoa169.com\/wp-content\/uploads\/2019\/12\/190918_Zeichnung-Bernd-Zimmer.jpg","type":"","width":"","height":""}],"twitter_card":"summary_large_image","twitter_misc":{"Gesch\u00e4tzte Lesezeit":"2\u00a0Minuten"},"schema":{"@context":"https:\/\/schema.org","@graph":[{"@type":"WebPage","@id":"https:\/\/stoa169.com\/de\/bau\/","url":"https:\/\/stoa169.com\/de\/bau\/","name":"Bau - STOA169","isPartOf":{"@id":"https:\/\/stoa169.com\/de\/#website"},"primaryImageOfPage":{"@id":"https:\/\/stoa169.com\/de\/bau\/#primaryimage"},"image":{"@id":"https:\/\/stoa169.com\/de\/bau\/#primaryimage"},"thumbnailUrl":"https:\/\/stoa169.com\/wp-content\/uploads\/2019\/12\/190918_Zeichnung-Bernd-Zimmer.jpg","datePublished":"2019-07-23T10:45:04+00:00","dateModified":"2021-01-06T09:48:26+00:00","breadcrumb":{"@id":"https:\/\/stoa169.com\/de\/bau\/#breadcrumb"},"inLanguage":"de","potentialAction":[{"@type":"ReadAction","target":["https:\/\/stoa169.com\/de\/bau\/"]}]},{"@type":"ImageObject","inLanguage":"de","@id":"https:\/\/stoa169.com\/de\/bau\/#primaryimage","url":"https:\/\/stoa169.com\/wp-content\/uploads\/2019\/12\/190918_Zeichnung-Bernd-Zimmer.jpg","contentUrl":"https:\/\/stoa169.com\/wp-content\/uploads\/2019\/12\/190918_Zeichnung-Bernd-Zimmer.jpg"},{"@type":"BreadcrumbList","@id":"https:\/\/stoa169.com\/de\/bau\/#breadcrumb","itemListElement":[{"@type":"ListItem","position":1,"name":"Startseite","item":"https:\/\/stoa169.com\/de\/"},{"@type":"ListItem","position":2,"name":"Bau"}]},{"@type":"WebSite","@id":"https:\/\/stoa169.com\/de\/#website","url":"https:\/\/stoa169.com\/de\/","name":"STOA169","description":"Die K\u00fcnstlers\u00e4ulenhalle in Polling","publisher":{"@id":"https:\/\/stoa169.com\/de\/#organization"},"potentialAction":[{"@type":"SearchAction","target":{"@type":"EntryPoint","urlTemplate":"https:\/\/stoa169.com\/de\/?s={search_term_string}"},"query-input":{"@type":"PropertyValueSpecification","valueRequired":true,"valueName":"search_term_string"}}],"inLanguage":"de"},{"@type":"Organization","@id":"https:\/\/stoa169.com\/de\/#organization","name":"STOA169","url":"https:\/\/stoa169.com\/de\/","logo":{"@type":"ImageObject","inLanguage":"de","@id":"https:\/\/stoa169.com\/de\/#\/schema\/logo\/image\/","url":"https:\/\/stoa169.com\/wp-content\/uploads\/2023\/08\/STOA169-Logo_kurz.png","contentUrl":"https:\/\/stoa169.com\/wp-content\/uploads\/2023\/08\/STOA169-Logo_kurz.png","width":630,"height":630,"caption":"STOA169"},"image":{"@id":"https:\/\/stoa169.com\/de\/#\/schema\/logo\/image\/"},"sameAs":["https:\/\/www.facebook.com\/stoa169stiftung\/","https:\/\/www.instagram.com\/stoa169stiftung\/"]}]}},"_links":{"self":[{"href":"https:\/\/stoa169.com\/de\/wp-json\/wp\/v2\/pages\/277","targetHints":{"allow":["GET"]}}],"collection":[{"href":"https:\/\/stoa169.com\/de\/wp-json\/wp\/v2\/pages"}],"about":[{"href":"https:\/\/stoa169.com\/de\/wp-json\/wp\/v2\/types\/page"}],"author":[{"embeddable":true,"href":"https:\/\/stoa169.com\/de\/wp-json\/wp\/v2\/users\/6"}],"replies":[{"embeddable":true,"href":"https:\/\/stoa169.com\/de\/wp-json\/wp\/v2\/comments?post=277"}],"version-history":[{"count":0,"href":"https:\/\/stoa169.com\/de\/wp-json\/wp\/v2\/pages\/277\/revisions"}],"wp:attachment":[{"href":"https:\/\/stoa169.com\/de\/wp-json\/wp\/v2\/media?parent=277"}],"curies":[{"name":"wp","href":"https:\/\/api.w.org\/{rel}","templated":true}]}}