{"id":260,"date":"2019-07-23T12:22:52","date_gmt":"2019-07-23T10:22:52","guid":{"rendered":"https:\/\/stoa169.com\/?page_id=260"},"modified":"2019-08-09T10:38:03","modified_gmt":"2019-08-09T08:38:03","slug":"polling-der-ort-und-sein-geist-2","status":"publish","type":"page","link":"https:\/\/stoa169.com\/de\/polling\/polling-der-ort-und-sein-geist-2\/","title":{"rendered":"Polling. Der Ort und sein Geist"},"content":{"rendered":"\t\t<div data-elementor-type=\"wp-post\" data-elementor-id=\"260\" class=\"elementor elementor-260\">\n\t\t\t\t\t\t<section class=\"elementor-section elementor-top-section elementor-element elementor-element-b1e78db elementor-section-boxed elementor-section-height-default elementor-section-height-default\" data-id=\"b1e78db\" data-element_type=\"section\" data-e-type=\"section\">\n\t\t\t\t\t\t<div class=\"elementor-container elementor-column-gap-no\">\n\t\t\t\t\t<div class=\"elementor-column elementor-col-100 elementor-top-column elementor-element elementor-element-cd74139\" data-id=\"cd74139\" data-element_type=\"column\" data-e-type=\"column\">\n\t\t\t<div class=\"elementor-widget-wrap elementor-element-populated\">\n\t\t\t\t\t\t<div class=\"elementor-element elementor-element-aa054ba elementor-widget elementor-widget-text-editor\" data-id=\"aa054ba\" data-element_type=\"widget\" data-e-type=\"widget\" data-widget_type=\"text-editor.default\">\n\t\t\t\t<div class=\"elementor-widget-container\">\n\t\t\t\t\t\t\t\t\t<h2>Polling. Der Ort und sein Geist<\/h2><p>von Helmut Maur\u00f3<\/p><p>Auf den ber\u00fchmten Pollinger Bildtafeln aus dem 15. Jahrhundert sieht man den Bayernherzog Tassilo III. auf der Jagd mit seinem Gefolge durch die umliegenden W\u00e4lder streifen. Dort findet er jenes h\u00f6lzerne Kruzifix, das die Gr\u00fcndung des Klosters Polling zur Folge hat. Der junge Tassilo ist nicht nur ein geschickter J\u00e4ger, er hat auch ein Sensorium f\u00fcr \u00dcberirdisches, Spirituelles. Beides zusammen erst qualifiziert ihn als Herrscher. Er hat hier einen Ort gefunden oder ersp\u00fcrt, der als spiritueller Anker dienen k\u00f6nnte. Ein Zentrum, das frei fliegende Gedanken erdet und ans Diesseits bindet, und umgekehrt ein freies und neues Denken bewirkt. Es ist ein besonderer genius loci, ein Ortsgeist, der Polling auszeichnet und von alters her Menschen angezogen hat. Schon vor 6000 Jahren, wie Funde aus der Jungsteinzeit belegen. Sp\u00e4ter kamen Kelto-Romanen, R\u00f6mer, Alemannen, Bajuwaren. Dazu kamen auch wirtschaftliche Gr\u00fcnde, der Abbau des Pollinger Kalktuffsteins wurde relevant. 1830, nach der Aufl\u00f6sung des Klosters im Zuge der S\u00e4kularisation, wurde Polling zum K\u00fcnstlerdorf. Zun\u00e4chst kamen M\u00fcnchner Landschaftsmaler wie B\u00fcrkel und Schleich, die dann als \u201ePollinger Landschafter\u201c in die Kunstgeschichte eingingen. Auch Carl Spitzweg und der \u201eChiemsee Maler\u201c Josef Dopfner besuchten Polling.<\/p><p>Es folgten amerikanische Maler wie Frank Duveneck, dessen Bild \u201eAlter Stadtbach, Polling; Bayern\u201c von 1878 im Cincinnati Art Museum h\u00e4ngt. Es kamen weitere amerikanische Maler und Kunststudenten, und Polling war nun das \u201eAmerikaner-Dorf\u201c. Die Mann-Kinder besuchten hier ihre Mutter in der Sommerfrische, Thomas Mann verewigte in seinem Roman \u201eK\u00f6nigliche Hoheit\u201c die auf dem Schweighart-Hof lebende \u201eFrau Baronin\u201c, und in \u201eDoktor Faustus\u201c taucht die Gutsbesitzersfamilie Schweighart als Familie \u201eSchweigestill\u201c auf, aus Polling wird \u201ePfeiffering\u201c. Und so h\u00e4tte die Kunstgeschichte Pollings ein profanes, aber w\u00fcrdiges Ende finden k\u00f6nnen, indem sie sich in Weltliteratur aufl\u00f6st und als Teil einer gr\u00f6\u00dferen Ideen- und Kulturgeschichte weiterlebt.\u00a0<\/p><p>Aber so kam es nicht. Was die Ungarn im 10. Jahrhundert und die Schweden siebenhundert Jahre sp\u00e4ter nicht schafften, das gelang auch nicht der S\u00e4kularisation im 19. Jahrhundert: den Geist dieses Ortes zu vernichten. Dominikanerinnen setzten die heruntergekommenen Klostergeb\u00e4ude des urspr\u00fcnglichen Augustiner-Chorherrenstiftes wieder instand, um dort ein \u201eM\u00e4dchen-Erziehungsinstitut\u201c einzurichten. \u00dcber Polling hinaus ber\u00fchmt wurde aber ein anderer Teil des Klosters, der einen neuen kreativen Geist verk\u00f6rperte: der Bibliothekssaal, der in den 1970er Jahren durch regelm\u00e4\u00dfige klassische Konzerte bekannt wurde.\u00a0<\/p><p>1<span style=\"font-size: 1rem;\">984 zog der in Planegg geborene Maler Bernd Zimmer nach Polling, nachdem er in der Berliner Galerie am Moritzplatz mit den Malerkollegen Rainer Fetting, Helmut Middendorf und Salom\u00e9 als die \u201eJungen Wilden\u201c bekannt geworden war. Nach mehreren Fernreisen und einem Stipendien-Aufenthalt in Rom zog es ihn nach Polling, wo er bis heute sein k\u00fcnstlerisches und privates Zuhause hat. In einem gro\u00dfformatigen Linolschnitt hat er einmal die Geschichte Pollings dargestellt, und man sp\u00fcrt auch in diesem ausdrucksstarken Bilderbogen: diese Geschichte ist mehr als eine Aneinanderreihung historischer Ereignisse. War es Willk\u00fcr, dass der kunstsinnige K\u00f6nig Ludwig II. ausgerechnet in Polling halten lie\u00df, wenn er von Linderhof nach Neuschwanstein fuhr? Ist es Zufall, dass sich Menschen von bestimmten Orten angezogen f\u00fchlen?<\/span><\/p>\t\t\t\t\t\t\t\t<\/div>\n\t\t\t\t<\/div>\n\t\t\t\t\t<\/div>\n\t\t<\/div>\n\t\t\t\t\t<\/div>\n\t\t<\/section>\n\t\t\t\t<\/div>\n\t\t","protected":false},"excerpt":{"rendered":"<p>Polling. Der Ort und sein Geist von Helmut Maur\u00f3 Auf den ber\u00fchmten Pollinger Bildtafeln aus dem 15. Jahrhundert sieht man den Bayernherzog Tassilo III. auf der Jagd mit seinem Gefolge durch die umliegenden W\u00e4lder streifen. Dort findet er jenes h\u00f6lzerne Kruzifix, das die Gr\u00fcndung des Klosters Polling zur Folge hat. Der junge Tassilo ist nicht [&#8230;]<\/p>\n<p><a class=\"btn btn-secondary understrap-read-more-link\" href=\"https:\/\/stoa169.com\/de\/polling\/polling-der-ort-und-sein-geist-2\/\">Weiterlesen\u00a0\u2026<span class=\"screen-reader-text\"> from Polling. Der Ort und sein Geist<\/span><\/a><\/p>\n","protected":false},"author":6,"featured_media":0,"parent":234,"menu_order":0,"comment_status":"closed","ping_status":"closed","template":"elementor_header_footer","meta":{"_acf_changed":false,"footnotes":""},"class_list":["post-260","page","type-page","status-publish","hentry"],"acf":[],"yoast_head":"<!-- This site is optimized with the Yoast SEO plugin v27.3 - https:\/\/yoast.com\/product\/yoast-seo-wordpress\/ -->\n<title>Polling. Der Ort und sein Geist - STOA169<\/title>\n<meta name=\"robots\" content=\"index, follow, max-snippet:-1, max-image-preview:large, max-video-preview:-1\" \/>\n<link rel=\"canonical\" href=\"https:\/\/stoa169.com\/de\/polling\/polling-der-ort-und-sein-geist-2\/\" \/>\n<meta property=\"og:locale\" content=\"de_DE\" \/>\n<meta property=\"og:type\" content=\"article\" \/>\n<meta property=\"og:title\" content=\"Polling. Der Ort und sein Geist - STOA169\" \/>\n<meta property=\"og:description\" content=\"Polling. Der Ort und sein Geist von Helmut Maur\u00f3 Auf den ber\u00fchmten Pollinger Bildtafeln aus dem 15. Jahrhundert sieht man den Bayernherzog Tassilo III. auf der Jagd mit seinem Gefolge durch die umliegenden W\u00e4lder streifen. Dort findet er jenes h\u00f6lzerne Kruzifix, das die Gr\u00fcndung des Klosters Polling zur Folge hat. Der junge Tassilo ist nicht [...]Weiterlesen\u00a0\u2026 from Polling. Der Ort und sein Geist\" \/>\n<meta property=\"og:url\" content=\"https:\/\/stoa169.com\/de\/polling\/polling-der-ort-und-sein-geist-2\/\" \/>\n<meta property=\"og:site_name\" content=\"STOA169\" \/>\n<meta property=\"article:publisher\" content=\"https:\/\/www.facebook.com\/stoa169stiftung\/\" \/>\n<meta property=\"article:modified_time\" content=\"2019-08-09T08:38:03+00:00\" \/>\n<meta property=\"og:image\" content=\"https:\/\/stoa169.com\/wp-content\/uploads\/2023\/08\/STOA169-Saeulenhalle-Columns-Hall-Polling_1200x630.png\" \/>\n\t<meta property=\"og:image:width\" content=\"1200\" \/>\n\t<meta property=\"og:image:height\" content=\"630\" \/>\n\t<meta property=\"og:image:type\" content=\"image\/png\" \/>\n<meta name=\"twitter:card\" content=\"summary_large_image\" \/>\n<meta name=\"twitter:label1\" content=\"Gesch\u00e4tzte Lesezeit\" \/>\n\t<meta name=\"twitter:data1\" content=\"3\u00a0Minuten\" \/>\n<script type=\"application\/ld+json\" class=\"yoast-schema-graph\">{\"@context\":\"https:\\\/\\\/schema.org\",\"@graph\":[{\"@type\":\"WebPage\",\"@id\":\"https:\\\/\\\/stoa169.com\\\/de\\\/polling\\\/polling-der-ort-und-sein-geist-2\\\/\",\"url\":\"https:\\\/\\\/stoa169.com\\\/de\\\/polling\\\/polling-der-ort-und-sein-geist-2\\\/\",\"name\":\"Polling. Der Ort und sein Geist - STOA169\",\"isPartOf\":{\"@id\":\"https:\\\/\\\/stoa169.com\\\/de\\\/#website\"},\"datePublished\":\"2019-07-23T10:22:52+00:00\",\"dateModified\":\"2019-08-09T08:38:03+00:00\",\"breadcrumb\":{\"@id\":\"https:\\\/\\\/stoa169.com\\\/de\\\/polling\\\/polling-der-ort-und-sein-geist-2\\\/#breadcrumb\"},\"inLanguage\":\"de\",\"potentialAction\":[{\"@type\":\"ReadAction\",\"target\":[\"https:\\\/\\\/stoa169.com\\\/de\\\/polling\\\/polling-der-ort-und-sein-geist-2\\\/\"]}]},{\"@type\":\"BreadcrumbList\",\"@id\":\"https:\\\/\\\/stoa169.com\\\/de\\\/polling\\\/polling-der-ort-und-sein-geist-2\\\/#breadcrumb\",\"itemListElement\":[{\"@type\":\"ListItem\",\"position\":1,\"name\":\"Startseite\",\"item\":\"https:\\\/\\\/stoa169.com\\\/de\\\/\"},{\"@type\":\"ListItem\",\"position\":2,\"name\":\"Polling\",\"item\":\"https:\\\/\\\/stoa169.com\\\/de\\\/polling\\\/\"},{\"@type\":\"ListItem\",\"position\":3,\"name\":\"Polling. Der Ort und sein Geist\"}]},{\"@type\":\"WebSite\",\"@id\":\"https:\\\/\\\/stoa169.com\\\/de\\\/#website\",\"url\":\"https:\\\/\\\/stoa169.com\\\/de\\\/\",\"name\":\"STOA169\",\"description\":\"Die K\u00fcnstlers\u00e4ulenhalle in Polling\",\"publisher\":{\"@id\":\"https:\\\/\\\/stoa169.com\\\/de\\\/#organization\"},\"potentialAction\":[{\"@type\":\"SearchAction\",\"target\":{\"@type\":\"EntryPoint\",\"urlTemplate\":\"https:\\\/\\\/stoa169.com\\\/de\\\/?s={search_term_string}\"},\"query-input\":{\"@type\":\"PropertyValueSpecification\",\"valueRequired\":true,\"valueName\":\"search_term_string\"}}],\"inLanguage\":\"de\"},{\"@type\":\"Organization\",\"@id\":\"https:\\\/\\\/stoa169.com\\\/de\\\/#organization\",\"name\":\"STOA169\",\"url\":\"https:\\\/\\\/stoa169.com\\\/de\\\/\",\"logo\":{\"@type\":\"ImageObject\",\"inLanguage\":\"de\",\"@id\":\"https:\\\/\\\/stoa169.com\\\/de\\\/#\\\/schema\\\/logo\\\/image\\\/\",\"url\":\"https:\\\/\\\/stoa169.com\\\/wp-content\\\/uploads\\\/2023\\\/08\\\/STOA169-Logo_kurz.png\",\"contentUrl\":\"https:\\\/\\\/stoa169.com\\\/wp-content\\\/uploads\\\/2023\\\/08\\\/STOA169-Logo_kurz.png\",\"width\":630,\"height\":630,\"caption\":\"STOA169\"},\"image\":{\"@id\":\"https:\\\/\\\/stoa169.com\\\/de\\\/#\\\/schema\\\/logo\\\/image\\\/\"},\"sameAs\":[\"https:\\\/\\\/www.facebook.com\\\/stoa169stiftung\\\/\",\"https:\\\/\\\/www.instagram.com\\\/stoa169stiftung\\\/\"]}]}<\/script>\n<!-- \/ Yoast SEO plugin. -->","yoast_head_json":{"title":"Polling. Der Ort und sein Geist - STOA169","robots":{"index":"index","follow":"follow","max-snippet":"max-snippet:-1","max-image-preview":"max-image-preview:large","max-video-preview":"max-video-preview:-1"},"canonical":"https:\/\/stoa169.com\/de\/polling\/polling-der-ort-und-sein-geist-2\/","og_locale":"de_DE","og_type":"article","og_title":"Polling. Der Ort und sein Geist - STOA169","og_description":"Polling. Der Ort und sein Geist von Helmut Maur\u00f3 Auf den ber\u00fchmten Pollinger Bildtafeln aus dem 15. Jahrhundert sieht man den Bayernherzog Tassilo III. auf der Jagd mit seinem Gefolge durch die umliegenden W\u00e4lder streifen. Dort findet er jenes h\u00f6lzerne Kruzifix, das die Gr\u00fcndung des Klosters Polling zur Folge hat. Der junge Tassilo ist nicht [...]Weiterlesen\u00a0\u2026 from Polling. Der Ort und sein Geist","og_url":"https:\/\/stoa169.com\/de\/polling\/polling-der-ort-und-sein-geist-2\/","og_site_name":"STOA169","article_publisher":"https:\/\/www.facebook.com\/stoa169stiftung\/","article_modified_time":"2019-08-09T08:38:03+00:00","og_image":[{"width":1200,"height":630,"url":"https:\/\/stoa169.com\/wp-content\/uploads\/2023\/08\/STOA169-Saeulenhalle-Columns-Hall-Polling_1200x630.png","type":"image\/png"}],"twitter_card":"summary_large_image","twitter_misc":{"Gesch\u00e4tzte Lesezeit":"3\u00a0Minuten"},"schema":{"@context":"https:\/\/schema.org","@graph":[{"@type":"WebPage","@id":"https:\/\/stoa169.com\/de\/polling\/polling-der-ort-und-sein-geist-2\/","url":"https:\/\/stoa169.com\/de\/polling\/polling-der-ort-und-sein-geist-2\/","name":"Polling. Der Ort und sein Geist - STOA169","isPartOf":{"@id":"https:\/\/stoa169.com\/de\/#website"},"datePublished":"2019-07-23T10:22:52+00:00","dateModified":"2019-08-09T08:38:03+00:00","breadcrumb":{"@id":"https:\/\/stoa169.com\/de\/polling\/polling-der-ort-und-sein-geist-2\/#breadcrumb"},"inLanguage":"de","potentialAction":[{"@type":"ReadAction","target":["https:\/\/stoa169.com\/de\/polling\/polling-der-ort-und-sein-geist-2\/"]}]},{"@type":"BreadcrumbList","@id":"https:\/\/stoa169.com\/de\/polling\/polling-der-ort-und-sein-geist-2\/#breadcrumb","itemListElement":[{"@type":"ListItem","position":1,"name":"Startseite","item":"https:\/\/stoa169.com\/de\/"},{"@type":"ListItem","position":2,"name":"Polling","item":"https:\/\/stoa169.com\/de\/polling\/"},{"@type":"ListItem","position":3,"name":"Polling. Der Ort und sein Geist"}]},{"@type":"WebSite","@id":"https:\/\/stoa169.com\/de\/#website","url":"https:\/\/stoa169.com\/de\/","name":"STOA169","description":"Die K\u00fcnstlers\u00e4ulenhalle in Polling","publisher":{"@id":"https:\/\/stoa169.com\/de\/#organization"},"potentialAction":[{"@type":"SearchAction","target":{"@type":"EntryPoint","urlTemplate":"https:\/\/stoa169.com\/de\/?s={search_term_string}"},"query-input":{"@type":"PropertyValueSpecification","valueRequired":true,"valueName":"search_term_string"}}],"inLanguage":"de"},{"@type":"Organization","@id":"https:\/\/stoa169.com\/de\/#organization","name":"STOA169","url":"https:\/\/stoa169.com\/de\/","logo":{"@type":"ImageObject","inLanguage":"de","@id":"https:\/\/stoa169.com\/de\/#\/schema\/logo\/image\/","url":"https:\/\/stoa169.com\/wp-content\/uploads\/2023\/08\/STOA169-Logo_kurz.png","contentUrl":"https:\/\/stoa169.com\/wp-content\/uploads\/2023\/08\/STOA169-Logo_kurz.png","width":630,"height":630,"caption":"STOA169"},"image":{"@id":"https:\/\/stoa169.com\/de\/#\/schema\/logo\/image\/"},"sameAs":["https:\/\/www.facebook.com\/stoa169stiftung\/","https:\/\/www.instagram.com\/stoa169stiftung\/"]}]}},"_links":{"self":[{"href":"https:\/\/stoa169.com\/de\/wp-json\/wp\/v2\/pages\/260","targetHints":{"allow":["GET"]}}],"collection":[{"href":"https:\/\/stoa169.com\/de\/wp-json\/wp\/v2\/pages"}],"about":[{"href":"https:\/\/stoa169.com\/de\/wp-json\/wp\/v2\/types\/page"}],"author":[{"embeddable":true,"href":"https:\/\/stoa169.com\/de\/wp-json\/wp\/v2\/users\/6"}],"replies":[{"embeddable":true,"href":"https:\/\/stoa169.com\/de\/wp-json\/wp\/v2\/comments?post=260"}],"version-history":[{"count":0,"href":"https:\/\/stoa169.com\/de\/wp-json\/wp\/v2\/pages\/260\/revisions"}],"up":[{"embeddable":true,"href":"https:\/\/stoa169.com\/de\/wp-json\/wp\/v2\/pages\/234"}],"wp:attachment":[{"href":"https:\/\/stoa169.com\/de\/wp-json\/wp\/v2\/media?parent=260"}],"curies":[{"name":"wp","href":"https:\/\/api.w.org\/{rel}","templated":true}]}}