{"id":256,"date":"2019-07-23T12:17:58","date_gmt":"2019-07-23T10:17:58","guid":{"rendered":"https:\/\/stoa169.com\/?page_id=256"},"modified":"2019-08-05T15:30:18","modified_gmt":"2019-08-05T13:30:18","slug":"polling-und-die-kunst","status":"publish","type":"page","link":"https:\/\/stoa169.com\/de\/polling\/polling-und-die-kunst\/","title":{"rendered":"Polling und die Kunst"},"content":{"rendered":"\t\t<div data-elementor-type=\"wp-post\" data-elementor-id=\"256\" class=\"elementor elementor-256\">\n\t\t\t\t\t\t<section class=\"elementor-section elementor-top-section elementor-element elementor-element-df09207 elementor-section-boxed elementor-section-height-default elementor-section-height-default\" data-id=\"df09207\" data-element_type=\"section\" data-e-type=\"section\">\n\t\t\t\t\t\t<div class=\"elementor-container elementor-column-gap-no\">\n\t\t\t\t\t<div class=\"elementor-column elementor-col-100 elementor-top-column elementor-element elementor-element-cf3ff82\" data-id=\"cf3ff82\" data-element_type=\"column\" data-e-type=\"column\">\n\t\t\t<div class=\"elementor-widget-wrap elementor-element-populated\">\n\t\t\t\t\t\t<div class=\"elementor-element elementor-element-ca204fb elementor-widget elementor-widget-text-editor\" data-id=\"ca204fb\" data-element_type=\"widget\" data-e-type=\"widget\" data-widget_type=\"text-editor.default\">\n\t\t\t\t<div class=\"elementor-widget-container\">\n\t\t\t\t\t\t\t\t\t<h2>Polling und die Kunst<\/h2><p>Dominik von K\u00f6nig<\/p><p>Hingelagert am Rande des weitr\u00e4umigen Mooses, nach S\u00fcden begrenzt von einer H\u00fcgelkette, im Hintergrund das Hochgebirge, liegt Polling. Zun\u00e4chst ist nur der m\u00e4chtige Turm der Stiftskirche zu sehen, ein Werk des Renaissancek\u00fcnstlers Hans Krumpper, dann das Geviert der Klosteranlage.\u2028Polling ist ein Klosterdorf, seit mehr als 1000 Jahren. Das Kloster hat das Erscheinungsbild des Dorfes ebenso gepr\u00e4gt, wie die rund 800-j\u00e4hrige Anwesenheit der Augustiner-Chorherren auch seine Bewohner pr\u00e4gte. Vor allem im 18. Jahrhundert findet sich in Polling eine Weltl\u00e4ufigkeit, die au\u00dfergew\u00f6hnlich war. Der wissenschaftliche Austausch des Klosters mit anderen L\u00e4ndern machte Polling zu einer Bildungsst\u00e4tte von europ\u00e4ischem Rang.\u2028Mit den Kl\u00f6stern kam die Kultur auf das Land, so auch in Polling: die Agri-Kultur, das Handwerk, die K\u00fcnste, zuletzt die Wissenschaften.\u2028Dem \u00e4ltesten Kunstwerk, dem Heiligen Kreuz, ist die Kirche geweiht. Der Kreuzstamm aus Fichtenholz wurde um das Jahr 1000 geschlagen, die sp\u00e4tromanische Figur des Gekreuzigten, auf Pferdehaut gemalt, l\u00e4sst byzantinischen Einfluss erkennen. Dieses Kreuz steht am Beginn aller Werke, die das Kloster im Laufe der Jahrhunderte durch Baumeister, Maler, Bildhauer und Kunsthandwerker zur h\u00f6heren Ehre Gottes errichten und anfertigen lie\u00df. Einiges, vor allem die Stiftskirche und die Klostergeb\u00e4ude mit dem sp\u00e4tbarocken Bibliothekssaal, blieb auch nach der Aufl\u00f6sung der bayerischen Kl\u00f6ster im Jahre 1803 erhalten. Anderes findet sich in den gro\u00dfen M\u00fcnchner Museen wieder: vor allem die Bibliothek selbst, damals eine der gr\u00f6\u00dften in Deutschland, deren beste St\u00fccke in die heutige bayerische Staatsbibliothek \u00fcberf\u00fchrt wurden.\u2028Mit dem Jahre 1803, der S\u00e4kularisation, s\u00e4kularisierten sich, notgedrungen, auch die K\u00fcnste, denn die Kirche als Auftraggeber f\u00fcr die Musik und die bildende Kunst entfiel. Das galt f\u00fcr Ausstattung der Kirchen mit biblischen Geschichten oder frommen Legenden und das Kunsthandwerk. Es bildete sich ein Kunstmarkt, der nach anderen Sujets verlangte.\u00a0<\/p><p>Vor allem die Landschaftsmalerei fand guten Absatz. Die K\u00fcnstler gingen aufs Land, um vor der Natur zu malen. Polling wurde \u2013 mit einigen anderen Orten \u2013 von den Malern gesch\u00e4tzt. Wie wir vor allem aus dem Fremdenbuch der Alten Klosterwirtschaft wissen, haben zwischen 1830 und 1900 weit \u00fcber 400 K\u00fcnstler Polling besucht \u2013 viele von Ihnen wiederholt und f\u00fcr l\u00e4ngere Zeit. \u00dcberraschend ist dabei der hohe Anteil ausl\u00e4ndischer Maler: Engl\u00e4nder, Schweizer, vor allem aber 90 Amerikaner. Frank Duveneck (1848-1919), ein Mann mit Begabung und Charisma, scharte eine Gruppe von Landsleuten um sich, die \u201eDuveneck-Boys\u201c, die w\u00e4hrend der Ferienzeiten der M\u00fcnchner Akademie gemeinsam in Polling malten. Sie wohnten bei den Bauern und nutzten die leeren Klosterr\u00e4ume als Atelier. \u201eAmerikanerdorf\u201c nannte man Polling in den 1870er Jahren. Viele ihrer Gem\u00e4lde h\u00e4ngen heute in den gro\u00dfen Museen der USA. Zeugnisse ihrer Kunst \u2013 so das Polling Watergirl von Joseph DeCamp und Duvenecks erstes in Polling gemaltes Bild \u2013 bezeugen aber auch im Museum Polling mit vielen weiteren Ansichten des Dorfes und seiner n\u00e4heren Umgebung durch namhafte Maler der \u201eM\u00fcnchner Schule\u201c das reiche k\u00fcnstlerische Leben, das hier f\u00fcr ein halbes Jahrhundert herrschte.\u00a0<\/p><p>Um 1900 endete das Kapitel \u201eMalerdorf Polling\u201c.\u2028Aber der k\u00fcnstlerische genius loci hat Polling nicht verlassen: es blieb und bleibt weiterhin ein Ort k\u00fcnstlerischer T\u00e4tigkeit und der Kunstvermittlung. Julia Mann w\u00e4hlte Polling f\u00fcr lange Jahre als Aufenthaltsort \u2013 durch ihren Sohn Thomas ist Polling im Doktor Faustus in die Weltliteratur eingegangen. Der mit der Mutter in Polling wohnende Sohn Victor hat dem Ort in seinem Werk Wir waren F\u00fcnf ein anr\u00fchrendes Denkmal gesetzt.\u2028Auch die bildenden K\u00fcnste haben heute wieder eine Heimstatt in Polling gefunden, mitunter von internationalem Rang. So wohnt schon seit langem der Maler Bernd Zimmer im fr\u00fcheren Pferdestall des Klosters. Er hat den Freund und Bildhauer Nikolaus Gerhardt angeregt, ein Denkmal f\u00fcr den heimischen Tuffstein zu setzen, aus dem das Kloster, die Kirche und alle \u00e4lteren H\u00e4user der Gemeinde erbaut sind. Die beiden behauenen Tuffbl\u00f6cke kr\u00f6nen, beil\u00e4ufig und doch markant, den h\u00f6chsten Punkt des Dorfes, den Ammerberg. Im \u201eRegenbogenstadl\u201c, urspr\u00fcnglich ein landwirtschaftlicher Zweckbau, werden Werke von La Monte Young und Marian Zazeela pr\u00e4sentiert.\u00a0<\/p><p>Seit 1962 entwickelt das amerikanische K\u00fcnstlerpaar das Dream House als gro\u00dfes fortlaufendes Projekt der Pr\u00e4sentation von Klang und Licht. St\u00e4ndige Einrichtungen, wie dieses Dream House, sind nur in New York und, seit 2001, in Polling zu sehen. Und der \u201eFischerbau\u201c \u2013 urspr\u00fcnglich ein M\u00e4rzenbierkeller, ein Werk des gro\u00dfen barocken Baumeisters Johann Michael Fischer \u2013 ist nicht nur Ausstellungsst\u00fcck seiner selbst, sondern wird durch wechselnde Kulturereignisse mit Leben erf\u00fcllt, im Jahre 2016 z.B. durch eine Installation von Dan Flavin. Die F\u00fclle kultureller Zeugnisse und Aktivit\u00e4ten unterscheidet Polling von vergleichbaren Gemeinden der Umgebung. Polling hat sich bis heute die Kraft erhalten, im Lauf der Zeiten, inspiriert von weitsichtigen Pers\u00f6nlichkeiten, immer wieder Au\u00dfergew\u00f6hnliches hervorzubringen.<\/p>\t\t\t\t\t\t\t\t<\/div>\n\t\t\t\t<\/div>\n\t\t\t\t\t<\/div>\n\t\t<\/div>\n\t\t\t\t\t<\/div>\n\t\t<\/section>\n\t\t\t\t<\/div>\n\t\t","protected":false},"excerpt":{"rendered":"<p>Polling und die Kunst Dominik von K\u00f6nig Hingelagert am Rande des weitr\u00e4umigen Mooses, nach S\u00fcden begrenzt von einer H\u00fcgelkette, im Hintergrund das Hochgebirge, liegt Polling. Zun\u00e4chst ist nur der m\u00e4chtige Turm der Stiftskirche zu sehen, ein Werk des Renaissancek\u00fcnstlers Hans Krumpper, dann das Geviert der Klosteranlage.\u2028Polling ist ein Klosterdorf, seit mehr als 1000 Jahren. Das [&#8230;]<\/p>\n<p><a class=\"btn btn-secondary understrap-read-more-link\" href=\"https:\/\/stoa169.com\/de\/polling\/polling-und-die-kunst\/\">Weiterlesen\u00a0\u2026<span class=\"screen-reader-text\"> from Polling und die Kunst<\/span><\/a><\/p>\n","protected":false},"author":6,"featured_media":0,"parent":234,"menu_order":0,"comment_status":"closed","ping_status":"closed","template":"elementor_header_footer","meta":{"_acf_changed":false,"footnotes":""},"class_list":["post-256","page","type-page","status-publish","hentry"],"acf":[],"yoast_head":"<!-- This site is optimized with the Yoast SEO plugin v27.5 - https:\/\/yoast.com\/product\/yoast-seo-wordpress\/ -->\n<title>Polling und die Kunst - STOA169<\/title>\n<meta name=\"robots\" content=\"index, follow, max-snippet:-1, max-image-preview:large, max-video-preview:-1\" \/>\n<link rel=\"canonical\" href=\"https:\/\/stoa169.com\/de\/polling\/polling-und-die-kunst\/\" \/>\n<meta property=\"og:locale\" content=\"de_DE\" \/>\n<meta property=\"og:type\" content=\"article\" \/>\n<meta property=\"og:title\" content=\"Polling und die Kunst - STOA169\" \/>\n<meta property=\"og:description\" content=\"Polling und die Kunst Dominik von K\u00f6nig Hingelagert am Rande des weitr\u00e4umigen Mooses, nach S\u00fcden begrenzt von einer H\u00fcgelkette, im Hintergrund das Hochgebirge, liegt Polling. Zun\u00e4chst ist nur der m\u00e4chtige Turm der Stiftskirche zu sehen, ein Werk des Renaissancek\u00fcnstlers Hans Krumpper, dann das Geviert der Klosteranlage.\u2028Polling ist ein Klosterdorf, seit mehr als 1000 Jahren. Das [...]Weiterlesen\u00a0\u2026 from Polling und die Kunst\" \/>\n<meta property=\"og:url\" content=\"https:\/\/stoa169.com\/de\/polling\/polling-und-die-kunst\/\" \/>\n<meta property=\"og:site_name\" content=\"STOA169\" \/>\n<meta property=\"article:publisher\" content=\"https:\/\/www.facebook.com\/stoa169stiftung\/\" \/>\n<meta property=\"article:modified_time\" content=\"2019-08-05T13:30:18+00:00\" \/>\n<meta property=\"og:image\" content=\"https:\/\/stoa169.com\/wp-content\/uploads\/2023\/08\/STOA169-Saeulenhalle-Columns-Hall-Polling_1200x630.png\" \/>\n\t<meta property=\"og:image:width\" content=\"1200\" \/>\n\t<meta property=\"og:image:height\" content=\"630\" \/>\n\t<meta property=\"og:image:type\" content=\"image\/png\" \/>\n<meta name=\"twitter:card\" content=\"summary_large_image\" \/>\n<meta name=\"twitter:label1\" content=\"Gesch\u00e4tzte Lesezeit\" \/>\n\t<meta name=\"twitter:data1\" content=\"4\u00a0Minuten\" \/>\n<script type=\"application\/ld+json\" class=\"yoast-schema-graph\">{\"@context\":\"https:\\\/\\\/schema.org\",\"@graph\":[{\"@type\":\"WebPage\",\"@id\":\"https:\\\/\\\/stoa169.com\\\/de\\\/polling\\\/polling-und-die-kunst\\\/\",\"url\":\"https:\\\/\\\/stoa169.com\\\/de\\\/polling\\\/polling-und-die-kunst\\\/\",\"name\":\"Polling und die Kunst - STOA169\",\"isPartOf\":{\"@id\":\"https:\\\/\\\/stoa169.com\\\/de\\\/#website\"},\"datePublished\":\"2019-07-23T10:17:58+00:00\",\"dateModified\":\"2019-08-05T13:30:18+00:00\",\"breadcrumb\":{\"@id\":\"https:\\\/\\\/stoa169.com\\\/de\\\/polling\\\/polling-und-die-kunst\\\/#breadcrumb\"},\"inLanguage\":\"de\",\"potentialAction\":[{\"@type\":\"ReadAction\",\"target\":[\"https:\\\/\\\/stoa169.com\\\/de\\\/polling\\\/polling-und-die-kunst\\\/\"]}]},{\"@type\":\"BreadcrumbList\",\"@id\":\"https:\\\/\\\/stoa169.com\\\/de\\\/polling\\\/polling-und-die-kunst\\\/#breadcrumb\",\"itemListElement\":[{\"@type\":\"ListItem\",\"position\":1,\"name\":\"Startseite\",\"item\":\"https:\\\/\\\/stoa169.com\\\/de\\\/\"},{\"@type\":\"ListItem\",\"position\":2,\"name\":\"Polling\",\"item\":\"https:\\\/\\\/stoa169.com\\\/de\\\/polling\\\/\"},{\"@type\":\"ListItem\",\"position\":3,\"name\":\"Polling und die Kunst\"}]},{\"@type\":\"WebSite\",\"@id\":\"https:\\\/\\\/stoa169.com\\\/de\\\/#website\",\"url\":\"https:\\\/\\\/stoa169.com\\\/de\\\/\",\"name\":\"STOA169\",\"description\":\"Die K\u00fcnstlers\u00e4ulenhalle in Polling\",\"publisher\":{\"@id\":\"https:\\\/\\\/stoa169.com\\\/de\\\/#organization\"},\"potentialAction\":[{\"@type\":\"SearchAction\",\"target\":{\"@type\":\"EntryPoint\",\"urlTemplate\":\"https:\\\/\\\/stoa169.com\\\/de\\\/?s={search_term_string}\"},\"query-input\":{\"@type\":\"PropertyValueSpecification\",\"valueRequired\":true,\"valueName\":\"search_term_string\"}}],\"inLanguage\":\"de\"},{\"@type\":\"Organization\",\"@id\":\"https:\\\/\\\/stoa169.com\\\/de\\\/#organization\",\"name\":\"STOA169\",\"url\":\"https:\\\/\\\/stoa169.com\\\/de\\\/\",\"logo\":{\"@type\":\"ImageObject\",\"inLanguage\":\"de\",\"@id\":\"https:\\\/\\\/stoa169.com\\\/de\\\/#\\\/schema\\\/logo\\\/image\\\/\",\"url\":\"https:\\\/\\\/stoa169.com\\\/wp-content\\\/uploads\\\/2023\\\/08\\\/STOA169-Logo_kurz.png\",\"contentUrl\":\"https:\\\/\\\/stoa169.com\\\/wp-content\\\/uploads\\\/2023\\\/08\\\/STOA169-Logo_kurz.png\",\"width\":630,\"height\":630,\"caption\":\"STOA169\"},\"image\":{\"@id\":\"https:\\\/\\\/stoa169.com\\\/de\\\/#\\\/schema\\\/logo\\\/image\\\/\"},\"sameAs\":[\"https:\\\/\\\/www.facebook.com\\\/stoa169stiftung\\\/\",\"https:\\\/\\\/www.instagram.com\\\/stoa169stiftung\\\/\"]}]}<\/script>\n<!-- \/ Yoast SEO plugin. -->","yoast_head_json":{"title":"Polling und die Kunst - STOA169","robots":{"index":"index","follow":"follow","max-snippet":"max-snippet:-1","max-image-preview":"max-image-preview:large","max-video-preview":"max-video-preview:-1"},"canonical":"https:\/\/stoa169.com\/de\/polling\/polling-und-die-kunst\/","og_locale":"de_DE","og_type":"article","og_title":"Polling und die Kunst - STOA169","og_description":"Polling und die Kunst Dominik von K\u00f6nig Hingelagert am Rande des weitr\u00e4umigen Mooses, nach S\u00fcden begrenzt von einer H\u00fcgelkette, im Hintergrund das Hochgebirge, liegt Polling. Zun\u00e4chst ist nur der m\u00e4chtige Turm der Stiftskirche zu sehen, ein Werk des Renaissancek\u00fcnstlers Hans Krumpper, dann das Geviert der Klosteranlage.\u2028Polling ist ein Klosterdorf, seit mehr als 1000 Jahren. Das [...]Weiterlesen\u00a0\u2026 from Polling und die Kunst","og_url":"https:\/\/stoa169.com\/de\/polling\/polling-und-die-kunst\/","og_site_name":"STOA169","article_publisher":"https:\/\/www.facebook.com\/stoa169stiftung\/","article_modified_time":"2019-08-05T13:30:18+00:00","og_image":[{"width":1200,"height":630,"url":"https:\/\/stoa169.com\/wp-content\/uploads\/2023\/08\/STOA169-Saeulenhalle-Columns-Hall-Polling_1200x630.png","type":"image\/png"}],"twitter_card":"summary_large_image","twitter_misc":{"Gesch\u00e4tzte Lesezeit":"4\u00a0Minuten"},"schema":{"@context":"https:\/\/schema.org","@graph":[{"@type":"WebPage","@id":"https:\/\/stoa169.com\/de\/polling\/polling-und-die-kunst\/","url":"https:\/\/stoa169.com\/de\/polling\/polling-und-die-kunst\/","name":"Polling und die Kunst - STOA169","isPartOf":{"@id":"https:\/\/stoa169.com\/de\/#website"},"datePublished":"2019-07-23T10:17:58+00:00","dateModified":"2019-08-05T13:30:18+00:00","breadcrumb":{"@id":"https:\/\/stoa169.com\/de\/polling\/polling-und-die-kunst\/#breadcrumb"},"inLanguage":"de","potentialAction":[{"@type":"ReadAction","target":["https:\/\/stoa169.com\/de\/polling\/polling-und-die-kunst\/"]}]},{"@type":"BreadcrumbList","@id":"https:\/\/stoa169.com\/de\/polling\/polling-und-die-kunst\/#breadcrumb","itemListElement":[{"@type":"ListItem","position":1,"name":"Startseite","item":"https:\/\/stoa169.com\/de\/"},{"@type":"ListItem","position":2,"name":"Polling","item":"https:\/\/stoa169.com\/de\/polling\/"},{"@type":"ListItem","position":3,"name":"Polling und die Kunst"}]},{"@type":"WebSite","@id":"https:\/\/stoa169.com\/de\/#website","url":"https:\/\/stoa169.com\/de\/","name":"STOA169","description":"Die K\u00fcnstlers\u00e4ulenhalle in Polling","publisher":{"@id":"https:\/\/stoa169.com\/de\/#organization"},"potentialAction":[{"@type":"SearchAction","target":{"@type":"EntryPoint","urlTemplate":"https:\/\/stoa169.com\/de\/?s={search_term_string}"},"query-input":{"@type":"PropertyValueSpecification","valueRequired":true,"valueName":"search_term_string"}}],"inLanguage":"de"},{"@type":"Organization","@id":"https:\/\/stoa169.com\/de\/#organization","name":"STOA169","url":"https:\/\/stoa169.com\/de\/","logo":{"@type":"ImageObject","inLanguage":"de","@id":"https:\/\/stoa169.com\/de\/#\/schema\/logo\/image\/","url":"https:\/\/stoa169.com\/wp-content\/uploads\/2023\/08\/STOA169-Logo_kurz.png","contentUrl":"https:\/\/stoa169.com\/wp-content\/uploads\/2023\/08\/STOA169-Logo_kurz.png","width":630,"height":630,"caption":"STOA169"},"image":{"@id":"https:\/\/stoa169.com\/de\/#\/schema\/logo\/image\/"},"sameAs":["https:\/\/www.facebook.com\/stoa169stiftung\/","https:\/\/www.instagram.com\/stoa169stiftung\/"]}]}},"_links":{"self":[{"href":"https:\/\/stoa169.com\/de\/wp-json\/wp\/v2\/pages\/256","targetHints":{"allow":["GET"]}}],"collection":[{"href":"https:\/\/stoa169.com\/de\/wp-json\/wp\/v2\/pages"}],"about":[{"href":"https:\/\/stoa169.com\/de\/wp-json\/wp\/v2\/types\/page"}],"author":[{"embeddable":true,"href":"https:\/\/stoa169.com\/de\/wp-json\/wp\/v2\/users\/6"}],"replies":[{"embeddable":true,"href":"https:\/\/stoa169.com\/de\/wp-json\/wp\/v2\/comments?post=256"}],"version-history":[{"count":0,"href":"https:\/\/stoa169.com\/de\/wp-json\/wp\/v2\/pages\/256\/revisions"}],"up":[{"embeddable":true,"href":"https:\/\/stoa169.com\/de\/wp-json\/wp\/v2\/pages\/234"}],"wp:attachment":[{"href":"https:\/\/stoa169.com\/de\/wp-json\/wp\/v2\/media?parent=256"}],"curies":[{"name":"wp","href":"https:\/\/api.w.org\/{rel}","templated":true}]}}