{"id":2447,"date":"2019-10-28T12:14:43","date_gmt":"2019-10-28T11:14:43","guid":{"rendered":"https:\/\/stoa169.com\/?page_id=2447"},"modified":"2025-03-26T19:20:10","modified_gmt":"2025-03-26T18:20:10","slug":"anfahrt","status":"publish","type":"page","link":"https:\/\/stoa169.com\/de\/anfahrt\/","title":{"rendered":"Zufahrt. Parkpl\u00e4tze. Weg zur STOA169"},"content":{"rendered":"\t\t<div data-elementor-type=\"wp-post\" data-elementor-id=\"2447\" class=\"elementor elementor-2447\">\n\t\t\t\t\t\t<section class=\"elementor-section elementor-top-section elementor-element elementor-element-4f52c9e elementor-section-boxed elementor-section-height-default elementor-section-height-default\" data-id=\"4f52c9e\" data-element_type=\"section\" data-e-type=\"section\">\n\t\t\t\t\t\t<div class=\"elementor-container elementor-column-gap-no\">\n\t\t\t\t\t<div class=\"elementor-column elementor-col-100 elementor-top-column elementor-element elementor-element-ba2db2e\" data-id=\"ba2db2e\" data-element_type=\"column\" data-e-type=\"column\">\n\t\t\t<div class=\"elementor-widget-wrap elementor-element-populated\">\n\t\t\t\t\t\t<div class=\"elementor-element elementor-element-f0893e5 elementor-widget elementor-widget-text-editor\" data-id=\"f0893e5\" data-element_type=\"widget\" data-e-type=\"widget\" data-widget_type=\"text-editor.default\">\n\t\t\t\t<div class=\"elementor-widget-container\">\n\t\t\t\t\t\t\t\t\t<h2>Anfahrt zur STOA169<\/h2><p>Der k\u00fcrzeste Weg zur STOA169 f\u00fchrt vom Parkplatz an der Ro\u00dflaichbr\u00fccke. Hier kann nur auf den ausgewiesenen Parkpl\u00e4tzen geparkt werden; bitte nicht an der Stra\u00dfe parken. In Polling nutzen Sie bitte den Wanderparkplatz am Ende der Bahnhofstra\u00dfe.<\/p><p><span style=\"color: #808080;\">Die Anfahrt \u00fcber den Ammerberg ist nicht m\u00f6glich!<\/span><\/p><p><strong><span style=\"color: #339966;\">Besuchende mit Parkausweis f\u00fcr Behinderte k\u00f6nnen bis zur STOA169 fahren und am vorgesehenen Platz w\u00e4hrend der Besichtigung parken.<br \/>Bitte den Nachweis gut sichtbar auf dem Armaturenbrett platzieren.<\/span><\/strong><\/p><p><a href=\"https:\/\/www.google.de\/maps\/dir\/\/Parkplatz+an+der+Ammer,+B472,+82398+Polling\/@47.8003863,11.1134235,16.69z\/data=!4m9!4m8!1m0!1m5!1m1!1s0x479db4c7b27bf26b:0x97d83916b2af2d31!2m2!1d11.115577!2d47.8018721!3e0\" target=\"_blank\" rel=\"noopener\"><i class=\"fas fa-map\"><\/i> Google Maps Routenplaner<\/a><\/p><p><a href=\"https:\/\/stoa169.com\/wp-content\/uploads\/19-1984_ORTSPLAN_Polling_ParkplatzSTOA_soft-scaled.jpg\" target=\"_blank\" rel=\"noopener\"><i class=\"fas fa-file-download\"><\/i> Download<\/a><\/p>\t\t\t\t\t\t\t\t<\/div>\n\t\t\t\t<\/div>\n\t\t\t\t<div class=\"elementor-element elementor-element-1d3d21d elementor-widget elementor-widget-image\" data-id=\"1d3d21d\" data-element_type=\"widget\" data-e-type=\"widget\" data-widget_type=\"image.default\">\n\t\t\t\t<div class=\"elementor-widget-container\">\n\t\t\t\t\t\t\t\t\t\t\t\t\t\t\t<img loading=\"lazy\" decoding=\"async\" width=\"2560\" height=\"1981\" src=\"https:\/\/stoa169.com\/wp-content\/uploads\/19-1984_ORTSPLAN_Polling_ParkplatzSTOA_soft-scaled.jpg\" class=\"attachment-full size-full wp-image-12595\" alt=\"\" srcset=\"https:\/\/stoa169.com\/wp-content\/uploads\/19-1984_ORTSPLAN_Polling_ParkplatzSTOA_soft-scaled.jpg 2560w, https:\/\/stoa169.com\/wp-content\/uploads\/19-1984_ORTSPLAN_Polling_ParkplatzSTOA_soft-300x232.jpg 300w, https:\/\/stoa169.com\/wp-content\/uploads\/19-1984_ORTSPLAN_Polling_ParkplatzSTOA_soft-1024x792.jpg 1024w, https:\/\/stoa169.com\/wp-content\/uploads\/19-1984_ORTSPLAN_Polling_ParkplatzSTOA_soft-768x594.jpg 768w, https:\/\/stoa169.com\/wp-content\/uploads\/19-1984_ORTSPLAN_Polling_ParkplatzSTOA_soft-1536x1189.jpg 1536w, https:\/\/stoa169.com\/wp-content\/uploads\/19-1984_ORTSPLAN_Polling_ParkplatzSTOA_soft-2048x1585.jpg 2048w\" sizes=\"auto, (max-width: 2560px) 100vw, 2560px\" \/>\t\t\t\t\t\t\t\t\t\t\t\t\t\t\t<\/div>\n\t\t\t\t<\/div>\n\t\t\t\t<div class=\"elementor-element elementor-element-fd55813 d-none elementor-widget elementor-widget-text-editor\" data-id=\"fd55813\" data-element_type=\"widget\" data-e-type=\"widget\" data-widget_type=\"text-editor.default\">\n\t\t\t\t<div class=\"elementor-widget-container\">\n\t\t\t\t\t\t\t\t\t<div class=\"leaflet-map WPLeafletMap\" style=\"height:600px; width:100%;\"><\/div><script>\nwindow.WPLeafletMapPlugin = window.WPLeafletMapPlugin || [];\nwindow.WPLeafletMapPlugin.push(function WPLeafletMapShortcode() {\/*<script>*\/\nvar baseUrl = atob('aHR0cHM6Ly97c30udGlsZS5vcGVuc3RyZWV0bWFwLm9yZy97en0ve3h9L3t5fS5wbmc=');\nvar base = (!baseUrl && window.MQ) ?\n    window.MQ.mapLayer() : L.tileLayer(baseUrl,\n        L.Util.extend({}, {\n            detectRetina: 0,\n        },\n        {\"subdomains\":\"abc\",\"noWrap\":false,\"maxZoom\":20}        )\n    );\n    var options = L.Util.extend({}, {\n        layers: [base],\n        attributionControl: false\n    },\n    {\"zoomControl\":false,\"scrollWheelZoom\":true,\"doubleClickZoom\":true,\"fitBounds\":true,\"minZoom\":0,\"maxZoom\":20,\"maxBounds\":null,\"attribution\":\"<a href=\\\"http:\\\/\\\/leafletjs.com\\\" title=\\\"Eine Javascript-Bibliothek f\\u00fcr interaktive Karten\\\">Leaflet<\\\/a>; \\\\r\\\\n\\u00a9 <a href=\\\"http:\\\/\\\/www.openstreetmap.org\\\/copyright\\\">OpenStreetMap<\\\/a> Mitwirkende\"},\n    {});\nwindow.WPLeafletMapPlugin.createMap(options).setView([44.67,-63.61],12);});<\/script><script>\nwindow.WPLeafletMapPlugin = window.WPLeafletMapPlugin || [];\nwindow.WPLeafletMapPlugin.push(function WPLeafletjsonShortcode() {\/*<script>*\/\nvar src = '\/wp-content\/uploads\/data.geojson';\nvar default_style = {};\nvar rewrite_keys = {\n    stroke : 'color',\n    'stroke-width' : 'weight',\n    'stroke-opacity' : 'opacity',\n    fill : 'fillColor',\n    'fill-opacity' : 'fillOpacity',\n};\n\/\/ htmlspecialchars converts & to \"&amp;\"; maybe unnecessarily, and maybe 3x\nvar ampersandRegex = \/&(?:amp;){1,3}\/g\nvar layer = L.ajaxGeoJson(src.replace(ampersandRegex, '&'), {\n    type: 'json',\n    style : layerStyle,\n    onEachFeature : onEachFeature,\n    pointToLayer: pointToLayer\n});\nvar fitbounds = 0;\nvar circleMarker = 0;\nvar popup_text = window.WPLeafletMapPlugin.unescape(\"{popup-text}\");\nvar popup_property = \"\";\nvar table_view = 0;\nvar group = window.WPLeafletMapPlugin.getCurrentGroup();\nvar markerOptions = window.WPLeafletMapPlugin.getIconOptions({});\nlayer.addTo( group );\nwindow.WPLeafletMapPlugin.geojsons.push( layer );\nif (fitbounds) {\n    layer.on('ready', function () {\n        this.map.fitBounds( this.getBounds() );\n    });\n}\nfunction layerStyle (feature) {\n    var props = feature.properties || {};\n    var style = {};\n    function camelFun (_, first_letter) {\n        return first_letter.toUpperCase();\n    };\n    for (var key in props) {\n        if (key.match('-')) {\n            var camelcase = key.replace(\/-(\\w)\/, camelFun);\n            style[ camelcase ] = props[ key ];\n        }\n        \/\/ rewrite style keys from geojson.io\n        if (rewrite_keys[ key ]) {\n            style[ rewrite_keys[ key ] ] = props[ key ];\n        }\n    }\n    return L.Util.extend(style, default_style);\n}\nfunction onEachFeature (feature, layer) {\n    var props = feature.properties || {};\n    var text;\n    if (table_view) {\n        text = window.WPLeafletMapPlugin.propsToTable(props);\n    } else {\n        text = popup_property\n            ? props[ popup_property ]\n            : window.WPLeafletMapPlugin.template(\n                popup_text, \n                feature.properties\n            );\n    }\n    if (text) {\n        layer.bindPopup( text );\n    }\n}\n    function pointToLayer (feature, latlng) {\n    if (circleMarker) {\n        return L.circleMarker(latlng);\n    }\n    return L.marker(latlng, markerOptions);\n}});<\/script>\t\t\t\t\t\t\t\t<\/div>\n\t\t\t\t<\/div>\n\t\t\t\t\t<\/div>\n\t\t<\/div>\n\t\t\t\t\t<\/div>\n\t\t<\/section>\n\t\t\t\t<section class=\"elementor-section elementor-top-section elementor-element elementor-element-b626122 elementor-section-boxed elementor-section-height-default elementor-section-height-default\" data-id=\"b626122\" data-element_type=\"section\" data-e-type=\"section\">\n\t\t\t\t\t\t<div class=\"elementor-container elementor-column-gap-no\">\n\t\t\t\t\t<div class=\"elementor-column elementor-col-100 elementor-top-column elementor-element elementor-element-9b3fdcf\" data-id=\"9b3fdcf\" data-element_type=\"column\" data-e-type=\"column\">\n\t\t\t<div class=\"elementor-widget-wrap elementor-element-populated\">\n\t\t\t\t\t\t<div class=\"elementor-element elementor-element-d84ad4c elementor-widget elementor-widget-text-editor\" data-id=\"d84ad4c\" data-element_type=\"widget\" data-e-type=\"widget\" data-widget_type=\"text-editor.default\">\n\t\t\t\t<div class=\"elementor-widget-container\">\n\t\t\t\t\t\t\t\t\t<h2>Anfahrt mit \u00d6ffentlichen Verkehrsmitteln<\/h2><p><strong>Mit dem Zug nach Weilheim in Oberbayern<br \/><\/strong>Regionalexpress von M\u00fcnchen: Richtung Weilheim\/Garmisch-Partenkirchen\/Seefeld in Tirol\u00a0 <br \/>Fahrradmitnahme erlaubt, Dauer ca. 40min.<\/p><p><strong>Mit dem Bus von Weilheim nach Oderding\u00a0<\/strong> <br \/>Linien 931 und 936, Haltestelle Oderding. Der Fussweg verl\u00e4uft entlang der linken Uferseite dem Flusslauf der Ammer, ca. 2 km\/ \u00a025 Min. weitere Informationen zu Abfahrtzeiten: www.mvv-muenchen.de<\/p><p><strong>Mit dem Bus von Weilheim nach Polling\u00a0<\/strong> <br \/>Linien 9601 und 936, Haltestelle Hofmarkstrasse. \u00dcber den Kirchplatz der Beschilderung folgen. Der Fu\u00dfweg durch das Dorf f\u00fchrt durch die Bahnhofstra\u00dfe bis zum Ortsausgang (Bahnschranke), Dauer ca 25 Min. Am Wochenende verkehren relativ wenige Busse nach Polling, es empfiehlt sich die Verbindung nach Oderding; weitere Informationen: www.mvv-muenchen.de<\/p><p><strong>Mit dem Fahrrad von Polling\u00a0<\/strong> <br \/>Vom Kirchplatz in Polling der Beschilderung folgen. Der Weg durch das Dorf f\u00fchrt durch die Bahnhofstra\u00dfe bis zum Ortsausgang (Bahnschranke), Dauer ca. 14 min.<\/p><p><strong>Mit dem Taxi von Weilheim nach Polling\u00a0<\/strong> <br \/>Taxistand am Bahnhof in Weilheim. Um die Verf\u00fcgbarkeit zu sichern bietet es sich an, vorab telefonisch ein Taxi in Weilheim in Oberbayern oder Polling zu bestellen.<\/p>\t\t\t\t\t\t\t\t<\/div>\n\t\t\t\t<\/div>\n\t\t\t\t<div class=\"elementor-element elementor-element-1a4950b d-none elementor-widget elementor-widget-text-editor\" data-id=\"1a4950b\" data-element_type=\"widget\" data-e-type=\"widget\" data-widget_type=\"text-editor.default\">\n\t\t\t\t<div class=\"elementor-widget-container\">\n\t\t\t\t\t\t\t\t\t<div class=\"leaflet-map WPLeafletMap\" style=\"height:600px; width:100%;\"><\/div><script>\nwindow.WPLeafletMapPlugin = window.WPLeafletMapPlugin || [];\nwindow.WPLeafletMapPlugin.push(function WPLeafletMapShortcode() {\/*<script>*\/\nvar baseUrl = atob('aHR0cHM6Ly97c30udGlsZS5vcGVuc3RyZWV0bWFwLm9yZy97en0ve3h9L3t5fS5wbmc=');\nvar base = (!baseUrl && window.MQ) ?\n    window.MQ.mapLayer() : L.tileLayer(baseUrl,\n        L.Util.extend({}, {\n            detectRetina: 0,\n        },\n        {\"subdomains\":\"abc\",\"noWrap\":false,\"maxZoom\":20}        )\n    );\n    var options = L.Util.extend({}, {\n        layers: [base],\n        attributionControl: false\n    },\n    {\"zoomControl\":false,\"scrollWheelZoom\":true,\"doubleClickZoom\":true,\"fitBounds\":true,\"minZoom\":0,\"maxZoom\":20,\"maxBounds\":null,\"attribution\":\"<a href=\\\"http:\\\/\\\/leafletjs.com\\\" title=\\\"Eine Javascript-Bibliothek f\\u00fcr interaktive Karten\\\">Leaflet<\\\/a>; \\\\r\\\\n\\u00a9 <a href=\\\"http:\\\/\\\/www.openstreetmap.org\\\/copyright\\\">OpenStreetMap<\\\/a> Mitwirkende\"},\n    {});\nwindow.WPLeafletMapPlugin.createMap(options).setView([44.67,-63.61],12);});<\/script><script>\nwindow.WPLeafletMapPlugin = window.WPLeafletMapPlugin || [];\nwindow.WPLeafletMapPlugin.push(function WPLeafletjsonShortcode() {\/*<script>*\/\nvar src = '\/wp-content\/uploads\/data.geojson';\nvar default_style = {};\nvar rewrite_keys = {\n    stroke : 'color',\n    'stroke-width' : 'weight',\n    'stroke-opacity' : 'opacity',\n    fill : 'fillColor',\n    'fill-opacity' : 'fillOpacity',\n};\n\/\/ htmlspecialchars converts & to \"&amp;\"; maybe unnecessarily, and maybe 3x\nvar ampersandRegex = \/&(?:amp;){1,3}\/g\nvar layer = L.ajaxGeoJson(src.replace(ampersandRegex, '&'), {\n    type: 'json',\n    style : layerStyle,\n    onEachFeature : onEachFeature,\n    pointToLayer: pointToLayer\n});\nvar fitbounds = 0;\nvar circleMarker = 0;\nvar popup_text = window.WPLeafletMapPlugin.unescape(\"{popup-text}\");\nvar popup_property = \"\";\nvar table_view = 0;\nvar group = window.WPLeafletMapPlugin.getCurrentGroup();\nvar markerOptions = window.WPLeafletMapPlugin.getIconOptions({});\nlayer.addTo( group );\nwindow.WPLeafletMapPlugin.geojsons.push( layer );\nif (fitbounds) {\n    layer.on('ready', function () {\n        this.map.fitBounds( this.getBounds() );\n    });\n}\nfunction layerStyle (feature) {\n    var props = feature.properties || {};\n    var style = {};\n    function camelFun (_, first_letter) {\n        return first_letter.toUpperCase();\n    };\n    for (var key in props) {\n        if (key.match('-')) {\n            var camelcase = key.replace(\/-(\\w)\/, camelFun);\n            style[ camelcase ] = props[ key ];\n        }\n        \/\/ rewrite style keys from geojson.io\n        if (rewrite_keys[ key ]) {\n            style[ rewrite_keys[ key ] ] = props[ key ];\n        }\n    }\n    return L.Util.extend(style, default_style);\n}\nfunction onEachFeature (feature, layer) {\n    var props = feature.properties || {};\n    var text;\n    if (table_view) {\n        text = window.WPLeafletMapPlugin.propsToTable(props);\n    } else {\n        text = popup_property\n            ? props[ popup_property ]\n            : window.WPLeafletMapPlugin.template(\n                popup_text, \n                feature.properties\n            );\n    }\n    if (text) {\n        layer.bindPopup( text );\n    }\n}\n    function pointToLayer (feature, latlng) {\n    if (circleMarker) {\n        return L.circleMarker(latlng);\n    }\n    return L.marker(latlng, markerOptions);\n}});<\/script>\t\t\t\t\t\t\t\t<\/div>\n\t\t\t\t<\/div>\n\t\t\t\t\t<\/div>\n\t\t<\/div>\n\t\t\t\t\t<\/div>\n\t\t<\/section>\n\t\t\t\t<\/div>\n\t\t","protected":false},"excerpt":{"rendered":"<p>Anfahrt zur STOA169 Der k\u00fcrzeste Weg zur STOA169 f\u00fchrt vom Parkplatz an der Ro\u00dflaichbr\u00fccke. Hier kann nur auf den ausgewiesenen Parkpl\u00e4tzen geparkt werden; bitte nicht an der Stra\u00dfe parken. In Polling nutzen Sie bitte den Wanderparkplatz am Ende der Bahnhofstra\u00dfe. Die Anfahrt \u00fcber den Ammerberg ist nicht m\u00f6glich! Besuchende mit Parkausweis f\u00fcr Behinderte k\u00f6nnen bis [&#8230;]<\/p>\n<p><a class=\"btn btn-secondary understrap-read-more-link\" href=\"https:\/\/stoa169.com\/de\/anfahrt\/\">Weiterlesen\u00a0\u2026<span class=\"screen-reader-text\"> from Zufahrt. Parkpl\u00e4tze. Weg zur STOA169<\/span><\/a><\/p>\n","protected":false},"author":6,"featured_media":0,"parent":0,"menu_order":0,"comment_status":"closed","ping_status":"closed","template":"elementor_header_footer","meta":{"_acf_changed":false,"footnotes":""},"class_list":["post-2447","page","type-page","status-publish","hentry"],"acf":[],"yoast_head":"<!-- This site is optimized with the Yoast SEO plugin v27.4 - https:\/\/yoast.com\/product\/yoast-seo-wordpress\/ -->\n<title>Zufahrt. Parkpl\u00e4tze. Weg zur STOA169 - STOA169<\/title>\n<meta name=\"robots\" content=\"index, follow, max-snippet:-1, max-image-preview:large, max-video-preview:-1\" \/>\n<link rel=\"canonical\" href=\"https:\/\/stoa169.com\/de\/anfahrt\/\" \/>\n<meta property=\"og:locale\" content=\"de_DE\" \/>\n<meta property=\"og:type\" content=\"article\" \/>\n<meta property=\"og:title\" content=\"Zufahrt. Parkpl\u00e4tze. Weg zur STOA169 - STOA169\" \/>\n<meta property=\"og:description\" content=\"Anfahrt zur STOA169 Der k\u00fcrzeste Weg zur STOA169 f\u00fchrt vom Parkplatz an der Ro\u00dflaichbr\u00fccke. Hier kann nur auf den ausgewiesenen Parkpl\u00e4tzen geparkt werden; bitte nicht an der Stra\u00dfe parken. In Polling nutzen Sie bitte den Wanderparkplatz am Ende der Bahnhofstra\u00dfe. Die Anfahrt \u00fcber den Ammerberg ist nicht m\u00f6glich! Besuchende mit Parkausweis f\u00fcr Behinderte k\u00f6nnen bis [...]Weiterlesen\u00a0\u2026 from Zufahrt. Parkpl\u00e4tze. Weg zur STOA169\" \/>\n<meta property=\"og:url\" content=\"https:\/\/stoa169.com\/de\/anfahrt\/\" \/>\n<meta property=\"og:site_name\" content=\"STOA169\" \/>\n<meta property=\"article:publisher\" content=\"https:\/\/www.facebook.com\/stoa169stiftung\/\" \/>\n<meta property=\"article:modified_time\" content=\"2025-03-26T18:20:10+00:00\" \/>\n<meta property=\"og:image\" content=\"https:\/\/stoa169.com\/wp-content\/uploads\/19-1984_ORTSPLAN_Polling_ParkplatzSTOA_soft-scaled.jpg\" \/>\n\t<meta property=\"og:image:width\" content=\"2560\" \/>\n\t<meta property=\"og:image:height\" content=\"1981\" \/>\n\t<meta property=\"og:image:type\" content=\"image\/jpeg\" \/>\n<meta name=\"twitter:card\" content=\"summary_large_image\" \/>\n<meta name=\"twitter:label1\" content=\"Gesch\u00e4tzte Lesezeit\" \/>\n\t<meta name=\"twitter:data1\" content=\"14\u00a0Minuten\" \/>\n<script type=\"application\/ld+json\" class=\"yoast-schema-graph\">{\"@context\":\"https:\\\/\\\/schema.org\",\"@graph\":[{\"@type\":\"WebPage\",\"@id\":\"https:\\\/\\\/stoa169.com\\\/de\\\/anfahrt\\\/\",\"url\":\"https:\\\/\\\/stoa169.com\\\/de\\\/anfahrt\\\/\",\"name\":\"Zufahrt. Parkpl\u00e4tze. Weg zur STOA169 - STOA169\",\"isPartOf\":{\"@id\":\"https:\\\/\\\/stoa169.com\\\/de\\\/#website\"},\"primaryImageOfPage\":{\"@id\":\"https:\\\/\\\/stoa169.com\\\/de\\\/anfahrt\\\/#primaryimage\"},\"image\":{\"@id\":\"https:\\\/\\\/stoa169.com\\\/de\\\/anfahrt\\\/#primaryimage\"},\"thumbnailUrl\":\"https:\\\/\\\/stoa169.com\\\/wp-content\\\/uploads\\\/19-1984_ORTSPLAN_Polling_ParkplatzSTOA_soft-scaled.jpg\",\"datePublished\":\"2019-10-28T11:14:43+00:00\",\"dateModified\":\"2025-03-26T18:20:10+00:00\",\"breadcrumb\":{\"@id\":\"https:\\\/\\\/stoa169.com\\\/de\\\/anfahrt\\\/#breadcrumb\"},\"inLanguage\":\"de\",\"potentialAction\":[{\"@type\":\"ReadAction\",\"target\":[\"https:\\\/\\\/stoa169.com\\\/de\\\/anfahrt\\\/\"]}]},{\"@type\":\"ImageObject\",\"inLanguage\":\"de\",\"@id\":\"https:\\\/\\\/stoa169.com\\\/de\\\/anfahrt\\\/#primaryimage\",\"url\":\"https:\\\/\\\/stoa169.com\\\/wp-content\\\/uploads\\\/19-1984_ORTSPLAN_Polling_ParkplatzSTOA_soft-scaled.jpg\",\"contentUrl\":\"https:\\\/\\\/stoa169.com\\\/wp-content\\\/uploads\\\/19-1984_ORTSPLAN_Polling_ParkplatzSTOA_soft-scaled.jpg\"},{\"@type\":\"BreadcrumbList\",\"@id\":\"https:\\\/\\\/stoa169.com\\\/de\\\/anfahrt\\\/#breadcrumb\",\"itemListElement\":[{\"@type\":\"ListItem\",\"position\":1,\"name\":\"Startseite\",\"item\":\"https:\\\/\\\/stoa169.com\\\/de\\\/\"},{\"@type\":\"ListItem\",\"position\":2,\"name\":\"Zufahrt. Parkpl\u00e4tze. Weg zur STOA169\"}]},{\"@type\":\"WebSite\",\"@id\":\"https:\\\/\\\/stoa169.com\\\/de\\\/#website\",\"url\":\"https:\\\/\\\/stoa169.com\\\/de\\\/\",\"name\":\"STOA169\",\"description\":\"Die K\u00fcnstlers\u00e4ulenhalle in Polling\",\"publisher\":{\"@id\":\"https:\\\/\\\/stoa169.com\\\/de\\\/#organization\"},\"potentialAction\":[{\"@type\":\"SearchAction\",\"target\":{\"@type\":\"EntryPoint\",\"urlTemplate\":\"https:\\\/\\\/stoa169.com\\\/de\\\/?s={search_term_string}\"},\"query-input\":{\"@type\":\"PropertyValueSpecification\",\"valueRequired\":true,\"valueName\":\"search_term_string\"}}],\"inLanguage\":\"de\"},{\"@type\":\"Organization\",\"@id\":\"https:\\\/\\\/stoa169.com\\\/de\\\/#organization\",\"name\":\"STOA169\",\"url\":\"https:\\\/\\\/stoa169.com\\\/de\\\/\",\"logo\":{\"@type\":\"ImageObject\",\"inLanguage\":\"de\",\"@id\":\"https:\\\/\\\/stoa169.com\\\/de\\\/#\\\/schema\\\/logo\\\/image\\\/\",\"url\":\"https:\\\/\\\/stoa169.com\\\/wp-content\\\/uploads\\\/2023\\\/08\\\/STOA169-Logo_kurz.png\",\"contentUrl\":\"https:\\\/\\\/stoa169.com\\\/wp-content\\\/uploads\\\/2023\\\/08\\\/STOA169-Logo_kurz.png\",\"width\":630,\"height\":630,\"caption\":\"STOA169\"},\"image\":{\"@id\":\"https:\\\/\\\/stoa169.com\\\/de\\\/#\\\/schema\\\/logo\\\/image\\\/\"},\"sameAs\":[\"https:\\\/\\\/www.facebook.com\\\/stoa169stiftung\\\/\",\"https:\\\/\\\/www.instagram.com\\\/stoa169stiftung\\\/\"]}]}<\/script>\n<!-- \/ Yoast SEO plugin. -->","yoast_head_json":{"title":"Zufahrt. Parkpl\u00e4tze. Weg zur STOA169 - STOA169","robots":{"index":"index","follow":"follow","max-snippet":"max-snippet:-1","max-image-preview":"max-image-preview:large","max-video-preview":"max-video-preview:-1"},"canonical":"https:\/\/stoa169.com\/de\/anfahrt\/","og_locale":"de_DE","og_type":"article","og_title":"Zufahrt. Parkpl\u00e4tze. Weg zur STOA169 - STOA169","og_description":"Anfahrt zur STOA169 Der k\u00fcrzeste Weg zur STOA169 f\u00fchrt vom Parkplatz an der Ro\u00dflaichbr\u00fccke. Hier kann nur auf den ausgewiesenen Parkpl\u00e4tzen geparkt werden; bitte nicht an der Stra\u00dfe parken. In Polling nutzen Sie bitte den Wanderparkplatz am Ende der Bahnhofstra\u00dfe. Die Anfahrt \u00fcber den Ammerberg ist nicht m\u00f6glich! Besuchende mit Parkausweis f\u00fcr Behinderte k\u00f6nnen bis [...]Weiterlesen\u00a0\u2026 from Zufahrt. Parkpl\u00e4tze. Weg zur STOA169","og_url":"https:\/\/stoa169.com\/de\/anfahrt\/","og_site_name":"STOA169","article_publisher":"https:\/\/www.facebook.com\/stoa169stiftung\/","article_modified_time":"2025-03-26T18:20:10+00:00","og_image":[{"width":2560,"height":1981,"url":"https:\/\/stoa169.com\/wp-content\/uploads\/19-1984_ORTSPLAN_Polling_ParkplatzSTOA_soft-scaled.jpg","type":"image\/jpeg"}],"twitter_card":"summary_large_image","twitter_misc":{"Gesch\u00e4tzte Lesezeit":"14\u00a0Minuten"},"schema":{"@context":"https:\/\/schema.org","@graph":[{"@type":"WebPage","@id":"https:\/\/stoa169.com\/de\/anfahrt\/","url":"https:\/\/stoa169.com\/de\/anfahrt\/","name":"Zufahrt. Parkpl\u00e4tze. Weg zur STOA169 - STOA169","isPartOf":{"@id":"https:\/\/stoa169.com\/de\/#website"},"primaryImageOfPage":{"@id":"https:\/\/stoa169.com\/de\/anfahrt\/#primaryimage"},"image":{"@id":"https:\/\/stoa169.com\/de\/anfahrt\/#primaryimage"},"thumbnailUrl":"https:\/\/stoa169.com\/wp-content\/uploads\/19-1984_ORTSPLAN_Polling_ParkplatzSTOA_soft-scaled.jpg","datePublished":"2019-10-28T11:14:43+00:00","dateModified":"2025-03-26T18:20:10+00:00","breadcrumb":{"@id":"https:\/\/stoa169.com\/de\/anfahrt\/#breadcrumb"},"inLanguage":"de","potentialAction":[{"@type":"ReadAction","target":["https:\/\/stoa169.com\/de\/anfahrt\/"]}]},{"@type":"ImageObject","inLanguage":"de","@id":"https:\/\/stoa169.com\/de\/anfahrt\/#primaryimage","url":"https:\/\/stoa169.com\/wp-content\/uploads\/19-1984_ORTSPLAN_Polling_ParkplatzSTOA_soft-scaled.jpg","contentUrl":"https:\/\/stoa169.com\/wp-content\/uploads\/19-1984_ORTSPLAN_Polling_ParkplatzSTOA_soft-scaled.jpg"},{"@type":"BreadcrumbList","@id":"https:\/\/stoa169.com\/de\/anfahrt\/#breadcrumb","itemListElement":[{"@type":"ListItem","position":1,"name":"Startseite","item":"https:\/\/stoa169.com\/de\/"},{"@type":"ListItem","position":2,"name":"Zufahrt. Parkpl\u00e4tze. Weg zur STOA169"}]},{"@type":"WebSite","@id":"https:\/\/stoa169.com\/de\/#website","url":"https:\/\/stoa169.com\/de\/","name":"STOA169","description":"Die K\u00fcnstlers\u00e4ulenhalle in Polling","publisher":{"@id":"https:\/\/stoa169.com\/de\/#organization"},"potentialAction":[{"@type":"SearchAction","target":{"@type":"EntryPoint","urlTemplate":"https:\/\/stoa169.com\/de\/?s={search_term_string}"},"query-input":{"@type":"PropertyValueSpecification","valueRequired":true,"valueName":"search_term_string"}}],"inLanguage":"de"},{"@type":"Organization","@id":"https:\/\/stoa169.com\/de\/#organization","name":"STOA169","url":"https:\/\/stoa169.com\/de\/","logo":{"@type":"ImageObject","inLanguage":"de","@id":"https:\/\/stoa169.com\/de\/#\/schema\/logo\/image\/","url":"https:\/\/stoa169.com\/wp-content\/uploads\/2023\/08\/STOA169-Logo_kurz.png","contentUrl":"https:\/\/stoa169.com\/wp-content\/uploads\/2023\/08\/STOA169-Logo_kurz.png","width":630,"height":630,"caption":"STOA169"},"image":{"@id":"https:\/\/stoa169.com\/de\/#\/schema\/logo\/image\/"},"sameAs":["https:\/\/www.facebook.com\/stoa169stiftung\/","https:\/\/www.instagram.com\/stoa169stiftung\/"]}]}},"_links":{"self":[{"href":"https:\/\/stoa169.com\/de\/wp-json\/wp\/v2\/pages\/2447","targetHints":{"allow":["GET"]}}],"collection":[{"href":"https:\/\/stoa169.com\/de\/wp-json\/wp\/v2\/pages"}],"about":[{"href":"https:\/\/stoa169.com\/de\/wp-json\/wp\/v2\/types\/page"}],"author":[{"embeddable":true,"href":"https:\/\/stoa169.com\/de\/wp-json\/wp\/v2\/users\/6"}],"replies":[{"embeddable":true,"href":"https:\/\/stoa169.com\/de\/wp-json\/wp\/v2\/comments?post=2447"}],"version-history":[{"count":3,"href":"https:\/\/stoa169.com\/de\/wp-json\/wp\/v2\/pages\/2447\/revisions"}],"predecessor-version":[{"id":12599,"href":"https:\/\/stoa169.com\/de\/wp-json\/wp\/v2\/pages\/2447\/revisions\/12599"}],"wp:attachment":[{"href":"https:\/\/stoa169.com\/de\/wp-json\/wp\/v2\/media?parent=2447"}],"curies":[{"name":"wp","href":"https:\/\/api.w.org\/{rel}","templated":true}]}}