{"id":212,"date":"2019-07-23T10:38:04","date_gmt":"2019-07-23T08:38:04","guid":{"rendered":"https:\/\/stoa169.com\/?page_id=212"},"modified":"2025-06-26T16:15:01","modified_gmt":"2025-06-26T14:15:01","slug":"faq","status":"publish","type":"page","link":"https:\/\/stoa169.com\/de\/faq\/","title":{"rendered":"Besucherinformation Fragen Team und Kontakt"},"content":{"rendered":"\t\t<div data-elementor-type=\"wp-post\" data-elementor-id=\"212\" class=\"elementor elementor-212\">\n\t\t\t\t\t\t<section class=\"elementor-section elementor-top-section elementor-element elementor-element-8d0696e elementor-section-boxed elementor-section-height-default elementor-section-height-default\" data-id=\"8d0696e\" data-element_type=\"section\" data-e-type=\"section\">\n\t\t\t\t\t\t<div class=\"elementor-container elementor-column-gap-no\">\n\t\t\t\t\t<div class=\"elementor-column elementor-col-100 elementor-top-column elementor-element elementor-element-14ae806\" data-id=\"14ae806\" data-element_type=\"column\" data-e-type=\"column\">\n\t\t\t<div class=\"elementor-widget-wrap elementor-element-populated\">\n\t\t\t\t\t\t<div class=\"elementor-element elementor-element-5fb924c h-100 elementor-widget elementor-widget-text-editor\" data-id=\"5fb924c\" data-element_type=\"widget\" data-e-type=\"widget\" data-widget_type=\"text-editor.default\">\n\t\t\t\t<div class=\"elementor-widget-container\">\n\t\t\t\t\t\t\t\t\t<h2><span style=\"color: #54595f;\">Besucherinformation<\/span><\/h2><p>Die K\u00fcnstlers\u00e4ulenhalle kann jeden Tag von Sonnenaufgang bis Sonnenuntergang besucht werden.<\/p><p><span style=\"color: #54595f;\"><strong>Eintritt\/Spende<\/strong> 5 \u20ac, Kinder und Jugendliche frei. Spende und Eintritt erm\u00f6glichen den Erhalt der S\u00e4ulenhalle.<\/span><\/p><p><span style=\"color: #54595f;\">Informationsbrosch\u00fcre vor Ort verf\u00fcgbar (7\u20ac).<\/span><\/p><p><span style=\"color: #54595f;\">STOA169 App im <a href=\"https:\/\/www.apple.com\/de\/search\/stoa169?src=globalnav\" target=\"_blank\" rel=\"noopener\">AppStore<\/a> und bei <a href=\"https:\/\/play.google.com\/store\/apps\/details?id=com.stoa169.android.v2&amp;gl=DE\" target=\"_blank\" rel=\"noopener\">Google Play<\/a> (deutsche und englische Version verf\u00fcgbar).<\/span><\/p><p><span style=\"color: #000000;\"><img loading=\"lazy\" decoding=\"async\" class=\"alignnone size-full wp-image-12354\" src=\"https:\/\/stoa169.com\/wp-content\/uploads\/stoa_app_qr.png\" alt=\"\" width=\"240\" height=\"240\" srcset=\"https:\/\/stoa169.com\/wp-content\/uploads\/stoa_app_qr.png 240w, https:\/\/stoa169.com\/wp-content\/uploads\/stoa_app_qr-150x150.png 150w\" sizes=\"auto, (max-width: 240px) 100vw, 240px\" \/><\/span><\/p><h2>BARRIEREFREIHEIT<\/h2><p>Besuchende mit Parkausweis f\u00fcr Behinderte k\u00f6nnen bis zur STOA169 fahren und am vorgesehenen Platz w\u00e4hrend der Besichtigung parken. <br \/>Bitte den Nachweis gut sichtbar auf dem Armaturenbrett platzieren.<\/p>\t\t\t\t\t\t\t\t<\/div>\n\t\t\t\t<\/div>\n\t\t\t\t\t<\/div>\n\t\t<\/div>\n\t\t\t\t\t<\/div>\n\t\t<\/section>\n\t\t\t\t<section class=\"elementor-section elementor-top-section elementor-element elementor-element-ce9c80e elementor-section-boxed elementor-section-height-default elementor-section-height-default\" data-id=\"ce9c80e\" data-element_type=\"section\" data-e-type=\"section\">\n\t\t\t\t\t\t<div class=\"elementor-container elementor-column-gap-no\">\n\t\t\t\t\t<div class=\"elementor-column elementor-col-100 elementor-top-column elementor-element elementor-element-b620bf4\" data-id=\"b620bf4\" data-element_type=\"column\" data-e-type=\"column\">\n\t\t\t<div class=\"elementor-widget-wrap elementor-element-populated\">\n\t\t\t\t\t\t<div class=\"elementor-element elementor-element-8138e2d h-100 elementor-widget elementor-widget-text-editor\" data-id=\"8138e2d\" data-element_type=\"widget\" data-e-type=\"widget\" data-widget_type=\"text-editor.default\">\n\t\t\t\t<div class=\"elementor-widget-container\">\n\t\t\t\t\t\t\t\t\t<h2><span style=\"color: #54595f;\">F\u00fchrungen<\/span><\/h2><p><span style=\"color: #54595f;\">Die STOA169 bietet jeden <strong>1.\u00a0Sonntag im Monat<\/strong>\u00a0<strong>eine<\/strong>\u00a0<b>\u00f6ffentliche F\u00fchrung <strong>um 11:00 Uhr<\/strong><\/b>\u00a0an. Unkostenbeitrag\u00a0<\/span><span style=\"color: #54595f;\">10\u20ac pro Person; wir bitten um Anmeldung per email an <a href=\"mailto:stiftung@stoa169.com\">stiftung@stoa169.com<\/a>.\u00a0<\/span><\/p><p><span style=\"color: #54595f;\"><strong>Gruppenf\u00fchrung:<\/strong>\u00a0200\u20ac (bis zu 15 Personen, jede weitere Person zuz\u00fcglich 10\u20ac)<\/span><br \/><span style=\"color: #54595f;\"><strong>F\u00fchrung mit Bernd Zimmer<\/strong>: 500\u20ac<\/span><\/p><p><span style=\"color: #54595f;\">Gruppenf\u00fchrungen und F\u00fchrungen mit Bernd Zimmer buchen Sie bitte bei <a style=\"color: #54595f;\" href=\"mailto:nz@stoa169.com\">nz@stoa169.com<\/a>.<\/span><\/p><h2>\u00a0<\/h2><h2><span style=\"color: #54595f;\">Busreisen<\/span><\/h2><p><span style=\"color: #54595f;\">Kommerzielle Busreisen sind kostenpflichtig und m\u00fcssen angemeldet werden: <a href=\"mailto:stiftung@stoa169.com\">stiftung@stoa169.com<\/a><br \/><\/span><\/p>\t\t\t\t\t\t\t\t<\/div>\n\t\t\t\t<\/div>\n\t\t\t\t\t<\/div>\n\t\t<\/div>\n\t\t\t\t\t<\/div>\n\t\t<\/section>\n\t\t\t\t<section class=\"elementor-section elementor-top-section elementor-element elementor-element-a049877 elementor-section-boxed elementor-section-height-default elementor-section-height-default\" data-id=\"a049877\" data-element_type=\"section\" data-e-type=\"section\">\n\t\t\t\t\t\t<div class=\"elementor-container elementor-column-gap-no\">\n\t\t\t\t\t<div class=\"elementor-column elementor-col-100 elementor-top-column elementor-element elementor-element-65f1f54\" data-id=\"65f1f54\" data-element_type=\"column\" data-e-type=\"column\">\n\t\t\t<div class=\"elementor-widget-wrap elementor-element-populated\">\n\t\t\t\t\t\t\t<\/div>\n\t\t<\/div>\n\t\t\t\t\t<\/div>\n\t\t<\/section>\n\t\t\t\t<section class=\"elementor-section elementor-top-section elementor-element elementor-element-f0c63b6 elementor-section-boxed elementor-section-height-default elementor-section-height-default\" data-id=\"f0c63b6\" data-element_type=\"section\" data-e-type=\"section\">\n\t\t\t\t\t\t<div class=\"elementor-container elementor-column-gap-no\">\n\t\t\t\t\t<div class=\"elementor-column elementor-col-100 elementor-top-column elementor-element elementor-element-80ae6b0\" data-id=\"80ae6b0\" data-element_type=\"column\" data-e-type=\"column\">\n\t\t\t<div class=\"elementor-widget-wrap elementor-element-populated\">\n\t\t\t\t\t\t<div class=\"elementor-element elementor-element-dc163b8 h-100 elementor-widget elementor-widget-text-editor\" data-id=\"dc163b8\" data-element_type=\"widget\" data-e-type=\"widget\" data-widget_type=\"text-editor.default\">\n\t\t\t\t<div class=\"elementor-widget-container\">\n\t\t\t\t\t\t\t\t\t<h2><span style=\"color: #54595f;\">Hunde<\/span><\/h2><p><span style=\"color: #54595f;\">Angeleint k\u00f6nnen Hunde auf das Gel\u00e4nde mitgenommen werden, m\u00fcssen dann aber vor der Halle angebunden werden.<br \/><strong>In der Halle selbst sind Hunde nicht erlaubt.<\/strong><\/span><\/p>\t\t\t\t\t\t\t\t<\/div>\n\t\t\t\t<\/div>\n\t\t\t\t\t<\/div>\n\t\t<\/div>\n\t\t\t\t\t<\/div>\n\t\t<\/section>\n\t\t\t\t<section class=\"elementor-section elementor-top-section elementor-element elementor-element-de42777 elementor-section-boxed elementor-section-height-default elementor-section-height-default\" data-id=\"de42777\" data-element_type=\"section\" data-e-type=\"section\">\n\t\t\t\t\t\t<div class=\"elementor-container elementor-column-gap-no\">\n\t\t\t\t\t<div class=\"elementor-column elementor-col-50 elementor-top-column elementor-element elementor-element-45b545b\" data-id=\"45b545b\" data-element_type=\"column\" data-e-type=\"column\">\n\t\t\t<div class=\"elementor-widget-wrap elementor-element-populated\">\n\t\t\t\t\t\t<div class=\"elementor-element elementor-element-600a506 h-100 elementor-widget elementor-widget-text-editor\" data-id=\"600a506\" data-element_type=\"widget\" data-e-type=\"widget\" data-widget_type=\"text-editor.default\">\n\t\t\t\t<div class=\"elementor-widget-container\">\n\t\t\t\t\t\t\t\t\t<h2>Team<\/h2><p><strong>Susanne Baumgart<\/strong><br \/>Organisation, K\u00fcnstlerbetreuung<\/p><p><strong>Nina Zimmer<\/strong><br \/>Organisation, F\u00fchrungen<\/p>\t\t\t\t\t\t\t\t<\/div>\n\t\t\t\t<\/div>\n\t\t\t\t\t<\/div>\n\t\t<\/div>\n\t\t\t\t<div class=\"elementor-column elementor-col-50 elementor-top-column elementor-element elementor-element-46a433b\" data-id=\"46a433b\" data-element_type=\"column\" data-e-type=\"column\">\n\t\t\t<div class=\"elementor-widget-wrap elementor-element-populated\">\n\t\t\t\t\t\t<div class=\"elementor-element elementor-element-e840afd h-100 elementor-widget elementor-widget-text-editor\" data-id=\"e840afd\" data-element_type=\"widget\" data-e-type=\"widget\" data-widget_type=\"text-editor.default\">\n\t\t\t\t<div class=\"elementor-widget-container\">\n\t\t\t\t\t\t\t\t\t<p><span class=\"s1\"><strong><br \/>Bernd Zimmer<br \/><\/strong><\/span><span style=\"font-size: 1rem;\">Gesch\u00e4ftsf\u00fchrung, Projektleitung, Produktion<\/span>&#8212;<\/p><p>Kontakt <br \/><a href=\"mailto:stiftung@stoa169.com\">stiftung@stoa169.com<\/a><\/p>\t\t\t\t\t\t\t\t<\/div>\n\t\t\t\t<\/div>\n\t\t\t\t\t<\/div>\n\t\t<\/div>\n\t\t\t\t\t<\/div>\n\t\t<\/section>\n\t\t\t\t<section class=\"elementor-section elementor-top-section elementor-element elementor-element-026e5cb elementor-section-boxed elementor-section-height-default elementor-section-height-default\" data-id=\"026e5cb\" data-element_type=\"section\" data-e-type=\"section\">\n\t\t\t\t\t\t<div class=\"elementor-container elementor-column-gap-no\">\n\t\t\t\t\t<div class=\"elementor-column elementor-col-100 elementor-top-column elementor-element elementor-element-54e42e7\" data-id=\"54e42e7\" data-element_type=\"column\" data-e-type=\"column\">\n\t\t\t<div class=\"elementor-widget-wrap elementor-element-populated\">\n\t\t\t\t\t\t<div class=\"elementor-element elementor-element-fba29e5 elementor-widget elementor-widget-text-editor\" data-id=\"fba29e5\" data-element_type=\"widget\" data-e-type=\"widget\" data-widget_type=\"text-editor.default\">\n\t\t\t\t<div class=\"elementor-widget-container\">\n\t\t\t\t\t\t\t\t\t<h2 style=\"font-family: futura-pt, sans-serif; color: #686868;\">\u00a0FRAGEN UND ANTWORTEN<\/h2><p><i>Wie gelangt man zu der STOA169 S\u00e4ulenhalle? <\/i><br \/>Die STOA169 ist ausschlie\u00dflich zu Fu\u00df oder per Fahrrad erreichbar. Besucherinnen und Besucher k\u00f6nnen entweder \u00fcber einen 15min\u00fctigen Fu\u00dfweg vom Pollinger Parkplatz (am Bahn\u00fcbergang gelegen) oder vom Parkplatz an der Ro\u00dflaichbr\u00fccke (an der Staatstra\u00dfe 472 Richtung Pei\u00dfenberg) zur S\u00e4ulenhalle gelangen. Fahrr\u00e4der m\u00fcssen an den daf\u00fcr gekennzeichneten Pl\u00e4tzen abgestellt werden.<span class=\"Apple-converted-space\">\u00a0<br \/><\/span><\/p><p><i>Wie weit entfernt liegt der Fluss? <\/i><br \/>Die Ammer befindet sich in etwa 200 Meter Entfernung. Der Weg zur STOA169 f\u00fchrt am Flusslauf entlang.<\/p><p><i>Sind direkt neben der S\u00e4ulenhalle weitere Geb\u00e4ude geplant? <\/i><br \/>Nein. Die Optik der S\u00e4ulenhalle und die N\u00e4he zur Natur soll nicht von weiteren Geb\u00e4uden gest\u00f6rt werden.<span class=\"Apple-converted-space\">\u00a0<\/span><\/p><p><i>Kostet die Besichtigung der Halle Eintritt? <\/i><br \/>Eintritt\/Spende 5 \u20ac. Ihre Spende erm\u00f6glicht den Erhalt und die Zukunft der STOA169. Zur Information wird gegen einen Unkostenbeitrag Begleitmaterial, als auch eine App zum download angeboten.<\/p><p><i>Ist die Begehung auch f\u00fcr Menschen mit Behinderung m\u00f6glich? <\/i><br \/>Selbstverst\u00e4ndlich sind Wege und Zugang barrierefrei.<span class=\"Apple-converted-space\">\u00a0<\/span><\/p><p><i>Wie wird der Naturschutz gew\u00e4hrleistet? <\/i><br \/>Das Grundst\u00fcck hat eine Gr\u00f6\u00dfe von ca. 35.000 Quadratmetern. Nur f\u00fcnf Prozent der Fl\u00e4che wurden bebaut, ohne den Grund zu versiegeln. Zus\u00e4tzlich wurden die Gr\u00fcnfl\u00e4chen \u00f6kologisch aufgewertet.<\/p><p><i>Was ist mit dem Abfall? <\/i><br \/>Auch darum k\u00fcmmert sich die STOA169 Stiftung mit ihrem Team.<\/p><p><i>Welche Erhaltungsma\u00dfnahmen f\u00fcr die S\u00e4ulenhalle sind geplant? <\/i><br \/>Die meisten S\u00e4ulen sind wetterfest. Nach einigen Jahren werden sicherlich Restaurierungsarbeiten n\u00f6tig werden, die die Stiftung mit Hilfe Ihrer Spenden \u00fcbernimmt.<span class=\"Apple-converted-space\">\u00a0<\/span><\/p><p><i>Wie ist die Kunst gegen Vandalismus gesch\u00fctzt? <\/i><br \/>Gegen Besch\u00e4digung kann Kunst im \u00f6ffentlichen Raum grunds\u00e4tzlich nicht gesch\u00fctzt werden. Aber die Achtung vor ihr ist erfahrungsgem\u00e4\u00df gro\u00df.<\/p><p><i>Aus welchem Material bestehen die S\u00e4ulen? Welche Last m\u00fcssen sie tragen? <\/i><br \/>Das Material wurde individuell von den K\u00fcnstlerinnen und K\u00fcnstlern bestimmt. Statische Vorgaben wurden eingehalten, um das gemeinsame Dach zu tragen.<span class=\"Apple-converted-space\">\u00a0<\/span><\/p><p><i>Wie l\u00e4uft das Regenwasser ab? <\/i><br \/>Das Niederschlagswasser wird durch die Aussparungen im Dach zur Bodenplatte gef\u00fchrt.<span class=\"Apple-converted-space\">\u00a0<\/span><\/p><p><i>Bietet die STOA169 auch etwas f\u00fcr Kinder? <\/i><br \/>Das Kunsterlebnis mitten in der Natur bietet jedem, auch Kindern und Jugendlichen, eine intensive Erfahrung. Die STOA169 Malb\u00fccher garantieren Kindern Spa\u00df sowohl w\u00e4hrend als auch nach dem Besuch der S\u00e4ulenhalle.<\/p><p><i>Wo befindet sich der Servicebereich? <\/i><br \/>Eine behindertengerechte Toilette befindet sich nahe der S\u00e4ulenhalle. Neben dem Rathaus auf dem Kirchplatz in Polling befinden sich \u00f6ffentliche Toiletten.<\/p><p><i>Ist die Halle nachts beleuchtet? Werden die Tiere gest\u00f6rt?<\/i><br \/>Die Halle ist immer offen, auch f\u00fcr V\u00f6gel und Wildtiere. Da es in und an der STOA169 keine k\u00fcnstlichen Lichtquellen gibt, haben die Tiere nach Sonnenuntergang ihre Ruhe.<span class=\"Apple-converted-space\">\u00a0<\/span><\/p><p><span class=\"Apple-converted-space\">\u00a0<\/span><\/p><p><span class=\"Apple-converted-space\">\u00a0<\/span><\/p>\t\t\t\t\t\t\t\t<\/div>\n\t\t\t\t<\/div>\n\t\t\t\t<div class=\"elementor-element elementor-element-7a0a5c7 elementor-widget elementor-widget-text-editor\" data-id=\"7a0a5c7\" data-element_type=\"widget\" data-e-type=\"widget\" data-widget_type=\"text-editor.default\">\n\t\t\t\t<div class=\"elementor-widget-container\">\n\t\t\t\t\t\t\t\t\t<h2>Haben Sie weitere Fragen?<\/h2><p><a href=\"mailto:stiftung@stoa169.com\">stiftung@stoa169.com<\/a><\/p>\t\t\t\t\t\t\t\t<\/div>\n\t\t\t\t<\/div>\n\t\t\t\t\t<\/div>\n\t\t<\/div>\n\t\t\t\t\t<\/div>\n\t\t<\/section>\n\t\t\t\t<\/div>\n\t\t","protected":false},"excerpt":{"rendered":"<p>Besucherinformation Die K\u00fcnstlers\u00e4ulenhalle kann jeden Tag von Sonnenaufgang bis Sonnenuntergang besucht werden. Eintritt\/Spende 5 \u20ac, Kinder und Jugendliche frei. Spende und Eintritt erm\u00f6glichen den Erhalt der S\u00e4ulenhalle. Informationsbrosch\u00fcre vor Ort verf\u00fcgbar (7\u20ac). STOA169 App im AppStore und bei Google Play (deutsche und englische Version verf\u00fcgbar). BARRIEREFREIHEIT Besuchende mit Parkausweis f\u00fcr Behinderte k\u00f6nnen bis zur STOA169 [&#8230;]<\/p>\n<p><a class=\"btn btn-secondary understrap-read-more-link\" href=\"https:\/\/stoa169.com\/de\/faq\/\">Weiterlesen\u00a0\u2026<span class=\"screen-reader-text\"> from Besucherinformation Fragen Team und Kontakt<\/span><\/a><\/p>\n","protected":false},"author":6,"featured_media":0,"parent":0,"menu_order":0,"comment_status":"closed","ping_status":"closed","template":"elementor_header_footer","meta":{"_acf_changed":false,"footnotes":""},"class_list":["post-212","page","type-page","status-publish","hentry"],"acf":[],"yoast_head":"<!-- This site is optimized with the Yoast SEO plugin v27.4 - https:\/\/yoast.com\/product\/yoast-seo-wordpress\/ -->\n<title>Besucherinformation Fragen Team und Kontakt - STOA169<\/title>\n<meta name=\"robots\" content=\"index, follow, max-snippet:-1, max-image-preview:large, max-video-preview:-1\" \/>\n<link rel=\"canonical\" href=\"https:\/\/stoa169.com\/de\/faq\/\" \/>\n<meta property=\"og:locale\" content=\"de_DE\" \/>\n<meta property=\"og:type\" content=\"article\" \/>\n<meta property=\"og:title\" content=\"Besucherinformation Fragen Team und Kontakt - STOA169\" \/>\n<meta property=\"og:description\" content=\"Besucherinformation Die K\u00fcnstlers\u00e4ulenhalle kann jeden Tag von Sonnenaufgang bis Sonnenuntergang besucht werden. Eintritt\/Spende 5 \u20ac, Kinder und Jugendliche frei. Spende und Eintritt erm\u00f6glichen den Erhalt der S\u00e4ulenhalle. Informationsbrosch\u00fcre vor Ort verf\u00fcgbar (7\u20ac). STOA169 App im AppStore und bei Google Play (deutsche und englische Version verf\u00fcgbar). BARRIEREFREIHEIT Besuchende mit Parkausweis f\u00fcr Behinderte k\u00f6nnen bis zur STOA169 [...]Weiterlesen\u00a0\u2026 from Besucherinformation Fragen Team und Kontakt\" \/>\n<meta property=\"og:url\" content=\"https:\/\/stoa169.com\/de\/faq\/\" \/>\n<meta property=\"og:site_name\" content=\"STOA169\" \/>\n<meta property=\"article:publisher\" content=\"https:\/\/www.facebook.com\/stoa169stiftung\/\" \/>\n<meta property=\"article:modified_time\" content=\"2025-06-26T14:15:01+00:00\" \/>\n<meta property=\"og:image\" content=\"https:\/\/stoa169.com\/wp-content\/uploads\/stoa_app_qr.png\" \/>\n\t<meta property=\"og:image:width\" content=\"240\" \/>\n\t<meta property=\"og:image:height\" content=\"240\" \/>\n\t<meta property=\"og:image:type\" content=\"image\/png\" \/>\n<meta name=\"twitter:card\" content=\"summary_large_image\" \/>\n<meta name=\"twitter:label1\" content=\"Gesch\u00e4tzte Lesezeit\" \/>\n\t<meta name=\"twitter:data1\" content=\"4\u00a0Minuten\" \/>\n<script type=\"application\/ld+json\" class=\"yoast-schema-graph\">{\"@context\":\"https:\\\/\\\/schema.org\",\"@graph\":[{\"@type\":\"WebPage\",\"@id\":\"https:\\\/\\\/stoa169.com\\\/de\\\/faq\\\/\",\"url\":\"https:\\\/\\\/stoa169.com\\\/de\\\/faq\\\/\",\"name\":\"Besucherinformation Fragen Team und Kontakt - STOA169\",\"isPartOf\":{\"@id\":\"https:\\\/\\\/stoa169.com\\\/de\\\/#website\"},\"primaryImageOfPage\":{\"@id\":\"https:\\\/\\\/stoa169.com\\\/de\\\/faq\\\/#primaryimage\"},\"image\":{\"@id\":\"https:\\\/\\\/stoa169.com\\\/de\\\/faq\\\/#primaryimage\"},\"thumbnailUrl\":\"https:\\\/\\\/stoa169.com\\\/wp-content\\\/uploads\\\/stoa_app_qr.png\",\"datePublished\":\"2019-07-23T08:38:04+00:00\",\"dateModified\":\"2025-06-26T14:15:01+00:00\",\"breadcrumb\":{\"@id\":\"https:\\\/\\\/stoa169.com\\\/de\\\/faq\\\/#breadcrumb\"},\"inLanguage\":\"de\",\"potentialAction\":[{\"@type\":\"ReadAction\",\"target\":[\"https:\\\/\\\/stoa169.com\\\/de\\\/faq\\\/\"]}]},{\"@type\":\"ImageObject\",\"inLanguage\":\"de\",\"@id\":\"https:\\\/\\\/stoa169.com\\\/de\\\/faq\\\/#primaryimage\",\"url\":\"https:\\\/\\\/stoa169.com\\\/wp-content\\\/uploads\\\/stoa_app_qr.png\",\"contentUrl\":\"https:\\\/\\\/stoa169.com\\\/wp-content\\\/uploads\\\/stoa_app_qr.png\"},{\"@type\":\"BreadcrumbList\",\"@id\":\"https:\\\/\\\/stoa169.com\\\/de\\\/faq\\\/#breadcrumb\",\"itemListElement\":[{\"@type\":\"ListItem\",\"position\":1,\"name\":\"Startseite\",\"item\":\"https:\\\/\\\/stoa169.com\\\/de\\\/\"},{\"@type\":\"ListItem\",\"position\":2,\"name\":\"Besucherinformation Fragen Team und Kontakt\"}]},{\"@type\":\"WebSite\",\"@id\":\"https:\\\/\\\/stoa169.com\\\/de\\\/#website\",\"url\":\"https:\\\/\\\/stoa169.com\\\/de\\\/\",\"name\":\"STOA169\",\"description\":\"Die K\u00fcnstlers\u00e4ulenhalle in Polling\",\"publisher\":{\"@id\":\"https:\\\/\\\/stoa169.com\\\/de\\\/#organization\"},\"potentialAction\":[{\"@type\":\"SearchAction\",\"target\":{\"@type\":\"EntryPoint\",\"urlTemplate\":\"https:\\\/\\\/stoa169.com\\\/de\\\/?s={search_term_string}\"},\"query-input\":{\"@type\":\"PropertyValueSpecification\",\"valueRequired\":true,\"valueName\":\"search_term_string\"}}],\"inLanguage\":\"de\"},{\"@type\":\"Organization\",\"@id\":\"https:\\\/\\\/stoa169.com\\\/de\\\/#organization\",\"name\":\"STOA169\",\"url\":\"https:\\\/\\\/stoa169.com\\\/de\\\/\",\"logo\":{\"@type\":\"ImageObject\",\"inLanguage\":\"de\",\"@id\":\"https:\\\/\\\/stoa169.com\\\/de\\\/#\\\/schema\\\/logo\\\/image\\\/\",\"url\":\"https:\\\/\\\/stoa169.com\\\/wp-content\\\/uploads\\\/2023\\\/08\\\/STOA169-Logo_kurz.png\",\"contentUrl\":\"https:\\\/\\\/stoa169.com\\\/wp-content\\\/uploads\\\/2023\\\/08\\\/STOA169-Logo_kurz.png\",\"width\":630,\"height\":630,\"caption\":\"STOA169\"},\"image\":{\"@id\":\"https:\\\/\\\/stoa169.com\\\/de\\\/#\\\/schema\\\/logo\\\/image\\\/\"},\"sameAs\":[\"https:\\\/\\\/www.facebook.com\\\/stoa169stiftung\\\/\",\"https:\\\/\\\/www.instagram.com\\\/stoa169stiftung\\\/\"]}]}<\/script>\n<!-- \/ Yoast SEO plugin. -->","yoast_head_json":{"title":"Besucherinformation Fragen Team und Kontakt - STOA169","robots":{"index":"index","follow":"follow","max-snippet":"max-snippet:-1","max-image-preview":"max-image-preview:large","max-video-preview":"max-video-preview:-1"},"canonical":"https:\/\/stoa169.com\/de\/faq\/","og_locale":"de_DE","og_type":"article","og_title":"Besucherinformation Fragen Team und Kontakt - STOA169","og_description":"Besucherinformation Die K\u00fcnstlers\u00e4ulenhalle kann jeden Tag von Sonnenaufgang bis Sonnenuntergang besucht werden. Eintritt\/Spende 5 \u20ac, Kinder und Jugendliche frei. Spende und Eintritt erm\u00f6glichen den Erhalt der S\u00e4ulenhalle. Informationsbrosch\u00fcre vor Ort verf\u00fcgbar (7\u20ac). STOA169 App im AppStore und bei Google Play (deutsche und englische Version verf\u00fcgbar). BARRIEREFREIHEIT Besuchende mit Parkausweis f\u00fcr Behinderte k\u00f6nnen bis zur STOA169 [...]Weiterlesen\u00a0\u2026 from Besucherinformation Fragen Team und Kontakt","og_url":"https:\/\/stoa169.com\/de\/faq\/","og_site_name":"STOA169","article_publisher":"https:\/\/www.facebook.com\/stoa169stiftung\/","article_modified_time":"2025-06-26T14:15:01+00:00","og_image":[{"width":240,"height":240,"url":"https:\/\/stoa169.com\/wp-content\/uploads\/stoa_app_qr.png","type":"image\/png"}],"twitter_card":"summary_large_image","twitter_misc":{"Gesch\u00e4tzte Lesezeit":"4\u00a0Minuten"},"schema":{"@context":"https:\/\/schema.org","@graph":[{"@type":"WebPage","@id":"https:\/\/stoa169.com\/de\/faq\/","url":"https:\/\/stoa169.com\/de\/faq\/","name":"Besucherinformation Fragen Team und Kontakt - STOA169","isPartOf":{"@id":"https:\/\/stoa169.com\/de\/#website"},"primaryImageOfPage":{"@id":"https:\/\/stoa169.com\/de\/faq\/#primaryimage"},"image":{"@id":"https:\/\/stoa169.com\/de\/faq\/#primaryimage"},"thumbnailUrl":"https:\/\/stoa169.com\/wp-content\/uploads\/stoa_app_qr.png","datePublished":"2019-07-23T08:38:04+00:00","dateModified":"2025-06-26T14:15:01+00:00","breadcrumb":{"@id":"https:\/\/stoa169.com\/de\/faq\/#breadcrumb"},"inLanguage":"de","potentialAction":[{"@type":"ReadAction","target":["https:\/\/stoa169.com\/de\/faq\/"]}]},{"@type":"ImageObject","inLanguage":"de","@id":"https:\/\/stoa169.com\/de\/faq\/#primaryimage","url":"https:\/\/stoa169.com\/wp-content\/uploads\/stoa_app_qr.png","contentUrl":"https:\/\/stoa169.com\/wp-content\/uploads\/stoa_app_qr.png"},{"@type":"BreadcrumbList","@id":"https:\/\/stoa169.com\/de\/faq\/#breadcrumb","itemListElement":[{"@type":"ListItem","position":1,"name":"Startseite","item":"https:\/\/stoa169.com\/de\/"},{"@type":"ListItem","position":2,"name":"Besucherinformation Fragen Team und Kontakt"}]},{"@type":"WebSite","@id":"https:\/\/stoa169.com\/de\/#website","url":"https:\/\/stoa169.com\/de\/","name":"STOA169","description":"Die K\u00fcnstlers\u00e4ulenhalle in Polling","publisher":{"@id":"https:\/\/stoa169.com\/de\/#organization"},"potentialAction":[{"@type":"SearchAction","target":{"@type":"EntryPoint","urlTemplate":"https:\/\/stoa169.com\/de\/?s={search_term_string}"},"query-input":{"@type":"PropertyValueSpecification","valueRequired":true,"valueName":"search_term_string"}}],"inLanguage":"de"},{"@type":"Organization","@id":"https:\/\/stoa169.com\/de\/#organization","name":"STOA169","url":"https:\/\/stoa169.com\/de\/","logo":{"@type":"ImageObject","inLanguage":"de","@id":"https:\/\/stoa169.com\/de\/#\/schema\/logo\/image\/","url":"https:\/\/stoa169.com\/wp-content\/uploads\/2023\/08\/STOA169-Logo_kurz.png","contentUrl":"https:\/\/stoa169.com\/wp-content\/uploads\/2023\/08\/STOA169-Logo_kurz.png","width":630,"height":630,"caption":"STOA169"},"image":{"@id":"https:\/\/stoa169.com\/de\/#\/schema\/logo\/image\/"},"sameAs":["https:\/\/www.facebook.com\/stoa169stiftung\/","https:\/\/www.instagram.com\/stoa169stiftung\/"]}]}},"_links":{"self":[{"href":"https:\/\/stoa169.com\/de\/wp-json\/wp\/v2\/pages\/212","targetHints":{"allow":["GET"]}}],"collection":[{"href":"https:\/\/stoa169.com\/de\/wp-json\/wp\/v2\/pages"}],"about":[{"href":"https:\/\/stoa169.com\/de\/wp-json\/wp\/v2\/types\/page"}],"author":[{"embeddable":true,"href":"https:\/\/stoa169.com\/de\/wp-json\/wp\/v2\/users\/6"}],"replies":[{"embeddable":true,"href":"https:\/\/stoa169.com\/de\/wp-json\/wp\/v2\/comments?post=212"}],"version-history":[{"count":27,"href":"https:\/\/stoa169.com\/de\/wp-json\/wp\/v2\/pages\/212\/revisions"}],"predecessor-version":[{"id":12733,"href":"https:\/\/stoa169.com\/de\/wp-json\/wp\/v2\/pages\/212\/revisions\/12733"}],"wp:attachment":[{"href":"https:\/\/stoa169.com\/de\/wp-json\/wp\/v2\/media?parent=212"}],"curies":[{"name":"wp","href":"https:\/\/api.w.org\/{rel}","templated":true}]}}