{"id":201,"date":"2019-07-23T10:31:58","date_gmt":"2019-07-23T08:31:58","guid":{"rendered":"https:\/\/stoa169.com\/?page_id=201"},"modified":"2021-12-06T13:09:42","modified_gmt":"2021-12-06T12:09:42","slug":"impressum","status":"publish","type":"page","link":"https:\/\/stoa169.com\/de\/impressum\/","title":{"rendered":"Impressum"},"content":{"rendered":"\t\t<div data-elementor-type=\"wp-post\" data-elementor-id=\"201\" class=\"elementor elementor-201\">\n\t\t\t\t\t\t<section class=\"elementor-section elementor-top-section elementor-element elementor-element-fe7e2b3 elementor-section-boxed elementor-section-height-default elementor-section-height-default\" data-id=\"fe7e2b3\" data-element_type=\"section\" data-e-type=\"section\">\n\t\t\t\t\t\t<div class=\"elementor-container elementor-column-gap-no\">\n\t\t\t\t\t<div class=\"elementor-column elementor-col-100 elementor-top-column elementor-element elementor-element-95ec10e\" data-id=\"95ec10e\" data-element_type=\"column\" data-e-type=\"column\">\n\t\t\t<div class=\"elementor-widget-wrap elementor-element-populated\">\n\t\t\t\t\t\t<div class=\"elementor-element elementor-element-ccd0bf0 elementor-widget elementor-widget-text-editor\" data-id=\"ccd0bf0\" data-element_type=\"widget\" data-e-type=\"widget\" data-widget_type=\"text-editor.default\">\n\t\t\t\t<div class=\"elementor-widget-container\">\n\t\t\t\t\t\t\t\t\t<p>STOA169 STIFTUNG<br \/>KIRCHPLATZ 2 \u00a0\u00a0D \u2013 82398 POLLING<br \/>+49 08802 \u2013 90 180 91<br \/><a href=\"mailto:stiftung@stoa169.com\">STIFTUNG@STOA169.COM<\/a><\/p><h2>Haftungshinweis, Externe Links<\/h2><p>Trotz sorgf\u00e4ltiger inhaltlicher Kontrolle \u00fcbernehmen wir keine Haftung f\u00fcr Inhalte externer Links. F\u00fcr den Inhalt der verlinkten Seiten sind ausschlie\u00dflich deren Betreiber verantwortlich.<\/p><h2>Urheberrechtshinweise<\/h2><p>Alle auf dieser Website ver\u00f6ffentlichten Beitr\u00e4ge und Abbildungen sind urheberrechtlich gesch\u00fctzt. Jede vom Urheberrechtsgesetz nicht zugelassene Verwertung bedarf vorheriger schriftlicher Zustimmung der Anbieter. Dies gilt insbesondere f\u00fcr Vervielf\u00e4ltigung, Bearbeitung, \u00dcbersetzung, Einspeicherung, Verarbeitung bzw. Wiedergabe von Inhalten in Datenbanken oder anderen elektronischen Medien und Systemen. Fotokopien und Downloads von Webseiten d\u00fcrfen nur f\u00fcr den pers\u00f6nlichen, privaten und nicht kommerziellen Gebrauch hergestellt werden.<\/p><p>Fotos wenn nicht gesondert ausgezeichnet <span class=\"st\">\u00a9 STOA169<\/span><br \/>Portr\u00e4t Bernd Zimmer <span class=\"st\">\u00a9 Roger Fritz<br \/><\/span><\/p>\t\t\t\t\t\t\t\t<\/div>\n\t\t\t\t<\/div>\n\t\t\t\t\t<\/div>\n\t\t<\/div>\n\t\t\t\t\t<\/div>\n\t\t<\/section>\n\t\t\t\t<\/div>\n\t\t","protected":false},"excerpt":{"rendered":"<p>STOA169 STIFTUNGKIRCHPLATZ 2 \u00a0\u00a0D \u2013 82398 POLLING+49 08802 \u2013 90 180 91STIFTUNG@STOA169.COM Haftungshinweis, Externe Links Trotz sorgf\u00e4ltiger inhaltlicher Kontrolle \u00fcbernehmen wir keine Haftung f\u00fcr Inhalte externer Links. F\u00fcr den Inhalt der verlinkten Seiten sind ausschlie\u00dflich deren Betreiber verantwortlich. Urheberrechtshinweise Alle auf dieser Website ver\u00f6ffentlichten Beitr\u00e4ge und Abbildungen sind urheberrechtlich gesch\u00fctzt. Jede vom Urheberrechtsgesetz nicht zugelassene [&#8230;]<\/p>\n<p><a class=\"btn btn-secondary understrap-read-more-link\" href=\"https:\/\/stoa169.com\/de\/impressum\/\">Weiterlesen\u00a0\u2026<span class=\"screen-reader-text\"> from Impressum<\/span><\/a><\/p>\n","protected":false},"author":6,"featured_media":0,"parent":0,"menu_order":0,"comment_status":"closed","ping_status":"closed","template":"elementor_header_footer","meta":{"_acf_changed":false,"footnotes":""},"class_list":["post-201","page","type-page","status-publish","hentry"],"acf":[],"yoast_head":"<!-- This site is optimized with the Yoast SEO plugin v27.3 - https:\/\/yoast.com\/product\/yoast-seo-wordpress\/ -->\n<title>Impressum - STOA169<\/title>\n<meta name=\"robots\" content=\"index, follow, max-snippet:-1, max-image-preview:large, max-video-preview:-1\" \/>\n<link rel=\"canonical\" href=\"https:\/\/stoa169.com\/de\/impressum\/\" \/>\n<meta property=\"og:locale\" content=\"de_DE\" \/>\n<meta property=\"og:type\" content=\"article\" \/>\n<meta property=\"og:title\" content=\"Impressum - STOA169\" \/>\n<meta property=\"og:description\" content=\"STOA169 STIFTUNGKIRCHPLATZ 2 \u00a0\u00a0D \u2013 82398 POLLING+49 08802 \u2013 90 180 91STIFTUNG@STOA169.COM Haftungshinweis, Externe Links Trotz sorgf\u00e4ltiger inhaltlicher Kontrolle \u00fcbernehmen wir keine Haftung f\u00fcr Inhalte externer Links. F\u00fcr den Inhalt der verlinkten Seiten sind ausschlie\u00dflich deren Betreiber verantwortlich. Urheberrechtshinweise Alle auf dieser Website ver\u00f6ffentlichten Beitr\u00e4ge und Abbildungen sind urheberrechtlich gesch\u00fctzt. Jede vom Urheberrechtsgesetz nicht zugelassene [...]Weiterlesen\u00a0\u2026 from Impressum\" \/>\n<meta property=\"og:url\" content=\"https:\/\/stoa169.com\/de\/impressum\/\" \/>\n<meta property=\"og:site_name\" content=\"STOA169\" \/>\n<meta property=\"article:publisher\" content=\"https:\/\/www.facebook.com\/stoa169stiftung\/\" \/>\n<meta property=\"article:modified_time\" content=\"2021-12-06T12:09:42+00:00\" \/>\n<meta property=\"og:image\" content=\"https:\/\/stoa169.com\/wp-content\/uploads\/2023\/08\/STOA169-Saeulenhalle-Columns-Hall-Polling_1200x630.png\" \/>\n\t<meta property=\"og:image:width\" content=\"1200\" \/>\n\t<meta property=\"og:image:height\" content=\"630\" \/>\n\t<meta property=\"og:image:type\" content=\"image\/png\" \/>\n<meta name=\"twitter:card\" content=\"summary_large_image\" \/>\n<meta name=\"twitter:label1\" content=\"Gesch\u00e4tzte Lesezeit\" \/>\n\t<meta name=\"twitter:data1\" content=\"1\u00a0Minute\" \/>\n<script type=\"application\/ld+json\" class=\"yoast-schema-graph\">{\"@context\":\"https:\\\/\\\/schema.org\",\"@graph\":[{\"@type\":\"WebPage\",\"@id\":\"https:\\\/\\\/stoa169.com\\\/de\\\/impressum\\\/\",\"url\":\"https:\\\/\\\/stoa169.com\\\/de\\\/impressum\\\/\",\"name\":\"Impressum - STOA169\",\"isPartOf\":{\"@id\":\"https:\\\/\\\/stoa169.com\\\/de\\\/#website\"},\"datePublished\":\"2019-07-23T08:31:58+00:00\",\"dateModified\":\"2021-12-06T12:09:42+00:00\",\"breadcrumb\":{\"@id\":\"https:\\\/\\\/stoa169.com\\\/de\\\/impressum\\\/#breadcrumb\"},\"inLanguage\":\"de\",\"potentialAction\":[{\"@type\":\"ReadAction\",\"target\":[\"https:\\\/\\\/stoa169.com\\\/de\\\/impressum\\\/\"]}]},{\"@type\":\"BreadcrumbList\",\"@id\":\"https:\\\/\\\/stoa169.com\\\/de\\\/impressum\\\/#breadcrumb\",\"itemListElement\":[{\"@type\":\"ListItem\",\"position\":1,\"name\":\"Startseite\",\"item\":\"https:\\\/\\\/stoa169.com\\\/de\\\/\"},{\"@type\":\"ListItem\",\"position\":2,\"name\":\"Impressum\"}]},{\"@type\":\"WebSite\",\"@id\":\"https:\\\/\\\/stoa169.com\\\/de\\\/#website\",\"url\":\"https:\\\/\\\/stoa169.com\\\/de\\\/\",\"name\":\"STOA169\",\"description\":\"Die K\u00fcnstlers\u00e4ulenhalle in Polling\",\"publisher\":{\"@id\":\"https:\\\/\\\/stoa169.com\\\/de\\\/#organization\"},\"potentialAction\":[{\"@type\":\"SearchAction\",\"target\":{\"@type\":\"EntryPoint\",\"urlTemplate\":\"https:\\\/\\\/stoa169.com\\\/de\\\/?s={search_term_string}\"},\"query-input\":{\"@type\":\"PropertyValueSpecification\",\"valueRequired\":true,\"valueName\":\"search_term_string\"}}],\"inLanguage\":\"de\"},{\"@type\":\"Organization\",\"@id\":\"https:\\\/\\\/stoa169.com\\\/de\\\/#organization\",\"name\":\"STOA169\",\"url\":\"https:\\\/\\\/stoa169.com\\\/de\\\/\",\"logo\":{\"@type\":\"ImageObject\",\"inLanguage\":\"de\",\"@id\":\"https:\\\/\\\/stoa169.com\\\/de\\\/#\\\/schema\\\/logo\\\/image\\\/\",\"url\":\"https:\\\/\\\/stoa169.com\\\/wp-content\\\/uploads\\\/2023\\\/08\\\/STOA169-Logo_kurz.png\",\"contentUrl\":\"https:\\\/\\\/stoa169.com\\\/wp-content\\\/uploads\\\/2023\\\/08\\\/STOA169-Logo_kurz.png\",\"width\":630,\"height\":630,\"caption\":\"STOA169\"},\"image\":{\"@id\":\"https:\\\/\\\/stoa169.com\\\/de\\\/#\\\/schema\\\/logo\\\/image\\\/\"},\"sameAs\":[\"https:\\\/\\\/www.facebook.com\\\/stoa169stiftung\\\/\",\"https:\\\/\\\/www.instagram.com\\\/stoa169stiftung\\\/\"]}]}<\/script>\n<!-- \/ Yoast SEO plugin. -->","yoast_head_json":{"title":"Impressum - STOA169","robots":{"index":"index","follow":"follow","max-snippet":"max-snippet:-1","max-image-preview":"max-image-preview:large","max-video-preview":"max-video-preview:-1"},"canonical":"https:\/\/stoa169.com\/de\/impressum\/","og_locale":"de_DE","og_type":"article","og_title":"Impressum - STOA169","og_description":"STOA169 STIFTUNGKIRCHPLATZ 2 \u00a0\u00a0D \u2013 82398 POLLING+49 08802 \u2013 90 180 91STIFTUNG@STOA169.COM Haftungshinweis, Externe Links Trotz sorgf\u00e4ltiger inhaltlicher Kontrolle \u00fcbernehmen wir keine Haftung f\u00fcr Inhalte externer Links. F\u00fcr den Inhalt der verlinkten Seiten sind ausschlie\u00dflich deren Betreiber verantwortlich. Urheberrechtshinweise Alle auf dieser Website ver\u00f6ffentlichten Beitr\u00e4ge und Abbildungen sind urheberrechtlich gesch\u00fctzt. Jede vom Urheberrechtsgesetz nicht zugelassene [...]Weiterlesen\u00a0\u2026 from Impressum","og_url":"https:\/\/stoa169.com\/de\/impressum\/","og_site_name":"STOA169","article_publisher":"https:\/\/www.facebook.com\/stoa169stiftung\/","article_modified_time":"2021-12-06T12:09:42+00:00","og_image":[{"width":1200,"height":630,"url":"https:\/\/stoa169.com\/wp-content\/uploads\/2023\/08\/STOA169-Saeulenhalle-Columns-Hall-Polling_1200x630.png","type":"image\/png"}],"twitter_card":"summary_large_image","twitter_misc":{"Gesch\u00e4tzte Lesezeit":"1\u00a0Minute"},"schema":{"@context":"https:\/\/schema.org","@graph":[{"@type":"WebPage","@id":"https:\/\/stoa169.com\/de\/impressum\/","url":"https:\/\/stoa169.com\/de\/impressum\/","name":"Impressum - STOA169","isPartOf":{"@id":"https:\/\/stoa169.com\/de\/#website"},"datePublished":"2019-07-23T08:31:58+00:00","dateModified":"2021-12-06T12:09:42+00:00","breadcrumb":{"@id":"https:\/\/stoa169.com\/de\/impressum\/#breadcrumb"},"inLanguage":"de","potentialAction":[{"@type":"ReadAction","target":["https:\/\/stoa169.com\/de\/impressum\/"]}]},{"@type":"BreadcrumbList","@id":"https:\/\/stoa169.com\/de\/impressum\/#breadcrumb","itemListElement":[{"@type":"ListItem","position":1,"name":"Startseite","item":"https:\/\/stoa169.com\/de\/"},{"@type":"ListItem","position":2,"name":"Impressum"}]},{"@type":"WebSite","@id":"https:\/\/stoa169.com\/de\/#website","url":"https:\/\/stoa169.com\/de\/","name":"STOA169","description":"Die K\u00fcnstlers\u00e4ulenhalle in Polling","publisher":{"@id":"https:\/\/stoa169.com\/de\/#organization"},"potentialAction":[{"@type":"SearchAction","target":{"@type":"EntryPoint","urlTemplate":"https:\/\/stoa169.com\/de\/?s={search_term_string}"},"query-input":{"@type":"PropertyValueSpecification","valueRequired":true,"valueName":"search_term_string"}}],"inLanguage":"de"},{"@type":"Organization","@id":"https:\/\/stoa169.com\/de\/#organization","name":"STOA169","url":"https:\/\/stoa169.com\/de\/","logo":{"@type":"ImageObject","inLanguage":"de","@id":"https:\/\/stoa169.com\/de\/#\/schema\/logo\/image\/","url":"https:\/\/stoa169.com\/wp-content\/uploads\/2023\/08\/STOA169-Logo_kurz.png","contentUrl":"https:\/\/stoa169.com\/wp-content\/uploads\/2023\/08\/STOA169-Logo_kurz.png","width":630,"height":630,"caption":"STOA169"},"image":{"@id":"https:\/\/stoa169.com\/de\/#\/schema\/logo\/image\/"},"sameAs":["https:\/\/www.facebook.com\/stoa169stiftung\/","https:\/\/www.instagram.com\/stoa169stiftung\/"]}]}},"_links":{"self":[{"href":"https:\/\/stoa169.com\/de\/wp-json\/wp\/v2\/pages\/201","targetHints":{"allow":["GET"]}}],"collection":[{"href":"https:\/\/stoa169.com\/de\/wp-json\/wp\/v2\/pages"}],"about":[{"href":"https:\/\/stoa169.com\/de\/wp-json\/wp\/v2\/types\/page"}],"author":[{"embeddable":true,"href":"https:\/\/stoa169.com\/de\/wp-json\/wp\/v2\/users\/6"}],"replies":[{"embeddable":true,"href":"https:\/\/stoa169.com\/de\/wp-json\/wp\/v2\/comments?post=201"}],"version-history":[{"count":0,"href":"https:\/\/stoa169.com\/de\/wp-json\/wp\/v2\/pages\/201\/revisions"}],"wp:attachment":[{"href":"https:\/\/stoa169.com\/de\/wp-json\/wp\/v2\/media?parent=201"}],"curies":[{"name":"wp","href":"https:\/\/api.w.org\/{rel}","templated":true}]}}