{"id":145,"date":"2019-07-23T09:27:14","date_gmt":"2019-07-23T07:27:14","guid":{"rendered":"https:\/\/stoa169.com\/?page_id=145"},"modified":"2021-12-06T12:23:35","modified_gmt":"2021-12-06T11:23:35","slug":"bernd-zimmer","status":"publish","type":"page","link":"https:\/\/stoa169.com\/de\/bernd-zimmer\/","title":{"rendered":"Bernd Zimmer"},"content":{"rendered":"\t\t<div data-elementor-type=\"wp-post\" data-elementor-id=\"145\" class=\"elementor elementor-145\">\n\t\t\t\t\t\t<section class=\"elementor-section elementor-top-section elementor-element elementor-element-af97ca4 elementor-section-boxed elementor-section-height-default elementor-section-height-default\" data-id=\"af97ca4\" data-element_type=\"section\" data-e-type=\"section\">\n\t\t\t\t\t\t<div class=\"elementor-container elementor-column-gap-no\">\n\t\t\t\t\t<div class=\"elementor-column elementor-col-33 elementor-top-column elementor-element elementor-element-cb06bf7\" data-id=\"cb06bf7\" data-element_type=\"column\" data-e-type=\"column\">\n\t\t\t<div class=\"elementor-widget-wrap elementor-element-populated\">\n\t\t\t\t\t\t<div class=\"elementor-element elementor-element-e863700 square-image elementor-widget elementor-widget-image\" data-id=\"e863700\" data-element_type=\"widget\" data-e-type=\"widget\" data-widget_type=\"image.default\">\n\t\t\t\t<div class=\"elementor-widget-container\">\n\t\t\t\t\t\t\t\t\t\t\t\t\t\t\t<img loading=\"lazy\" decoding=\"async\" width=\"640\" height=\"960\" src=\"https:\/\/stoa169.com\/wp-content\/uploads\/2019\/08\/Roger-Fritz-683x1024.jpg\" class=\"attachment-large size-large wp-image-429\" alt=\"\" srcset=\"https:\/\/stoa169.com\/wp-content\/uploads\/2019\/08\/Roger-Fritz-683x1024.jpg 683w, https:\/\/stoa169.com\/wp-content\/uploads\/2019\/08\/Roger-Fritz-200x300.jpg 200w, https:\/\/stoa169.com\/wp-content\/uploads\/2019\/08\/Roger-Fritz-768x1152.jpg 768w\" sizes=\"auto, (max-width: 640px) 100vw, 640px\" \/>\t\t\t\t\t\t\t\t\t\t\t\t\t\t\t<\/div>\n\t\t\t\t<\/div>\n\t\t\t\t\t<\/div>\n\t\t<\/div>\n\t\t\t\t<div class=\"elementor-column elementor-col-66 elementor-top-column elementor-element elementor-element-4524f90\" data-id=\"4524f90\" data-element_type=\"column\" data-e-type=\"column\">\n\t\t\t<div class=\"elementor-widget-wrap elementor-element-populated\">\n\t\t\t\t\t\t<div class=\"elementor-element elementor-element-577ac69 h-100 elementor-widget elementor-widget-text-editor\" data-id=\"577ac69\" data-element_type=\"widget\" data-e-type=\"widget\" data-widget_type=\"text-editor.default\">\n\t\t\t\t<div class=\"elementor-widget-container\">\n\t\t\t\t\t\t\t\t\t<h2 class=\"p1\"><span class=\"s1\">BERND ZIMMER:\u00a0<\/span><b>BILDENDER K\u00dcNSTLER UND INITIATOR<\/b><\/h2><p>Bernd Zimmer, geboren 1948 in Planegg, ist ein renommierter und vielfach ausgezeichneter Maler, der als Mitbegr\u00fcnder der Berliner \u201eHeftigen Malerei\u201c bekannt wurde.<\/p><p>Die STOA169 ist Bernd Zimmers werk\u00fcbergreifende Idee als konzeptuelles Werk, das die Bildende Kunst in ihren Auspr\u00e4gungen feiert. Gleichzeitig vereint sie wesentliche Einfl\u00fcsse, die auf das Leben und Schaffen des K\u00fcnstlers eingewirkt haben. Seine gr\u00f6\u00dften Inspirationsquellen sind neben einer intensiven Naturerfahrung vor allem Reisen durch Teile der Welt. Nicht zuletzt aus der konkreten geografischen Grenz\u00fcberschreitung entwickelte er ein Bewusstsein transnationaler kultureller Bindung.<\/p><p>Zimmer betont das Gemeinsame der Kulturen, feiert dabei die Verschiedenheit des Gleichen und dessen unterschiedliche Ausformung. Der Gedanke, Kunstwerke aus aller Welt unter einem Dach zu vereinen, entwickelte er bereits vor etwa 30 Jahren im Rahmen einer Reise zu den Heiligt\u00fcmern der Hindu-Religion S\u00fcdindiens.<\/p>\t\t\t\t\t\t\t\t<\/div>\n\t\t\t\t<\/div>\n\t\t\t\t\t<\/div>\n\t\t<\/div>\n\t\t\t\t\t<\/div>\n\t\t<\/section>\n\t\t\t\t<section class=\"elementor-section elementor-top-section elementor-element elementor-element-366b651 elementor-section-boxed elementor-section-height-default elementor-section-height-default\" data-id=\"366b651\" data-element_type=\"section\" data-e-type=\"section\">\n\t\t\t\t\t\t<div class=\"elementor-container elementor-column-gap-no\">\n\t\t\t\t\t<div class=\"elementor-column elementor-col-66 elementor-top-column elementor-element elementor-element-52ffd5e\" data-id=\"52ffd5e\" data-element_type=\"column\" data-e-type=\"column\">\n\t\t\t<div class=\"elementor-widget-wrap elementor-element-populated\">\n\t\t\t\t\t\t<div class=\"elementor-element elementor-element-53234f3 h-100 elementor-widget elementor-widget-text-editor\" data-id=\"53234f3\" data-element_type=\"widget\" data-e-type=\"widget\" data-widget_type=\"text-editor.default\">\n\t\t\t\t<div class=\"elementor-widget-container\">\n\t\t\t\t\t\t\t\t\t<p>Bernd Zimmer war zu diesem Zeitpunkt bereits als Maler etabliert: Der gelernte Verlagsbuchh\u00e4ndler und sp\u00e4tere Buchgestalter entschied sich w\u00e4hrend einer Reise durch Mexiko und den S\u00fcden der Vereinigten Staaten von Amerika, Maler zu werden. Mit Rainer Fetting, Helmut Middendorf, Salom\u00e9 und weiteren K\u00fcnstlerinnen und K\u00fcnstlern gr\u00fcndete der studierte Philosoph und Religionswissenschaftler 1977 in Berlin die \u201eGalerie am Moritzplatz\u201c als eine Art Selbsthilfegalerie. Dort stellten die K\u00fcnstler unter dem Titel \u201eHeftige Malerei\u201c\u00a0farbstarke, expressive Bilder aus, durch die sie als \u201eNeue Wilde\u201c in die Kunstgeschichte eingehen sollten.<\/p><p>1979 erhielt Bernd Zimmer ein Stipendium der Karl-Schmidt-Rottluff-Stiftung, in den fr\u00fchen Achtzigern verbrachte er zwei Jahre auf Einladung der Villa Massimo in Rom. Sein Werk ist in zahlreichen B\u00fcchern und Katalogen erfasst, vor allem das Werkverzeichnis \u201eBernd Zimmer \u2013 Bilder auf Leinwand\u201c zeigt die k\u00fcnstlerische Entwicklung des Malers.<\/p>\t\t\t\t\t\t\t\t<\/div>\n\t\t\t\t<\/div>\n\t\t\t\t\t<\/div>\n\t\t<\/div>\n\t\t\t\t<div class=\"elementor-column elementor-col-33 elementor-top-column elementor-element elementor-element-efc5d7a\" data-id=\"efc5d7a\" data-element_type=\"column\" data-e-type=\"column\">\n\t\t\t<div class=\"elementor-widget-wrap elementor-element-populated\">\n\t\t\t\t\t\t<div class=\"elementor-element elementor-element-f28447f elementor-hidden-phone elementor-widget elementor-widget-wp-widget-sw_placeholder\" data-id=\"f28447f\" data-element_type=\"widget\" data-e-type=\"widget\" data-widget_type=\"wp-widget-sw_placeholder.default\">\n\t\t\t\t<div class=\"elementor-widget-container\">\n\t\t\t\t\t    <div class=\"square\"><a name=\"abc\" class=\"square-text-a\"><div class=\"square-stoa\"><\/div><\/a><\/div>\n    \t\t\t\t<\/div>\n\t\t\t\t<\/div>\n\t\t\t\t\t<\/div>\n\t\t<\/div>\n\t\t\t\t\t<\/div>\n\t\t<\/section>\n\t\t\t\t<section class=\"elementor-section elementor-top-section elementor-element elementor-element-860c04c elementor-section-boxed elementor-section-height-default elementor-section-height-default\" data-id=\"860c04c\" data-element_type=\"section\" data-e-type=\"section\">\n\t\t\t\t\t\t<div class=\"elementor-container elementor-column-gap-no\">\n\t\t\t\t\t<div class=\"elementor-column elementor-col-50 elementor-top-column elementor-element elementor-element-80a452a\" data-id=\"80a452a\" data-element_type=\"column\" data-e-type=\"column\">\n\t\t\t<div class=\"elementor-widget-wrap elementor-element-populated\">\n\t\t\t\t\t\t<div class=\"elementor-element elementor-element-3d20f4b square-image elementor-widget elementor-widget-image\" data-id=\"3d20f4b\" data-element_type=\"widget\" data-e-type=\"widget\" data-widget_type=\"image.default\">\n\t\t\t\t<div class=\"elementor-widget-container\">\n\t\t\t\t\t\t\t\t\t\t\t\t\t\t\t<img loading=\"lazy\" decoding=\"async\" width=\"640\" height=\"426\" src=\"https:\/\/stoa169.com\/wp-content\/uploads\/2019\/07\/JUm3Rwyf-1024x682.jpeg\" class=\"attachment-large size-large wp-image-152\" alt=\"\" srcset=\"https:\/\/stoa169.com\/wp-content\/uploads\/2019\/07\/JUm3Rwyf-1024x682.jpeg 1024w, https:\/\/stoa169.com\/wp-content\/uploads\/2019\/07\/JUm3Rwyf-300x200.jpeg 300w, https:\/\/stoa169.com\/wp-content\/uploads\/2019\/07\/JUm3Rwyf-768x511.jpeg 768w\" sizes=\"auto, (max-width: 640px) 100vw, 640px\" \/>\t\t\t\t\t\t\t\t\t\t\t\t\t\t\t<\/div>\n\t\t\t\t<\/div>\n\t\t\t\t\t<\/div>\n\t\t<\/div>\n\t\t\t\t<div class=\"elementor-column elementor-col-50 elementor-top-column elementor-element elementor-element-66b5c62\" data-id=\"66b5c62\" data-element_type=\"column\" data-e-type=\"column\">\n\t\t\t<div class=\"elementor-widget-wrap elementor-element-populated\">\n\t\t\t\t\t\t<div class=\"elementor-element elementor-element-e3c35e0 h-100 elementor-widget elementor-widget-text-editor\" data-id=\"e3c35e0\" data-element_type=\"widget\" data-e-type=\"widget\" data-widget_type=\"text-editor.default\">\n\t\t\t\t<div class=\"elementor-widget-container\">\n\t\t\t\t\t\t\t\t\t<p>Bernd Zimmer lebt seit 1984 in Polling, einem vom kl\u00f6sterlichen Leben und der Landwirtschaft, aber auch von K\u00fcnstlern gepr\u00e4gten Dorf in Oberbayern. Er arbeitet an seinem Wohnort, betreibt au\u00dferdem Ateliers im Nachbarort Oberhausen und in der Emilia-Romagna. Mit dem Projekt der STOA169 gipfelt Bernd Zimmers Kunstschaffen in einem syn\u00e4sthetischen, begehbaren Kunstwerk, das einen Moment der internationalen Kunstgeschichte f\u00fcr k\u00fcnftige Generationen unter einem Dach zusammenf\u00fchrt \u2013 im Einklang mit der Natur.<\/p><p>Weitere Informationen zu Bernd Zimmer unter:\u00a0<a href=\"https:\/\/www.berndzimmer.com\">www.berndzimmer.com<\/a><\/p><p class=\"p1\">\u00a0<\/p>\t\t\t\t\t\t\t\t<\/div>\n\t\t\t\t<\/div>\n\t\t\t\t\t<\/div>\n\t\t<\/div>\n\t\t\t\t\t<\/div>\n\t\t<\/section>\n\t\t\t\t<\/div>\n\t\t","protected":false},"excerpt":{"rendered":"<p>BERND ZIMMER:\u00a0BILDENDER K\u00dcNSTLER UND INITIATOR Bernd Zimmer, geboren 1948 in Planegg, ist ein renommierter und vielfach ausgezeichneter Maler, der als Mitbegr\u00fcnder der Berliner \u201eHeftigen Malerei\u201c bekannt wurde. Die STOA169 ist Bernd Zimmers werk\u00fcbergreifende Idee als konzeptuelles Werk, das die Bildende Kunst in ihren Auspr\u00e4gungen feiert. Gleichzeitig vereint sie wesentliche Einfl\u00fcsse, die auf das Leben und [&#8230;]<\/p>\n<p><a class=\"btn btn-secondary understrap-read-more-link\" href=\"https:\/\/stoa169.com\/de\/bernd-zimmer\/\">Weiterlesen\u00a0\u2026<span class=\"screen-reader-text\"> from Bernd Zimmer<\/span><\/a><\/p>\n","protected":false},"author":6,"featured_media":0,"parent":0,"menu_order":0,"comment_status":"closed","ping_status":"closed","template":"elementor_header_footer","meta":{"_acf_changed":false,"footnotes":""},"class_list":["post-145","page","type-page","status-publish","hentry"],"acf":[],"yoast_head":"<!-- This site is optimized with the Yoast SEO plugin v27.3 - https:\/\/yoast.com\/product\/yoast-seo-wordpress\/ -->\n<title>Bernd Zimmer - STOA169<\/title>\n<meta name=\"robots\" content=\"index, follow, max-snippet:-1, max-image-preview:large, max-video-preview:-1\" \/>\n<link rel=\"canonical\" href=\"https:\/\/stoa169.com\/de\/bernd-zimmer\/\" \/>\n<meta property=\"og:locale\" content=\"de_DE\" \/>\n<meta property=\"og:type\" content=\"article\" \/>\n<meta property=\"og:title\" content=\"Bernd Zimmer - STOA169\" \/>\n<meta property=\"og:description\" content=\"BERND ZIMMER:\u00a0BILDENDER K\u00dcNSTLER UND INITIATOR Bernd Zimmer, geboren 1948 in Planegg, ist ein renommierter und vielfach ausgezeichneter Maler, der als Mitbegr\u00fcnder der Berliner \u201eHeftigen Malerei\u201c bekannt wurde. Die STOA169 ist Bernd Zimmers werk\u00fcbergreifende Idee als konzeptuelles Werk, das die Bildende Kunst in ihren Auspr\u00e4gungen feiert. Gleichzeitig vereint sie wesentliche Einfl\u00fcsse, die auf das Leben und [...]Weiterlesen\u00a0\u2026 from Bernd Zimmer\" \/>\n<meta property=\"og:url\" content=\"https:\/\/stoa169.com\/de\/bernd-zimmer\/\" \/>\n<meta property=\"og:site_name\" content=\"STOA169\" \/>\n<meta property=\"article:publisher\" content=\"https:\/\/www.facebook.com\/stoa169stiftung\/\" \/>\n<meta property=\"article:modified_time\" content=\"2021-12-06T11:23:35+00:00\" \/>\n<meta property=\"og:image\" content=\"https:\/\/stoa169.com\/wp-content\/uploads\/2019\/08\/Roger-Fritz-683x1024.jpg\" \/>\n<meta name=\"twitter:card\" content=\"summary_large_image\" \/>\n<meta name=\"twitter:label1\" content=\"Gesch\u00e4tzte Lesezeit\" \/>\n\t<meta name=\"twitter:data1\" content=\"2\u00a0Minuten\" \/>\n<script type=\"application\/ld+json\" class=\"yoast-schema-graph\">{\"@context\":\"https:\\\/\\\/schema.org\",\"@graph\":[{\"@type\":\"WebPage\",\"@id\":\"https:\\\/\\\/stoa169.com\\\/de\\\/bernd-zimmer\\\/\",\"url\":\"https:\\\/\\\/stoa169.com\\\/de\\\/bernd-zimmer\\\/\",\"name\":\"Bernd Zimmer - STOA169\",\"isPartOf\":{\"@id\":\"https:\\\/\\\/stoa169.com\\\/de\\\/#website\"},\"primaryImageOfPage\":{\"@id\":\"https:\\\/\\\/stoa169.com\\\/de\\\/bernd-zimmer\\\/#primaryimage\"},\"image\":{\"@id\":\"https:\\\/\\\/stoa169.com\\\/de\\\/bernd-zimmer\\\/#primaryimage\"},\"thumbnailUrl\":\"https:\\\/\\\/stoa169.com\\\/wp-content\\\/uploads\\\/2019\\\/08\\\/Roger-Fritz-683x1024.jpg\",\"datePublished\":\"2019-07-23T07:27:14+00:00\",\"dateModified\":\"2021-12-06T11:23:35+00:00\",\"breadcrumb\":{\"@id\":\"https:\\\/\\\/stoa169.com\\\/de\\\/bernd-zimmer\\\/#breadcrumb\"},\"inLanguage\":\"de\",\"potentialAction\":[{\"@type\":\"ReadAction\",\"target\":[\"https:\\\/\\\/stoa169.com\\\/de\\\/bernd-zimmer\\\/\"]}]},{\"@type\":\"ImageObject\",\"inLanguage\":\"de\",\"@id\":\"https:\\\/\\\/stoa169.com\\\/de\\\/bernd-zimmer\\\/#primaryimage\",\"url\":\"https:\\\/\\\/stoa169.com\\\/wp-content\\\/uploads\\\/2019\\\/08\\\/Roger-Fritz-683x1024.jpg\",\"contentUrl\":\"https:\\\/\\\/stoa169.com\\\/wp-content\\\/uploads\\\/2019\\\/08\\\/Roger-Fritz-683x1024.jpg\"},{\"@type\":\"BreadcrumbList\",\"@id\":\"https:\\\/\\\/stoa169.com\\\/de\\\/bernd-zimmer\\\/#breadcrumb\",\"itemListElement\":[{\"@type\":\"ListItem\",\"position\":1,\"name\":\"Startseite\",\"item\":\"https:\\\/\\\/stoa169.com\\\/de\\\/\"},{\"@type\":\"ListItem\",\"position\":2,\"name\":\"Bernd Zimmer\"}]},{\"@type\":\"WebSite\",\"@id\":\"https:\\\/\\\/stoa169.com\\\/de\\\/#website\",\"url\":\"https:\\\/\\\/stoa169.com\\\/de\\\/\",\"name\":\"STOA169\",\"description\":\"Die K\u00fcnstlers\u00e4ulenhalle in Polling\",\"publisher\":{\"@id\":\"https:\\\/\\\/stoa169.com\\\/de\\\/#organization\"},\"potentialAction\":[{\"@type\":\"SearchAction\",\"target\":{\"@type\":\"EntryPoint\",\"urlTemplate\":\"https:\\\/\\\/stoa169.com\\\/de\\\/?s={search_term_string}\"},\"query-input\":{\"@type\":\"PropertyValueSpecification\",\"valueRequired\":true,\"valueName\":\"search_term_string\"}}],\"inLanguage\":\"de\"},{\"@type\":\"Organization\",\"@id\":\"https:\\\/\\\/stoa169.com\\\/de\\\/#organization\",\"name\":\"STOA169\",\"url\":\"https:\\\/\\\/stoa169.com\\\/de\\\/\",\"logo\":{\"@type\":\"ImageObject\",\"inLanguage\":\"de\",\"@id\":\"https:\\\/\\\/stoa169.com\\\/de\\\/#\\\/schema\\\/logo\\\/image\\\/\",\"url\":\"https:\\\/\\\/stoa169.com\\\/wp-content\\\/uploads\\\/2023\\\/08\\\/STOA169-Logo_kurz.png\",\"contentUrl\":\"https:\\\/\\\/stoa169.com\\\/wp-content\\\/uploads\\\/2023\\\/08\\\/STOA169-Logo_kurz.png\",\"width\":630,\"height\":630,\"caption\":\"STOA169\"},\"image\":{\"@id\":\"https:\\\/\\\/stoa169.com\\\/de\\\/#\\\/schema\\\/logo\\\/image\\\/\"},\"sameAs\":[\"https:\\\/\\\/www.facebook.com\\\/stoa169stiftung\\\/\",\"https:\\\/\\\/www.instagram.com\\\/stoa169stiftung\\\/\"]}]}<\/script>\n<!-- \/ Yoast SEO plugin. -->","yoast_head_json":{"title":"Bernd Zimmer - STOA169","robots":{"index":"index","follow":"follow","max-snippet":"max-snippet:-1","max-image-preview":"max-image-preview:large","max-video-preview":"max-video-preview:-1"},"canonical":"https:\/\/stoa169.com\/de\/bernd-zimmer\/","og_locale":"de_DE","og_type":"article","og_title":"Bernd Zimmer - STOA169","og_description":"BERND ZIMMER:\u00a0BILDENDER K\u00dcNSTLER UND INITIATOR Bernd Zimmer, geboren 1948 in Planegg, ist ein renommierter und vielfach ausgezeichneter Maler, der als Mitbegr\u00fcnder der Berliner \u201eHeftigen Malerei\u201c bekannt wurde. Die STOA169 ist Bernd Zimmers werk\u00fcbergreifende Idee als konzeptuelles Werk, das die Bildende Kunst in ihren Auspr\u00e4gungen feiert. Gleichzeitig vereint sie wesentliche Einfl\u00fcsse, die auf das Leben und [...]Weiterlesen\u00a0\u2026 from Bernd Zimmer","og_url":"https:\/\/stoa169.com\/de\/bernd-zimmer\/","og_site_name":"STOA169","article_publisher":"https:\/\/www.facebook.com\/stoa169stiftung\/","article_modified_time":"2021-12-06T11:23:35+00:00","og_image":[{"url":"https:\/\/stoa169.com\/wp-content\/uploads\/2019\/08\/Roger-Fritz-683x1024.jpg","type":"","width":"","height":""}],"twitter_card":"summary_large_image","twitter_misc":{"Gesch\u00e4tzte Lesezeit":"2\u00a0Minuten"},"schema":{"@context":"https:\/\/schema.org","@graph":[{"@type":"WebPage","@id":"https:\/\/stoa169.com\/de\/bernd-zimmer\/","url":"https:\/\/stoa169.com\/de\/bernd-zimmer\/","name":"Bernd Zimmer - STOA169","isPartOf":{"@id":"https:\/\/stoa169.com\/de\/#website"},"primaryImageOfPage":{"@id":"https:\/\/stoa169.com\/de\/bernd-zimmer\/#primaryimage"},"image":{"@id":"https:\/\/stoa169.com\/de\/bernd-zimmer\/#primaryimage"},"thumbnailUrl":"https:\/\/stoa169.com\/wp-content\/uploads\/2019\/08\/Roger-Fritz-683x1024.jpg","datePublished":"2019-07-23T07:27:14+00:00","dateModified":"2021-12-06T11:23:35+00:00","breadcrumb":{"@id":"https:\/\/stoa169.com\/de\/bernd-zimmer\/#breadcrumb"},"inLanguage":"de","potentialAction":[{"@type":"ReadAction","target":["https:\/\/stoa169.com\/de\/bernd-zimmer\/"]}]},{"@type":"ImageObject","inLanguage":"de","@id":"https:\/\/stoa169.com\/de\/bernd-zimmer\/#primaryimage","url":"https:\/\/stoa169.com\/wp-content\/uploads\/2019\/08\/Roger-Fritz-683x1024.jpg","contentUrl":"https:\/\/stoa169.com\/wp-content\/uploads\/2019\/08\/Roger-Fritz-683x1024.jpg"},{"@type":"BreadcrumbList","@id":"https:\/\/stoa169.com\/de\/bernd-zimmer\/#breadcrumb","itemListElement":[{"@type":"ListItem","position":1,"name":"Startseite","item":"https:\/\/stoa169.com\/de\/"},{"@type":"ListItem","position":2,"name":"Bernd Zimmer"}]},{"@type":"WebSite","@id":"https:\/\/stoa169.com\/de\/#website","url":"https:\/\/stoa169.com\/de\/","name":"STOA169","description":"Die K\u00fcnstlers\u00e4ulenhalle in Polling","publisher":{"@id":"https:\/\/stoa169.com\/de\/#organization"},"potentialAction":[{"@type":"SearchAction","target":{"@type":"EntryPoint","urlTemplate":"https:\/\/stoa169.com\/de\/?s={search_term_string}"},"query-input":{"@type":"PropertyValueSpecification","valueRequired":true,"valueName":"search_term_string"}}],"inLanguage":"de"},{"@type":"Organization","@id":"https:\/\/stoa169.com\/de\/#organization","name":"STOA169","url":"https:\/\/stoa169.com\/de\/","logo":{"@type":"ImageObject","inLanguage":"de","@id":"https:\/\/stoa169.com\/de\/#\/schema\/logo\/image\/","url":"https:\/\/stoa169.com\/wp-content\/uploads\/2023\/08\/STOA169-Logo_kurz.png","contentUrl":"https:\/\/stoa169.com\/wp-content\/uploads\/2023\/08\/STOA169-Logo_kurz.png","width":630,"height":630,"caption":"STOA169"},"image":{"@id":"https:\/\/stoa169.com\/de\/#\/schema\/logo\/image\/"},"sameAs":["https:\/\/www.facebook.com\/stoa169stiftung\/","https:\/\/www.instagram.com\/stoa169stiftung\/"]}]}},"_links":{"self":[{"href":"https:\/\/stoa169.com\/de\/wp-json\/wp\/v2\/pages\/145","targetHints":{"allow":["GET"]}}],"collection":[{"href":"https:\/\/stoa169.com\/de\/wp-json\/wp\/v2\/pages"}],"about":[{"href":"https:\/\/stoa169.com\/de\/wp-json\/wp\/v2\/types\/page"}],"author":[{"embeddable":true,"href":"https:\/\/stoa169.com\/de\/wp-json\/wp\/v2\/users\/6"}],"replies":[{"embeddable":true,"href":"https:\/\/stoa169.com\/de\/wp-json\/wp\/v2\/comments?post=145"}],"version-history":[{"count":0,"href":"https:\/\/stoa169.com\/de\/wp-json\/wp\/v2\/pages\/145\/revisions"}],"wp:attachment":[{"href":"https:\/\/stoa169.com\/de\/wp-json\/wp\/v2\/media?parent=145"}],"curies":[{"name":"wp","href":"https:\/\/api.w.org\/{rel}","templated":true}]}}