{"id":10666,"date":"2022-01-24T07:50:08","date_gmt":"2022-01-24T06:50:08","guid":{"rendered":"https:\/\/stoa169.com\/?page_id=10666"},"modified":"2024-11-07T15:34:12","modified_gmt":"2024-11-07T14:34:12","slug":"startseite","status":"publish","type":"page","link":"https:\/\/stoa169.com\/de\/","title":{"rendered":"Startseite"},"content":{"rendered":"\t\t<div data-elementor-type=\"wp-page\" data-elementor-id=\"10666\" class=\"elementor elementor-10666\">\n\t\t\t\t<a class=\"eael-wrapper-link-94004a8 --eael-wrapper-link-tag\" href=\"https:\/\/stoa169.com\/de\/willkommen-bei-der-stoa169-stiftung\/\"><\/a>\t\t<section data-eael-wrapper-link=\"eael-wrapper-link-94004a8\" class=\"elementor-section elementor-top-section elementor-element elementor-element-94004a8 elementor-section-height-min-height elementor-section-content-middle elementor-section-boxed elementor-section-height-default elementor-section-items-middle\" data-id=\"94004a8\" data-element_type=\"section\" data-e-type=\"section\" id=\"start\" data-settings=\"{&quot;background_background&quot;:&quot;classic&quot;}\">\n\t\t\t\t\t\t<div class=\"elementor-container elementor-column-gap-default\">\n\t\t\t\t\t<div class=\"elementor-column elementor-col-100 elementor-top-column elementor-element elementor-element-0a9d619\" data-id=\"0a9d619\" data-element_type=\"column\" data-e-type=\"column\">\n\t\t\t<div class=\"elementor-widget-wrap elementor-element-populated\">\n\t\t\t\t\t\t<div class=\"elementor-element elementor-element-f6bd00f elementor-widget elementor-widget-image\" data-id=\"f6bd00f\" data-element_type=\"widget\" data-e-type=\"widget\" id=\"start-logo\" data-widget_type=\"image.default\">\n\t\t\t\t<div class=\"elementor-widget-container\">\n\t\t\t\t\t\t\t\t\t\t\t\t\t\t\t<img loading=\"lazy\" decoding=\"async\" width=\"500\" height=\"147\" src=\"https:\/\/stoa169.com\/wp-content\/uploads\/STOA-169_Saeulenhalle-in-Polling_Columns-Hall-in-Bavaria.png\" class=\"attachment-full size-full wp-image-11558\" alt=\"STOA 169 - S\u00e4ulenhalle in Polling - Columns Hall in Bavaria\" srcset=\"https:\/\/stoa169.com\/wp-content\/uploads\/STOA-169_Saeulenhalle-in-Polling_Columns-Hall-in-Bavaria.png 500w, https:\/\/stoa169.com\/wp-content\/uploads\/STOA-169_Saeulenhalle-in-Polling_Columns-Hall-in-Bavaria-300x88.png 300w\" sizes=\"auto, (max-width: 500px) 100vw, 500px\" \/>\t\t\t\t\t\t\t\t\t\t\t\t\t\t\t<\/div>\n\t\t\t\t<\/div>\n\t\t\t\t\t<\/div>\n\t\t<\/div>\n\t\t\t\t\t<\/div>\n\t\t<\/section>\n\t\t\t\t<\/div>\n\t\t","protected":false},"excerpt":{"rendered":"<p> [&#8230;]<\/p>\n<p><a class=\"btn btn-secondary understrap-read-more-link\" href=\"https:\/\/stoa169.com\/de\/\">Weiterlesen\u00a0\u2026<span class=\"screen-reader-text\"> from Startseite<\/span><\/a><\/p>\n","protected":false},"author":6,"featured_media":0,"parent":0,"menu_order":0,"comment_status":"closed","ping_status":"closed","template":"elementor_canvas","meta":{"_acf_changed":false,"footnotes":""},"class_list":["post-10666","page","type-page","status-publish","hentry"],"acf":[],"yoast_head":"<!-- This site is optimized with the Yoast SEO plugin v27.4 - https:\/\/yoast.com\/product\/yoast-seo-wordpress\/ -->\n<title>STOA169 - S\u00e4ulenhalle in Polling<\/title>\n<meta name=\"description\" content=\"Eine Halle der Kunst mitten in der Natur, getragen von \u00fcber 121 individuell gestalteten S\u00e4ulen, geschaffen von international renommierten K\u00fcnstlerinnen und K\u00fcnstlern unserer Welt\" \/>\n<meta name=\"robots\" content=\"index, follow, max-snippet:-1, max-image-preview:large, max-video-preview:-1\" \/>\n<link rel=\"canonical\" href=\"https:\/\/stoa169.com\/de\/\" \/>\n<meta property=\"og:locale\" content=\"de_DE\" \/>\n<meta property=\"og:type\" content=\"article\" \/>\n<meta property=\"og:title\" content=\"STOA169 - S\u00e4ulenhalle in Polling\" \/>\n<meta property=\"og:description\" content=\"Eine Halle der Kunst mitten in der Natur, getragen von \u00fcber 121 individuell gestalteten S\u00e4ulen, geschaffen von international renommierten K\u00fcnstlerinnen und K\u00fcnstlern unserer Welt\" \/>\n<meta property=\"og:url\" content=\"https:\/\/stoa169.com\/de\/\" \/>\n<meta property=\"og:site_name\" content=\"STOA169\" \/>\n<meta property=\"article:publisher\" content=\"https:\/\/www.facebook.com\/stoa169stiftung\/\" \/>\n<meta property=\"article:modified_time\" content=\"2024-11-07T14:34:12+00:00\" \/>\n<meta property=\"og:image\" content=\"https:\/\/stoa169.com\/wp-content\/uploads\/2023\/08\/STOA169-Saeulenhalle-Columns-Hall-Polling_1200x630.png\" \/>\n\t<meta property=\"og:image:width\" content=\"1200\" \/>\n\t<meta property=\"og:image:height\" content=\"630\" \/>\n\t<meta property=\"og:image:type\" content=\"image\/png\" \/>\n<meta name=\"twitter:card\" content=\"summary_large_image\" \/>\n<meta name=\"twitter:title\" content=\"STOA169 - S\u00e4ulenhalle in Polling\" \/>\n<meta name=\"twitter:description\" content=\"Eine Halle der Kunst mitten in der Natur, getragen von \u00fcber 121 individuell gestalteten S\u00e4ulen, geschaffen von international renommierten K\u00fcnstlerinnen und K\u00fcnstlern unserer Welt\" \/>\n<meta name=\"twitter:image\" content=\"https:\/\/stoa169.com\/wp-content\/uploads\/2023\/08\/STOA169-Saeulenhalle-Columns-Hall-Polling_1200x600.png\" \/>\n<meta name=\"twitter:label1\" content=\"Gesch\u00e4tzte Lesezeit\" \/>\n\t<meta name=\"twitter:data1\" content=\"1\u00a0Minute\" \/>\n<script type=\"application\/ld+json\" class=\"yoast-schema-graph\">{\"@context\":\"https:\\\/\\\/schema.org\",\"@graph\":[{\"@type\":\"WebPage\",\"@id\":\"https:\\\/\\\/stoa169.com\\\/de\\\/\",\"url\":\"https:\\\/\\\/stoa169.com\\\/de\\\/\",\"name\":\"STOA169 - S\u00e4ulenhalle in Polling\",\"isPartOf\":{\"@id\":\"https:\\\/\\\/stoa169.com\\\/de\\\/#website\"},\"primaryImageOfPage\":{\"@id\":\"https:\\\/\\\/stoa169.com\\\/de\\\/#primaryimage\"},\"image\":{\"@id\":\"https:\\\/\\\/stoa169.com\\\/de\\\/#primaryimage\"},\"thumbnailUrl\":\"https:\\\/\\\/stoa169.com\\\/wp-content\\\/uploads\\\/STOA-169_Saeulenhalle-in-Polling_Columns-Hall-in-Bavaria.png\",\"datePublished\":\"2022-01-24T06:50:08+00:00\",\"dateModified\":\"2024-11-07T14:34:12+00:00\",\"description\":\"Eine Halle der Kunst mitten in der Natur, getragen von \u00fcber 121 individuell gestalteten S\u00e4ulen, geschaffen von international renommierten K\u00fcnstlerinnen und K\u00fcnstlern unserer Welt\",\"breadcrumb\":{\"@id\":\"https:\\\/\\\/stoa169.com\\\/de\\\/#breadcrumb\"},\"inLanguage\":\"de\",\"potentialAction\":[{\"@type\":\"ReadAction\",\"target\":[\"https:\\\/\\\/stoa169.com\\\/de\\\/\"]}]},{\"@type\":\"ImageObject\",\"inLanguage\":\"de\",\"@id\":\"https:\\\/\\\/stoa169.com\\\/de\\\/#primaryimage\",\"url\":\"https:\\\/\\\/stoa169.com\\\/wp-content\\\/uploads\\\/STOA-169_Saeulenhalle-in-Polling_Columns-Hall-in-Bavaria.png\",\"contentUrl\":\"https:\\\/\\\/stoa169.com\\\/wp-content\\\/uploads\\\/STOA-169_Saeulenhalle-in-Polling_Columns-Hall-in-Bavaria.png\"},{\"@type\":\"BreadcrumbList\",\"@id\":\"https:\\\/\\\/stoa169.com\\\/de\\\/#breadcrumb\",\"itemListElement\":[{\"@type\":\"ListItem\",\"position\":1,\"name\":\"Startseite\",\"item\":\"https:\\\/\\\/stoa169.com\\\/de\\\/\"},{\"@type\":\"ListItem\",\"position\":2,\"name\":\"Startseite\"}]},{\"@type\":\"WebSite\",\"@id\":\"https:\\\/\\\/stoa169.com\\\/de\\\/#website\",\"url\":\"https:\\\/\\\/stoa169.com\\\/de\\\/\",\"name\":\"STOA169\",\"description\":\"Die K\u00fcnstlers\u00e4ulenhalle in Polling\",\"publisher\":{\"@id\":\"https:\\\/\\\/stoa169.com\\\/de\\\/#organization\"},\"potentialAction\":[{\"@type\":\"SearchAction\",\"target\":{\"@type\":\"EntryPoint\",\"urlTemplate\":\"https:\\\/\\\/stoa169.com\\\/de\\\/?s={search_term_string}\"},\"query-input\":{\"@type\":\"PropertyValueSpecification\",\"valueRequired\":true,\"valueName\":\"search_term_string\"}}],\"inLanguage\":\"de\"},{\"@type\":\"Organization\",\"@id\":\"https:\\\/\\\/stoa169.com\\\/de\\\/#organization\",\"name\":\"STOA169\",\"url\":\"https:\\\/\\\/stoa169.com\\\/de\\\/\",\"logo\":{\"@type\":\"ImageObject\",\"inLanguage\":\"de\",\"@id\":\"https:\\\/\\\/stoa169.com\\\/de\\\/#\\\/schema\\\/logo\\\/image\\\/\",\"url\":\"https:\\\/\\\/stoa169.com\\\/wp-content\\\/uploads\\\/2023\\\/08\\\/STOA169-Logo_kurz.png\",\"contentUrl\":\"https:\\\/\\\/stoa169.com\\\/wp-content\\\/uploads\\\/2023\\\/08\\\/STOA169-Logo_kurz.png\",\"width\":630,\"height\":630,\"caption\":\"STOA169\"},\"image\":{\"@id\":\"https:\\\/\\\/stoa169.com\\\/de\\\/#\\\/schema\\\/logo\\\/image\\\/\"},\"sameAs\":[\"https:\\\/\\\/www.facebook.com\\\/stoa169stiftung\\\/\",\"https:\\\/\\\/www.instagram.com\\\/stoa169stiftung\\\/\"]}]}<\/script>\n<!-- \/ Yoast SEO plugin. -->","yoast_head_json":{"title":"STOA169 - S\u00e4ulenhalle in Polling","description":"Eine Halle der Kunst mitten in der Natur, getragen von \u00fcber 121 individuell gestalteten S\u00e4ulen, geschaffen von international renommierten K\u00fcnstlerinnen und K\u00fcnstlern unserer Welt","robots":{"index":"index","follow":"follow","max-snippet":"max-snippet:-1","max-image-preview":"max-image-preview:large","max-video-preview":"max-video-preview:-1"},"canonical":"https:\/\/stoa169.com\/de\/","og_locale":"de_DE","og_type":"article","og_title":"STOA169 - S\u00e4ulenhalle in Polling","og_description":"Eine Halle der Kunst mitten in der Natur, getragen von \u00fcber 121 individuell gestalteten S\u00e4ulen, geschaffen von international renommierten K\u00fcnstlerinnen und K\u00fcnstlern unserer Welt","og_url":"https:\/\/stoa169.com\/de\/","og_site_name":"STOA169","article_publisher":"https:\/\/www.facebook.com\/stoa169stiftung\/","article_modified_time":"2024-11-07T14:34:12+00:00","og_image":[{"width":1200,"height":630,"url":"https:\/\/stoa169.com\/wp-content\/uploads\/2023\/08\/STOA169-Saeulenhalle-Columns-Hall-Polling_1200x630.png","type":"image\/png"}],"twitter_card":"summary_large_image","twitter_title":"STOA169 - S\u00e4ulenhalle in Polling","twitter_description":"Eine Halle der Kunst mitten in der Natur, getragen von \u00fcber 121 individuell gestalteten S\u00e4ulen, geschaffen von international renommierten K\u00fcnstlerinnen und K\u00fcnstlern unserer Welt","twitter_image":"https:\/\/stoa169.com\/wp-content\/uploads\/2023\/08\/STOA169-Saeulenhalle-Columns-Hall-Polling_1200x600.png","twitter_misc":{"Gesch\u00e4tzte Lesezeit":"1\u00a0Minute"},"schema":{"@context":"https:\/\/schema.org","@graph":[{"@type":"WebPage","@id":"https:\/\/stoa169.com\/de\/","url":"https:\/\/stoa169.com\/de\/","name":"STOA169 - S\u00e4ulenhalle in Polling","isPartOf":{"@id":"https:\/\/stoa169.com\/de\/#website"},"primaryImageOfPage":{"@id":"https:\/\/stoa169.com\/de\/#primaryimage"},"image":{"@id":"https:\/\/stoa169.com\/de\/#primaryimage"},"thumbnailUrl":"https:\/\/stoa169.com\/wp-content\/uploads\/STOA-169_Saeulenhalle-in-Polling_Columns-Hall-in-Bavaria.png","datePublished":"2022-01-24T06:50:08+00:00","dateModified":"2024-11-07T14:34:12+00:00","description":"Eine Halle der Kunst mitten in der Natur, getragen von \u00fcber 121 individuell gestalteten S\u00e4ulen, geschaffen von international renommierten K\u00fcnstlerinnen und K\u00fcnstlern unserer Welt","breadcrumb":{"@id":"https:\/\/stoa169.com\/de\/#breadcrumb"},"inLanguage":"de","potentialAction":[{"@type":"ReadAction","target":["https:\/\/stoa169.com\/de\/"]}]},{"@type":"ImageObject","inLanguage":"de","@id":"https:\/\/stoa169.com\/de\/#primaryimage","url":"https:\/\/stoa169.com\/wp-content\/uploads\/STOA-169_Saeulenhalle-in-Polling_Columns-Hall-in-Bavaria.png","contentUrl":"https:\/\/stoa169.com\/wp-content\/uploads\/STOA-169_Saeulenhalle-in-Polling_Columns-Hall-in-Bavaria.png"},{"@type":"BreadcrumbList","@id":"https:\/\/stoa169.com\/de\/#breadcrumb","itemListElement":[{"@type":"ListItem","position":1,"name":"Startseite","item":"https:\/\/stoa169.com\/de\/"},{"@type":"ListItem","position":2,"name":"Startseite"}]},{"@type":"WebSite","@id":"https:\/\/stoa169.com\/de\/#website","url":"https:\/\/stoa169.com\/de\/","name":"STOA169","description":"Die K\u00fcnstlers\u00e4ulenhalle in Polling","publisher":{"@id":"https:\/\/stoa169.com\/de\/#organization"},"potentialAction":[{"@type":"SearchAction","target":{"@type":"EntryPoint","urlTemplate":"https:\/\/stoa169.com\/de\/?s={search_term_string}"},"query-input":{"@type":"PropertyValueSpecification","valueRequired":true,"valueName":"search_term_string"}}],"inLanguage":"de"},{"@type":"Organization","@id":"https:\/\/stoa169.com\/de\/#organization","name":"STOA169","url":"https:\/\/stoa169.com\/de\/","logo":{"@type":"ImageObject","inLanguage":"de","@id":"https:\/\/stoa169.com\/de\/#\/schema\/logo\/image\/","url":"https:\/\/stoa169.com\/wp-content\/uploads\/2023\/08\/STOA169-Logo_kurz.png","contentUrl":"https:\/\/stoa169.com\/wp-content\/uploads\/2023\/08\/STOA169-Logo_kurz.png","width":630,"height":630,"caption":"STOA169"},"image":{"@id":"https:\/\/stoa169.com\/de\/#\/schema\/logo\/image\/"},"sameAs":["https:\/\/www.facebook.com\/stoa169stiftung\/","https:\/\/www.instagram.com\/stoa169stiftung\/"]}]}},"_links":{"self":[{"href":"https:\/\/stoa169.com\/de\/wp-json\/wp\/v2\/pages\/10666","targetHints":{"allow":["GET"]}}],"collection":[{"href":"https:\/\/stoa169.com\/de\/wp-json\/wp\/v2\/pages"}],"about":[{"href":"https:\/\/stoa169.com\/de\/wp-json\/wp\/v2\/types\/page"}],"author":[{"embeddable":true,"href":"https:\/\/stoa169.com\/de\/wp-json\/wp\/v2\/users\/6"}],"replies":[{"embeddable":true,"href":"https:\/\/stoa169.com\/de\/wp-json\/wp\/v2\/comments?post=10666"}],"version-history":[{"count":3,"href":"https:\/\/stoa169.com\/de\/wp-json\/wp\/v2\/pages\/10666\/revisions"}],"predecessor-version":[{"id":12375,"href":"https:\/\/stoa169.com\/de\/wp-json\/wp\/v2\/pages\/10666\/revisions\/12375"}],"wp:attachment":[{"href":"https:\/\/stoa169.com\/de\/wp-json\/wp\/v2\/media?parent=10666"}],"curies":[{"name":"wp","href":"https:\/\/api.w.org\/{rel}","templated":true}]}}